{"id":391,"date":"2016-04-08T13:58:55","date_gmt":"2016-04-08T13:58:55","guid":{"rendered":"http:\/\/www2.unifap.br\/dicont\/?page_id=391"},"modified":"2016-04-08T15:07:25","modified_gmt":"2016-04-08T15:07:25","slug":"dicas-ao-fiscal-do-contrato","status":"publish","type":"page","link":"http:\/\/www2.unifap.br\/dicont\/area-do-fiscal\/dicas-ao-fiscal-do-contrato\/","title":{"rendered":"Dicas ao fiscal do contrato"},"content":{"rendered":"<h4><strong style=\"font-size: 1.17em;line-height: 1.5em\"><span style=\"color: #000000\">\u00a01.\u00a0 Fa\u00e7a a solicita\u00e7\u00e3o de Termos Aditivos com <span style=\"color: #ff0000\">60 DIAS antes de seu Vencimento<\/span>; \u00a0 \u00a0 \u00a0 \u00a0<\/span><\/strong><\/h4>\n<h3><strong><span style=\"color: #000000\">\u00a02.\u00a0 Solicitar SENHA para acesso ao SIASG <span style=\"color: #ff0000\">atrav\u00e9s de Memorando Eletr\u00f4nico<\/span> encaminhando a Divis\u00e3o de Contratos (Dicont);<\/span><\/strong><\/h3>\n<h3><strong><span style=\"color: #000000\">\u00a03.\u00a0 Leiam as <span style=\"color: #ff0000\">legisla\u00e7\u00f5es pertinentes <span style=\"color: #000000\">e<\/span><\/span>\u00a0fa\u00e7am <span style=\"color: #ff0000\">cursos sugeridos e dispon\u00edveis<\/span> na nossa p\u00e1gina;<\/span><\/strong><\/h3>\n<h3><strong><span style=\"color: #000000\">\u00a04.\u00a0 Acesse sempre que poss\u00edvel a <span style=\"color: #ff0000\">\u201c\u00c1rea do Fiscal\u201d<\/span> na p\u00e1gina da Divis\u00e3o de Contrato;<\/span><\/strong><\/h3>\n<h3><strong><span style=\"color: #000000\">5. Qualquer d\u00favida entre em contato com a <span style=\"color: #ff0000\">DICONT &#8211; 4009-5191<\/span><\/span><\/strong><\/h3>\n","protected":false},"excerpt":{"rendered":"<p>\u00a01.\u00a0 Fa\u00e7a a solicita\u00e7\u00e3o de Termos Aditivos com 60 DIAS antes de seu Vencimento; \u00a0 \u00a0 \u00a0 \u00a0 \u00a02.\u00a0 Solicitar SENHA para acesso ao SIASG atrav\u00e9s de Memorando Eletr\u00f4nico encaminhando a Divis\u00e3o de Contratos (Dicont); \u00a03.\u00a0 Leiam as legisla\u00e7\u00f5es pertinentes e\u00a0fa\u00e7am cursos sugeridos e dispon\u00edveis na nossa p\u00e1gina; \u00a04.\u00a0 Acesse sempre que poss\u00edvel a \u201c\u00c1rea&#8230;<\/p>\n","protected":false},"author":831,"featured_media":0,"parent":196,"menu_order":0,"comment_status":"open","ping_status":"open","template":"page-template-full.php","meta":{"inline_featured_image":false,"site-sidebar-layout":"default","site-content-layout":"","ast-site-content-layout":"default","site-content-style":"default","site-sidebar-style":"default","ast-global-header-display":"","ast-banner-title-visibility":"","ast-main-header-display":"","ast-hfb-above-header-display":"","ast-hfb-below-header-display":"","ast-hfb-mobile-header-display":"","site-post-title":"","ast-breadcrumbs-content":"","ast-featured-img":"","footer-sml-layout":"","theme-transparent-header-meta":"","adv-header-id-meta":"","stick-header-meta":"","header-above-stick-meta":"","header-main-stick-meta":"","header-below-stick-meta":"","astra-migrate-meta-layouts":"default","ast-page-background-enabled":"default","ast-page-background-meta":{"desktop":{"background-color":"var(--ast-global-color-4)","background-image":"","background-repeat":"repeat","background-position":"center center","background-size":"auto","background-attachment":"scroll","background-type":"","background-media":"","overlay-type":"","overlay-color":"","overlay-opacity":"","overlay-gradient":""},"tablet":{"background-color":"","background-image":"","background-repeat":"repeat","background-position":"center center","background-size":"auto","background-attachment":"scroll","background-type":"","background-media":"","overlay-type":"","overlay-color":"","overlay-opacity":"","overlay-gradient":""},"mobile":{"background-color":"","background-image":"","background-repeat":"repeat","background-position":"center center","background-size":"auto","background-attachment":"scroll","background-type":"","background-media":"","overlay-type":"","overlay-color":"","overlay-opacity":"","overlay-gradient":""}},"ast-content-background-meta":{"desktop":{"background-color":"var(--ast-global-color-5)","background-image":"","background-repeat":"repeat","background-position":"center center","background-size":"auto","background-attachment":"scroll","background-type":"","background-media":"","overlay-type":"","overlay-color":"","overlay-opacity":"","overlay-gradient":""},"tablet":{"background-color":"var(--ast-global-color-5)","background-image":"","background-repeat":"repeat","background-position":"center center","background-size":"auto","background-attachment":"scroll","background-type":"","background-media":"","overlay-type":"","overlay-color":"","overlay-opacity":"","overlay-gradient":""},"mobile":{"background-color":"var(--ast-global-color-5)","background-image":"","background-repeat":"repeat","background-position":"center center","background-size":"auto","background-attachment":"scroll","background-type":"","background-media":"","overlay-type":"","overlay-color":"","overlay-opacity":"","overlay-gradient":""}},"ngg_post_thumbnail":0,"footnotes":""},"class_list":["post-391","page","type-page","status-publish","hentry"],"_links":{"self":[{"href":"http:\/\/www2.unifap.br\/dicont\/wp-json\/wp\/v2\/pages\/391","targetHints":{"allow":["GET"]}}],"collection":[{"href":"http:\/\/www2.unifap.br\/dicont\/wp-json\/wp\/v2\/pages"}],"about":[{"href":"http:\/\/www2.unifap.br\/dicont\/wp-json\/wp\/v2\/types\/page"}],"author":[{"embeddable":true,"href":"http:\/\/www2.unifap.br\/dicont\/wp-json\/wp\/v2\/users\/831"}],"replies":[{"embeddable":true,"href":"http:\/\/www2.unifap.br\/dicont\/wp-json\/wp\/v2\/comments?post=391"}],"version-history":[{"count":10,"href":"http:\/\/www2.unifap.br\/dicont\/wp-json\/wp\/v2\/pages\/391\/revisions"}],"predecessor-version":[{"id":403,"href":"http:\/\/www2.unifap.br\/dicont\/wp-json\/wp\/v2\/pages\/391\/revisions\/403"}],"up":[{"embeddable":true,"href":"http:\/\/www2.unifap.br\/dicont\/wp-json\/wp\/v2\/pages\/196"}],"wp:attachment":[{"href":"http:\/\/www2.unifap.br\/dicont\/wp-json\/wp\/v2\/media?parent=391"}],"curies":[{"name":"wp","href":"https:\/\/api.w.org\/{rel}","templated":true}]}}