{"id":425,"date":"2016-04-12T17:17:35","date_gmt":"2016-04-12T17:17:35","guid":{"rendered":"http:\/\/www2.unifap.br\/dicont\/?page_id=425"},"modified":"2016-04-12T17:18:39","modified_gmt":"2016-04-12T17:18:39","slug":"gestao-e-fiscalizacao-dos-contratos-portarias","status":"publish","type":"page","link":"http:\/\/www2.unifap.br\/dicont\/area-do-fiscal\/gestao-e-fiscalizacao-dos-contratos-portarias\/","title":{"rendered":"Gest\u00e3o e Fiscaliza\u00e7\u00e3o dos Contratos &#8211; Portarias"},"content":{"rendered":"<p>&nbsp;<\/p>\n<ul>\n<li><strong style=\"font-size: 1.17em\">2013<\/strong><\/li>\n<\/ul>\n<p><span style=\"text-decoration: underline\"><strong><span style=\"color: #008080;text-decoration: underline\"><a href=\"http:\/\/www2.unifap.br\/dicont\/files\/2016\/04\/Gest\u00e3o-e-Fiscaliza\u00e7\u00e3o-do-Contrato-n\u00ba-003-2013.pdf\"><span style=\"color: #008080;text-decoration: underline\">Gest\u00e3o e Fiscaliza\u00e7\u00e3o do Contrato n\u00ba 003-2013<\/span><\/a><\/span><\/strong><\/span><\/p>\n<p><span style=\"text-decoration: underline\"><strong><span style=\"color: #008080;text-decoration: underline\"><a href=\"http:\/\/www2.unifap.br\/dicont\/files\/2016\/04\/Gest\u00e3o-e-Fiscaliza\u00e7\u00e3o-do-Contrato-n\u00b0-016-2013.pdf\"><span style=\"color: #008080;text-decoration: underline\">Gest\u00e3o e Fiscaliza\u00e7\u00e3o do Contrato n\u00b0 016-2013<\/span><\/a><\/span><\/strong><\/span><\/p>\n<p><span style=\"text-decoration: underline\"><strong><span style=\"color: #008080;text-decoration: underline\"><a href=\"http:\/\/www2.unifap.br\/dicont\/files\/2016\/04\/Gest\u00e3o-e-Fiscaliza\u00e7\u00e3o-do-Contrato-n\u00b0-017-2013.pdf\"><span style=\"color: #008080;text-decoration: underline\">Gest\u00e3o e Fiscaliza\u00e7\u00e3o do Contrato n\u00b0 017-2013<\/span><\/a><\/span><\/strong><\/span><\/p>\n<p><span style=\"text-decoration: underline\"><strong><span style=\"color: #008080;text-decoration: underline\"><a href=\"http:\/\/www2.unifap.br\/dicont\/files\/2016\/04\/Gest\u00e3o-e-Fiscaliza\u00e7\u00e3o-do-Contrato-n\u00ba-021-2013.pdf\"><span style=\"color: #008080;text-decoration: underline\">Gest\u00e3o e Fiscaliza\u00e7\u00e3o do Contrato n\u00ba 021-2013<\/span><\/a><\/span><\/strong><\/span><\/p>\n<p>&nbsp;<\/p>\n<ul>\n<li><strong style=\"font-size: 1.17em\">2015<\/strong><\/li>\n<\/ul>\n<p><span style=\"text-decoration: underline;color: #008080\"><strong><a style=\"line-height: 1.5em\" href=\"http:\/\/www2.unifap.br\/dicont\/files\/2016\/04\/Gest\u00e3o-e-Fiscaliza\u00e7\u00e3o-do-Contrato-n\u00ba-01-2015.pdf\"><span style=\"color: #008080;text-decoration: underline\">Gest\u00e3o e Fiscaliza\u00e7\u00e3o do Contrato n\u00ba 01-2015<\/span><\/a><\/strong><\/span><\/p>\n<p><span style=\"text-decoration: underline;color: #008080\"><strong><a href=\"http:\/\/www2.unifap.br\/dicont\/files\/2016\/04\/Gest\u00e3o-e-Fiscaliza\u00e7\u00e3o-do-Contrato-n\u00ba-026-2015.pdf\"><span style=\"color: #008080;text-decoration: underline\">Gest\u00e3o e Fiscaliza\u00e7\u00e3o do Contrato n\u00ba 026-2015<\/span><\/a><\/strong><\/span><\/p>\n<p><span style=\"text-decoration: underline;color: #008080\"><strong><a href=\"http:\/\/www2.unifap.br\/dicont\/files\/2016\/04\/Gest\u00e3o-e-Fiscaliza\u00e7\u00e3o-do-Contrato-n\u00ba-029-2015.pdf\"><span style=\"color: #008080;text-decoration: underline\">Gest\u00e3o e Fiscaliza\u00e7\u00e3o do Contrato n\u00ba 029-2015<\/span><\/a><\/strong><\/span><\/p>\n<p><span style=\"text-decoration: underline;color: #008080\"><strong><a href=\"http:\/\/www2.unifap.br\/dicont\/files\/2016\/04\/Gest\u00e3o-e-Fiscaliza\u00e7\u00e3o-do-Contrato-n\u00ba-031-2015.pdf\"><span style=\"color: #008080;text-decoration: underline\">Gest\u00e3o e Fiscaliza\u00e7\u00e3o do Contrato n\u00ba 031-2015<\/span><\/a><\/strong><\/span><\/p>\n<p><span style=\"text-decoration: underline;color: #008080\"><strong><a href=\"http:\/\/www2.unifap.br\/dicont\/files\/2016\/04\/Gest\u00e3o-e-Fiscaliza\u00e7\u00e3o-do-Contrato-n\u00ba-034-2015.pdf\"><span style=\"color: #008080;text-decoration: underline\">Gest\u00e3o e Fiscaliza\u00e7\u00e3o do Contrato n\u00ba 034-2015<\/span><\/a><\/strong><\/span><\/p>\n<p><span style=\"text-decoration: underline;color: #008080\"><strong><a href=\"http:\/\/www2.unifap.br\/dicont\/files\/2016\/04\/Gest\u00e3o-e-Fiscaliza\u00e7\u00e3o-do-Contrato-n\u00ba-035-2015.pdf\"><span style=\"color: #008080;text-decoration: underline\">Gest\u00e3o e Fiscaliza\u00e7\u00e3o do Contrato n\u00ba 035-2015<\/span><\/a><\/strong><\/span><\/p>\n<p><span style=\"text-decoration: underline;color: #008080\"><strong><a href=\"http:\/\/www2.unifap.br\/dicont\/files\/2016\/04\/Gest\u00e3o-e-Fiscaliza\u00e7\u00e3o-do-Contrato-n\u00ba-037-2015.pdf\"><span style=\"color: #008080;text-decoration: underline\">Gest\u00e3o e Fiscaliza\u00e7\u00e3o do Contrato n\u00ba 037-2015<\/span><\/a><\/strong><\/span><\/p>\n<p><span style=\"text-decoration: underline;color: #008080\"><strong><a href=\"http:\/\/www2.unifap.br\/dicont\/files\/2016\/04\/Gest\u00e3o-e-Fiscaliza\u00e7\u00e3o-do-Contrato-n\u00ba-045-2015.pdf\"><span style=\"color: #008080;text-decoration: underline\">Gest\u00e3o e Fiscaliza\u00e7\u00e3o do Contrato n\u00ba 045-2015<\/span><\/a><\/strong><\/span><\/p>\n<p><span style=\"text-decoration: underline;color: #008080\"><strong><a href=\"http:\/\/www2.unifap.br\/dicont\/files\/2016\/04\/Gest\u00e3o-e-Fiscaliza\u00e7\u00e3o-do-Contrato-n\u00b0-033-2015.pdf\"><span style=\"color: #008080;text-decoration: underline\">Gest\u00e3o e Fiscaliza\u00e7\u00e3o do Contrato n\u00b0 033-2015<\/span><\/a> <\/strong><\/span><\/p>\n<p><span style=\"text-decoration: underline;color: #008080\"><strong><a href=\"http:\/\/www2.unifap.br\/dicont\/files\/2016\/04\/Gest\u00e3o-e-Fiscaliza\u00e7\u00e3o-do-Contrato-n\u00b0-038-2015..pdf\"><span style=\"color: #008080;text-decoration: underline\">Gest\u00e3o e Fiscaliza\u00e7\u00e3o do Contrato n\u00b0 038-2015.<\/span><\/a> <\/strong><\/span><\/p>\n<p><span style=\"text-decoration: underline;color: #008080\"><strong><a href=\"http:\/\/www2.unifap.br\/dicont\/files\/2016\/04\/Gest\u00e3o-e-Fiscaliza\u00e7\u00e3o-do-Contrato-n\u00b0-040-2015.pdf\"><span style=\"color: #008080;text-decoration: underline\">Gest\u00e3o e Fiscaliza\u00e7\u00e3o do Contrato n\u00b0 040-2015<\/span><\/a> <\/strong><\/span><\/p>\n<p><span style=\"text-decoration: underline;color: #008080\"><strong><a href=\"http:\/\/www2.unifap.br\/dicont\/files\/2016\/04\/Gest\u00e3o-e-fiscaliza\u00e7\u00e3o-do-Contrato-n\u00b0-044-2015.pdf\"><span style=\"color: #008080;text-decoration: underline\">Gest\u00e3o e fiscaliza\u00e7\u00e3o do Contrato n\u00b0 044-2015<\/span><\/a> <\/strong><\/span><\/p>\n<p><span style=\"text-decoration: underline;color: #008080\"><strong><a href=\"http:\/\/www2.unifap.br\/dicont\/files\/2016\/04\/Gest\u00e3o-e-Fiscaliza\u00e7\u00e3o-do-Contrato-n\u00b0-046-2015.pdf\"><span style=\"color: #008080;text-decoration: underline\">Gest\u00e3o e Fiscaliza\u00e7\u00e3o do Contrato n\u00b0 046-2015<\/span><\/a> <\/strong><\/span><\/p>\n<p><span style=\"text-decoration: underline;color: #008080\"><strong><a href=\"http:\/\/www2.unifap.br\/dicont\/files\/2016\/04\/Gest\u00e3o-e-Fiscaliza\u00e7\u00e3o-co-Contrato-n\u00b0-047-2015.pdf\"><span style=\"color: #008080;text-decoration: underline\">Gest\u00e3o e Fiscaliza\u00e7\u00e3o co Contrato n\u00b0 047-2015<\/span><\/a><\/strong><\/span><\/p>\n<p>&nbsp;<\/p>\n<ul>\n<li><strong style=\"font-size: 1.17em\">2016<\/strong><\/li>\n<\/ul>\n<p><span style=\"text-decoration: underline;color: #008080\"><strong><a href=\"http:\/\/www2.unifap.br\/dicont\/files\/2016\/04\/Gest\u00e3o-e-Fiscaliza\u00e7\u00e3o-do-Contrato-n\u00ba-001-2016.pdf\"><span style=\"color: #008080;text-decoration: underline\">Gest\u00e3o e Fiscaliza\u00e7\u00e3o do Contrato n\u00ba 001-2016<\/span><\/a><\/strong><\/span><\/p>\n<p><span style=\"text-decoration: underline;color: #008080\"><strong><a href=\"http:\/\/www2.unifap.br\/dicont\/files\/2016\/04\/Gest\u00e3o-e-Fiscaliza\u00e7\u00e3o-do-Contrato-n\u00ba-003-2016.pdf\"><span style=\"color: #008080;text-decoration: underline\">Gest\u00e3o e Fiscaliza\u00e7\u00e3o do Contrato n\u00ba 003-2016<\/span><\/a><\/strong><\/span><\/p>\n<p><span style=\"text-decoration: underline;color: #008080\"><strong><a href=\"http:\/\/www2.unifap.br\/dicont\/files\/2016\/04\/Gest\u00e3o-e-Fiscaliza\u00e7\u00e3o-do-Contrato-n\u00ba-004-2016.pdf\"><span style=\"color: #008080;text-decoration: underline\">Gest\u00e3o e Fiscaliza\u00e7\u00e3o do Contrato n\u00ba 004-2016<\/span><\/a><\/strong><\/span><\/p>\n<p><span style=\"text-decoration: underline;color: #008080\"><strong><a href=\"http:\/\/www2.unifap.br\/dicont\/files\/2016\/04\/Gest\u00e3o-e-Fiscaliza\u00e7\u00e3o-do-Contrato-n\u00ba-005-2016.pdf\"><span style=\"color: #008080;text-decoration: underline\">Gest\u00e3o e Fiscaliza\u00e7\u00e3o do Contrato n\u00ba 005-2016<\/span><\/a><\/strong><\/span><\/p>\n<p><span style=\"text-decoration: underline;color: #008080\"><strong><a href=\"http:\/\/www2.unifap.br\/dicont\/files\/2016\/04\/Gest\u00e3o-e-Fiscaliza\u00e7\u00e3o-do-Contrato-n\u00ba-006-2016.pdf\"><span style=\"color: #008080;text-decoration: underline\">Gest\u00e3o e Fiscaliza\u00e7\u00e3o do Contrato n\u00ba 006-2016<\/span><\/a><\/strong><\/span><\/p>\n<p>&nbsp;<\/p>\n<p>&nbsp;<\/p>\n<p>&nbsp;<\/p>\n","protected":false},"excerpt":{"rendered":"<p>&nbsp; 2013 Gest\u00e3o e Fiscaliza\u00e7\u00e3o do Contrato n\u00ba 003-2013 Gest\u00e3o e Fiscaliza\u00e7\u00e3o do Contrato n\u00b0 016-2013 Gest\u00e3o e Fiscaliza\u00e7\u00e3o do Contrato n\u00b0 017-2013 Gest\u00e3o e Fiscaliza\u00e7\u00e3o do Contrato n\u00ba 021-2013 &nbsp; 2015 Gest\u00e3o e Fiscaliza\u00e7\u00e3o do Contrato n\u00ba 01-2015 Gest\u00e3o e Fiscaliza\u00e7\u00e3o do Contrato n\u00ba 026-2015 Gest\u00e3o e Fiscaliza\u00e7\u00e3o do Contrato n\u00ba 029-2015 Gest\u00e3o e&#8230;<\/p>\n","protected":false},"author":831,"featured_media":0,"parent":196,"menu_order":0,"comment_status":"open","ping_status":"open","template":"","meta":{"inline_featured_image":false,"site-sidebar-layout":"default","site-content-layout":"","ast-site-content-layout":"default","site-content-style":"default","site-sidebar-style":"default","ast-global-header-display":"","ast-banner-title-visibility":"","ast-main-header-display":"","ast-hfb-above-header-display":"","ast-hfb-below-header-display":"","ast-hfb-mobile-header-display":"","site-post-title":"","ast-breadcrumbs-content":"","ast-featured-img":"","footer-sml-layout":"","theme-transparent-header-meta":"","adv-header-id-meta":"","stick-header-meta":"","header-above-stick-meta":"","header-main-stick-meta":"","header-below-stick-meta":"","astra-migrate-meta-layouts":"default","ast-page-background-enabled":"default","ast-page-background-meta":{"desktop":{"background-color":"var(--ast-global-color-4)","background-image":"","background-repeat":"repeat","background-position":"center center","background-size":"auto","background-attachment":"scroll","background-type":"","background-media":"","overlay-type":"","overlay-color":"","overlay-opacity":"","overlay-gradient":""},"tablet":{"background-color":"","background-image":"","background-repeat":"repeat","background-position":"center center","background-size":"auto","background-attachment":"scroll","background-type":"","background-media":"","overlay-type":"","overlay-color":"","overlay-opacity":"","overlay-gradient":""},"mobile":{"background-color":"","background-image":"","background-repeat":"repeat","background-position":"center center","background-size":"auto","background-attachment":"scroll","background-type":"","background-media":"","overlay-type":"","overlay-color":"","overlay-opacity":"","overlay-gradient":""}},"ast-content-background-meta":{"desktop":{"background-color":"var(--ast-global-color-5)","background-image":"","background-repeat":"repeat","background-position":"center center","background-size":"auto","background-attachment":"scroll","background-type":"","background-media":"","overlay-type":"","overlay-color":"","overlay-opacity":"","overlay-gradient":""},"tablet":{"background-color":"var(--ast-global-color-5)","background-image":"","background-repeat":"repeat","background-position":"center center","background-size":"auto","background-attachment":"scroll","background-type":"","background-media":"","overlay-type":"","overlay-color":"","overlay-opacity":"","overlay-gradient":""},"mobile":{"background-color":"var(--ast-global-color-5)","background-image":"","background-repeat":"repeat","background-position":"center center","background-size":"auto","background-attachment":"scroll","background-type":"","background-media":"","overlay-type":"","overlay-color":"","overlay-opacity":"","overlay-gradient":""}},"ngg_post_thumbnail":0,"footnotes":""},"class_list":["post-425","page","type-page","status-publish","hentry"],"_links":{"self":[{"href":"http:\/\/www2.unifap.br\/dicont\/wp-json\/wp\/v2\/pages\/425","targetHints":{"allow":["GET"]}}],"collection":[{"href":"http:\/\/www2.unifap.br\/dicont\/wp-json\/wp\/v2\/pages"}],"about":[{"href":"http:\/\/www2.unifap.br\/dicont\/wp-json\/wp\/v2\/types\/page"}],"author":[{"embeddable":true,"href":"http:\/\/www2.unifap.br\/dicont\/wp-json\/wp\/v2\/users\/831"}],"replies":[{"embeddable":true,"href":"http:\/\/www2.unifap.br\/dicont\/wp-json\/wp\/v2\/comments?post=425"}],"version-history":[{"count":3,"href":"http:\/\/www2.unifap.br\/dicont\/wp-json\/wp\/v2\/pages\/425\/revisions"}],"predecessor-version":[{"id":452,"href":"http:\/\/www2.unifap.br\/dicont\/wp-json\/wp\/v2\/pages\/425\/revisions\/452"}],"up":[{"embeddable":true,"href":"http:\/\/www2.unifap.br\/dicont\/wp-json\/wp\/v2\/pages\/196"}],"wp:attachment":[{"href":"http:\/\/www2.unifap.br\/dicont\/wp-json\/wp\/v2\/media?parent=425"}],"curies":[{"name":"wp","href":"https:\/\/api.w.org\/{rel}","templated":true}]}}