{"id":659,"date":"2016-06-28T17:21:20","date_gmt":"2016-06-28T17:21:20","guid":{"rendered":"http:\/\/www2.unifap.br\/dicont\/?page_id=659"},"modified":"2019-09-26T14:33:21","modified_gmt":"2019-09-26T14:33:21","slug":"apresentacao","status":"publish","type":"page","link":"http:\/\/www2.unifap.br\/dicont\/apresentacao\/","title":{"rendered":"Apresenta\u00e7\u00e3o"},"content":{"rendered":"<h3 style=\"text-align: justify\"><a href=\"http:\/\/www2.unifap.br\/dicont\/files\/2016\/06\/contratos-Unifap.jpg\"><img fetchpriority=\"high\" decoding=\"async\" class=\"aligncenter size-full wp-image-824\" alt=\"contratos Unifap\" src=\"http:\/\/www2.unifap.br\/dicont\/files\/2016\/06\/contratos-Unifap.jpg\" width=\"700\" height=\"233\" srcset=\"http:\/\/www2.unifap.br\/dicont\/files\/2016\/06\/contratos-Unifap.jpg 700w, http:\/\/www2.unifap.br\/dicont\/files\/2016\/06\/contratos-Unifap-300x99.jpg 300w\" sizes=\"(max-width: 700px) 100vw, 700px\" \/><\/a><\/h3>\n<h3 style=\"text-align: justify\"><span style=\"color: #008080\"><b>MISS\u00c3O DA DICONT<\/b><\/span><i style=\"font-size: 1.17em\"><span style=\"color: #008080\">:<\/span>\u00a0<\/i><span style=\"font-size: 1.17em\">Atuar na gest\u00e3o administrativa dos contratos da UNIFAP, com celeridade e efic\u00e1cia, procurando metodologias para melhores pr\u00e1ticas administrativas dos Contratos, \u00a0evitando o desperd\u00edcios p\u00fablicos, com o intuito de se tornar modelo de gest\u00e3o para a comunidade<\/span><b style=\"font-size: 1.17em\"><i>.<\/i><\/b><\/h3>\n<p>&nbsp;<\/p>\n<h3 style=\"text-align: justify\"><span style=\"color: #008080\"><b>DIVIS\u00c3O DE CONTRATOS: <\/b><\/span>\u00c9 a Divis\u00e3o que trata do servi\u00e7o de gerenciamento de todos os contratos; Na DICONT, s\u00e3o analisados os processos que tratam do reequil\u00edbrio econ\u00f4mico-financeiro\u00a0 &#8211;\u00a0 emiss\u00e3o de parecer, Termos Aditivos, Apostilamentos, \u00a0an\u00e1lise da documental, Publica\u00e7\u00e3o em DOU,\u00a0 etc.\u00a0 \u00c9 o servi\u00e7o administrativo propriamente dito. Processos Administrativos que geram Contratos ficam sob responsabilidade da DICONT.<\/h3>\n<p>&nbsp;<\/p>\n<h3 style=\"text-align: justify\"><span style=\"color: #008080\"><b>FISCALIZA\u00c7\u00c3O DE CONTRATO:<\/b>\u00a0<\/span>A fiscaliza\u00e7\u00e3o \u00e9 exercida por um servidor da UNIFAP,\u00a0 designado por portaria, para este fim, como estipula a lei, \u00e9 de responsabilidade pr\u00f3pria e exclusiva do fiscal cuidar pontualmente de cada contrato que fiscaliza.<\/h3>\n<p>&nbsp;<\/p>\n<ul>\n<li>\n<h3>GEST\u00c3O: 15278<\/h3>\n<\/li>\n<li>\n<h3>UASG: 154215<\/h3>\n<\/li>\n<li>\n<h3>Funda\u00e7\u00e3o Universidade Federal do Amap\u00e1 (UNIFAP)<\/h3>\n<\/li>\n<li>\n<h3>CNPJ 34.868.257\/0001-81<\/h3>\n<\/li>\n<li>\n<h3>Contatos da DICONT: (96) 4009-5191<\/h3>\n<\/li>\n<li>\n<h3>e-mail: dicont@unifap.br<\/h3>\n<\/li>\n<li>\n<h3>Endere\u00e7o: \u00a0Rod. Juscelino Kubitschek de Oliveira, KM 02 &#8211; Jardim Marco Zero &#8211; CEP 68.902-419,\u00a0\u00a0Macap\u00e1 &#8211; AP<\/h3>\n<\/li>\n<\/ul>\n","protected":false},"excerpt":{"rendered":"<p>MISS\u00c3O DA DICONT:\u00a0Atuar na gest\u00e3o administrativa dos contratos da UNIFAP, com celeridade e efic\u00e1cia, procurando metodologias para melhores pr\u00e1ticas administrativas dos Contratos, \u00a0evitando o desperd\u00edcios p\u00fablicos, com o intuito de se tornar modelo de gest\u00e3o para a comunidade. &nbsp; DIVIS\u00c3O DE CONTRATOS: \u00c9 a Divis\u00e3o que trata do servi\u00e7o de gerenciamento de todos os contratos;&#8230;<\/p>\n","protected":false},"author":831,"featured_media":0,"parent":0,"menu_order":1,"comment_status":"open","ping_status":"closed","template":"","meta":{"inline_featured_image":false,"site-sidebar-layout":"default","site-content-layout":"","ast-site-content-layout":"default","site-content-style":"default","site-sidebar-style":"default","ast-global-header-display":"","ast-banner-title-visibility":"","ast-main-header-display":"","ast-hfb-above-header-display":"","ast-hfb-below-header-display":"","ast-hfb-mobile-header-display":"","site-post-title":"","ast-breadcrumbs-content":"","ast-featured-img":"","footer-sml-layout":"","theme-transparent-header-meta":"","adv-header-id-meta":"","stick-header-meta":"","header-above-stick-meta":"","header-main-stick-meta":"","header-below-stick-meta":"","astra-migrate-meta-layouts":"default","ast-page-background-enabled":"default","ast-page-background-meta":{"desktop":{"background-color":"var(--ast-global-color-4)","background-image":"","background-repeat":"repeat","background-position":"center center","background-size":"auto","background-attachment":"scroll","background-type":"","background-media":"","overlay-type":"","overlay-color":"","overlay-opacity":"","overlay-gradient":""},"tablet":{"background-color":"","background-image":"","background-repeat":"repeat","background-position":"center center","background-size":"auto","background-attachment":"scroll","background-type":"","background-media":"","overlay-type":"","overlay-color":"","overlay-opacity":"","overlay-gradient":""},"mobile":{"background-color":"","background-image":"","background-repeat":"repeat","background-position":"center center","background-size":"auto","background-attachment":"scroll","background-type":"","background-media":"","overlay-type":"","overlay-color":"","overlay-opacity":"","overlay-gradient":""}},"ast-content-background-meta":{"desktop":{"background-color":"var(--ast-global-color-5)","background-image":"","background-repeat":"repeat","background-position":"center center","background-size":"auto","background-attachment":"scroll","background-type":"","background-media":"","overlay-type":"","overlay-color":"","overlay-opacity":"","overlay-gradient":""},"tablet":{"background-color":"var(--ast-global-color-5)","background-image":"","background-repeat":"repeat","background-position":"center center","background-size":"auto","background-attachment":"scroll","background-type":"","background-media":"","overlay-type":"","overlay-color":"","overlay-opacity":"","overlay-gradient":""},"mobile":{"background-color":"var(--ast-global-color-5)","background-image":"","background-repeat":"repeat","background-position":"center center","background-size":"auto","background-attachment":"scroll","background-type":"","background-media":"","overlay-type":"","overlay-color":"","overlay-opacity":"","overlay-gradient":""}},"ngg_post_thumbnail":0,"footnotes":""},"class_list":["post-659","page","type-page","status-publish","hentry"],"_links":{"self":[{"href":"http:\/\/www2.unifap.br\/dicont\/wp-json\/wp\/v2\/pages\/659","targetHints":{"allow":["GET"]}}],"collection":[{"href":"http:\/\/www2.unifap.br\/dicont\/wp-json\/wp\/v2\/pages"}],"about":[{"href":"http:\/\/www2.unifap.br\/dicont\/wp-json\/wp\/v2\/types\/page"}],"author":[{"embeddable":true,"href":"http:\/\/www2.unifap.br\/dicont\/wp-json\/wp\/v2\/users\/831"}],"replies":[{"embeddable":true,"href":"http:\/\/www2.unifap.br\/dicont\/wp-json\/wp\/v2\/comments?post=659"}],"version-history":[{"count":7,"href":"http:\/\/www2.unifap.br\/dicont\/wp-json\/wp\/v2\/pages\/659\/revisions"}],"predecessor-version":[{"id":1653,"href":"http:\/\/www2.unifap.br\/dicont\/wp-json\/wp\/v2\/pages\/659\/revisions\/1653"}],"wp:attachment":[{"href":"http:\/\/www2.unifap.br\/dicont\/wp-json\/wp\/v2\/media?parent=659"}],"curies":[{"name":"wp","href":"https:\/\/api.w.org\/{rel}","templated":true}]}}