{"id":75,"date":"2015-12-04T12:13:16","date_gmt":"2015-12-04T12:13:16","guid":{"rendered":"http:\/\/www2.unifap.br\/dicont\/?page_id=75"},"modified":"2019-09-26T14:34:01","modified_gmt":"2019-09-26T14:34:01","slug":"legislacao-2","status":"publish","type":"page","link":"http:\/\/www2.unifap.br\/dicont\/legislacao-2\/","title":{"rendered":"Legisla\u00e7\u00e3o"},"content":{"rendered":"<p style=\"text-align: justify\"><a href=\"http:\/\/www2.unifap.br\/dicont\/files\/2015\/12\/legisla\u00e7\u00e3o1.jpg\"><img fetchpriority=\"high\" decoding=\"async\" class=\"aligncenter size-full wp-image-832\" alt=\"legisla\u00e7\u00e3o\" src=\"http:\/\/www2.unifap.br\/dicont\/files\/2015\/12\/legisla\u00e7\u00e3o1.jpg\" width=\"695\" height=\"449\" srcset=\"http:\/\/www2.unifap.br\/dicont\/files\/2015\/12\/legisla\u00e7\u00e3o1.jpg 695w, http:\/\/www2.unifap.br\/dicont\/files\/2015\/12\/legisla\u00e7\u00e3o1-300x193.jpg 300w\" sizes=\"(max-width: 695px) 100vw, 695px\" \/><\/a><\/p>\n<ul>\n<li style=\"text-align: justify\"><b><span style=\"text-decoration: underline\"><span style=\"color: #0000ff;text-decoration: underline\"><a href=\"http:\/\/www2.unifap.br\/dicont\/files\/2015\/12\/CARTILHA-LICITA%C3%87%C3%95ES-E-CONTRATOS-ADMINISTRATIVOS.pdf\"><span style=\"color: #0000ff;text-decoration: underline\">CARTILHA LICITA\u00c7\u00d5ES E CONTRATOS ADMINISTRATIVOS<\/span><\/a>\u00a0\u2013 CGU,<\/span>\u00a0<\/span><\/b>Controladoria-Geral da Uni\u00e3o visa com esta publica\u00e7\u00e3o desta cartilha apresentar aos gestores e servidores p\u00fablicos federais uma abordagem mais amig\u00e1vel sobre um tema que \u00e9 considerado normalmente \u00e1rido, em seus aspectos operacionais: Licita\u00e7\u00f5es e Contratos Administrativos.\u00a0Este material n\u00e3o tem a pretens\u00e3o de esgotar o assunto, mas constitui-se numa fonte de consulta r\u00e1pida e simplificada sobre o tema, de apoio aos gestores e servidores da Administra\u00e7\u00e3o P\u00fablica Federal.<\/li>\n<\/ul>\n<p>&nbsp;<\/p>\n<ul>\n<li style=\"text-align: justify\"><span style=\"color: #0000ff\">\u00a0<\/span><span style=\"color: #0000ff\"><b><span style=\"text-decoration: underline\"><a title=\"Consulte aqui\" href=\"http:\/\/www.planalto.gov.br\/ccivil_03\/constituicao\/ConstituicaoCompilado.htm\" target=\"_blank\"><span style=\"color: #0000ff;text-decoration: underline\">CONSTITUI\u00c7\u00c3O DA REP\u00daBLICA FEDERATIVA DO BRASIL. CF\/88<\/span><\/a><\/span><\/b><\/span><b style=\"text-align: justify\"><span style=\"text-decoration: underline\"><span style=\"color: #0000ff;text-decoration: underline\">,<\/span>\u00a0<\/span><\/b><span style=\"text-align: justify\">este\u00a0documento \u00a0\u00e9 um conjunto de regras de governo que rege o ordenamento jur\u00eddico de um Pa\u00eds. A vers\u00e3o em vigor atualmente \u2013 a s\u00e9tima na hist\u00f3ria do Brasil- foi promulgada em 5 de outubro de 1988. O texto marcou o processo de redemocratiza\u00e7\u00e3o ap\u00f3s per\u00edodo de regime militar (1964 a 1985).<\/span><\/li>\n<\/ul>\n<p>&nbsp;<\/p>\n<ul>\n<li style=\"text-align: justify\"><span style=\"color: #0000ff\"><b><span style=\"text-decoration: underline\"><a title=\"Consulte aqui\" href=\"http:\/\/www.planalto.gov.br\/ccivil_03\/leis\/L8666cons.htm\" target=\"_blank\"><span style=\"color: #0000ff;text-decoration: underline\">LEI N\u00ba 8.666, DE 21 DE JUNHO DE 1993 \u2013 NORMAS PARA LICITA\u00c7\u00d5ES E CONTRATOS DA ADMINISTRA\u00c7\u00c3O P\u00daBLICA<\/span><\/a><\/span><\/b><\/span><b style=\"text-align: justify\">\u00a0<\/b><b style=\"text-align: justify\">\u00a0<\/b><span style=\"text-align: justify\">Regulamenta o art. 37, inciso XXI, da Constitui\u00e7\u00e3o Federal, institui normas para licita\u00e7\u00f5es e contratos da Administra\u00e7\u00e3o P\u00fablica e d\u00e1 outras provid\u00eancias.\u00a0Esta Lei estabelece normas gerais sobre licita\u00e7\u00f5es e contratos administrativos pertinentes a obras, servi\u00e7os, inclusive de publicidade, compras, aliena\u00e7\u00f5es e loca\u00e7\u00f5es no \u00e2mbito dos Poderes da Uni\u00e3o, dos Estados, do Distrito Federal e dos Munic\u00edpios.<\/span><\/li>\n<\/ul>\n<p>&nbsp;<\/p>\n<ul>\n<li style=\"text-align: justify\"><b style=\"text-align: justify\"><span style=\"text-decoration: underline\"><a title=\"Consulte aqui\" href=\"http:\/\/www.planalto.gov.br\/ccivil_03\/leis\/2002\/L10520.htm\" target=\"_blank\"><span style=\"color: #0000ff;text-decoration: underline\">LEI No 10.520, DE 17 DE JULHO DE 2002<\/span>,<\/a>\u00a0<\/span><\/b><span style=\"text-align: justify\">institui, no \u00e2mbito da Uni\u00e3o, Estados, Distrito Federal e Munic\u00edpios, nos termos do art. 37, inciso XXI, da Constitui\u00e7\u00e3o Federal, modalidade de licita\u00e7\u00e3o denominada preg\u00e3o, para aquisi\u00e7\u00e3o de bens e servi\u00e7os comuns, e d\u00e1 outras provid\u00eancias.<\/span><\/li>\n<\/ul>\n<p>&nbsp;<\/p>\n<ul>\n<li style=\"text-align: justify\"><span style=\"color: #0000ff\"><span style=\"text-decoration: underline\"><b><a title=\"Consulte aqui\" href=\"http:\/\/www.comprasgovernamentais.gov.br\/paginas\/instrucoes-normativas\/instrucao-normativa-no-02-de-30-de-abril-de-2008-1\" target=\"_blank\"><span style=\"color: #0000ff;text-decoration: underline\">INSTRU\u00c7\u00c3O NORMATIVA N\u00b0 2, DE 30 DE ABRIL DE 2008\u00a0<\/span><\/a><\/b><\/span><b>\u00a0<\/b><\/span><span style=\"text-align: justify\">Disciplinar a contrata\u00e7\u00e3o de servi\u00e7os, continuados ou n\u00e3o, por \u00f3rg\u00e3os ou entidades integrantes do Sistema de Servi\u00e7os Gerais \u2013 SISG.<\/span><\/li>\n<\/ul>\n<p>&nbsp;<\/p>\n<ul>\n<li style=\"text-align: justify\"><span style=\"color: #0000ff\">\u00a0<\/span><span style=\"color: #0000ff\"><b><span style=\"text-decoration: underline\"><a title=\"Consulte aqui\" href=\"http:\/\/www.comprasgovernamentais.gov.br\/paginas\/instrucoes-normativas\/instrucao-normativa-no-5-de-27-de-junho-de-2014\" target=\"_blank\"><span style=\"color: #0000ff;text-decoration: underline\">INSTRU\u00c7\u00c3O NORMATIVA N\u00ba 5, DE 27 DE JUNHO DE 2014<\/span><\/a><\/span><\/b><a title=\"Consulte aqui\" href=\"http:\/\/www.comprasgovernamentais.gov.br\/paginas\/instrucoes-normativas\/instrucao-normativa-no-5-de-27-de-junho-de-2014\" target=\"_blank\"><span style=\"color: #0000ff\">\u00a0<\/span><\/a><\/span><span style=\"text-align: justify\">Esta Instru\u00e7\u00e3o Normativa disp\u00f5e sobre o procedimento administrativo para a realiza\u00e7\u00e3o de pesquisa de pre\u00e7os para a aquisi\u00e7\u00e3o de bens e contrata\u00e7\u00e3o de servi\u00e7os em geral.<\/span><\/li>\n<\/ul>\n<p>&nbsp;<\/p>\n<ul>\n<li style=\"text-align: justify\"><span style=\"color: #0000ff\"><b><span style=\"text-decoration: underline\"><a href=\"http:\/\/www2.unifap.br\/dicont\/files\/2015\/12\/IN-06-2013.pdf\" target=\"_blank\"><span style=\"color: #0000ff;text-decoration: underline\">INSTRU\u00c7\u00c3O NORMATIVA N\u00b0 6 , DE 23 DE DEZEMBRO DE 2013<\/span><\/a><\/span><\/b><\/span><b style=\"text-align: justify\"><span style=\"color: #0000ff\">\u00a0<\/span>\u00a0<\/b><span style=\"text-align: justify\">Altera a Instru\u00e7\u00e3o Normativa n\u00ba 2, de 30 de abril de 2008, e seus Anexos I, III, IV, V e VII e inclui o Anexo VIII. (<\/span><a href=\"http:\/\/www2.unifap.br\/dicont\/files\/2015\/12\/IN-06-2013.pdf\">IN 06-2013)<\/a><\/li>\n<\/ul>\n<p>&nbsp;<\/p>\n<ul>\n<li style=\"text-align: justify\"><span style=\"color: #0000ff\"><b><span style=\"text-decoration: underline\"><a title=\"Consulte aqui\" href=\"http:\/\/www.comprasgovernamentais.gov.br\/paginas\/instrucoes-normativas\/instrucao-normativa-no-7-de-14-de-agosto-de-2015\" target=\"_blank\"><span style=\"color: #0000ff;text-decoration: underline\">INSTRU\u00c7\u00c3O NORMATIVA N\u00ba 7, DE 14 DE AGOSTO DE 2015<\/span><\/a><\/span><\/b><\/span><b style=\"text-align: justify\">\u00a0<\/b><span style=\"text-align: justify\">Altera a Instru\u00e7\u00e3o Normativa n\u00ba 2, de 11 de outubro de 2010, que estabelece normas para o funcionamento do Sistema de Cadastramento Unificado de Fornecedores (SICAF), no \u00e2mbito dos \u00f3rg\u00e3os e entidades integrantes do Sistema de Servi\u00e7os Gerais (SISG).<\/span><\/li>\n<\/ul>\n<p>&nbsp;<\/p>\n<ul>\n<li style=\"text-align: justify\"><span style=\"text-decoration: underline\"><span style=\"color: #0000ff;text-decoration: underline\"><strong>\u00a0<\/strong><\/span><\/span><b><span style=\"text-decoration: underline\"><span style=\"color: #0000ff;text-decoration: underline\"><a title=\"Consulte aqui\" href=\"http:\/\/www.comprasgovernamentais.gov.br\/paginas\/instrucoes-normativas\/instrucao-normativa-no-5-de-27-de-junho-de-2014\" target=\"_blank\"><span style=\"color: #0000ff;text-decoration: underline\">INSTRU\u00c7\u00c3O NORMATIVA N\u00ba 5, DE 26 DE MAIO DE 2017<\/span><\/a><\/span><\/span>\u00a0<\/b>Disp\u00f5e sobre as regras e diretrizes do procedimento de contrata\u00e7\u00e3o de servi\u00e7os sob o regime de execu\u00e7\u00e3o indireta no \u00e2mbito da Administra\u00e7\u00e3o P\u00fablica federal direta, aut\u00e1rquica e fundacional.<\/li>\n<\/ul>\n<p>&nbsp;<\/p>\n<ul>\n<li><span style=\"text-decoration: underline;color: #0000ff\"><strong><a title=\"IN 06 \" href=\"http:\/\/www2.unifap.br\/dicont\/files\/2015\/12\/IN-06-20181.pdf\" target=\"_blank\"><span style=\"color: #0000ff;text-decoration: underline\">INSTRU\u00c7\u00c3O NORMATIVA N\u00ba 6, DE 6 DE JULHO DE 2018<\/span><\/a><\/strong><\/span> &#8211; Disp\u00f5e sobre cl\u00e1usulas assecurat\u00f3rias de direitos trabalhistas quando da execu\u00e7\u00e3o indireta de obras p\u00fablicas, no \u00e2mbito da Administra\u00e7\u00e3o P\u00fablica federal direta, aut\u00e1rquica e fundacional.<\/li>\n<\/ul>\n<p>&nbsp;<\/p>\n<p>&nbsp;<\/p>\n<p>&nbsp;<\/p>\n<h3 style=\"text-align: justify\"><span style=\"font-size: 14px;line-height: 1.5em\">\u00a0<\/span><\/h3>\n<h4 style=\"text-align: right\"><span style=\"color: #ff0000\"><b>Legisla\u00e7\u00e3o Organizada pela Dicont\/<\/b><b style=\"color: #ff0000;font-size: 14px;line-height: 1.5em;text-decoration: underline\">Unifap<\/b><\/span><\/h4>\n","protected":false},"excerpt":{"rendered":"<p>CARTILHA LICITA\u00c7\u00d5ES E CONTRATOS ADMINISTRATIVOS\u00a0\u2013 CGU,\u00a0Controladoria-Geral da Uni\u00e3o visa com esta publica\u00e7\u00e3o desta cartilha apresentar aos gestores e servidores p\u00fablicos federais uma abordagem mais amig\u00e1vel sobre um tema que \u00e9 considerado normalmente \u00e1rido, em seus aspectos operacionais: Licita\u00e7\u00f5es e Contratos Administrativos.\u00a0Este material n\u00e3o tem a pretens\u00e3o de esgotar o assunto, mas constitui-se numa fonte de&#8230;<\/p>\n","protected":false},"author":831,"featured_media":0,"parent":0,"menu_order":7,"comment_status":"open","ping_status":"closed","template":"","meta":{"inline_featured_image":false,"site-sidebar-layout":"default","site-content-layout":"","ast-site-content-layout":"default","site-content-style":"default","site-sidebar-style":"default","ast-global-header-display":"","ast-banner-title-visibility":"","ast-main-header-display":"","ast-hfb-above-header-display":"","ast-hfb-below-header-display":"","ast-hfb-mobile-header-display":"","site-post-title":"","ast-breadcrumbs-content":"","ast-featured-img":"","footer-sml-layout":"","theme-transparent-header-meta":"","adv-header-id-meta":"","stick-header-meta":"","header-above-stick-meta":"","header-main-stick-meta":"","header-below-stick-meta":"","astra-migrate-meta-layouts":"default","ast-page-background-enabled":"default","ast-page-background-meta":{"desktop":{"background-color":"var(--ast-global-color-4)","background-image":"","background-repeat":"repeat","background-position":"center center","background-size":"auto","background-attachment":"scroll","background-type":"","background-media":"","overlay-type":"","overlay-color":"","overlay-opacity":"","overlay-gradient":""},"tablet":{"background-color":"","background-image":"","background-repeat":"repeat","background-position":"center center","background-size":"auto","background-attachment":"scroll","background-type":"","background-media":"","overlay-type":"","overlay-color":"","overlay-opacity":"","overlay-gradient":""},"mobile":{"background-color":"","background-image":"","background-repeat":"repeat","background-position":"center center","background-size":"auto","background-attachment":"scroll","background-type":"","background-media":"","overlay-type":"","overlay-color":"","overlay-opacity":"","overlay-gradient":""}},"ast-content-background-meta":{"desktop":{"background-color":"var(--ast-global-color-5)","background-image":"","background-repeat":"repeat","background-position":"center center","background-size":"auto","background-attachment":"scroll","background-type":"","background-media":"","overlay-type":"","overlay-color":"","overlay-opacity":"","overlay-gradient":""},"tablet":{"background-color":"var(--ast-global-color-5)","background-image":"","background-repeat":"repeat","background-position":"center center","background-size":"auto","background-attachment":"scroll","background-type":"","background-media":"","overlay-type":"","overlay-color":"","overlay-opacity":"","overlay-gradient":""},"mobile":{"background-color":"var(--ast-global-color-5)","background-image":"","background-repeat":"repeat","background-position":"center center","background-size":"auto","background-attachment":"scroll","background-type":"","background-media":"","overlay-type":"","overlay-color":"","overlay-opacity":"","overlay-gradient":""}},"ngg_post_thumbnail":0,"footnotes":""},"class_list":["post-75","page","type-page","status-publish","hentry"],"_links":{"self":[{"href":"http:\/\/www2.unifap.br\/dicont\/wp-json\/wp\/v2\/pages\/75","targetHints":{"allow":["GET"]}}],"collection":[{"href":"http:\/\/www2.unifap.br\/dicont\/wp-json\/wp\/v2\/pages"}],"about":[{"href":"http:\/\/www2.unifap.br\/dicont\/wp-json\/wp\/v2\/types\/page"}],"author":[{"embeddable":true,"href":"http:\/\/www2.unifap.br\/dicont\/wp-json\/wp\/v2\/users\/831"}],"replies":[{"embeddable":true,"href":"http:\/\/www2.unifap.br\/dicont\/wp-json\/wp\/v2\/comments?post=75"}],"version-history":[{"count":43,"href":"http:\/\/www2.unifap.br\/dicont\/wp-json\/wp\/v2\/pages\/75\/revisions"}],"predecessor-version":[{"id":1932,"href":"http:\/\/www2.unifap.br\/dicont\/wp-json\/wp\/v2\/pages\/75\/revisions\/1932"}],"wp:attachment":[{"href":"http:\/\/www2.unifap.br\/dicont\/wp-json\/wp\/v2\/media?parent=75"}],"curies":[{"name":"wp","href":"https:\/\/api.w.org\/{rel}","templated":true}]}}