{"id":759,"date":"2016-08-05T19:35:57","date_gmt":"2016-08-05T19:35:57","guid":{"rendered":"http:\/\/www2.unifap.br\/dicont\/?page_id=759"},"modified":"2016-08-05T19:48:33","modified_gmt":"2016-08-05T19:48:33","slug":"obras-publicas-recomendacoes-basicas-para-a-contratacao-tcu","status":"publish","type":"page","link":"http:\/\/www2.unifap.br\/dicont\/area-do-fiscal\/obras-publicas-recomendacoes-basicas-para-a-contratacao-tcu\/","title":{"rendered":"Obras P\u00fablicas Recomenda\u00e7\u00f5es B\u00e1sicas para a Contrata\u00e7\u00e3o &#8211; TCU"},"content":{"rendered":"<ul>\n<li><span style=\"color: #008080\"><strong style=\"font-size: 1.17em\">Obras P\u00fablicas Recomenda\u00e7\u00f5es B\u00e1sicas para a Contrata\u00e7\u00e3o &#8211; TCU &#8211; 3\u00b0 edi\u00e7\u00e3o.\u00a0<\/strong><\/span><span style=\"line-height: 1.5em\">\u00a0<\/span><\/li>\n<li>\n<p style=\"text-align: justify\"><span style=\"color: #000000\"><span style=\"line-height: 1.5em\">A Cartilha Obras P\u00fablicas \u2013 Recomenda\u00e7\u00f5es B\u00e1sicas para Contrata\u00e7\u00e3o e\u00a0<\/span><span style=\"line-height: 1.5em\">Fiscaliza\u00e7\u00e3o de Obras de Edifica\u00e7\u00f5es P\u00fablicas visa a orientar \u00f3rg\u00e3os e entidades\u00a0<\/span><span style=\"line-height: 1.5em\">da Administra\u00e7\u00e3o P\u00fablica que n\u00e3o possuem equipes t\u00e9cnicas especializadas nos\u00a0<\/span><span style=\"line-height: 1.5em\">procedimentos a adotar nas contrata\u00e7\u00f5es para execu\u00e7\u00e3o e fiscaliza\u00e7\u00e3o de suas obras.<\/span><span style=\"line-height: 1.5em\">\u00a0<\/span><\/span><\/p>\n<\/li>\n<li style=\"text-align: justify\"><span style=\"color: #000000\"><span style=\"line-height: 1.5em\">A linguagem utilizada \u00e9 de f\u00e1cil entendimento e permite a compreens\u00e3o deste\u00a0<\/span><span style=\"line-height: 1.5em\">material por quem n\u00e3o tem especializa\u00e7\u00e3o na \u00e1rea de constru\u00e7\u00e3o civil. O objetivo\u00a0<\/span><span style=\"line-height: 1.5em\">\u00e9 minimizar falhas formais e de execu\u00e7\u00e3o, a fim de garantir a realiza\u00e7\u00e3o das obras\u00a0<\/span><span style=\"line-height: 1.5em\">de forma adequada e transparente.\u00a0<\/span><span style=\"line-height: 1.5em\">\u00a0 \u00a0 \u00a0 \u00a0 <\/span><\/span><\/li>\n<li style=\"text-align: justify\"><span style=\"color: #000000\"><span style=\"line-height: 1.5em\">A cartilha foi elaborada para acompanhamento de obras de edifica\u00e7\u00f5es\u00a0<\/span><span style=\"line-height: 1.5em\">convencionais \u2013 casas, pr\u00e9dios, postos de sa\u00fade, entre outros , pois s\u00e3o os tipos de\u00a0<\/span><span style=\"line-height: 1.5em\">empreendimentos mais comuns em pequenas prefeituras municipais. H\u00e1, no entanto,\u00a0<\/span><span style=\"line-height: 1.5em\">itens gen\u00e9ricos que s\u00e3o aplic\u00e1veis a outros tipos de obra.<\/span><\/span><\/li>\n<li style=\"text-align: justify\"><span style=\"color: #000000\"><span style=\"line-height: 1.5em\">No texto, s\u00e3o abordadas desde quest\u00f5es legais que regem a contrata\u00e7\u00e3o de obras\u00a0<\/span><span style=\"line-height: 1.5em\">na Administra\u00e7\u00e3o P\u00fablica em geral, em especial o Estatuto das Licita\u00e7\u00f5es e Contratos, a \u00a0lei\u00a0n\u00ba 8.666\/1993, e alguns ac\u00f3rd\u00e3os e s\u00famulas da jurisprud\u00eancia desta Corte\u00a0de Contas, de modo a alertar sobre os procedimentos legais e regulamentares\u00a0recomend\u00e1veis, quando da execu\u00e7\u00e3o de determinado empreendimento, sem esgotar\u00a0o assunto ou analisar detalhadamente a legisla\u00e7\u00e3o sobre a mat\u00e9ria. Tamb\u00e9m \u00e9\u00a0apresentada a descri\u00e7\u00e3o dos principais aspectos t\u00e9cnicos concernentes a obras de\u00a0edifica\u00e7\u00f5es.<\/span><\/span><\/li>\n<li>\n<p style=\"text-align: justify\"><span style=\"color: #000000\"><span style=\"line-height: 1.5em\">Ao aparecer, ao longo do texto, palavra destacada, isso significa que h\u00e1 maior\u00a0<\/span><span style=\"line-height: 1.5em\">explica\u00e7\u00e3o sobre o termo no gloss\u00e1rio ao final da cartilha.<\/span><\/span><\/p>\n<\/li>\n<\/ul>\n<p>&nbsp;<\/p>\n<h3 style=\"text-align: center\"><strong><span style=\"text-decoration: underline\"><span style=\"color: #0000ff;text-decoration: underline\"><a href=\"http:\/\/www2.unifap.br\/dicont\/files\/2016\/08\/Obras-P\u00fablicas-Recomenda\u00e7\u00f5es-B\u00e1sicas-para-a-Contrata\u00e7\u00e3o-TCU.pdf\"><span style=\"color: #0000ff;text-decoration: underline\">Clique Aqui<\/span><\/a>\u00a0<\/span><span style=\"color: #000000;text-decoration: underline\">para Baixar<\/span><\/span><\/strong><\/h3>\n<p>&nbsp;<\/p>\n<p>&nbsp;<\/p>\n","protected":false},"excerpt":{"rendered":"<p>Obras P\u00fablicas Recomenda\u00e7\u00f5es B\u00e1sicas para a Contrata\u00e7\u00e3o &#8211; TCU &#8211; 3\u00b0 edi\u00e7\u00e3o.\u00a0\u00a0 A Cartilha Obras P\u00fablicas \u2013 Recomenda\u00e7\u00f5es B\u00e1sicas para Contrata\u00e7\u00e3o e\u00a0Fiscaliza\u00e7\u00e3o de Obras de Edifica\u00e7\u00f5es P\u00fablicas visa a orientar \u00f3rg\u00e3os e entidades\u00a0da Administra\u00e7\u00e3o P\u00fablica que n\u00e3o possuem equipes t\u00e9cnicas especializadas nos\u00a0procedimentos a adotar nas contrata\u00e7\u00f5es para execu\u00e7\u00e3o e fiscaliza\u00e7\u00e3o de suas obras.\u00a0 A linguagem&#8230;<\/p>\n","protected":false},"author":831,"featured_media":0,"parent":196,"menu_order":0,"comment_status":"open","ping_status":"open","template":"","meta":{"inline_featured_image":false,"site-sidebar-layout":"default","site-content-layout":"","ast-site-content-layout":"default","site-content-style":"default","site-sidebar-style":"default","ast-global-header-display":"","ast-banner-title-visibility":"","ast-main-header-display":"","ast-hfb-above-header-display":"","ast-hfb-below-header-display":"","ast-hfb-mobile-header-display":"","site-post-title":"","ast-breadcrumbs-content":"","ast-featured-img":"","footer-sml-layout":"","theme-transparent-header-meta":"","adv-header-id-meta":"","stick-header-meta":"","header-above-stick-meta":"","header-main-stick-meta":"","header-below-stick-meta":"","astra-migrate-meta-layouts":"default","ast-page-background-enabled":"default","ast-page-background-meta":{"desktop":{"background-color":"var(--ast-global-color-4)","background-image":"","background-repeat":"repeat","background-position":"center center","background-size":"auto","background-attachment":"scroll","background-type":"","background-media":"","overlay-type":"","overlay-color":"","overlay-opacity":"","overlay-gradient":""},"tablet":{"background-color":"","background-image":"","background-repeat":"repeat","background-position":"center center","background-size":"auto","background-attachment":"scroll","background-type":"","background-media":"","overlay-type":"","overlay-color":"","overlay-opacity":"","overlay-gradient":""},"mobile":{"background-color":"","background-image":"","background-repeat":"repeat","background-position":"center center","background-size":"auto","background-attachment":"scroll","background-type":"","background-media":"","overlay-type":"","overlay-color":"","overlay-opacity":"","overlay-gradient":""}},"ast-content-background-meta":{"desktop":{"background-color":"var(--ast-global-color-5)","background-image":"","background-repeat":"repeat","background-position":"center center","background-size":"auto","background-attachment":"scroll","background-type":"","background-media":"","overlay-type":"","overlay-color":"","overlay-opacity":"","overlay-gradient":""},"tablet":{"background-color":"var(--ast-global-color-5)","background-image":"","background-repeat":"repeat","background-position":"center center","background-size":"auto","background-attachment":"scroll","background-type":"","background-media":"","overlay-type":"","overlay-color":"","overlay-opacity":"","overlay-gradient":""},"mobile":{"background-color":"var(--ast-global-color-5)","background-image":"","background-repeat":"repeat","background-position":"center center","background-size":"auto","background-attachment":"scroll","background-type":"","background-media":"","overlay-type":"","overlay-color":"","overlay-opacity":"","overlay-gradient":""}},"ngg_post_thumbnail":0,"footnotes":""},"class_list":["post-759","page","type-page","status-publish","hentry"],"_links":{"self":[{"href":"http:\/\/www2.unifap.br\/dicont\/wp-json\/wp\/v2\/pages\/759","targetHints":{"allow":["GET"]}}],"collection":[{"href":"http:\/\/www2.unifap.br\/dicont\/wp-json\/wp\/v2\/pages"}],"about":[{"href":"http:\/\/www2.unifap.br\/dicont\/wp-json\/wp\/v2\/types\/page"}],"author":[{"embeddable":true,"href":"http:\/\/www2.unifap.br\/dicont\/wp-json\/wp\/v2\/users\/831"}],"replies":[{"embeddable":true,"href":"http:\/\/www2.unifap.br\/dicont\/wp-json\/wp\/v2\/comments?post=759"}],"version-history":[{"count":7,"href":"http:\/\/www2.unifap.br\/dicont\/wp-json\/wp\/v2\/pages\/759\/revisions"}],"predecessor-version":[{"id":768,"href":"http:\/\/www2.unifap.br\/dicont\/wp-json\/wp\/v2\/pages\/759\/revisions\/768"}],"up":[{"embeddable":true,"href":"http:\/\/www2.unifap.br\/dicont\/wp-json\/wp\/v2\/pages\/196"}],"wp:attachment":[{"href":"http:\/\/www2.unifap.br\/dicont\/wp-json\/wp\/v2\/media?parent=759"}],"curies":[{"name":"wp","href":"https:\/\/api.w.org\/{rel}","templated":true}]}}