{"id":110,"date":"2016-11-25T16:47:51","date_gmt":"2016-11-25T16:47:51","guid":{"rendered":"http:\/\/www2.unifap.br\/dinahtutyia\/?page_id=110"},"modified":"2016-11-25T16:49:17","modified_gmt":"2016-11-25T16:49:17","slug":"110-2","status":"publish","type":"page","link":"http:\/\/www2.unifap.br\/dinahtutyia\/extensao\/110-2\/","title":{"rendered":"&#8220;Casar\u00e3o Ayres: patrim\u00f4nio, hist\u00f3ria e mem\u00f3ria do povo mazaganense&#8221;"},"content":{"rendered":"<p>Participem! &#8220;Casar\u00e3o Ayres: patrim\u00f4nio, hist\u00f3ria e mem\u00f3ria do povo mazaganense&#8221;. As palestras ocorrer\u00e3o dia 29 de novembro na UNIFAP Marco Zero e dia 30 em Mazag\u00e3o Velho.<br \/>\nInscri\u00e7\u00f5es pelo email que est\u00e1 no folder.<\/p>\n<p>&nbsp;<\/p>\n<p><a href=\"http:\/\/www2.unifap.br\/dinahtutyia\/files\/2016\/11\/Mazaga\u0303o-1.jpg\"><img fetchpriority=\"high\" decoding=\"async\" class=\"alignnone size-medium wp-image-112\" alt=\"Mazaga\u0303o (1)\" src=\"http:\/\/www2.unifap.br\/dinahtutyia\/files\/2016\/11\/Mazaga\u0303o-1-221x300.jpg\" width=\"221\" height=\"300\" srcset=\"http:\/\/www2.unifap.br\/dinahtutyia\/files\/2016\/11\/Mazaga\u0303o-1-221x300.jpg 221w, http:\/\/www2.unifap.br\/dinahtutyia\/files\/2016\/11\/Mazaga\u0303o-1-756x1024.jpg 756w\" sizes=\"(max-width: 221px) 100vw, 221px\" \/><\/a> <a href=\"http:\/\/www2.unifap.br\/dinahtutyia\/files\/2016\/11\/Mazaga\u0303o-1.pdf\"><br \/>\n<\/a><\/p>\n","protected":false},"excerpt":{"rendered":"<p>Participem! &#8220;Casar\u00e3o Ayres: patrim\u00f4nio, hist\u00f3ria e mem\u00f3ria do povo mazaganense&#8221;. As palestras ocorrer\u00e3o dia 29 de novembro na UNIFAP Marco Zero e dia 30 em Mazag\u00e3o Velho. Inscri\u00e7\u00f5es pelo email que est\u00e1 no folder. &nbsp;<\/p>\n","protected":false},"author":912,"featured_media":0,"parent":2,"menu_order":0,"comment_status":"open","ping_status":"open","template":"","meta":{"inline_featured_image":false,"ngg_post_thumbnail":0,"footnotes":""},"class_list":["post-110","page","type-page","status-publish","hentry"],"_links":{"self":[{"href":"http:\/\/www2.unifap.br\/dinahtutyia\/wp-json\/wp\/v2\/pages\/110","targetHints":{"allow":["GET"]}}],"collection":[{"href":"http:\/\/www2.unifap.br\/dinahtutyia\/wp-json\/wp\/v2\/pages"}],"about":[{"href":"http:\/\/www2.unifap.br\/dinahtutyia\/wp-json\/wp\/v2\/types\/page"}],"author":[{"embeddable":true,"href":"http:\/\/www2.unifap.br\/dinahtutyia\/wp-json\/wp\/v2\/users\/912"}],"replies":[{"embeddable":true,"href":"http:\/\/www2.unifap.br\/dinahtutyia\/wp-json\/wp\/v2\/comments?post=110"}],"version-history":[{"count":3,"href":"http:\/\/www2.unifap.br\/dinahtutyia\/wp-json\/wp\/v2\/pages\/110\/revisions"}],"predecessor-version":[{"id":115,"href":"http:\/\/www2.unifap.br\/dinahtutyia\/wp-json\/wp\/v2\/pages\/110\/revisions\/115"}],"up":[{"embeddable":true,"href":"http:\/\/www2.unifap.br\/dinahtutyia\/wp-json\/wp\/v2\/pages\/2"}],"wp:attachment":[{"href":"http:\/\/www2.unifap.br\/dinahtutyia\/wp-json\/wp\/v2\/media?parent=110"}],"curies":[{"name":"wp","href":"https:\/\/api.w.org\/{rel}","templated":true}]}}