{"id":195,"date":"2017-03-04T16:09:41","date_gmt":"2017-03-04T16:09:41","guid":{"rendered":"http:\/\/www2.unifap.br\/dinahtutyia\/?page_id=195"},"modified":"2017-03-04T16:12:43","modified_gmt":"2017-03-04T16:12:43","slug":"elaboracao-de-modelos-3d-e-cartilhas-para-ferramenta-didatica-para-estudo-da-tecnologia-construtiva-aliada-a-historia-da-arquitetura-brasileira","status":"publish","type":"page","link":"http:\/\/www2.unifap.br\/dinahtutyia\/projeto-de-pesquisa\/elaboracao-de-modelos-3d-e-cartilhas-para-ferramenta-didatica-para-estudo-da-tecnologia-construtiva-aliada-a-historia-da-arquitetura-brasileira\/","title":{"rendered":"Elabora\u00e7\u00e3o de Modelos 3D e Cartilhas para Ferramenta Did\u00e1tica para Estudo da Tecnologia Construtiva aliada \u00e0 Hist\u00f3ria da Arquitetura Brasileira"},"content":{"rendered":"<p><strong>Projeto de Pesquisa &#8220;Elabora\u00e7\u00e3o de Modelos 3D e Cartilhas para Ferramenta Did\u00e1tica para Estudo da Tecnologia Construtiva aliada \u00e0 Hist\u00f3ria da Arquitetura Brasileira&#8221;, em fase de registro no DPQ, tem como objetivo a cria\u00e7\u00e3o de maquete eletr\u00f4nica &#8211; \u00a0v\u00eddeo anima\u00e7\u00e3o &#8211; e cartilha did\u00e1tica \u00a0para auxiliar o entendimento do sistema construtivos de algumas tipologias arquitet\u00f4nicas da arquitetura brasileira. <\/strong><\/p>\n<p><strong>Coordenadora e autora : Prof. Ma. Dinah Tutyia (Arquitetura e Urbanismo\/UNIFAP)<\/strong><\/p>\n<p><strong>Autor e colaborador: Prof. Me. F\u00e1bio Ara\u00fajo (Eng. Civil\/UNIFAP)<\/strong><\/p>\n<p><strong>Bolsistas Volunt\u00e1rios:<\/strong><\/p>\n<p><strong>&#8211; Kevin Cordeiro\u00a0(Arquitetura e Urbanismo\/UNIFAP)<\/strong><\/p>\n<p><strong>&#8211; Isabela Santos (Eng. Civil\/UNIFAP)<\/strong><\/p>\n<p><strong>&#8211; \u00a0Ingrid Trindade\u00a0(Eng. Civil\/UNIFAP)<\/strong><\/p>\n","protected":false},"excerpt":{"rendered":"<p>Projeto de Pesquisa &#8220;Elabora\u00e7\u00e3o de Modelos 3D e Cartilhas para Ferramenta Did\u00e1tica para Estudo da Tecnologia Construtiva aliada \u00e0 Hist\u00f3ria da Arquitetura Brasileira&#8221;, em fase de registro no DPQ, tem como objetivo a cria\u00e7\u00e3o de maquete eletr\u00f4nica &#8211; \u00a0v\u00eddeo anima\u00e7\u00e3o&hellip; <\/p>\n<p><a href=\"http:\/\/www2.unifap.br\/dinahtutyia\/projeto-de-pesquisa\/elaboracao-de-modelos-3d-e-cartilhas-para-ferramenta-didatica-para-estudo-da-tecnologia-construtiva-aliada-a-historia-da-arquitetura-brasileira\/\" class=\"readmore-button\">Continue Reading<\/a><\/p>\n","protected":false},"author":912,"featured_media":0,"parent":22,"menu_order":0,"comment_status":"open","ping_status":"open","template":"","meta":{"inline_featured_image":false,"ngg_post_thumbnail":0,"footnotes":""},"class_list":["post-195","page","type-page","status-publish","hentry"],"_links":{"self":[{"href":"http:\/\/www2.unifap.br\/dinahtutyia\/wp-json\/wp\/v2\/pages\/195","targetHints":{"allow":["GET"]}}],"collection":[{"href":"http:\/\/www2.unifap.br\/dinahtutyia\/wp-json\/wp\/v2\/pages"}],"about":[{"href":"http:\/\/www2.unifap.br\/dinahtutyia\/wp-json\/wp\/v2\/types\/page"}],"author":[{"embeddable":true,"href":"http:\/\/www2.unifap.br\/dinahtutyia\/wp-json\/wp\/v2\/users\/912"}],"replies":[{"embeddable":true,"href":"http:\/\/www2.unifap.br\/dinahtutyia\/wp-json\/wp\/v2\/comments?post=195"}],"version-history":[{"count":2,"href":"http:\/\/www2.unifap.br\/dinahtutyia\/wp-json\/wp\/v2\/pages\/195\/revisions"}],"predecessor-version":[{"id":197,"href":"http:\/\/www2.unifap.br\/dinahtutyia\/wp-json\/wp\/v2\/pages\/195\/revisions\/197"}],"up":[{"embeddable":true,"href":"http:\/\/www2.unifap.br\/dinahtutyia\/wp-json\/wp\/v2\/pages\/22"}],"wp:attachment":[{"href":"http:\/\/www2.unifap.br\/dinahtutyia\/wp-json\/wp\/v2\/media?parent=195"}],"curies":[{"name":"wp","href":"https:\/\/api.w.org\/{rel}","templated":true}]}}