{"id":2,"date":"2016-07-12T15:05:41","date_gmt":"2016-07-12T15:05:41","guid":{"rendered":"http:\/\/www2.unifap.br\/dinahtutyia\/?page_id=2"},"modified":"2016-07-19T13:34:40","modified_gmt":"2016-07-19T13:34:40","slug":"extensao","status":"publish","type":"page","link":"http:\/\/www2.unifap.br\/dinahtutyia\/extensao\/","title":{"rendered":"Projeto de Extens\u00e3o"},"content":{"rendered":"<p><b>Espa\u00e7o destinado aos projetos de extens\u00e3o<\/b><\/p>\n<p><strong>1 &#8211;<a href=\"http:\/\/www2.unifap.br\/dinahtutyia\/extensao\/inventario-e-proposta-de-restauro-e-reuso-da-casa-ana-ayres-na-vila-de-mazagao-velho-ap-para-um-centro-de-cultura-mazaganense\/\"> INVENT\u00c1RIO E PROPOSTA DE RESTAURO E REUSO DA CASA \u201cANA AYRES\u201d NA VILA DE MAZAG\u00c3O VELHO (AP) PARA UM CENTRO DE CULTURA MAZAGANENSE<\/a><\/strong><\/p>\n<p>&nbsp;<\/p>\n","protected":false},"excerpt":{"rendered":"<p>Espa\u00e7o destinado aos projetos de extens\u00e3o 1 &#8211; INVENT\u00c1RIO E PROPOSTA DE RESTAURO E REUSO DA CASA \u201cANA AYRES\u201d NA VILA DE MAZAG\u00c3O VELHO (AP) PARA UM CENTRO DE CULTURA MAZAGANENSE &nbsp;<\/p>\n","protected":false},"author":167,"featured_media":0,"parent":0,"menu_order":0,"comment_status":"open","ping_status":"open","template":"","meta":{"inline_featured_image":false,"ngg_post_thumbnail":0,"footnotes":""},"class_list":["post-2","page","type-page","status-publish","hentry"],"_links":{"self":[{"href":"http:\/\/www2.unifap.br\/dinahtutyia\/wp-json\/wp\/v2\/pages\/2","targetHints":{"allow":["GET"]}}],"collection":[{"href":"http:\/\/www2.unifap.br\/dinahtutyia\/wp-json\/wp\/v2\/pages"}],"about":[{"href":"http:\/\/www2.unifap.br\/dinahtutyia\/wp-json\/wp\/v2\/types\/page"}],"author":[{"embeddable":true,"href":"http:\/\/www2.unifap.br\/dinahtutyia\/wp-json\/wp\/v2\/users\/167"}],"replies":[{"embeddable":true,"href":"http:\/\/www2.unifap.br\/dinahtutyia\/wp-json\/wp\/v2\/comments?post=2"}],"version-history":[{"count":3,"href":"http:\/\/www2.unifap.br\/dinahtutyia\/wp-json\/wp\/v2\/pages\/2\/revisions"}],"predecessor-version":[{"id":41,"href":"http:\/\/www2.unifap.br\/dinahtutyia\/wp-json\/wp\/v2\/pages\/2\/revisions\/41"}],"wp:attachment":[{"href":"http:\/\/www2.unifap.br\/dinahtutyia\/wp-json\/wp\/v2\/media?parent=2"}],"curies":[{"name":"wp","href":"https:\/\/api.w.org\/{rel}","templated":true}]}}