{"id":22,"date":"2016-07-15T11:27:55","date_gmt":"2016-07-15T11:27:55","guid":{"rendered":"http:\/\/www2.unifap.br\/dinahtutyia\/?page_id=22"},"modified":"2017-01-27T02:36:49","modified_gmt":"2017-01-27T02:36:49","slug":"projeto-de-pesquisa","status":"publish","type":"page","link":"http:\/\/www2.unifap.br\/dinahtutyia\/projeto-de-pesquisa\/","title":{"rendered":"Projeto de Pesquisa"},"content":{"rendered":"<p><strong>Espa\u00e7o destinado a divulga\u00e7\u00e3o \u00a0de informa\u00e7\u00f5es sobre as pesquisas realizadas<\/strong><\/p>\n<p><strong><\/strong><br \/>\n<strong>1 &#8211;\u00a0<a href=\"http:\/\/www2.unifap.br\/dinahtutyia\/projeto-de-pesquisa\/\">ARQUITETURA VERNACULAR: INVENT\u00c1RIO E CARACTERIZA\u00c7\u00c3O TIPOL\u00d3GICA ARQUITET\u00d4NICA DE VILAS RIBEIRINHAS NA AMAZ\u00d4NIA<\/a><\/strong><\/p>\n","protected":false},"excerpt":{"rendered":"<p>Espa\u00e7o destinado a divulga\u00e7\u00e3o \u00a0de informa\u00e7\u00f5es sobre as pesquisas realizadas 1 &#8211;\u00a0ARQUITETURA VERNACULAR: INVENT\u00c1RIO E CARACTERIZA\u00c7\u00c3O TIPOL\u00d3GICA ARQUITET\u00d4NICA DE VILAS RIBEIRINHAS NA AMAZ\u00d4NIA<\/p>\n","protected":false},"author":912,"featured_media":0,"parent":0,"menu_order":0,"comment_status":"open","ping_status":"open","template":"","meta":{"inline_featured_image":false,"ngg_post_thumbnail":0,"footnotes":""},"class_list":["post-22","page","type-page","status-publish","hentry"],"_links":{"self":[{"href":"http:\/\/www2.unifap.br\/dinahtutyia\/wp-json\/wp\/v2\/pages\/22","targetHints":{"allow":["GET"]}}],"collection":[{"href":"http:\/\/www2.unifap.br\/dinahtutyia\/wp-json\/wp\/v2\/pages"}],"about":[{"href":"http:\/\/www2.unifap.br\/dinahtutyia\/wp-json\/wp\/v2\/types\/page"}],"author":[{"embeddable":true,"href":"http:\/\/www2.unifap.br\/dinahtutyia\/wp-json\/wp\/v2\/users\/912"}],"replies":[{"embeddable":true,"href":"http:\/\/www2.unifap.br\/dinahtutyia\/wp-json\/wp\/v2\/comments?post=22"}],"version-history":[{"count":6,"href":"http:\/\/www2.unifap.br\/dinahtutyia\/wp-json\/wp\/v2\/pages\/22\/revisions"}],"predecessor-version":[{"id":144,"href":"http:\/\/www2.unifap.br\/dinahtutyia\/wp-json\/wp\/v2\/pages\/22\/revisions\/144"}],"wp:attachment":[{"href":"http:\/\/www2.unifap.br\/dinahtutyia\/wp-json\/wp\/v2\/media?parent=22"}],"curies":[{"name":"wp","href":"https:\/\/api.w.org\/{rel}","templated":true}]}}