{"id":24,"date":"2016-07-15T11:29:00","date_gmt":"2016-07-15T11:29:00","guid":{"rendered":"http:\/\/www2.unifap.br\/dinahtutyia\/?page_id=24"},"modified":"2022-09-22T01:25:35","modified_gmt":"2022-09-22T01:25:35","slug":"disciplinas","status":"publish","type":"page","link":"http:\/\/www2.unifap.br\/dinahtutyia\/disciplinas\/","title":{"rendered":"Disciplinas"},"content":{"rendered":"<p><strong>Material para Estudos e Avisos<\/strong><\/p>\n<p style=\"text-align: left\"><strong>Semestre: 2022. 1<\/strong><\/p>\n<p><strong>&#8211; Disciplina: Projeto V (AU2020)\u00a0<\/strong><\/p>\n<p><strong>\u00a0MATERIAL PARA AULA DO DIA: 23\/set\/2022<\/strong><\/p>\n<p>1-\u00a0\u00a0Velha-nova Pinacoteca: de espa\u00e7o a lugar \u2013 F\u00e1bio M\u00fcller<\/p>\n<p>Dispon\u00edvel em:\u00a0<a href=\"http:\/\/www.vitruvius.com.br\/revistas\/read\/arquitextos\/01.007\/951\">http:\/\/www.vitruvius.com.br\/revistas\/read\/arquitextos\/01.007\/951<\/a><\/p>\n<p>2-\u00a0O que h\u00e1 por tr\u00e1s da a\u00e7\u00e3o higienista na &#8220;Cracol\u00e2ndia&#8221;?<\/p>\n<p>Dispon\u00edvel em:\u00a0<a href=\"http:\/\/cidadesparaquem.org\/blog\/2017\/5\/24\/o-que-h-por-trs-da-ao-higienista-na-cracolndia\" target=\"_blank\" rel=\"noopener noreferrer\">http:\/\/cidadesparaquem.org\/blog\/2017\/5\/24\/o-que-h-por-trs-da-ao-higienista-na-cracolndia<\/a><\/p>\n<p>&nbsp;<\/p>\n<p style=\"text-align: center\"><strong>***<\/strong><\/p>\n<p>&nbsp;<\/p>\n<div class=\"page\" title=\"Page 1\">\n<div class=\"layoutArea\">\n<div class=\"column\">\n<p><strong>-Est\u00e9tica e Hist\u00f3ria da Arte (AU2022<\/strong><strong>)<\/strong><\/p>\n<\/div>\n<p>__________________________________________________________________________<\/p>\n<\/div>\n<\/div>\n<p><strong>Semestre: 2017. 1<\/strong><\/p>\n<p><strong>&#8211; Disciplina: Projeto V (AU2015)\u00a0<\/strong><\/p>\n<p><strong>21\/abril\/2017<\/strong> &#8211; feriado<\/p>\n<p><strong>MATERIAL PARA AULA DO DIA 26\/maio\/2017\u00a0<\/strong><\/p>\n<p>1- Em busca do tempo perdido: o\u00a0Renascimento dos Centros Urbanos &#8211;\u00a0Vicente del Rio<\/p>\n<p>Dispon\u00edvel em: \u00a0<a href=\"http:\/\/www.vitruvius.com.br\/revistas\/read\/arquitextos\/01.006\/963\">http:\/\/www.vitruvius.com.br\/revistas\/read\/arquitextos\/01.006\/963<\/a><\/p>\n<p><strong>\u00a0MATERIAL PARA AULA DO DIA: 02\/maio\/2017<\/strong><\/p>\n<p>1-\u00a0\u00a0Velha-nova Pinacoteca: de espa\u00e7o a lugar \u2013 F\u00e1bio M\u00fcller<\/p>\n<p>Dispon\u00edvel em:\u00a0<a href=\"http:\/\/www.vitruvius.com.br\/revistas\/read\/arquitextos\/01.007\/951\">http:\/\/www.vitruvius.com.br\/revistas\/read\/arquitextos\/01.007\/951<\/a><\/p>\n<p>2-\u00a0O que h\u00e1 por tr\u00e1s da a\u00e7\u00e3o higienista na &#8220;Cracol\u00e2ndia&#8221;?<\/p>\n<p>Dispon\u00edvel em:\u00a0<a href=\"http:\/\/cidadesparaquem.org\/blog\/2017\/5\/24\/o-que-h-por-trs-da-ao-higienista-na-cracolndia\" target=\"_blank\" rel=\"noopener noreferrer\">http:\/\/cidadesparaquem.org\/blog\/2017\/5\/24\/o-que-h-por-trs-da-ao-higienista-na-cracolndia<\/a><\/p>\n<p><strong>SEMIN\u00c1RIO AP2 &#8211; 04\/08\/2017<\/strong><\/p>\n<p>As equipes dever\u00e3o apresentar : o novo uso escolhido para edifica\u00e7\u00e3o; estudo de repert\u00f3rio &#8211; exemplos do tema; visita t\u00e9cnica no tema como orientado no ultimo encontro; programa de necessidades a ser adotado; croqui de plantas com o novo uso<\/p>\n<p>&nbsp;<\/p>\n<p style=\"text-align: center\"><strong>***<\/strong><\/p>\n<p>&nbsp;<\/p>\n<p><strong>&#8211; Disciplina: Arquitetura Brasileira (AU2014)<\/strong><\/p>\n<p><strong>21\/abril\/2017<\/strong> &#8211; feriado<\/p>\n<p><strong>CONTE\u00daDO PARA APRESENTAR DIA 26\/maio\/2017 : semin\u00e1rio\u00a0&#8220;Desvelando a cidade: uma experi\u00eancia etnogr\u00e1fica&#8221;\u00a0<\/strong><\/p>\n<p><strong>\u00a0<\/strong><\/p>\n<p>&nbsp;<\/p>\n<p>________________________________________________________________________<\/p>\n<p>&nbsp;<\/p>\n<p><strong>Semestre: 2016.2<\/strong><\/p>\n<p><strong>&#8211; Disciplina: Projeto VI (AU 2014)<\/strong><\/p>\n<p><strong>Semin\u00e1rio :<\/strong> 24 de novembro<\/p>\n<p><strong>16\/jan\/2017 -ATEN\u00c7\u00c3O:<\/strong>\u00a0 a partir desta semana as aulas de Projeto VI (quintas-feiras) ser\u00e3o ministradas no bloco do DCET (equipes &#8211; professora Dinah Tutyia). \u00a0Professores Elizeu e G\u00e9ssica no Bloco N<\/p>\n<p><strong>24\/jan\/2017 &#8211; ATEN\u00c7\u00c3O MUDAN\u00c7A DE SALA :<\/strong> \u00a0a partir desta semana as aulas de Projeto VI (quintas-feiras) ser\u00e3o ministradas no bloco N &#8211; Professores Dinah Tutyia, Elizeu e G\u00e9ssica no Bloco N<\/p>\n<p><strong>08\/fev\/2017 &#8211; \u00a0DATA DE ENTREGA AP2 : 16\/fev\/2017<\/strong><\/p>\n<p><b>\u00a0AVISO: 24\/fev\/2017<\/b><\/p>\n<p><b>02\/mar\u00e7o\/2017 \u2013 Orienta\u00e7\u00e3o: desenvolvimento do projeto [ link conte\u00fado solicitado] <\/b><\/p>\n<p><b><a href=\"https:\/\/1drv.ms\/b\/s!Aq89_lKaLqHliHV5TBvKqTYONYGl\">&#8211;\u00a0https:\/\/1drv.ms\/b\/s!Aq89_lKaLqHliHV5TBvKqTYONYGl<\/a><\/b><\/p>\n<p><b>07\/mar\u00e7o\/2017 \u2013 Orienta\u00e7\u00e3o gabinete per\u00edodo da manh\u00e3 (a partir das 9:30)<\/b><b>\u00a0<\/b><\/p>\n<p><b>09\/mar\u00e7o\/2017 \u2013 Prazo final para entrega da AF<\/b><\/p>\n<p style=\"text-align: center\"><strong>***<\/strong><\/p>\n<p><strong>&#8211; Disciplina: T\u00e9cnicas Retrospectivas (AU 2015)<\/strong><br \/>\n<strong>Texto para aula 09\/11 :<\/strong> Alternativas contempor\u00e2neas para pol\u00edticas de preserva\u00e7\u00e3o &#8211; Leonardo Castriota<\/p>\n<p>Link para baixar: <a href=\"https:\/\/1drv.ms\/f\/s!Aq89_lKaLqHliGoydbZuDw9pB-7r\">https:\/\/1drv.ms\/f\/s!Aq89_lKaLqHliGoydbZuDw9pB-7r<\/a><\/p>\n<p><strong>Discuss\u00e3o do texto e Trabalho &#8220;Identifica\u00e7\u00e3o do patrim\u00f4nio cultural do Amap\u00e1&#8221; &#8211;<\/strong> 23 de novembro<\/p>\n<p>&gt;&gt; Material da aula se encontra dispon\u00edvel no email da AU2015<\/p>\n<p><strong>Reposi\u00e7\u00e3o do dia 16 de nov no dia 25 (SEXTA)<\/strong><\/p>\n<p><strong>Texto para aula do dia 07\/12 :\u00a0<\/strong><\/p>\n<p><strong>\u00a0Carta de Atenas 1931-<\/strong><a href=\"http:\/\/portal.iphan.gov.br\/uploads\/ckfinder\/arquivos\/Carta%20de%20Atenas%201931.pdf\">\u00a0http:\/\/portal.iphan.gov.br\/uploads\/ckfinder\/arquivos\/Carta%20de%20Atenas%201931.pdf<\/a><\/p>\n<p><strong>Carta de Veneza 1964-<\/strong><a href=\"http:\/\/portal.iphan.gov.br\/uploads\/ckfinder\/arquivos\/Carta%20de%20Veneza%201964.pdf\">\u00a0http:\/\/portal.iphan.gov.br\/uploads\/ckfinder\/arquivos\/Carta%20de%20Veneza%201964.pdf\u00a0<\/a><\/p>\n<p><strong>12\/jan\/2017\u00a0\u00a0<\/strong><strong>AVISO :<\/strong> ao final das aulas de t\u00e9cnicas retrospectivas, haver\u00e1 orienta\u00e7\u00e3o de trabalhos com as equipes.<\/p>\n<p><strong>13\/jan\/2017 :<\/strong> Sum\u00e1rio guia para AF<\/p>\n<p><strong>LINK SUM\u00c1RIO<\/strong> &#8211; <a href=\"https:\/\/1drv.ms\/b\/s!Aq89_lKaLqHliG4ydbZuDw9pB-7r\">https:\/\/1drv.ms\/b\/s!Aq89_lKaLqHliG4ydbZuDw9pB-7r\u00a0<\/a><\/p>\n<p><strong>14\/jan\/2017 : Avalia\u00e7\u00e3o Parcial 1 (AP1) \u00a0&#8211;\u00a0<\/strong><a href=\"https:\/\/1drv.ms\/b\/s!Aq89_lKaLqHliG8ydbZuDw9pB-7r\">https:\/\/1drv.ms\/b\/s!Aq89_lKaLqHliG8ydbZuDw9pB-7r<\/a><\/p>\n<p><strong>Material de apoio para AP1:\u00a0<\/strong><\/p>\n<p><strong>&#8211; Carta de Burra (1980) :<\/strong> <a href=\"http:\/\/portal.iphan.gov.br\/uploads\/ckfinder\/arquivos\/Carta%20de%20Burra%201980.pdf\">http:\/\/portal.iphan.gov.br\/uploads\/ckfinder\/arquivos\/Carta%20de%20Burra%201980.pdf\u00a0<\/a><\/p>\n<p><strong>&#8211; Conven\u00e7\u00e3o para Salvaguarda do Patrim\u00f4nio Cultural Imaterial (2003):<\/strong>\u00a0\u00a0 \u00a0<a href=\"http:\/\/unesdoc.unesco.org\/images\/0013\/001325\/132540por.pdf\">http:\/\/unesdoc.unesco.org\/images\/0013\/001325\/132540por.pdf<\/a><\/p>\n<p><strong>27\/jan\/2017 :<\/strong> Roteiro de identifica\u00e7\u00e3o de danos (para danos n\u00e3o existentes criar legenda)\u00a0:\u00a0<a href=\"https:\/\/1drv.ms\/b\/s!Aq89_lKaLqHliHAydbZuDw9pB-7r\">https:\/\/1drv.ms\/b\/s!Aq89_lKaLqHliHAydbZuDw9pB-7r<\/a><\/p>\n<p>&#8211; Modelo da ficha de levantamento fotogr\u00e1fico (adaptar ao trabalho) &#8211;<strong> levar modelo (digitalizado para altera\u00e7\u00e3o) para aula do dia 01\/02\/2017<\/strong>\u00a0para exerc\u00edcio em sala :\u00a0<a href=\"https:\/\/1drv.ms\/i\/s!Aq89_lKaLqHliHEzLD9inJd3DsrI\">https:\/\/1drv.ms\/i\/s!Aq89_lKaLqHliHEzLD9inJd3DsrI<\/a><\/p>\n<p><strong>04\/fev\/2017 :<\/strong> Modelo de Ficha de Danos &#8211;<a href=\"https:\/\/1drv.ms\/x\/s!Aq89_lKaLqHliHJn-JzwKpSHkNpl\">\u00a0https:\/\/1drv.ms\/x\/s!Aq89_lKaLqHliHJn-JzwKpSHkNpl<\/a><\/p>\n<p><strong>08\/fev\/2017: SEMIN\u00c1RIO AP3 DIA 15\/fev\/2017<\/strong><\/p>\n<p><strong>04\/mar\/2017: PRAZO FINAL DE NETRGA DA AF (EQUIPES PROFA. DINAH) &#8211; 09\/03\/2017 (A PARTIR DAS 10:00 NO GABINETE)<\/strong><\/p>\n<p>________________________________________________________________________________________<\/p>\n<p><strong>Semestre: 2016.1<\/strong><\/p>\n<p><strong>&#8211; Projeto V (AU2014)<\/strong><\/p>\n<p><strong>*Textos para aula : 20\/07\/2016\u00a0<\/strong><\/p>\n<p>1- Em busca do tempo perdido: o\u00a0Renascimento dos Centros Urbanos &#8211;\u00a0Vicente del Rio<\/p>\n<p>Dispon\u00edvel em: \u00a0<a href=\"http:\/\/www.vitruvius.com.br\/revistas\/read\/arquitextos\/01.006\/963\">http:\/\/www.vitruvius.com.br\/revistas\/read\/arquitextos\/01.006\/963<\/a><\/p>\n<p>2- Velha-nova Pinacoteca: de espa\u00e7o a lugar &#8211; F\u00e1bio M\u00fcller<\/p>\n<p>Dispon\u00edvel em: <a href=\"http:\/\/www.vitruvius.com.br\/revistas\/read\/arquitextos\/01.007\/951\">http:\/\/www.vitruvius.com.br\/revistas\/read\/arquitextos\/01.007\/951<\/a><\/p>\n<p><strong>-Est\u00e9tica e Hist\u00f3ria da Arte (AU2016)<\/strong><\/p>\n<p><strong>AP2 &#8211; Prova: 22\/07\/2016\u00a0<\/strong><\/p>\n<p><strong>In\u00edcio: 14:00h<\/strong><\/p>\n<p><strong>AF &#8211; parte 1 : Semin\u00e1rios<\/strong><\/p>\n<p><strong>Orienta\u00e7\u00f5es no email<\/strong><\/p>\n<p><strong>Apresenta\u00e7\u00f5es: \u00a022\/08\/2016 e 26\/08\/2016<\/strong><\/p>\n","protected":false},"excerpt":{"rendered":"<p>Material para Estudos e Avisos Semestre: 2022. 1 &#8211; Disciplina: Projeto V (AU2020)\u00a0 \u00a0MATERIAL PARA AULA DO DIA: 23\/set\/2022 1-\u00a0\u00a0Velha-nova Pinacoteca: de espa\u00e7o a lugar \u2013 F\u00e1bio M\u00fcller Dispon\u00edvel em:\u00a0http:\/\/www.vitruvius.com.br\/revistas\/read\/arquitextos\/01.007\/951 2-\u00a0O que h\u00e1 por tr\u00e1s da a\u00e7\u00e3o higienista na &#8220;Cracol\u00e2ndia&#8221;?&hellip; <\/p>\n<p><a href=\"http:\/\/www2.unifap.br\/dinahtutyia\/disciplinas\/\" class=\"readmore-button\">Continue Reading<\/a><\/p>\n","protected":false},"author":912,"featured_media":0,"parent":0,"menu_order":3,"comment_status":"open","ping_status":"open","template":"","meta":{"inline_featured_image":false,"ngg_post_thumbnail":0,"footnotes":""},"class_list":["post-24","page","type-page","status-publish","hentry"],"_links":{"self":[{"href":"http:\/\/www2.unifap.br\/dinahtutyia\/wp-json\/wp\/v2\/pages\/24","targetHints":{"allow":["GET"]}}],"collection":[{"href":"http:\/\/www2.unifap.br\/dinahtutyia\/wp-json\/wp\/v2\/pages"}],"about":[{"href":"http:\/\/www2.unifap.br\/dinahtutyia\/wp-json\/wp\/v2\/types\/page"}],"author":[{"embeddable":true,"href":"http:\/\/www2.unifap.br\/dinahtutyia\/wp-json\/wp\/v2\/users\/912"}],"replies":[{"embeddable":true,"href":"http:\/\/www2.unifap.br\/dinahtutyia\/wp-json\/wp\/v2\/comments?post=24"}],"version-history":[{"count":50,"href":"http:\/\/www2.unifap.br\/dinahtutyia\/wp-json\/wp\/v2\/pages\/24\/revisions"}],"predecessor-version":[{"id":273,"href":"http:\/\/www2.unifap.br\/dinahtutyia\/wp-json\/wp\/v2\/pages\/24\/revisions\/273"}],"wp:attachment":[{"href":"http:\/\/www2.unifap.br\/dinahtutyia\/wp-json\/wp\/v2\/media?parent=24"}],"curies":[{"name":"wp","href":"https:\/\/api.w.org\/{rel}","templated":true}]}}