{"id":241,"date":"2020-08-20T17:18:33","date_gmt":"2020-08-20T17:18:33","guid":{"rendered":"http:\/\/www2.unifap.br\/dinahtutyia\/?page_id=241"},"modified":"2020-08-20T17:22:35","modified_gmt":"2020-08-20T17:22:35","slug":"241-2","status":"publish","type":"page","link":"http:\/\/www2.unifap.br\/dinahtutyia\/projeto-de-pesquisa\/241-2\/","title":{"rendered":"Arquiteturas em busca de enquadramento: etnografando mem\u00f3rias e esquecimentos na Amaz\u00f4nia"},"content":{"rendered":"<p style=\"text-align: center\"><strong>T\u00cdTULO DO PROJETO: Arquiteturas em busca de enquadramento: etnografando mem\u00f3rias e esquecimentos na Amaz\u00f4nia<\/strong><\/p>\n<p>20 de agosto 2020<\/p>\n<p>UNIDADE EXECUTORA: Faculdade de Arquitetura e Urbanismo\/Laborat\u00f3rio de Mem\u00f3ria e Patrim\u00f4nio (UFPA)<\/p>\n<p>INSTITUI\u00c7\u00d5ES PARTICIPANTES Universidade Federal do Amap\u00e1 (UNIFAP)<\/p>\n<p>As Arquiteturas do s\u00e9culo XX em Bel\u00e9m e em Macap\u00e1 oferecem um panorama rico e diversificado, ainda inexplorado em suas conex\u00f5es entre si e em seus enquadramentos no presente. Partindo de estudos desenvolvidos por pesquisadores associados ao grupo Arquitetura, mem\u00f3ria e Etnografia (AME), se exploram os potenciais da etnografia como m\u00e9todo de compreens\u00e3o da Arquitetura, visando nesta investiga\u00e7\u00e3o estabelecer nexos sincr\u00f4nicos e diacr\u00f4nicos entre os exemplares entendidos em suas configura\u00e7\u00f5es morfol\u00f3gicas e est\u00e9ticas, e da apreens\u00e3o da mem\u00f3ria de moradores das cidades. A leitura das perman\u00eancias e apagamentos destes objetos na paisagem das capitais nos permitir\u00e1 compreender o car\u00e1ter de sobreviv\u00eancia ou de imperman\u00eancia destas arquiteturas enquanto parte da din\u00e2mica cultural amaz\u00f4nica.<\/p>\n<p><strong>INTEGRANTES:<\/strong><\/p>\n<p>Coordenadora: Cybelle Salvador Miranda\u00a0 UFPA\/ITEC\/FAU<\/p>\n<p>Renata de Godoy UFPA\/IFCH<\/p>\n<p>Dinah Reiko Tutyia\u00a0 Mestre UNIFAP\/PPHIST<\/p>\n<p>Laura Caroline de Carvalho da Costa PPGAU\/IFPA<\/p>\n<p>Wagner Jos\u00e9 Ferreira da Costa discente Mestre PPGAU\/UFPA<\/p>\n<p>Beatriz Martins Maneschy PPGAU\/UFPA<\/p>\n<p>Sidney Pery da Silva Costa Filho UFPA\/PPGAU<\/p>\n<p>&nbsp;<\/p>\n","protected":false},"excerpt":{"rendered":"<p>T\u00cdTULO DO PROJETO: Arquiteturas em busca de enquadramento: etnografando mem\u00f3rias e esquecimentos na Amaz\u00f4nia 20 de agosto 2020 UNIDADE EXECUTORA: Faculdade de Arquitetura e Urbanismo\/Laborat\u00f3rio de Mem\u00f3ria e Patrim\u00f4nio (UFPA) INSTITUI\u00c7\u00d5ES PARTICIPANTES Universidade Federal do Amap\u00e1 (UNIFAP) As Arquiteturas do&hellip; <\/p>\n<p><a href=\"http:\/\/www2.unifap.br\/dinahtutyia\/projeto-de-pesquisa\/241-2\/\" class=\"readmore-button\">Continue Reading<\/a><\/p>\n","protected":false},"author":912,"featured_media":0,"parent":22,"menu_order":0,"comment_status":"closed","ping_status":"closed","template":"","meta":{"inline_featured_image":false,"ngg_post_thumbnail":0,"footnotes":""},"class_list":["post-241","page","type-page","status-publish","hentry"],"_links":{"self":[{"href":"http:\/\/www2.unifap.br\/dinahtutyia\/wp-json\/wp\/v2\/pages\/241","targetHints":{"allow":["GET"]}}],"collection":[{"href":"http:\/\/www2.unifap.br\/dinahtutyia\/wp-json\/wp\/v2\/pages"}],"about":[{"href":"http:\/\/www2.unifap.br\/dinahtutyia\/wp-json\/wp\/v2\/types\/page"}],"author":[{"embeddable":true,"href":"http:\/\/www2.unifap.br\/dinahtutyia\/wp-json\/wp\/v2\/users\/912"}],"replies":[{"embeddable":true,"href":"http:\/\/www2.unifap.br\/dinahtutyia\/wp-json\/wp\/v2\/comments?post=241"}],"version-history":[{"count":4,"href":"http:\/\/www2.unifap.br\/dinahtutyia\/wp-json\/wp\/v2\/pages\/241\/revisions"}],"predecessor-version":[{"id":245,"href":"http:\/\/www2.unifap.br\/dinahtutyia\/wp-json\/wp\/v2\/pages\/241\/revisions\/245"}],"up":[{"embeddable":true,"href":"http:\/\/www2.unifap.br\/dinahtutyia\/wp-json\/wp\/v2\/pages\/22"}],"wp:attachment":[{"href":"http:\/\/www2.unifap.br\/dinahtutyia\/wp-json\/wp\/v2\/media?parent=241"}],"curies":[{"name":"wp","href":"https:\/\/api.w.org\/{rel}","templated":true}]}}