{"id":26,"date":"2016-07-15T11:29:31","date_gmt":"2016-07-15T11:29:31","guid":{"rendered":"http:\/\/www2.unifap.br\/dinahtutyia\/?page_id=26"},"modified":"2020-09-28T20:45:05","modified_gmt":"2020-09-28T20:45:05","slug":"mural","status":"publish","type":"page","link":"http:\/\/www2.unifap.br\/dinahtutyia\/mural\/","title":{"rendered":"Mural"},"content":{"rendered":"<p><strong>23 de setembro de 2020<\/strong><\/p>\n<p>Grupo de pesquisa <strong>Arquitetura, Mem\u00f3ria e Etnografia (AME)<\/strong>, atrav\u00e9s das professoras Ma. Dinah Tutyia (UNIFAP) e Dra. Cybelle Salvador Miranda (UPFA),\u00a0 participou do <em>webn\u00e1rio<\/em> Conex\u00f5es GPCAS, com a mesa &#8220;Arquiteturas em busca de enquadramentos em Bel\u00e9m e Macap\u00e1&#8221;, a media\u00e7\u00e3o foi feita pelo professor Dr. Luis Fernando Novoa Garzon da Universidade Federal do Rond\u00f4nia.<\/p>\n<p>O <strong>Grupo de Pesquisa Cidades Amaz\u00f4nicas: sustentabilidade e inova\u00e7\u00e3o tecnol\u00f3gica (GPCAS)<\/strong>\u00a0 \u00e9 coordenado pela professora Dra. Carolina Hollanda da Universidade Federal do Rond\u00f4nia (UNIR).<\/p>\n<p>Link:\u00a0<a href=\"https:\/\/www.youtube.com\/watch?v=vIzQfyYM2iU\">https:\/\/www.youtube.com\/watch?v=vIzQfyYM2iU<\/a><\/p>\n<p>&nbsp;<\/p>\n<p><a href=\"http:\/\/www2.unifap.br\/dinahtutyia\/files\/2020\/09\/Captura-de-Tela-2020-09-23-a\u0300s-20.02.37.png\"><img fetchpriority=\"high\" decoding=\"async\" class=\" wp-image-248 aligncenter\" src=\"http:\/\/www2.unifap.br\/dinahtutyia\/files\/2020\/09\/Captura-de-Tela-2020-09-23-a\u0300s-20.02.37-300x159.png\" alt=\"\" width=\"358\" height=\"190\" srcset=\"http:\/\/www2.unifap.br\/dinahtutyia\/files\/2020\/09\/Captura-de-Tela-2020-09-23-a\u0300s-20.02.37-300x159.png 300w, http:\/\/www2.unifap.br\/dinahtutyia\/files\/2020\/09\/Captura-de-Tela-2020-09-23-a\u0300s-20.02.37-1024x541.png 1024w, http:\/\/www2.unifap.br\/dinahtutyia\/files\/2020\/09\/Captura-de-Tela-2020-09-23-a\u0300s-20.02.37-768x406.png 768w, http:\/\/www2.unifap.br\/dinahtutyia\/files\/2020\/09\/Captura-de-Tela-2020-09-23-a\u0300s-20.02.37.png 1322w\" sizes=\"(max-width: 358px) 100vw, 358px\" \/><\/a><\/p>\n<p>&nbsp;<\/p>\n<p><a href=\"http:\/\/www2.unifap.br\/dinahtutyia\/files\/2020\/09\/GPCAS-3.jpg\"><img decoding=\"async\" class=\" wp-image-249 aligncenter\" src=\"http:\/\/www2.unifap.br\/dinahtutyia\/files\/2020\/09\/GPCAS-3-300x300.jpg\" alt=\"\" width=\"370\" height=\"370\" srcset=\"http:\/\/www2.unifap.br\/dinahtutyia\/files\/2020\/09\/GPCAS-3-300x300.jpg 300w, http:\/\/www2.unifap.br\/dinahtutyia\/files\/2020\/09\/GPCAS-3-1024x1024.jpg 1024w, http:\/\/www2.unifap.br\/dinahtutyia\/files\/2020\/09\/GPCAS-3-150x150.jpg 150w, http:\/\/www2.unifap.br\/dinahtutyia\/files\/2020\/09\/GPCAS-3-768x768.jpg 768w, http:\/\/www2.unifap.br\/dinahtutyia\/files\/2020\/09\/GPCAS-3-70x70.jpg 70w, http:\/\/www2.unifap.br\/dinahtutyia\/files\/2020\/09\/GPCAS-3.jpg 1080w\" sizes=\"(max-width: 370px) 100vw, 370px\" \/><\/a><\/p>\n<p>&nbsp;<\/p>\n<p>&nbsp;<\/p>\n<p><strong>4 de Mar\u00e7o de 2017<\/strong><\/p>\n<p><strong>Projeto de Pesquisa &#8220;Elabora\u00e7\u00e3o de Modelos 3D e Cartilhas para Ferramenta Did\u00e1tica para Estudo da Tecnologia Construtiva aliada \u00e0 Hist\u00f3ria da Arquitetura Brasileira&#8221;, em fase de registro no DPQ, tem como objetivo a cria\u00e7\u00e3o de maquete eletr\u00f4nica &#8211; e v\u00eddeo anima\u00e7\u00e3o &#8211; e cartilhas \u00a0para auxiliar o entendimento do sistema construtivos de algumas tipologias arquitet\u00f4nicas da arquitetura brasileira. O projeto de pesquisa tem como coordenadora e autora a prof. Dinah Tutyia (Arquitetura e Urbanismo\/UNIFAP) e autor e colaborador F\u00e1bio Ara\u00fajo (Eng. Civil\/UNIFAP), conta com a participa\u00e7\u00e3o dos discentes : Kevin Cordeiro\u00a0(Arquitetura e Urbanismo\/UNIFAP), Isabela Santos (Eng. Civil\/UNIFAP), \u00a0Ingrid Trindade\u00a0(Eng. Civil\/UNIFAP).<\/strong><\/p>\n<p>Foto: M\u00e1rcio Ayres<\/p>\n<p><a href=\"http:\/\/www2.unifap.br\/dinahtutyia\/files\/2016\/07\/WhatsApp-Image-2017-02-22-at-5.51.30-PM.jpeg\"><img decoding=\"async\" class=\"size-medium wp-image-179 aligncenter\" src=\"http:\/\/www2.unifap.br\/dinahtutyia\/files\/2016\/07\/WhatsApp-Image-2017-02-22-at-5.51.30-PM-300x225.jpeg\" alt=\"WhatsApp Image 2017-02-22 at 5.51.30 PM\" width=\"300\" height=\"225\" srcset=\"http:\/\/www2.unifap.br\/dinahtutyia\/files\/2016\/07\/WhatsApp-Image-2017-02-22-at-5.51.30-PM-300x225.jpeg 300w, http:\/\/www2.unifap.br\/dinahtutyia\/files\/2016\/07\/WhatsApp-Image-2017-02-22-at-5.51.30-PM-1024x768.jpeg 1024w, http:\/\/www2.unifap.br\/dinahtutyia\/files\/2016\/07\/WhatsApp-Image-2017-02-22-at-5.51.30-PM.jpeg 1032w\" sizes=\"(max-width: 300px) 100vw, 300px\" \/><\/a><\/p>\n<p>&nbsp;<\/p>\n<p><strong>22 de Fevereiro de 2017<\/strong><\/p>\n<p><strong>Equipe do Projeto de Extens\u00e3o &#8220;Proposta de Restauro e Reuso do Casar\u00e3o Ana Ayres&#8221; realizou hoje, 22 de fevereiro de 2017, mais uma etapa de levantamento. Agora contamos com a colabora\u00e7\u00e3o do professor F\u00e1bio Ara\u00fajo do Curso de Engenharia Civil da UNIFAP, assim como duas volunt\u00e1rias Isabela Santos e Ingrid Trindade discentes de Engenharia Civil\/UNIFAP.\u00a0<\/strong><\/p>\n<p>Foto: M\u00e1rcio Ayres e Joseane Calazans<\/p>\n<p><img loading=\"lazy\" decoding=\"async\" class=\"size-medium wp-image-178 aligncenter\" src=\"http:\/\/www2.unifap.br\/dinahtutyia\/files\/2016\/07\/WhatsApp-Image-2017-02-22-at-5.51.38-PM-300x225.jpeg\" alt=\"WhatsApp Image 2017-02-22 at 5.51.38 PM\" width=\"300\" height=\"225\" srcset=\"http:\/\/www2.unifap.br\/dinahtutyia\/files\/2016\/07\/WhatsApp-Image-2017-02-22-at-5.51.38-PM-300x225.jpeg 300w, http:\/\/www2.unifap.br\/dinahtutyia\/files\/2016\/07\/WhatsApp-Image-2017-02-22-at-5.51.38-PM-1024x768.jpeg 1024w, http:\/\/www2.unifap.br\/dinahtutyia\/files\/2016\/07\/WhatsApp-Image-2017-02-22-at-5.51.38-PM.jpeg 1280w\" sizes=\"(max-width: 300px) 100vw, 300px\" \/><br \/>\n<a href=\"http:\/\/www2.unifap.br\/dinahtutyia\/files\/2016\/07\/WhatsApp-Image-2017-02-22-at-9.47.22-PM.jpeg\"><br \/>\n<img loading=\"lazy\" decoding=\"async\" class=\"size-medium wp-image-163 aligncenter\" src=\"http:\/\/www2.unifap.br\/dinahtutyia\/files\/2016\/07\/WhatsApp-Image-2017-02-22-at-9.47.22-PM-300x180.jpeg\" alt=\"WhatsApp Image 2017-02-22 at 9.47.22 PM\" width=\"300\" height=\"180\" srcset=\"http:\/\/www2.unifap.br\/dinahtutyia\/files\/2016\/07\/WhatsApp-Image-2017-02-22-at-9.47.22-PM-300x180.jpeg 300w, http:\/\/www2.unifap.br\/dinahtutyia\/files\/2016\/07\/WhatsApp-Image-2017-02-22-at-9.47.22-PM-1024x614.jpeg 1024w, http:\/\/www2.unifap.br\/dinahtutyia\/files\/2016\/07\/WhatsApp-Image-2017-02-22-at-9.47.22-PM.jpeg 1280w\" sizes=\"(max-width: 300px) 100vw, 300px\" \/><\/a><\/p>\n<p>&nbsp;<\/p>\n<p>&nbsp;<\/p>\n<p><a href=\"http:\/\/www2.unifap.br\/dinahtutyia\/files\/2016\/07\/WhatsApp-Image-2017-02-22-at-9.47.17-PM.jpeg\"><img loading=\"lazy\" decoding=\"async\" class=\"size-medium wp-image-165 aligncenter\" src=\"http:\/\/www2.unifap.br\/dinahtutyia\/files\/2016\/07\/WhatsApp-Image-2017-02-22-at-9.47.17-PM-300x180.jpeg\" alt=\"WhatsApp Image 2017-02-22 at 9.47.17 PM\" width=\"300\" height=\"180\" srcset=\"http:\/\/www2.unifap.br\/dinahtutyia\/files\/2016\/07\/WhatsApp-Image-2017-02-22-at-9.47.17-PM-300x180.jpeg 300w, http:\/\/www2.unifap.br\/dinahtutyia\/files\/2016\/07\/WhatsApp-Image-2017-02-22-at-9.47.17-PM-1024x614.jpeg 1024w, http:\/\/www2.unifap.br\/dinahtutyia\/files\/2016\/07\/WhatsApp-Image-2017-02-22-at-9.47.17-PM.jpeg 1280w\" sizes=\"(max-width: 300px) 100vw, 300px\" \/><\/a><\/p>\n<p>&nbsp;<\/p>\n<p><a href=\"http:\/\/www2.unifap.br\/dinahtutyia\/files\/2016\/07\/WhatsApp-Image-2017-02-22-at-9.47.16-PM.jpeg\"><img loading=\"lazy\" decoding=\"async\" class=\"size-medium wp-image-166 aligncenter\" src=\"http:\/\/www2.unifap.br\/dinahtutyia\/files\/2016\/07\/WhatsApp-Image-2017-02-22-at-9.47.16-PM-180x300.jpeg\" alt=\"WhatsApp Image 2017-02-22 at 9.47.16 PM\" width=\"180\" height=\"300\" srcset=\"http:\/\/www2.unifap.br\/dinahtutyia\/files\/2016\/07\/WhatsApp-Image-2017-02-22-at-9.47.16-PM-180x300.jpeg 180w, http:\/\/www2.unifap.br\/dinahtutyia\/files\/2016\/07\/WhatsApp-Image-2017-02-22-at-9.47.16-PM-614x1024.jpeg 614w, http:\/\/www2.unifap.br\/dinahtutyia\/files\/2016\/07\/WhatsApp-Image-2017-02-22-at-9.47.16-PM.jpeg 768w\" sizes=\"(max-width: 180px) 100vw, 180px\" \/><\/a><\/p>\n<p><a href=\"http:\/\/www2.unifap.br\/dinahtutyia\/files\/2016\/07\/WhatsApp-Image-2017-02-22-at-9.47.15-PM.jpeg\"><img loading=\"lazy\" decoding=\"async\" class=\"size-medium wp-image-167 aligncenter\" src=\"http:\/\/www2.unifap.br\/dinahtutyia\/files\/2016\/07\/WhatsApp-Image-2017-02-22-at-9.47.15-PM-300x180.jpeg\" alt=\"WhatsApp Image 2017-02-22 at 9.47.15 PM\" width=\"300\" height=\"180\" srcset=\"http:\/\/www2.unifap.br\/dinahtutyia\/files\/2016\/07\/WhatsApp-Image-2017-02-22-at-9.47.15-PM-300x180.jpeg 300w, http:\/\/www2.unifap.br\/dinahtutyia\/files\/2016\/07\/WhatsApp-Image-2017-02-22-at-9.47.15-PM-1024x614.jpeg 1024w, http:\/\/www2.unifap.br\/dinahtutyia\/files\/2016\/07\/WhatsApp-Image-2017-02-22-at-9.47.15-PM.jpeg 1280w\" sizes=\"(max-width: 300px) 100vw, 300px\" \/><\/a><\/p>\n<p><a href=\"http:\/\/www2.unifap.br\/dinahtutyia\/files\/2016\/07\/WhatsApp-Image-2017-02-22-at-9.47.09-PM.jpeg\"><img loading=\"lazy\" decoding=\"async\" class=\"size-medium wp-image-168 aligncenter\" src=\"http:\/\/www2.unifap.br\/dinahtutyia\/files\/2016\/07\/WhatsApp-Image-2017-02-22-at-9.47.09-PM-300x180.jpeg\" alt=\"WhatsApp Image 2017-02-22 at 9.47.09 PM\" width=\"300\" height=\"180\" srcset=\"http:\/\/www2.unifap.br\/dinahtutyia\/files\/2016\/07\/WhatsApp-Image-2017-02-22-at-9.47.09-PM-300x180.jpeg 300w, http:\/\/www2.unifap.br\/dinahtutyia\/files\/2016\/07\/WhatsApp-Image-2017-02-22-at-9.47.09-PM-1024x614.jpeg 1024w, http:\/\/www2.unifap.br\/dinahtutyia\/files\/2016\/07\/WhatsApp-Image-2017-02-22-at-9.47.09-PM.jpeg 1280w\" sizes=\"(max-width: 300px) 100vw, 300px\" \/><\/a><\/p>\n<p>&nbsp;<\/p>\n<p><a href=\"http:\/\/www2.unifap.br\/dinahtutyia\/files\/2016\/07\/WhatsApp-Image-2017-02-22-at-9.47.05-PM.jpeg\"><img loading=\"lazy\" decoding=\"async\" class=\"size-medium wp-image-169 aligncenter\" src=\"http:\/\/www2.unifap.br\/dinahtutyia\/files\/2016\/07\/WhatsApp-Image-2017-02-22-at-9.47.05-PM-180x300.jpeg\" alt=\"WhatsApp Image 2017-02-22 at 9.47.05 PM\" width=\"180\" height=\"300\" srcset=\"http:\/\/www2.unifap.br\/dinahtutyia\/files\/2016\/07\/WhatsApp-Image-2017-02-22-at-9.47.05-PM-180x300.jpeg 180w, http:\/\/www2.unifap.br\/dinahtutyia\/files\/2016\/07\/WhatsApp-Image-2017-02-22-at-9.47.05-PM-614x1024.jpeg 614w, http:\/\/www2.unifap.br\/dinahtutyia\/files\/2016\/07\/WhatsApp-Image-2017-02-22-at-9.47.05-PM.jpeg 768w\" sizes=\"(max-width: 180px) 100vw, 180px\" \/><\/a><\/p>\n<p>&nbsp;<\/p>\n<p><a href=\"http:\/\/www2.unifap.br\/dinahtutyia\/files\/2016\/07\/WhatsApp-Image-2017-02-22-at-9.44.57-PM.jpeg\"><img loading=\"lazy\" decoding=\"async\" class=\"size-medium wp-image-170 aligncenter\" src=\"http:\/\/www2.unifap.br\/dinahtutyia\/files\/2016\/07\/WhatsApp-Image-2017-02-22-at-9.44.57-PM-180x300.jpeg\" alt=\"WhatsApp Image 2017-02-22 at 9.44.57 PM\" width=\"180\" height=\"300\" srcset=\"http:\/\/www2.unifap.br\/dinahtutyia\/files\/2016\/07\/WhatsApp-Image-2017-02-22-at-9.44.57-PM-180x300.jpeg 180w, http:\/\/www2.unifap.br\/dinahtutyia\/files\/2016\/07\/WhatsApp-Image-2017-02-22-at-9.44.57-PM-614x1024.jpeg 614w, http:\/\/www2.unifap.br\/dinahtutyia\/files\/2016\/07\/WhatsApp-Image-2017-02-22-at-9.44.57-PM.jpeg 768w\" sizes=\"(max-width: 180px) 100vw, 180px\" \/><\/a><\/p>\n<p>&nbsp;<\/p>\n<p><a href=\"http:\/\/www2.unifap.br\/dinahtutyia\/files\/2016\/07\/WhatsApp-Image-2017-02-22-at-9.44.57-PM-1.jpeg\"><img loading=\"lazy\" decoding=\"async\" class=\"size-medium wp-image-171 aligncenter\" src=\"http:\/\/www2.unifap.br\/dinahtutyia\/files\/2016\/07\/WhatsApp-Image-2017-02-22-at-9.44.57-PM-1-300x180.jpeg\" alt=\"WhatsApp Image 2017-02-22 at 9.44.57 PM (1)\" width=\"300\" height=\"180\" srcset=\"http:\/\/www2.unifap.br\/dinahtutyia\/files\/2016\/07\/WhatsApp-Image-2017-02-22-at-9.44.57-PM-1-300x180.jpeg 300w, http:\/\/www2.unifap.br\/dinahtutyia\/files\/2016\/07\/WhatsApp-Image-2017-02-22-at-9.44.57-PM-1-1024x614.jpeg 1024w, http:\/\/www2.unifap.br\/dinahtutyia\/files\/2016\/07\/WhatsApp-Image-2017-02-22-at-9.44.57-PM-1.jpeg 1280w\" sizes=\"(max-width: 300px) 100vw, 300px\" \/><\/a><\/p>\n<p>&nbsp;<\/p>\n<p><a href=\"http:\/\/www2.unifap.br\/dinahtutyia\/files\/2016\/07\/WhatsApp-Image-2017-02-22-at-9.44.56-PM.jpeg\"><img loading=\"lazy\" decoding=\"async\" class=\"size-medium wp-image-172 aligncenter\" src=\"http:\/\/www2.unifap.br\/dinahtutyia\/files\/2016\/07\/WhatsApp-Image-2017-02-22-at-9.44.56-PM-183x300.jpeg\" alt=\"WhatsApp Image 2017-02-22 at 9.44.56 PM\" width=\"183\" height=\"300\" srcset=\"http:\/\/www2.unifap.br\/dinahtutyia\/files\/2016\/07\/WhatsApp-Image-2017-02-22-at-9.44.56-PM-183x300.jpeg 183w, http:\/\/www2.unifap.br\/dinahtutyia\/files\/2016\/07\/WhatsApp-Image-2017-02-22-at-9.44.56-PM-625x1024.jpeg 625w, http:\/\/www2.unifap.br\/dinahtutyia\/files\/2016\/07\/WhatsApp-Image-2017-02-22-at-9.44.56-PM.jpeg 678w\" sizes=\"(max-width: 183px) 100vw, 183px\" \/><\/a><\/p>\n<p>&nbsp;<\/p>\n<p><a href=\"http:\/\/www2.unifap.br\/dinahtutyia\/files\/2016\/07\/WhatsApp-Image-2017-02-22-at-9.44.54-PM.jpeg\"><img loading=\"lazy\" decoding=\"async\" class=\"size-medium wp-image-173 aligncenter\" src=\"http:\/\/www2.unifap.br\/dinahtutyia\/files\/2016\/07\/WhatsApp-Image-2017-02-22-at-9.44.54-PM-180x300.jpeg\" alt=\"WhatsApp Image 2017-02-22 at 9.44.54 PM\" width=\"180\" height=\"300\" srcset=\"http:\/\/www2.unifap.br\/dinahtutyia\/files\/2016\/07\/WhatsApp-Image-2017-02-22-at-9.44.54-PM-180x300.jpeg 180w, http:\/\/www2.unifap.br\/dinahtutyia\/files\/2016\/07\/WhatsApp-Image-2017-02-22-at-9.44.54-PM-614x1024.jpeg 614w, http:\/\/www2.unifap.br\/dinahtutyia\/files\/2016\/07\/WhatsApp-Image-2017-02-22-at-9.44.54-PM.jpeg 768w\" sizes=\"(max-width: 180px) 100vw, 180px\" \/><\/a><\/p>\n<p>&nbsp;<\/p>\n<p>&nbsp;<\/p>\n<p><a href=\"http:\/\/www2.unifap.br\/dinahtutyia\/files\/2016\/07\/WhatsApp-Image-2017-02-22-at-9.44.38-PM.jpeg\"><img loading=\"lazy\" decoding=\"async\" class=\"size-medium wp-image-176 aligncenter\" src=\"http:\/\/www2.unifap.br\/dinahtutyia\/files\/2016\/07\/WhatsApp-Image-2017-02-22-at-9.44.38-PM-180x300.jpeg\" alt=\"WhatsApp Image 2017-02-22 at 9.44.38 PM\" width=\"180\" height=\"300\" srcset=\"http:\/\/www2.unifap.br\/dinahtutyia\/files\/2016\/07\/WhatsApp-Image-2017-02-22-at-9.44.38-PM-180x300.jpeg 180w, http:\/\/www2.unifap.br\/dinahtutyia\/files\/2016\/07\/WhatsApp-Image-2017-02-22-at-9.44.38-PM-614x1024.jpeg 614w, http:\/\/www2.unifap.br\/dinahtutyia\/files\/2016\/07\/WhatsApp-Image-2017-02-22-at-9.44.38-PM.jpeg 768w\" sizes=\"(max-width: 180px) 100vw, 180px\" \/><\/a><\/p>\n<p>&nbsp;<\/p>\n<p><a href=\"http:\/\/www2.unifap.br\/dinahtutyia\/files\/2016\/07\/WhatsApp-Image-2017-02-22-at-9.44.37-PM.jpeg\"><img loading=\"lazy\" decoding=\"async\" class=\"size-medium wp-image-177 aligncenter\" src=\"http:\/\/www2.unifap.br\/dinahtutyia\/files\/2016\/07\/WhatsApp-Image-2017-02-22-at-9.44.37-PM-300x180.jpeg\" alt=\"WhatsApp Image 2017-02-22 at 9.44.37 PM\" width=\"300\" height=\"180\" srcset=\"http:\/\/www2.unifap.br\/dinahtutyia\/files\/2016\/07\/WhatsApp-Image-2017-02-22-at-9.44.37-PM-300x180.jpeg 300w, http:\/\/www2.unifap.br\/dinahtutyia\/files\/2016\/07\/WhatsApp-Image-2017-02-22-at-9.44.37-PM-1024x614.jpeg 1024w, http:\/\/www2.unifap.br\/dinahtutyia\/files\/2016\/07\/WhatsApp-Image-2017-02-22-at-9.44.37-PM.jpeg 1280w\" sizes=\"(max-width: 300px) 100vw, 300px\" \/><\/a><\/p>\n<p>&nbsp;<\/p>\n<p>&nbsp;<\/p>\n<p><strong>12 de Janeiro de 2017<\/strong><\/p>\n<p><strong>O projeto de extens\u00e3o\u00a0&#8220;Proposta de restauro e reuso para Casa Ana Ayres&#8221;, iniciar\u00e1 em janeiro de 2017 a etapa dos estudos da taipa coletada na edifica\u00e7\u00e3o. A an\u00e1lise do material ser\u00e1 realizada pelo Laborat\u00f3rio de Mem\u00f3ria e patrim\u00f4nio Cultural da Faculdade de Arquitetura e Urbanismo da Universidade Federal do Par\u00e1. (LAMEMO-FAU-UFPA), coordenado pelos professores Cybelle Miranda e Ronaldo Carvalho.<\/strong><\/p>\n<p style=\"text-align: center\"><a href=\"http:\/\/www2.unifap.br\/dinahtutyia\/files\/2016\/07\/LAMEMO_UFPA.jpg\"><img loading=\"lazy\" decoding=\"async\" class=\"size-medium wp-image-124 aligncenter\" src=\"http:\/\/www2.unifap.br\/dinahtutyia\/files\/2016\/07\/LAMEMO_UFPA-300x168.jpg\" alt=\"LAMEMO_UFPA\" width=\"300\" height=\"168\" srcset=\"http:\/\/www2.unifap.br\/dinahtutyia\/files\/2016\/07\/LAMEMO_UFPA-300x168.jpg 300w, http:\/\/www2.unifap.br\/dinahtutyia\/files\/2016\/07\/LAMEMO_UFPA-1024x576.jpg 1024w\" sizes=\"(max-width: 300px) 100vw, 300px\" \/><\/a><\/p>\n<p>&nbsp;<\/p>\n<p style=\"text-align: center\">Professores Cybelle Miranda, Dinah Tutyia e Ronaldo Carvalho<\/p>\n<p style=\"text-align: center\">Foto: Bianca Almeida<\/p>\n<p>&nbsp;<\/p>\n<p><strong>25 de Novembro de 2016<\/strong><\/p>\n<p><strong>Participem! &#8220;Casar\u00e3o Ayres: patrim\u00f4nio, hist\u00f3ria e mem\u00f3ria do povo mazaganense&#8221;. As palestras ocorrer\u00e3o dia 29 de novembro na UNIFAP Marco Zero e dia 30 em Mazag\u00e3o Velho.<\/strong><br \/>\n<strong> Inscri\u00e7\u00f5es pelo email que est\u00e1 no folder.<\/strong><\/p>\n<p>&nbsp;<\/p>\n<p><a href=\"http:\/\/www2.unifap.br\/dinahtutyia\/files\/2016\/11\/Mazaga\u0303o-1.jpg\"><img loading=\"lazy\" decoding=\"async\" class=\"size-medium wp-image-112 aligncenter\" src=\"http:\/\/www2.unifap.br\/dinahtutyia\/files\/2016\/11\/Mazaga\u0303o-1-221x300.jpg\" alt=\"Mazaga\u0303o (1)\" width=\"221\" height=\"300\" srcset=\"http:\/\/www2.unifap.br\/dinahtutyia\/files\/2016\/11\/Mazaga\u0303o-1-221x300.jpg 221w, http:\/\/www2.unifap.br\/dinahtutyia\/files\/2016\/11\/Mazaga\u0303o-1-756x1024.jpg 756w\" sizes=\"(max-width: 221px) 100vw, 221px\" \/><\/a><\/p>\n<p>&nbsp;<\/p>\n<p><strong>Atividade do Projeto de Extens\u00e3o &#8220;Proposta de restauro e reuso para Casa Ana Ayres&#8221;, realizada no dia 07 de novembro de 2016, pela equipe de pesquisa (Dinah Tutyia, Raimundo Marques, Josiane Calazans, M\u00e1rcio Ayres, Salom\u00e3o Fonseca e Guilherme Alfaia) em Mazag\u00e3o Velho.<\/strong><br \/>\nFotos: M\u00e1rcio Ayres, 2016.<\/p>\n<p style=\"text-align: left\"><a href=\"http:\/\/www2.unifap.br\/dinahtutyia\/files\/2016\/07\/IMG-20161108-WA0063.jpg\"><img loading=\"lazy\" decoding=\"async\" class=\"size-medium wp-image-98 aligncenter\" src=\"http:\/\/www2.unifap.br\/dinahtutyia\/files\/2016\/07\/IMG-20161108-WA0063-300x180.jpg\" alt=\"IMG-20161108-WA0063\" width=\"300\" height=\"180\" srcset=\"http:\/\/www2.unifap.br\/dinahtutyia\/files\/2016\/07\/IMG-20161108-WA0063-300x180.jpg 300w, http:\/\/www2.unifap.br\/dinahtutyia\/files\/2016\/07\/IMG-20161108-WA0063-1024x614.jpg 1024w, http:\/\/www2.unifap.br\/dinahtutyia\/files\/2016\/07\/IMG-20161108-WA0063.jpg 1280w\" sizes=\"(max-width: 300px) 100vw, 300px\" \/><\/a>\u00a0\u00a0<a href=\"http:\/\/www2.unifap.br\/dinahtutyia\/files\/2016\/07\/IMG-20161108-WA0066.jpg\"><img loading=\"lazy\" decoding=\"async\" class=\"size-medium wp-image-99 aligncenter\" src=\"http:\/\/www2.unifap.br\/dinahtutyia\/files\/2016\/07\/IMG-20161108-WA0066-300x180.jpg\" alt=\"IMG-20161108-WA0066\" width=\"300\" height=\"180\" srcset=\"http:\/\/www2.unifap.br\/dinahtutyia\/files\/2016\/07\/IMG-20161108-WA0066-300x180.jpg 300w, http:\/\/www2.unifap.br\/dinahtutyia\/files\/2016\/07\/IMG-20161108-WA0066-1024x614.jpg 1024w, http:\/\/www2.unifap.br\/dinahtutyia\/files\/2016\/07\/IMG-20161108-WA0066.jpg 1280w\" sizes=\"(max-width: 300px) 100vw, 300px\" \/><\/a><\/p>\n<p style=\"text-align: center\"><a href=\"http:\/\/www2.unifap.br\/dinahtutyia\/files\/2016\/07\/IMG-20161108-WA0068.jpg\"><img loading=\"lazy\" decoding=\"async\" class=\"alignnone size-medium wp-image-100\" src=\"http:\/\/www2.unifap.br\/dinahtutyia\/files\/2016\/07\/IMG-20161108-WA0068-300x180.jpg\" alt=\"IMG-20161108-WA0068\" width=\"300\" height=\"180\" srcset=\"http:\/\/www2.unifap.br\/dinahtutyia\/files\/2016\/07\/IMG-20161108-WA0068-300x180.jpg 300w, http:\/\/www2.unifap.br\/dinahtutyia\/files\/2016\/07\/IMG-20161108-WA0068-1024x614.jpg 1024w, http:\/\/www2.unifap.br\/dinahtutyia\/files\/2016\/07\/IMG-20161108-WA0068.jpg 1280w\" sizes=\"(max-width: 300px) 100vw, 300px\" \/><\/a>\u00a0\u00a0<a href=\"http:\/\/www2.unifap.br\/dinahtutyia\/files\/2016\/07\/IMG-20161108-WA0069.jpg\"><img loading=\"lazy\" decoding=\"async\" class=\"alignnone size-medium wp-image-101\" src=\"http:\/\/www2.unifap.br\/dinahtutyia\/files\/2016\/07\/IMG-20161108-WA0069-300x180.jpg\" alt=\"IMG-20161108-WA0069\" width=\"300\" height=\"180\" srcset=\"http:\/\/www2.unifap.br\/dinahtutyia\/files\/2016\/07\/IMG-20161108-WA0069-300x180.jpg 300w, http:\/\/www2.unifap.br\/dinahtutyia\/files\/2016\/07\/IMG-20161108-WA0069-1024x614.jpg 1024w, http:\/\/www2.unifap.br\/dinahtutyia\/files\/2016\/07\/IMG-20161108-WA0069.jpg 1280w\" sizes=\"(max-width: 300px) 100vw, 300px\" \/><\/a><\/p>\n<p style=\"text-align: left\"><img loading=\"lazy\" decoding=\"async\" class=\"size-medium wp-image-85 aligncenter\" src=\"http:\/\/www2.unifap.br\/dinahtutyia\/files\/2016\/07\/IMG-20161107-WA0046-300x168.jpg\" alt=\"IMG-20161107-WA0046\" width=\"300\" height=\"168\" srcset=\"http:\/\/www2.unifap.br\/dinahtutyia\/files\/2016\/07\/IMG-20161107-WA0046-300x168.jpg 300w, http:\/\/www2.unifap.br\/dinahtutyia\/files\/2016\/07\/IMG-20161107-WA0046-1024x576.jpg 1024w, http:\/\/www2.unifap.br\/dinahtutyia\/files\/2016\/07\/IMG-20161107-WA0046.jpg 1032w\" sizes=\"(max-width: 300px) 100vw, 300px\" \/>\u00a0 \u00a0<a href=\"http:\/\/www2.unifap.br\/dinahtutyia\/files\/2016\/07\/IMG-20161107-WA0045.jpg\"><img loading=\"lazy\" decoding=\"async\" class=\"size-medium wp-image-84 aligncenter\" src=\"http:\/\/www2.unifap.br\/dinahtutyia\/files\/2016\/07\/IMG-20161107-WA0045-300x168.jpg\" alt=\"IMG-20161107-WA0045\" width=\"300\" height=\"168\" srcset=\"http:\/\/www2.unifap.br\/dinahtutyia\/files\/2016\/07\/IMG-20161107-WA0045-300x168.jpg 300w, http:\/\/www2.unifap.br\/dinahtutyia\/files\/2016\/07\/IMG-20161107-WA0045-1024x576.jpg 1024w, http:\/\/www2.unifap.br\/dinahtutyia\/files\/2016\/07\/IMG-20161107-WA0045.jpg 1032w\" sizes=\"(max-width: 300px) 100vw, 300px\" \/><\/a><\/p>\n<p style=\"text-align: left\"><a href=\"http:\/\/www2.unifap.br\/dinahtutyia\/files\/2016\/07\/IMG-20161107-WA0043-1.jpg\"><img loading=\"lazy\" decoding=\"async\" class=\"size-medium wp-image-81 aligncenter\" src=\"http:\/\/www2.unifap.br\/dinahtutyia\/files\/2016\/07\/IMG-20161107-WA0043-1-300x168.jpg\" alt=\"IMG-20161107-WA0043 (1)\" width=\"300\" height=\"168\" srcset=\"http:\/\/www2.unifap.br\/dinahtutyia\/files\/2016\/07\/IMG-20161107-WA0043-1-300x168.jpg 300w, http:\/\/www2.unifap.br\/dinahtutyia\/files\/2016\/07\/IMG-20161107-WA0043-1-1024x576.jpg 1024w, http:\/\/www2.unifap.br\/dinahtutyia\/files\/2016\/07\/IMG-20161107-WA0043-1.jpg 1032w\" sizes=\"(max-width: 300px) 100vw, 300px\" \/><\/a>\u00a0\u00a0<a href=\"http:\/\/www2.unifap.br\/dinahtutyia\/files\/2016\/07\/IMG-20161107-WA0039.jpg\"><img loading=\"lazy\" decoding=\"async\" class=\"size-medium wp-image-78 aligncenter\" src=\"http:\/\/www2.unifap.br\/dinahtutyia\/files\/2016\/07\/IMG-20161107-WA0039-300x225.jpg\" alt=\"IMG-20161107-WA0039\" width=\"300\" height=\"225\" srcset=\"http:\/\/www2.unifap.br\/dinahtutyia\/files\/2016\/07\/IMG-20161107-WA0039-300x225.jpg 300w, http:\/\/www2.unifap.br\/dinahtutyia\/files\/2016\/07\/IMG-20161107-WA0039-1024x768.jpg 1024w, http:\/\/www2.unifap.br\/dinahtutyia\/files\/2016\/07\/IMG-20161107-WA0039.jpg 1280w\" sizes=\"(max-width: 300px) 100vw, 300px\" \/><\/a><\/p>\n<p style=\"text-align: left\"><img loading=\"lazy\" decoding=\"async\" class=\"size-medium wp-image-76 aligncenter\" src=\"http:\/\/www2.unifap.br\/dinahtutyia\/files\/2016\/07\/IMG-20161107-WA0036-168x300.jpg\" alt=\"IMG-20161107-WA0036\" width=\"168\" height=\"300\" srcset=\"http:\/\/www2.unifap.br\/dinahtutyia\/files\/2016\/07\/IMG-20161107-WA0036-168x300.jpg 168w, http:\/\/www2.unifap.br\/dinahtutyia\/files\/2016\/07\/IMG-20161107-WA0036-576x1024.jpg 576w\" sizes=\"(max-width: 168px) 100vw, 168px\" \/><\/p>\n","protected":false},"excerpt":{"rendered":"<p>23 de setembro de 2020 Grupo de pesquisa Arquitetura, Mem\u00f3ria e Etnografia (AME), atrav\u00e9s das professoras Ma. Dinah Tutyia (UNIFAP) e Dra. Cybelle Salvador Miranda (UPFA),\u00a0 participou do webn\u00e1rio Conex\u00f5es GPCAS, com a mesa &#8220;Arquiteturas em busca de enquadramentos em&hellip; <\/p>\n<p><a href=\"http:\/\/www2.unifap.br\/dinahtutyia\/mural\/\" class=\"readmore-button\">Continue Reading<\/a><\/p>\n","protected":false},"author":912,"featured_media":0,"parent":0,"menu_order":4,"comment_status":"open","ping_status":"open","template":"","meta":{"inline_featured_image":false,"ngg_post_thumbnail":0,"footnotes":""},"class_list":["post-26","page","type-page","status-publish","hentry"],"_links":{"self":[{"href":"http:\/\/www2.unifap.br\/dinahtutyia\/wp-json\/wp\/v2\/pages\/26","targetHints":{"allow":["GET"]}}],"collection":[{"href":"http:\/\/www2.unifap.br\/dinahtutyia\/wp-json\/wp\/v2\/pages"}],"about":[{"href":"http:\/\/www2.unifap.br\/dinahtutyia\/wp-json\/wp\/v2\/types\/page"}],"author":[{"embeddable":true,"href":"http:\/\/www2.unifap.br\/dinahtutyia\/wp-json\/wp\/v2\/users\/912"}],"replies":[{"embeddable":true,"href":"http:\/\/www2.unifap.br\/dinahtutyia\/wp-json\/wp\/v2\/comments?post=26"}],"version-history":[{"count":32,"href":"http:\/\/www2.unifap.br\/dinahtutyia\/wp-json\/wp\/v2\/pages\/26\/revisions"}],"predecessor-version":[{"id":247,"href":"http:\/\/www2.unifap.br\/dinahtutyia\/wp-json\/wp\/v2\/pages\/26\/revisions\/247"}],"wp:attachment":[{"href":"http:\/\/www2.unifap.br\/dinahtutyia\/wp-json\/wp\/v2\/media?parent=26"}],"curies":[{"name":"wp","href":"https:\/\/api.w.org\/{rel}","templated":true}]}}