{"id":32,"date":"2016-07-19T01:28:45","date_gmt":"2016-07-19T01:28:45","guid":{"rendered":"http:\/\/www2.unifap.br\/dinahtutyia\/?page_id=32"},"modified":"2016-10-29T01:05:10","modified_gmt":"2016-10-29T01:05:10","slug":"inventario-e-proposta-de-restauro-e-reuso-da-casa-ana-ayres-na-vila-de-mazagao-velho-ap-para-um-centro-de-cultura-mazaganense","status":"publish","type":"page","link":"http:\/\/www2.unifap.br\/dinahtutyia\/extensao\/inventario-e-proposta-de-restauro-e-reuso-da-casa-ana-ayres-na-vila-de-mazagao-velho-ap-para-um-centro-de-cultura-mazaganense\/","title":{"rendered":"INVENT\u00c1RIO E PROPOSTA  DE RESTAURO E REUSO DA CASA \u201cANA AYRES\u201d NA VILA DE MAZAG\u00c3O VELHO (AP) PARA UM CENTRO DE CULTURA MAZAGANENSE"},"content":{"rendered":"<p><a href=\"http:\/\/www2.unifap.br\/dinahtutyia\/files\/2016\/07\/Mazaga\u0303o-antigo.jpg\"><img fetchpriority=\"high\" decoding=\"async\" class=\"alignnone size-medium wp-image-70\" alt=\"Mazaga\u0303o antigo\" src=\"http:\/\/www2.unifap.br\/dinahtutyia\/files\/2016\/07\/Mazaga\u0303o-antigo-300x210.jpg\" width=\"300\" height=\"210\" srcset=\"http:\/\/www2.unifap.br\/dinahtutyia\/files\/2016\/07\/Mazaga\u0303o-antigo-300x210.jpg 300w, http:\/\/www2.unifap.br\/dinahtutyia\/files\/2016\/07\/Mazaga\u0303o-antigo-1024x719.jpg 1024w, http:\/\/www2.unifap.br\/dinahtutyia\/files\/2016\/07\/Mazaga\u0303o-antigo-250x175.jpg 250w, http:\/\/www2.unifap.br\/dinahtutyia\/files\/2016\/07\/Mazaga\u0303o-antigo.jpg 1263w\" sizes=\"(max-width: 300px) 100vw, 300px\" \/><\/a><\/p>\n<p>Vista da Casa Ana Ayres<br \/>\nFoto: Blog Porta Retrato<\/p>\n<p><strong style=\"line-height: 1.5em\">N\u00ba do registro DEX: 103\/2016<\/strong><\/p>\n<p><strong style=\"line-height: 1.5em\">AUTORA E COORDENADORA:<\/strong><span style=\"line-height: 1.5em\"> PROF. MS.DINAH REIKO TUTYIA<\/span><\/p>\n<p><strong>AUTOR:<\/strong>\u00a0ARQ. E URB. RAIMUNDO LOBATO MARQUES<br \/>\n<strong>PARCERIA:<\/strong> <strong>LABORAT\u00d3RIO DE MEM\u00d3RIA E PATRIM\u00d4NIO CULTURAL FAU-UFPA<\/strong><br \/>\n&#8211; \u00a0PROFESSORA DRA.\u00a0CYBELLE SALVADOR MIRANDA &#8211; FAU-UFPA<br \/>\n&#8211; \u00a0PROFESSOR DR.\u00a0RONALDO MARQUES DE CARVALHO &#8211; FAU-UFPA<\/p>\n<p><strong>PESQUISADOR \u00a0INTEGRANTE:<\/strong><br \/>\n&#8211; HISTORIADORA JOSEANE CALAZANS<br \/>\n&#8211; HISTORIADOR M\u00c1RCIO ROBERTO<\/p>\n<p><strong>BOLSISTA VOLUNT\u00c1RIO:<\/strong><\/p>\n<p>DISCENTE: \u00a0SALOM\u00c3O FONSECA (AU2012-UNIFAP)<br \/>\nDISCENTE: GUILHERME ALFAIA (AU2014-UNIFAP)<br \/>\nDISCENTE: KEVIN CORDEIRO (AU2014-UNIFAP)<\/p>\n<p>&nbsp;<\/p>\n","protected":false},"excerpt":{"rendered":"<p>Vista da Casa Ana Ayres Foto: Blog Porta Retrato N\u00ba do registro DEX: 103\/2016 AUTORA E COORDENADORA: PROF. MS.DINAH REIKO TUTYIA AUTOR:\u00a0ARQ. E URB. RAIMUNDO LOBATO MARQUES PARCERIA: LABORAT\u00d3RIO DE MEM\u00d3RIA E PATRIM\u00d4NIO CULTURAL FAU-UFPA &#8211; \u00a0PROFESSORA DRA.\u00a0CYBELLE SALVADOR MIRANDA&hellip; <\/p>\n<p><a href=\"http:\/\/www2.unifap.br\/dinahtutyia\/extensao\/inventario-e-proposta-de-restauro-e-reuso-da-casa-ana-ayres-na-vila-de-mazagao-velho-ap-para-um-centro-de-cultura-mazaganense\/\" class=\"readmore-button\">Continue Reading<\/a><\/p>\n","protected":false},"author":912,"featured_media":0,"parent":2,"menu_order":0,"comment_status":"open","ping_status":"open","template":"","meta":{"inline_featured_image":false,"ngg_post_thumbnail":0,"footnotes":""},"class_list":["post-32","page","type-page","status-publish","hentry"],"_links":{"self":[{"href":"http:\/\/www2.unifap.br\/dinahtutyia\/wp-json\/wp\/v2\/pages\/32","targetHints":{"allow":["GET"]}}],"collection":[{"href":"http:\/\/www2.unifap.br\/dinahtutyia\/wp-json\/wp\/v2\/pages"}],"about":[{"href":"http:\/\/www2.unifap.br\/dinahtutyia\/wp-json\/wp\/v2\/types\/page"}],"author":[{"embeddable":true,"href":"http:\/\/www2.unifap.br\/dinahtutyia\/wp-json\/wp\/v2\/users\/912"}],"replies":[{"embeddable":true,"href":"http:\/\/www2.unifap.br\/dinahtutyia\/wp-json\/wp\/v2\/comments?post=32"}],"version-history":[{"count":7,"href":"http:\/\/www2.unifap.br\/dinahtutyia\/wp-json\/wp\/v2\/pages\/32\/revisions"}],"predecessor-version":[{"id":71,"href":"http:\/\/www2.unifap.br\/dinahtutyia\/wp-json\/wp\/v2\/pages\/32\/revisions\/71"}],"up":[{"embeddable":true,"href":"http:\/\/www2.unifap.br\/dinahtutyia\/wp-json\/wp\/v2\/pages\/2"}],"wp:attachment":[{"href":"http:\/\/www2.unifap.br\/dinahtutyia\/wp-json\/wp\/v2\/media?parent=32"}],"curies":[{"name":"wp","href":"https:\/\/api.w.org\/{rel}","templated":true}]}}