{"id":35,"date":"2016-07-19T01:32:05","date_gmt":"2016-07-19T01:32:05","guid":{"rendered":"http:\/\/www2.unifap.br\/dinahtutyia\/?page_id=35"},"modified":"2020-02-08T15:03:29","modified_gmt":"2020-02-08T15:03:29","slug":"grupo-de-pesquisa","status":"publish","type":"page","link":"http:\/\/www2.unifap.br\/dinahtutyia\/grupo-de-pesquisa\/","title":{"rendered":"Grupo de Pesquisa"},"content":{"rendered":"<div class=\"layout-cell layout-cell-9\">\n<div class=\"layout-cell-pad-5\"><strong>Arquitetura, Mem\u00f3ria e Etnografia<\/strong><\/div>\n<\/div>\n<div class=\"layout-cell layout-cell-3 text-align-right\">\n<div class=\"layout-cell-pad-5 text-align-right\"><\/div>\n<\/div>\n<div class=\"layout-cell layout-cell-9\">\n<div class=\"layout-cell-pad-5\">Descri\u00e7\u00e3o: O grupo destaca-se na forma\u00e7\u00e3o de recursos humanos para a doc\u00eancia no ensino superior (2 egressos) e t\u00e9cnico (1 egressa), bem como para forma\u00e7\u00e3o avan\u00e7ada em Mestrado e Doutorado de pesquisadores do grupo (12 mestres, 2 mestrandas e 1 doutoranda), e na qualifica\u00e7\u00e3o de profissionais em Institui\u00e7\u00f5es de pesquisa, ensino superior e em departamentos de prote\u00e7\u00e3o ao patrim\u00f4nio cultural. As atividades de pesquisa desenvolvem-se formando parcerias nacionais (FAU USP, FIOCRUZ, IPHAN, UNIFAP), e internacionais (Universidade de Lisboa &#8211; CLEPUL e ARTIS; Universidade de Coimbra &#8211; CES). O di\u00e1logo com a comunidade foi vis\u00edvel n\u00e3o s\u00f3 nas publica\u00e7\u00f5es acad\u00eamicas em peri\u00f3dicos indexados na \u00e1rea de Arquitetura e Urbanismo (15), cap\u00edtulos de livro e organiza\u00e7\u00e3o de livros (7), bem como pela atribui\u00e7\u00e3o do Pr\u00eamio PROEX de Arte e Cultura em 2010 e 2016, resultando em projeto de reabilita\u00e7\u00e3o para a Esta\u00e7\u00e3o Ferrovi\u00e1ria da Vila Pinheiro e na exposi\u00e7\u00e3o &#8220;Como ser moderno e restaurar o antigo&#8221;&#8230;<br class=\"clear\" \/>Situa\u00e7\u00e3o: Em andamento; Natureza: Pesquisa.<br class=\"clear\" \/><br class=\"clear\" \/>\u00a0Cybelle Salvador Miranda (UFPA)- Coordenador \/Integrantes: Dinah Reiko Tutyia (UNIFAP) &#8211; Integrante \/ Ronaldo Marques de Carvalho(UFPA) &#8211; Integrante \/ Elna Andersen Trindade(UFPA)- Integrante \/ Artur Sim\u00f5es Rozestraten (USP)- Integrante \/ Renato Gama-Rosa Costa (Fiocruz)- Integrante \/ Joana Maria Balsa Carvalho de Pinho(Universidade de Lisboa) &#8211; Integrante \/ Cibelly Alessandra Rodrigues Figueiredo(UNIFAP) &#8211; Integrante \/ M\u00e1rcia Cristina Ribeiro Gon\u00e7alves Nunes (UNAMA)- Integrante \/ Livia Gaby Costa (UFT)- Integrante \/ Renata de Godoy( UFPA)- Integrante.<\/div>\n<\/div>\n","protected":false},"excerpt":{"rendered":"<p>Arquitetura, Mem\u00f3ria e Etnografia Descri\u00e7\u00e3o: O grupo destaca-se na forma\u00e7\u00e3o de recursos humanos para a doc\u00eancia no ensino superior (2 egressos) e t\u00e9cnico (1 egressa), bem como para forma\u00e7\u00e3o avan\u00e7ada em Mestrado e Doutorado de pesquisadores do grupo (12 mestres,&hellip; <\/p>\n<p><a href=\"http:\/\/www2.unifap.br\/dinahtutyia\/grupo-de-pesquisa\/\" class=\"readmore-button\">Continue Reading<\/a><\/p>\n","protected":false},"author":912,"featured_media":0,"parent":0,"menu_order":4,"comment_status":"open","ping_status":"open","template":"","meta":{"inline_featured_image":false,"ngg_post_thumbnail":0,"footnotes":""},"class_list":["post-35","page","type-page","status-publish","hentry"],"_links":{"self":[{"href":"http:\/\/www2.unifap.br\/dinahtutyia\/wp-json\/wp\/v2\/pages\/35","targetHints":{"allow":["GET"]}}],"collection":[{"href":"http:\/\/www2.unifap.br\/dinahtutyia\/wp-json\/wp\/v2\/pages"}],"about":[{"href":"http:\/\/www2.unifap.br\/dinahtutyia\/wp-json\/wp\/v2\/types\/page"}],"author":[{"embeddable":true,"href":"http:\/\/www2.unifap.br\/dinahtutyia\/wp-json\/wp\/v2\/users\/912"}],"replies":[{"embeddable":true,"href":"http:\/\/www2.unifap.br\/dinahtutyia\/wp-json\/wp\/v2\/comments?post=35"}],"version-history":[{"count":5,"href":"http:\/\/www2.unifap.br\/dinahtutyia\/wp-json\/wp\/v2\/pages\/35\/revisions"}],"predecessor-version":[{"id":237,"href":"http:\/\/www2.unifap.br\/dinahtutyia\/wp-json\/wp\/v2\/pages\/35\/revisions\/237"}],"wp:attachment":[{"href":"http:\/\/www2.unifap.br\/dinahtutyia\/wp-json\/wp\/v2\/media?parent=35"}],"curies":[{"name":"wp","href":"https:\/\/api.w.org\/{rel}","templated":true}]}}