{"id":54,"date":"2016-08-31T22:19:09","date_gmt":"2016-08-31T22:19:09","guid":{"rendered":"http:\/\/www2.unifap.br\/dinahtutyia\/?page_id=54"},"modified":"2021-03-10T19:00:46","modified_gmt":"2021-03-10T19:00:46","slug":"arquitetura-vernacular-inventario-e-caracterizacao-tipologica-arquitetonica-da-vila-de-franquinho-bailique-ap","status":"publish","type":"page","link":"http:\/\/www2.unifap.br\/dinahtutyia\/projeto-de-pesquisa\/arquitetura-vernacular-inventario-e-caracterizacao-tipologica-arquitetonica-da-vila-de-franquinho-bailique-ap\/","title":{"rendered":"ARQUITETURA VERNACULAR: INVENT\u00c1RIO DE ARQUITETURAS DE VILAS RIBEIRINHAS NO AMAP\u00c1"},"content":{"rendered":"<article>EM FASE DE APROVA\u00c7\u00c3O**<\/article>\n<article id=\"post-32\"><strong>AUTORA E COORDENADORA:<\/strong>\u00a0PROF. Ma.DINAH REIKO TUTYIA<\/article>\n<article><\/article>\n<article><\/article>\n<article><\/article>\n<article><\/article>\n<article><strong>PARCERIA: LABORAT\u00d3RIO DE MEM\u00d3RIA E PATRIM\u00d4NIO CULTURAL<\/strong><\/article>\n<article><strong>BOLSISTA VOLUNT\u00c1RIO:\u00a0<\/strong><\/article>\n<article><\/article>\n<article><\/article>\n<article>1- xxxx (AU-UNIFAP)<\/article>\n<article>2- xxxxxx(AU-UNIFAP)\u00a0<\/article>\n<div id=\"comments\"><\/div>\n","protected":false},"excerpt":{"rendered":"<p>EM FASE DE APROVA\u00c7\u00c3O** AUTORA E COORDENADORA:\u00a0PROF. Ma.DINAH REIKO TUTYIA PARCERIA: LABORAT\u00d3RIO DE MEM\u00d3RIA E PATRIM\u00d4NIO CULTURAL BOLSISTA VOLUNT\u00c1RIO:\u00a0 1- xxxx (AU-UNIFAP) 2- xxxxxx(AU-UNIFAP)\u00a0<\/p>\n","protected":false},"author":912,"featured_media":0,"parent":22,"menu_order":0,"comment_status":"open","ping_status":"closed","template":"","meta":{"inline_featured_image":false,"ngg_post_thumbnail":0,"footnotes":""},"class_list":["post-54","page","type-page","status-publish","hentry"],"_links":{"self":[{"href":"http:\/\/www2.unifap.br\/dinahtutyia\/wp-json\/wp\/v2\/pages\/54","targetHints":{"allow":["GET"]}}],"collection":[{"href":"http:\/\/www2.unifap.br\/dinahtutyia\/wp-json\/wp\/v2\/pages"}],"about":[{"href":"http:\/\/www2.unifap.br\/dinahtutyia\/wp-json\/wp\/v2\/types\/page"}],"author":[{"embeddable":true,"href":"http:\/\/www2.unifap.br\/dinahtutyia\/wp-json\/wp\/v2\/users\/912"}],"replies":[{"embeddable":true,"href":"http:\/\/www2.unifap.br\/dinahtutyia\/wp-json\/wp\/v2\/comments?post=54"}],"version-history":[{"count":14,"href":"http:\/\/www2.unifap.br\/dinahtutyia\/wp-json\/wp\/v2\/pages\/54\/revisions"}],"predecessor-version":[{"id":252,"href":"http:\/\/www2.unifap.br\/dinahtutyia\/wp-json\/wp\/v2\/pages\/54\/revisions\/252"}],"up":[{"embeddable":true,"href":"http:\/\/www2.unifap.br\/dinahtutyia\/wp-json\/wp\/v2\/pages\/22"}],"wp:attachment":[{"href":"http:\/\/www2.unifap.br\/dinahtutyia\/wp-json\/wp\/v2\/media?parent=54"}],"curies":[{"name":"wp","href":"https:\/\/api.w.org\/{rel}","templated":true}]}}