{"id":7,"date":"2015-09-15T12:35:03","date_gmt":"2015-09-15T12:35:03","guid":{"rendered":"http:\/\/www2.unifap.br\/dle\/?page_id=7"},"modified":"2015-12-10T12:23:46","modified_gmt":"2015-12-10T12:23:46","slug":"institucional","status":"publish","type":"page","link":"http:\/\/www2.unifap.br\/dle\/institucional\/","title":{"rendered":"Institucional"},"content":{"rendered":"<p><a href=\"http:\/\/www2.unifap.br\/dle\/files\/2015\/06\/REGIMENTO-GERAL-UNIFAP1.pdf\">REGIMENTO-GERAL-UNIFAP<\/a>\u00a0&#8211; Regimento Geral da UNIFAP, Resolu\u00e7\u00e3o n\u00ba 09 de 29\u00a0de abril de 2002 CONSU<\/p>\n<p><a href=\"http:\/\/www2.unifap.br\/dle\/files\/2015\/06\/LEI-N\u00ba-7-530-DE-1986-AUTORIZA-A-CRIA\u00c7\u00c3O-DA-UNIFAP.pdf\">LEI \u00a0QUE AUTORIZA A CRIA\u00c7\u00c3O DA UNIFAP<\/a>\u00a0&#8211; lei n\u00ba 7.530 de 29 de Agosto de 1986<\/p>\n<p><a href=\"http:\/\/www2.unifap.br\/dle\/files\/2015\/06\/DECRETO-N-98-997-de-1990-INTITUI-A-UNIVERSIDADE-FEDERAL-DO-AMAP\u00c1.pdf\">DECRETO QUE INSTITUI A UNIVERSIDADE FEDERAL DO AMAP\u00c1<\/a>\u00a0&#8211; Decreto n\u00ba 98.997 de 02 de Mar\u00e7o de 1990<\/p>\n<p><a href=\"http:\/\/www2.unifap.br\/dle\/files\/2015\/06\/estatuto-da-universidade.pdf\">ESTATUTO<\/a>\u00a0&#8211; Estatuto da UNIFAP 1999<\/p>\n<p><a href=\"http:\/\/www2.unifap.br\/dle\/files\/2015\/09\/PDI-Unifap-2011-2014.pdf\">PDI UNIFAP<\/a>\u00a0&#8211; Plano de Desenvolvimento Institucional 2011-2014<\/p>\n<p><a href=\"http:\/\/www2.unifap.br\/dle\/files\/2015\/09\/EMENT\u00c1RIO-DE-RESOLU\u00c7\u00d5ES.pdf\">EMENT\u00c1RIO DE RESOLU\u00c7\u00d5ES<\/a>\u00a0Assuntos de cada Resolu\u00e7\u00e3o de 1991-2015<\/p>\n<p>&nbsp;<\/p>\n<p>Para consultar as Resolu\u00e7\u00f5es emanadas do CONSU acessar a p\u00e1gina do Conselho no site da Universidade &lt;http:\/\/www2.unifap.br\/consu\/?cat=10&gt;<\/p>\n<p>&nbsp;<\/p>\n","protected":false},"excerpt":{"rendered":"<p>REGIMENTO-GERAL-UNIFAP\u00a0&#8211; Regimento Geral da UNIFAP, Resolu\u00e7\u00e3o n\u00ba 09 de 29\u00a0de abril de 2002 CONSU LEI \u00a0QUE AUTORIZA A CRIA\u00c7\u00c3O DA UNIFAP\u00a0&#8211; lei n\u00ba 7.530 de 29 de Agosto de 1986 DECRETO QUE INSTITUI A UNIVERSIDADE FEDERAL DO AMAP\u00c1\u00a0&#8211; Decreto n\u00ba&hellip; <\/p>\n<p><a href=\"http:\/\/www2.unifap.br\/dle\/institucional\/\" class=\"readmore-button\">Continue Reading<\/a><\/p>\n","protected":false},"author":761,"featured_media":0,"parent":0,"menu_order":0,"comment_status":"open","ping_status":"open","template":"","meta":{"inline_featured_image":false,"ngg_post_thumbnail":0,"footnotes":""},"class_list":["post-7","page","type-page","status-publish","hentry"],"_links":{"self":[{"href":"http:\/\/www2.unifap.br\/dle\/wp-json\/wp\/v2\/pages\/7","targetHints":{"allow":["GET"]}}],"collection":[{"href":"http:\/\/www2.unifap.br\/dle\/wp-json\/wp\/v2\/pages"}],"about":[{"href":"http:\/\/www2.unifap.br\/dle\/wp-json\/wp\/v2\/types\/page"}],"author":[{"embeddable":true,"href":"http:\/\/www2.unifap.br\/dle\/wp-json\/wp\/v2\/users\/761"}],"replies":[{"embeddable":true,"href":"http:\/\/www2.unifap.br\/dle\/wp-json\/wp\/v2\/comments?post=7"}],"version-history":[{"count":6,"href":"http:\/\/www2.unifap.br\/dle\/wp-json\/wp\/v2\/pages\/7\/revisions"}],"predecessor-version":[{"id":29,"href":"http:\/\/www2.unifap.br\/dle\/wp-json\/wp\/v2\/pages\/7\/revisions\/29"}],"wp:attachment":[{"href":"http:\/\/www2.unifap.br\/dle\/wp-json\/wp\/v2\/media?parent=7"}],"curies":[{"name":"wp","href":"https:\/\/api.w.org\/{rel}","templated":true}]}}