{"id":2255,"date":"2015-09-21T14:31:42","date_gmt":"2015-09-21T14:31:42","guid":{"rendered":"http:\/\/www2.unifap.br\/dpq\/?page_id=2255"},"modified":"2024-03-20T11:36:18","modified_gmt":"2024-03-20T14:36:18","slug":"comite-assessor-de-pesquisa","status":"publish","type":"page","link":"http:\/\/www2.unifap.br\/dpq\/registro-de-pesquisas\/comite-assessor-de-pesquisa\/","title":{"rendered":"Comit\u00ea Assessor de Pesquisa"},"content":{"rendered":"<p style=\"text-align: justify\">O<strong> Comit\u00ea Assessor de Pesquisa<\/strong> &nbsp;\u00e9 o \u00f3rg\u00e3o Colegiado, com sede no campus Marco Zero, que tem a fun\u00e7\u00e3o de acompanhar a execu\u00e7\u00e3o dos projetos de pesquisas e subsidiar as a\u00e7\u00f5es do Departamento de Pesquisa. \u00c9 constitu\u00eddo por servidores pesquisadores, preferencialmente doutores, efetivos da UNIFAP.<\/p>\n<p style=\"text-align: justify\"><strong style=\"line-height: 1.5em\">De acordo com o artigo 25\u00ba da Resolu\u00e7\u00e3o n\u00ba26, de novembro de 2016, compete ao Comit\u00ea Assessor de Pesquisa:&nbsp;<\/strong><\/p>\n<p>I. Definir modelo de apresenta\u00e7\u00e3o dos relat\u00f3rios parcial e final dos projetos de pesquisa;<\/p>\n<p>II. Avaliar os relat\u00f3rios finais dos projetos de pesquisa no prazo m\u00e1ximo de 60 (sessenta) dias ap\u00f3s recebimento;<\/p>\n<p>III. Deliberar sobre pedidos de prorroga\u00e7\u00e3o e interrup\u00e7\u00e3o dos projetos de pesquisa no prazo m\u00e1ximo de 30 (trinta) dias ap\u00f3s o recebimento;<\/p>\n<p>IV. Aprovar ou rejeitar do relat\u00f3rio do projeto de pesquisa;<\/p>\n<p>V. Desenvolver outras atividades de assessoramento relacionadas \u00e0 pol\u00edtica institucional do DPq;<\/p>\n<p>7 Par\u00e1grafo \u00danico: O disposto nos incisos II, III e IV poder\u00e1, excepcionalmente e com justificativa, ser decidido pelo Diretor do DPq ad referendum do Comit\u00ea Assessor de Pesquisa, devendo a reuni\u00e3o seguinte analisar e deliberar sobre o caso.<\/p>\n<p><strong><a href=\"http:\/\/www2.unifap.br\/dpq\/files\/2024\/03\/portaria.pdf\" target=\"_blank\" rel=\"noopener\">Membros do Comit\u00ea Assessor de Pesquisa<\/a><\/strong><\/p>\n<p><strong>&nbsp;<\/strong><\/p>\n","protected":false},"excerpt":{"rendered":"<p>O Comit\u00ea Assessor de Pesquisa &nbsp;\u00e9 o \u00f3rg\u00e3o Colegiado, com sede no campus Marco Zero, que tem a fun\u00e7\u00e3o de acompanhar a execu\u00e7\u00e3o dos projetos de pesquisas e subsidiar as a\u00e7\u00f5es do Departamento de Pesquisa. \u00c9 constitu\u00eddo por servidores pesquisadores, preferencialmente doutores, efetivos da UNIFAP. De acordo com o artigo 25\u00ba da Resolu\u00e7\u00e3o n\u00ba26, de&#8230;<\/p>\n","protected":false},"author":176,"featured_media":0,"parent":2690,"menu_order":0,"comment_status":"open","ping_status":"open","template":"","meta":{"inline_featured_image":false,"ngg_post_thumbnail":0,"footnotes":""},"class_list":["post-2255","page","type-page","status-publish","hentry","entry"],"_links":{"self":[{"href":"http:\/\/www2.unifap.br\/dpq\/wp-json\/wp\/v2\/pages\/2255","targetHints":{"allow":["GET"]}}],"collection":[{"href":"http:\/\/www2.unifap.br\/dpq\/wp-json\/wp\/v2\/pages"}],"about":[{"href":"http:\/\/www2.unifap.br\/dpq\/wp-json\/wp\/v2\/types\/page"}],"author":[{"embeddable":true,"href":"http:\/\/www2.unifap.br\/dpq\/wp-json\/wp\/v2\/users\/176"}],"replies":[{"embeddable":true,"href":"http:\/\/www2.unifap.br\/dpq\/wp-json\/wp\/v2\/comments?post=2255"}],"version-history":[{"count":26,"href":"http:\/\/www2.unifap.br\/dpq\/wp-json\/wp\/v2\/pages\/2255\/revisions"}],"predecessor-version":[{"id":5351,"href":"http:\/\/www2.unifap.br\/dpq\/wp-json\/wp\/v2\/pages\/2255\/revisions\/5351"}],"up":[{"embeddable":true,"href":"http:\/\/www2.unifap.br\/dpq\/wp-json\/wp\/v2\/pages\/2690"}],"wp:attachment":[{"href":"http:\/\/www2.unifap.br\/dpq\/wp-json\/wp\/v2\/media?parent=2255"}],"curies":[{"name":"wp","href":"https:\/\/api.w.org\/{rel}","templated":true}]}}