{"id":1036,"date":"2019-04-25T19:13:55","date_gmt":"2019-04-25T19:13:55","guid":{"rendered":"http:\/\/www2.unifap.br\/dqv\/?page_id=1036"},"modified":"2019-04-25T19:13:55","modified_gmt":"2019-04-25T19:13:55","slug":"exames-periodicos-dos-servidores-da-unifap","status":"publish","type":"page","link":"http:\/\/www2.unifap.br\/dqv\/programa-de-assistencia-a-saude-do-servidor-e-seus-dependentes\/exames-periodicos-dos-servidores-da-unifap\/","title":{"rendered":"Exames Peri\u00f3dicos dos Servidores da UNIFAP"},"content":{"rendered":"<p>A realiza\u00e7\u00e3o de exames m\u00e9dicos peri\u00f3dicos tem como objetivo, prioritariamente, a preserva\u00e7\u00e3o da sa\u00fade dos servidores, em fun\u00e7\u00e3o dos riscos existentes no ambiente de trabalho e de doen\u00e7as ocupacionais ou profissionais<\/p>\n<p>Os exames m\u00e9dicos peri\u00f3dicos ser\u00e3o realizados conforme os seguintes intervalos de tempo:<\/p>\n<p>I\u00a0&#8211;\u00a0bienal, para os servidores com idade entre dezoito e quarenta e cinco anos;<\/p>\n<p>II\u00a0&#8211;\u00a0anual, para os servidores com idade acima de quarenta e cinco anos; e<\/p>\n<p>III\u00a0&#8211;\u00a0anual ou em intervalos menores, para os servidores expostos a riscos que possam implicar o desencadeamento ou agravamento de doen\u00e7a ocupacional ou profissional e para os portadores de doen\u00e7as cr\u00f4nicas.<\/p>\n<p>A Divis\u00e3o de Qualidade de Vida programa a submiss\u00e3o dos servidores \u00e0 avalia\u00e7\u00e3o e aos exames laborat\u00f3rias por meio de visita setorial a fim de orientar os servidores sobre os procedimentos necess\u00e1rios para realizar os exames, bem como a entrega da guia.<\/p>\n<p>As visitas setoriais s\u00e3o realizadas considerando um cronograma.<\/p>\n<p>A seguir os exames laborat\u00f3rias especificados, bem como a outros considerados necess\u00e1rios, ao crit\u00e9rio do m\u00e9dicos;<\/p>\n<p>I\u00a0&#8211;\u00a0avalia\u00e7\u00e3o cl\u00ednica;<\/p>\n<p>II\u00a0&#8211;\u00a0exames laboratoriais:<\/p>\n<ol>\n<li>a) hemograma completo;<\/li>\n<li>b) glicemia;<\/li>\n<li>c) urina tipo I (Elementos Anormais e Sedimentoscopia\u00a0&#8211;\u00a0EAS);<\/li>\n<li>d) creatinina;<\/li>\n<li>e) colesterol total e triglic\u00e9rides;<\/li>\n<li>f) AST (Transaminase Glut\u00e2mica Oxalac\u00e9tica\u00a0&#8211;\u00a0TGO);<\/li>\n<li>g) ALT (Transaminase Glut\u00e2mica Pir\u00favica\u00a0&#8211;\u00a0TGP); e<\/li>\n<li>h) citologia onc\u00f3tica (Papanicolau), para mulheres;<\/li>\n<\/ol>\n<p>III\u00a0&#8211;\u00a0servidores com mais de quarenta e cinco anos de idade: oftalmol\u00f3gico; e<\/p>\n<p>IV\u00a0&#8211;\u00a0servidores com mais de cinquenta anos:<\/p>\n<ol>\n<li>a) pesquisa de sangue oculto nas fezes (m\u00e9todo imunocromatogr\u00e1fico);<\/li>\n<li>b) mamografia, para mulheres; e<\/li>\n<li>c) PSA, para homens.<\/li>\n<\/ol>\n<p>&#8211; O exame de citologia onc\u00f3tica \u00e9 anual para mulheres que possuem indica\u00e7\u00e3o m\u00e9dica e, caso haja dois exames seguidos com resultados normais num intervalo de um ano, o exame poder\u00e1 ser feito a cada tr\u00eas anos.<\/p>\n<p>-Os dados dos exames peri\u00f3dicos compor\u00e3o prontu\u00e1rio eletr\u00f4nico, para fins coletivos de vigil\u00e2ncia epidemiol\u00f3gica e de melhoria dos processos e ambientes de trabalho, sendo garantido o sigilo e a seguran\u00e7a das informa\u00e7\u00f5es individuais, de acordo com o previsto em normas de seguran\u00e7a expedidas pelo Conselho Federal de Medicina.<\/p>\n<p>-A despesas decorrentes desde Decreto ser\u00e3o custeadas pela Uni\u00e3o, com recursos destinados \u00e0 assist\u00eancia m\u00e9dica e odontol\u00f3gica aos servidores, empregados e seus dependentes, nos limites das dota\u00e7\u00f5es or\u00e7ament\u00e1rias consignadas a cada unidade or\u00e7ament\u00e1ria.<\/p>\n<p>&#8211; Os exames m\u00e9dicos peri\u00f3dicos da UNIFAP \u00a0ocorrem em 2019 da seguinte forma;<\/p>\n<p>Avalia\u00e7\u00e3o Clinica \u2013 M\u00e9dico da \u00a0Divis\u00e3o de Qualidade de Vida UNIFAP<\/p>\n<p>Exames laborat\u00f3rias \u2013 Empresa CARDIOMED.<\/p>\n<p>Para mais Informa\u00e7\u00f5es. (96)3312.1728<\/p>\n","protected":false},"excerpt":{"rendered":"<p>A realiza\u00e7\u00e3o de exames m\u00e9dicos peri\u00f3dicos tem como objetivo, prioritariamente, a preserva\u00e7\u00e3o da sa\u00fade dos servidores, em fun\u00e7\u00e3o dos riscos existentes no ambiente de trabalho e de doen\u00e7as ocupacionais ou profissionais Os exames m\u00e9dicos peri\u00f3dicos ser\u00e3o realizados conforme os seguintes&hellip; <\/p>\n<p><a href=\"http:\/\/www2.unifap.br\/dqv\/programa-de-assistencia-a-saude-do-servidor-e-seus-dependentes\/exames-periodicos-dos-servidores-da-unifap\/\" class=\"readmore-button\">Continue Reading<\/a><\/p>\n","protected":false},"author":656,"featured_media":0,"parent":991,"menu_order":0,"comment_status":"closed","ping_status":"closed","template":"","meta":{"inline_featured_image":false,"ngg_post_thumbnail":0,"footnotes":""},"class_list":["post-1036","page","type-page","status-publish","hentry"],"_links":{"self":[{"href":"http:\/\/www2.unifap.br\/dqv\/wp-json\/wp\/v2\/pages\/1036","targetHints":{"allow":["GET"]}}],"collection":[{"href":"http:\/\/www2.unifap.br\/dqv\/wp-json\/wp\/v2\/pages"}],"about":[{"href":"http:\/\/www2.unifap.br\/dqv\/wp-json\/wp\/v2\/types\/page"}],"author":[{"embeddable":true,"href":"http:\/\/www2.unifap.br\/dqv\/wp-json\/wp\/v2\/users\/656"}],"replies":[{"embeddable":true,"href":"http:\/\/www2.unifap.br\/dqv\/wp-json\/wp\/v2\/comments?post=1036"}],"version-history":[{"count":1,"href":"http:\/\/www2.unifap.br\/dqv\/wp-json\/wp\/v2\/pages\/1036\/revisions"}],"predecessor-version":[{"id":1037,"href":"http:\/\/www2.unifap.br\/dqv\/wp-json\/wp\/v2\/pages\/1036\/revisions\/1037"}],"up":[{"embeddable":true,"href":"http:\/\/www2.unifap.br\/dqv\/wp-json\/wp\/v2\/pages\/991"}],"wp:attachment":[{"href":"http:\/\/www2.unifap.br\/dqv\/wp-json\/wp\/v2\/media?parent=1036"}],"curies":[{"name":"wp","href":"https:\/\/api.w.org\/{rel}","templated":true}]}}