{"id":1042,"date":"2019-04-25T19:29:21","date_gmt":"2019-04-25T19:29:21","guid":{"rendered":"http:\/\/www2.unifap.br\/dqv\/?page_id=1042"},"modified":"2019-04-25T20:06:57","modified_gmt":"2019-04-25T20:06:57","slug":"cronograma-de-realizacao-dos-exames-periodicos-2019","status":"publish","type":"page","link":"http:\/\/www2.unifap.br\/dqv\/programa-de-assistencia-a-saude-do-servidor-e-seus-dependentes\/exames-periodicos-dos-servidores-da-unifap\/cronograma-de-realizacao-dos-exames-periodicos-2019\/","title":{"rendered":"Cronograma de realiza\u00e7\u00e3o dos exames peri\u00f3dicos 2019"},"content":{"rendered":"<p><a href=\"http:\/\/www2.unifap.br\/dqv\/files\/2019\/04\/Sa\u00fade-Itinerante-AGENDA-2.jpg\"><img fetchpriority=\"high\" decoding=\"async\" class=\"alignnone size-full wp-image-1043\" src=\"http:\/\/www2.unifap.br\/dqv\/files\/2019\/04\/Sa\u00fade-Itinerante-AGENDA-2.jpg\" alt=\"\" width=\"960\" height=\"720\" srcset=\"http:\/\/www2.unifap.br\/dqv\/files\/2019\/04\/Sa\u00fade-Itinerante-AGENDA-2.jpg 960w, http:\/\/www2.unifap.br\/dqv\/files\/2019\/04\/Sa\u00fade-Itinerante-AGENDA-2-300x225.jpg 300w, http:\/\/www2.unifap.br\/dqv\/files\/2019\/04\/Sa\u00fade-Itinerante-AGENDA-2-768x576.jpg 768w\" sizes=\"(max-width: 960px) 100vw, 960px\" \/><\/a><\/p>\n<p>A realiza\u00e7\u00e3o de exames m\u00e9dicos peri\u00f3dicos tem como objetivo, prioritariamente, a preserva\u00e7\u00e3o da sa\u00fade dos servidores, em fun\u00e7\u00e3o dos riscos existentes no ambiente de trabalho e de doen\u00e7as ocupacionais ou profissionais, neste sentido, a PROGEP por meio da Divis\u00e3o de Qualidade de Vida informa que no per\u00edodo de Mar\u00e7o a Novembro de 2019, estar\u00e1 realizando visita setorial a fim de orientar os servidores sobre os procedimentos necess\u00e1rios para realizar os exames. Na oportunidade, a equipe de sa\u00fade estar\u00e1 a disposi\u00e7\u00e3o, com atendimento multiprofissional; M\u00e9dico, Nutricionista, Psic\u00f3logo e Enfermagem.<\/p>\n","protected":false},"excerpt":{"rendered":"<p>A realiza\u00e7\u00e3o de exames m\u00e9dicos peri\u00f3dicos tem como objetivo, prioritariamente, a preserva\u00e7\u00e3o da sa\u00fade dos servidores, em fun\u00e7\u00e3o dos riscos existentes no ambiente de trabalho e de doen\u00e7as ocupacionais ou profissionais, neste sentido, a PROGEP por meio da Divis\u00e3o de&hellip; <\/p>\n<p><a href=\"http:\/\/www2.unifap.br\/dqv\/programa-de-assistencia-a-saude-do-servidor-e-seus-dependentes\/exames-periodicos-dos-servidores-da-unifap\/cronograma-de-realizacao-dos-exames-periodicos-2019\/\" class=\"readmore-button\">Continue Reading<\/a><\/p>\n","protected":false},"author":656,"featured_media":0,"parent":1036,"menu_order":0,"comment_status":"closed","ping_status":"closed","template":"","meta":{"inline_featured_image":false,"ngg_post_thumbnail":0,"footnotes":""},"class_list":["post-1042","page","type-page","status-publish","hentry"],"_links":{"self":[{"href":"http:\/\/www2.unifap.br\/dqv\/wp-json\/wp\/v2\/pages\/1042","targetHints":{"allow":["GET"]}}],"collection":[{"href":"http:\/\/www2.unifap.br\/dqv\/wp-json\/wp\/v2\/pages"}],"about":[{"href":"http:\/\/www2.unifap.br\/dqv\/wp-json\/wp\/v2\/types\/page"}],"author":[{"embeddable":true,"href":"http:\/\/www2.unifap.br\/dqv\/wp-json\/wp\/v2\/users\/656"}],"replies":[{"embeddable":true,"href":"http:\/\/www2.unifap.br\/dqv\/wp-json\/wp\/v2\/comments?post=1042"}],"version-history":[{"count":2,"href":"http:\/\/www2.unifap.br\/dqv\/wp-json\/wp\/v2\/pages\/1042\/revisions"}],"predecessor-version":[{"id":1049,"href":"http:\/\/www2.unifap.br\/dqv\/wp-json\/wp\/v2\/pages\/1042\/revisions\/1049"}],"up":[{"embeddable":true,"href":"http:\/\/www2.unifap.br\/dqv\/wp-json\/wp\/v2\/pages\/1036"}],"wp:attachment":[{"href":"http:\/\/www2.unifap.br\/dqv\/wp-json\/wp\/v2\/media?parent=1042"}],"curies":[{"name":"wp","href":"https:\/\/api.w.org\/{rel}","templated":true}]}}