{"id":1072,"date":"2019-05-28T21:11:30","date_gmt":"2019-05-28T21:11:30","guid":{"rendered":"http:\/\/www2.unifap.br\/dqv\/?page_id=1072"},"modified":"2019-05-28T21:11:30","modified_gmt":"2019-05-28T21:11:30","slug":"relatorio-anual-de-gestao","status":"publish","type":"page","link":"http:\/\/www2.unifap.br\/dqv\/documentos\/planejamento-estrategico-dqv\/relatorio-anual-de-gestao\/","title":{"rendered":"Relat\u00f3rio Anual de Gest\u00e3o"},"content":{"rendered":"<p>O\u00a0<b>Relat\u00f3rio<\/b>\u00a0de\u00a0<b>Gest\u00e3o<\/b>\u00a0\u00e9 o instrumento de\u00a0<b>gest\u00e3o<\/b>\u00a0com elabora\u00e7\u00e3o\u00a0<b>anual<\/b>\u00a0que permite ao gestor apresentar \u00a0os resultados alcan\u00e7ados\u00a0em cada exerc\u00edcio , com detalhamento da execu\u00e7\u00e3o\u00a0 das a\u00e7\u00f5es considerando\u00a0 os aspectos quantitativos\u00a0<b>e\u00a0<\/b>qualitativos.<\/p>\n<p>&nbsp;<\/p>\n","protected":false},"excerpt":{"rendered":"<p>O\u00a0Relat\u00f3rio\u00a0de\u00a0Gest\u00e3o\u00a0\u00e9 o instrumento de\u00a0gest\u00e3o\u00a0com elabora\u00e7\u00e3o\u00a0anual\u00a0que permite ao gestor apresentar \u00a0os resultados alcan\u00e7ados\u00a0em cada exerc\u00edcio , com detalhamento da execu\u00e7\u00e3o\u00a0 das a\u00e7\u00f5es considerando\u00a0 os aspectos quantitativos\u00a0e\u00a0qualitativos. &nbsp;<\/p>\n","protected":false},"author":656,"featured_media":0,"parent":389,"menu_order":0,"comment_status":"closed","ping_status":"closed","template":"","meta":{"inline_featured_image":false,"ngg_post_thumbnail":0,"footnotes":""},"class_list":["post-1072","page","type-page","status-publish","hentry"],"_links":{"self":[{"href":"http:\/\/www2.unifap.br\/dqv\/wp-json\/wp\/v2\/pages\/1072","targetHints":{"allow":["GET"]}}],"collection":[{"href":"http:\/\/www2.unifap.br\/dqv\/wp-json\/wp\/v2\/pages"}],"about":[{"href":"http:\/\/www2.unifap.br\/dqv\/wp-json\/wp\/v2\/types\/page"}],"author":[{"embeddable":true,"href":"http:\/\/www2.unifap.br\/dqv\/wp-json\/wp\/v2\/users\/656"}],"replies":[{"embeddable":true,"href":"http:\/\/www2.unifap.br\/dqv\/wp-json\/wp\/v2\/comments?post=1072"}],"version-history":[{"count":1,"href":"http:\/\/www2.unifap.br\/dqv\/wp-json\/wp\/v2\/pages\/1072\/revisions"}],"predecessor-version":[{"id":1073,"href":"http:\/\/www2.unifap.br\/dqv\/wp-json\/wp\/v2\/pages\/1072\/revisions\/1073"}],"up":[{"embeddable":true,"href":"http:\/\/www2.unifap.br\/dqv\/wp-json\/wp\/v2\/pages\/389"}],"wp:attachment":[{"href":"http:\/\/www2.unifap.br\/dqv\/wp-json\/wp\/v2\/media?parent=1072"}],"curies":[{"name":"wp","href":"https:\/\/api.w.org\/{rel}","templated":true}]}}