{"id":1080,"date":"2019-05-28T21:19:09","date_gmt":"2019-05-28T21:19:09","guid":{"rendered":"http:\/\/www2.unifap.br\/dqv\/?page_id=1080"},"modified":"2019-05-28T21:19:09","modified_gmt":"2019-05-28T21:19:09","slug":"plano-de-acao","status":"publish","type":"page","link":"http:\/\/www2.unifap.br\/dqv\/documentos\/planejamento-estrategico-dqv\/plano-de-acao\/","title":{"rendered":"Plano de A\u00e7\u00e3o"},"content":{"rendered":"<p>O\u00a0<b>Plano de A\u00e7\u00e3o<\/b>\u00a0da DQV \u00e9 uma ferramenta de gest\u00e3o utilizada para o planejamento e acompanhamento de atividades necess\u00e1rias para o atingimento de um resultado desejado. O\u00a0<b>plano de a\u00e7\u00e3o<\/b>\u00a0permite o acompanhamento da execu\u00e7\u00e3o das atividades mais importantes para se atingir determinados objetivos e metas.<\/p>\n","protected":false},"excerpt":{"rendered":"<p>O\u00a0Plano de A\u00e7\u00e3o\u00a0da DQV \u00e9 uma ferramenta de gest\u00e3o utilizada para o planejamento e acompanhamento de atividades necess\u00e1rias para o atingimento de um resultado desejado. O\u00a0plano de a\u00e7\u00e3o\u00a0permite o acompanhamento da execu\u00e7\u00e3o das atividades mais importantes para se atingir determinados&hellip; <\/p>\n<p><a href=\"http:\/\/www2.unifap.br\/dqv\/documentos\/planejamento-estrategico-dqv\/plano-de-acao\/\" class=\"readmore-button\">Continue Reading<\/a><\/p>\n","protected":false},"author":656,"featured_media":0,"parent":389,"menu_order":0,"comment_status":"closed","ping_status":"closed","template":"","meta":{"inline_featured_image":false,"ngg_post_thumbnail":0,"footnotes":""},"class_list":["post-1080","page","type-page","status-publish","hentry"],"_links":{"self":[{"href":"http:\/\/www2.unifap.br\/dqv\/wp-json\/wp\/v2\/pages\/1080","targetHints":{"allow":["GET"]}}],"collection":[{"href":"http:\/\/www2.unifap.br\/dqv\/wp-json\/wp\/v2\/pages"}],"about":[{"href":"http:\/\/www2.unifap.br\/dqv\/wp-json\/wp\/v2\/types\/page"}],"author":[{"embeddable":true,"href":"http:\/\/www2.unifap.br\/dqv\/wp-json\/wp\/v2\/users\/656"}],"replies":[{"embeddable":true,"href":"http:\/\/www2.unifap.br\/dqv\/wp-json\/wp\/v2\/comments?post=1080"}],"version-history":[{"count":1,"href":"http:\/\/www2.unifap.br\/dqv\/wp-json\/wp\/v2\/pages\/1080\/revisions"}],"predecessor-version":[{"id":1081,"href":"http:\/\/www2.unifap.br\/dqv\/wp-json\/wp\/v2\/pages\/1080\/revisions\/1081"}],"up":[{"embeddable":true,"href":"http:\/\/www2.unifap.br\/dqv\/wp-json\/wp\/v2\/pages\/389"}],"wp:attachment":[{"href":"http:\/\/www2.unifap.br\/dqv\/wp-json\/wp\/v2\/media?parent=1080"}],"curies":[{"name":"wp","href":"https:\/\/api.w.org\/{rel}","templated":true}]}}