{"id":1121,"date":"2019-08-05T23:23:39","date_gmt":"2019-08-05T23:23:39","guid":{"rendered":"http:\/\/www2.unifap.br\/dqv\/?page_id=1121"},"modified":"2019-08-08T18:44:58","modified_gmt":"2019-08-08T18:44:58","slug":"parceiros-no-municipio-de-oiapoque","status":"publish","type":"page","link":"http:\/\/www2.unifap.br\/dqv\/parceiros-no-municipio-de-oiapoque\/","title":{"rendered":"Clube de Vantagens em  OIAPOQUE"},"content":{"rendered":"<p>\u00c0 Divis\u00e3o de Qualidade de Vida por meio do CLUBE DE VANTAGENS UNIFAP,\u00a0 disponibiliza aos servidores do Campus Binacional produtos e servi\u00e7os em diversos segmentos.<\/p>\n<p>&nbsp;<\/p>\n<p>&nbsp;<\/p>\n<p>Para mais informa\u00e7\u00f5es; (96) 3312-1728\u00a0-DQV\/DDP\/PROGEP-UNIFAP.<\/p>\n","protected":false},"excerpt":{"rendered":"<p>\u00c0 Divis\u00e3o de Qualidade de Vida por meio do CLUBE DE VANTAGENS UNIFAP,\u00a0 disponibiliza aos servidores do Campus Binacional produtos e servi\u00e7os em diversos segmentos. &nbsp; &nbsp; Para mais informa\u00e7\u00f5es; (96) 3312-1728\u00a0-DQV\/DDP\/PROGEP-UNIFAP.<\/p>\n","protected":false},"author":656,"featured_media":0,"parent":0,"menu_order":0,"comment_status":"closed","ping_status":"closed","template":"","meta":{"inline_featured_image":false,"ngg_post_thumbnail":0,"footnotes":""},"class_list":["post-1121","page","type-page","status-publish","hentry"],"_links":{"self":[{"href":"http:\/\/www2.unifap.br\/dqv\/wp-json\/wp\/v2\/pages\/1121","targetHints":{"allow":["GET"]}}],"collection":[{"href":"http:\/\/www2.unifap.br\/dqv\/wp-json\/wp\/v2\/pages"}],"about":[{"href":"http:\/\/www2.unifap.br\/dqv\/wp-json\/wp\/v2\/types\/page"}],"author":[{"embeddable":true,"href":"http:\/\/www2.unifap.br\/dqv\/wp-json\/wp\/v2\/users\/656"}],"replies":[{"embeddable":true,"href":"http:\/\/www2.unifap.br\/dqv\/wp-json\/wp\/v2\/comments?post=1121"}],"version-history":[{"count":4,"href":"http:\/\/www2.unifap.br\/dqv\/wp-json\/wp\/v2\/pages\/1121\/revisions"}],"predecessor-version":[{"id":1153,"href":"http:\/\/www2.unifap.br\/dqv\/wp-json\/wp\/v2\/pages\/1121\/revisions\/1153"}],"wp:attachment":[{"href":"http:\/\/www2.unifap.br\/dqv\/wp-json\/wp\/v2\/media?parent=1121"}],"curies":[{"name":"wp","href":"https:\/\/api.w.org\/{rel}","templated":true}]}}