{"id":238,"date":"2016-06-21T19:23:52","date_gmt":"2016-06-21T19:23:52","guid":{"rendered":"http:\/\/www2.unifap.br\/dqv\/?page_id=238"},"modified":"2018-08-02T12:30:39","modified_gmt":"2018-08-02T12:30:39","slug":"projeto-dicas-da-nutri","status":"publish","type":"page","link":"http:\/\/www2.unifap.br\/dqv\/materias-de-nutricao\/projeto-dicas-da-nutri\/","title":{"rendered":"Programa de R\u00e1dio &#8211; Dicas da Nutri"},"content":{"rendered":"<dl class=\"wp-caption alignnone\" id=\"attachment_330\" style=\"width: 310px\">\n<dt class=\"wp-caption-dt\"><\/dt>\n<dd class=\"wp-caption-dd\">Programa de r\u00e1dio semanal.<\/dd>\n<\/dl>\n<p><a href=\"http:\/\/www2.unifap.br\/dqv\/files\/2016\/06\/Qualidade-de-vida.png.jpg\"><img fetchpriority=\"high\" decoding=\"async\" class=\"alignnone size-medium wp-image-596\" alt=\"Qualidade de vida.png\" src=\"http:\/\/www2.unifap.br\/dqv\/files\/2016\/06\/Qualidade-de-vida.png-300x224.jpg\" width=\"300\" height=\"224\" srcset=\"http:\/\/www2.unifap.br\/dqv\/files\/2016\/06\/Qualidade-de-vida.png-300x224.jpg 300w, http:\/\/www2.unifap.br\/dqv\/files\/2016\/06\/Qualidade-de-vida.png.jpg 962w\" sizes=\"(max-width: 300px) 100vw, 300px\" \/><\/a><\/p>\n<p><span style=\"line-height: 1.5em\">A Divis\u00e3o de Qualidade de Vida por meio do Departamento de Desenvolvimento de Pessoas\/PROGEP, tem por objetivo central promover a aten\u00e7\u00e3o a sa\u00fade dos servidores e seus dependentes<\/span>, deste modo, o programa de r\u00e1dio com a tem\u00e1tica de Nutri\u00e7\u00e3o e Alimentos, traz informa\u00e7\u00f5es atualizadas, cient\u00edficas e culturais para a popula\u00e7\u00e3o de Macap\u00e1. O programa atua com educa\u00e7\u00e3o alimentar e nutricional.<\/p>\n<p>Metodologia<\/p>\n<ul>\n<li>Dura\u00e7\u00e3o: 60 minutos, com intervalos \u00a0para introdu\u00e7\u00e3o de m\u00fasica.<\/li>\n<li>Periodicidade: semanal.<\/li>\n<li>Apresentadores (2 no m\u00ednimo) : Nutricionistas Luana Paiva Ribeiro e Franciane Nunes.<\/li>\n<li>Informa\u00e7\u00f5es atualizadas, cient\u00edficas sobre os aspectos nutricionais, de sa\u00fade e hist\u00f3rico dos alimentos.<\/li>\n<li>Interatividade: haver\u00e1 oportunidade para os ouvintes proporem temas, por contato com a r\u00e1dio ou pelo Fanpage da Divis\u00e3o de Qualidade de Vida.<\/li>\n<\/ul>\n","protected":false},"excerpt":{"rendered":"<p>Programa de r\u00e1dio semanal. A Divis\u00e3o de Qualidade de Vida por meio do Departamento de Desenvolvimento de Pessoas\/PROGEP, tem por objetivo central promover a aten\u00e7\u00e3o a sa\u00fade dos servidores e seus dependentes, deste modo, o programa de r\u00e1dio com a&hellip; <\/p>\n<p><a href=\"http:\/\/www2.unifap.br\/dqv\/materias-de-nutricao\/projeto-dicas-da-nutri\/\" class=\"readmore-button\">Continue Reading<\/a><\/p>\n","protected":false},"author":656,"featured_media":0,"parent":63,"menu_order":0,"comment_status":"open","ping_status":"open","template":"","meta":{"inline_featured_image":false,"ngg_post_thumbnail":0,"footnotes":""},"class_list":["post-238","page","type-page","status-publish","hentry"],"_links":{"self":[{"href":"http:\/\/www2.unifap.br\/dqv\/wp-json\/wp\/v2\/pages\/238","targetHints":{"allow":["GET"]}}],"collection":[{"href":"http:\/\/www2.unifap.br\/dqv\/wp-json\/wp\/v2\/pages"}],"about":[{"href":"http:\/\/www2.unifap.br\/dqv\/wp-json\/wp\/v2\/types\/page"}],"author":[{"embeddable":true,"href":"http:\/\/www2.unifap.br\/dqv\/wp-json\/wp\/v2\/users\/656"}],"replies":[{"embeddable":true,"href":"http:\/\/www2.unifap.br\/dqv\/wp-json\/wp\/v2\/comments?post=238"}],"version-history":[{"count":5,"href":"http:\/\/www2.unifap.br\/dqv\/wp-json\/wp\/v2\/pages\/238\/revisions"}],"predecessor-version":[{"id":598,"href":"http:\/\/www2.unifap.br\/dqv\/wp-json\/wp\/v2\/pages\/238\/revisions\/598"}],"up":[{"embeddable":true,"href":"http:\/\/www2.unifap.br\/dqv\/wp-json\/wp\/v2\/pages\/63"}],"wp:attachment":[{"href":"http:\/\/www2.unifap.br\/dqv\/wp-json\/wp\/v2\/media?parent=238"}],"curies":[{"name":"wp","href":"https:\/\/api.w.org\/{rel}","templated":true}]}}