{"id":247,"date":"2016-06-21T20:16:48","date_gmt":"2016-06-21T20:16:48","guid":{"rendered":"http:\/\/www2.unifap.br\/dqv\/?page_id=247"},"modified":"2019-01-25T14:49:01","modified_gmt":"2019-01-25T14:49:01","slug":"missao-visao-valores","status":"publish","type":"page","link":"http:\/\/www2.unifap.br\/dqv\/missao-visao-valores\/","title":{"rendered":"Miss\u00e3o \/ Vis\u00e3o \/ Valores"},"content":{"rendered":"<p>&nbsp;<\/p>\n<p><a href=\"http:\/\/www2.unifap.br\/dqv\/files\/2016\/06\/Sem-t\u00edtulo6.png\"><img decoding=\"async\" class=\"alignnone size-medium wp-image-383\" alt=\"Sem t\u00edtulo\" src=\"http:\/\/www2.unifap.br\/dqv\/files\/2016\/06\/Sem-t\u00edtulo6-300x122.png\" width=\"300\" height=\"122\" srcset=\"http:\/\/www2.unifap.br\/dqv\/files\/2016\/06\/Sem-t\u00edtulo6-300x122.png 300w, http:\/\/www2.unifap.br\/dqv\/files\/2016\/06\/Sem-t\u00edtulo6.png 560w\" sizes=\"(max-width: 300px) 100vw, 300px\" \/><\/a><\/p>\n<p><a href=\"http:\/\/www2.unifap.br\/dqv\/files\/2016\/06\/WhatsApp-Image-2019-01-25-at-12.47.20.jpeg\"><img fetchpriority=\"high\" decoding=\"async\" src=\"http:\/\/www2.unifap.br\/dqv\/files\/2016\/06\/WhatsApp-Image-2019-01-25-at-12.47.20.jpeg\" alt=\"WhatsApp Image 2019-01-25 at 12.47.20\" width=\"1080\" height=\"1111\" class=\"alignnone size-full wp-image-907\" srcset=\"http:\/\/www2.unifap.br\/dqv\/files\/2016\/06\/WhatsApp-Image-2019-01-25-at-12.47.20.jpeg 1080w, http:\/\/www2.unifap.br\/dqv\/files\/2016\/06\/WhatsApp-Image-2019-01-25-at-12.47.20-291x300.jpeg 291w, http:\/\/www2.unifap.br\/dqv\/files\/2016\/06\/WhatsApp-Image-2019-01-25-at-12.47.20-995x1024.jpeg 995w\" sizes=\"(max-width: 1080px) 100vw, 1080px\" \/><\/a><br \/>\n&nbsp;<\/p>\n<p><strong>Miss\u00e3o<\/strong><\/p>\n<p><em>Promover pol\u00edticas de promo\u00e7\u00e3o \u00e0 sa\u00fade e \u00e0 qualidade de vida no trabalho, de forma descentralizada e transversal, com foco na valoriza\u00e7\u00e3o humana e profissional do servidor.<\/em><\/p>\n<p><strong>Vis\u00e3o<\/strong><\/p>\n<p><strong><\/strong><em>Ser reconhecida regionalmente pela excel\u00eancia na efetiva\u00e7\u00e3o de pol\u00edticas de promo\u00e7\u00e3o \u00e0 sa\u00fade e \u00e0 qualidade de vida no trabalho.<\/em><\/p>\n<p><b>Valores<\/b><\/p>\n<p><em>Transpar\u00eancia, Comprometimento, \u00c9tica e respeito \u00e1 diversidade humana, Gest\u00e3o Participativa, Inova\u00e7\u00e3o e Informa\u00e7\u00e3o e Valoriza\u00e7\u00e3o Humana.<\/em><\/p>\n","protected":false},"excerpt":{"rendered":"<p>&nbsp; &nbsp; Miss\u00e3o Promover pol\u00edticas de promo\u00e7\u00e3o \u00e0 sa\u00fade e \u00e0 qualidade de vida no trabalho, de forma descentralizada e transversal, com foco na valoriza\u00e7\u00e3o humana e profissional do servidor. Vis\u00e3o Ser reconhecida regionalmente pela excel\u00eancia na efetiva\u00e7\u00e3o de pol\u00edticas&hellip; <\/p>\n<p><a href=\"http:\/\/www2.unifap.br\/dqv\/missao-visao-valores\/\" class=\"readmore-button\">Continue Reading<\/a><\/p>\n","protected":false},"author":656,"featured_media":0,"parent":0,"menu_order":0,"comment_status":"open","ping_status":"open","template":"","meta":{"inline_featured_image":false,"ngg_post_thumbnail":0,"footnotes":""},"class_list":["post-247","page","type-page","status-publish","hentry"],"_links":{"self":[{"href":"http:\/\/www2.unifap.br\/dqv\/wp-json\/wp\/v2\/pages\/247","targetHints":{"allow":["GET"]}}],"collection":[{"href":"http:\/\/www2.unifap.br\/dqv\/wp-json\/wp\/v2\/pages"}],"about":[{"href":"http:\/\/www2.unifap.br\/dqv\/wp-json\/wp\/v2\/types\/page"}],"author":[{"embeddable":true,"href":"http:\/\/www2.unifap.br\/dqv\/wp-json\/wp\/v2\/users\/656"}],"replies":[{"embeddable":true,"href":"http:\/\/www2.unifap.br\/dqv\/wp-json\/wp\/v2\/comments?post=247"}],"version-history":[{"count":8,"href":"http:\/\/www2.unifap.br\/dqv\/wp-json\/wp\/v2\/pages\/247\/revisions"}],"predecessor-version":[{"id":908,"href":"http:\/\/www2.unifap.br\/dqv\/wp-json\/wp\/v2\/pages\/247\/revisions\/908"}],"wp:attachment":[{"href":"http:\/\/www2.unifap.br\/dqv\/wp-json\/wp\/v2\/media?parent=247"}],"curies":[{"name":"wp","href":"https:\/\/api.w.org\/{rel}","templated":true}]}}