{"id":262,"date":"2016-06-23T14:00:51","date_gmt":"2016-06-23T14:00:51","guid":{"rendered":"http:\/\/www2.unifap.br\/dqv\/?page_id=262"},"modified":"2016-07-28T12:34:46","modified_gmt":"2016-07-28T12:34:46","slug":"projeto-ciclo-de-vivencia-na-unifap","status":"publish","type":"page","link":"http:\/\/www2.unifap.br\/dqv\/integracao-relacional\/projeto-ciclo-de-vivencia-na-unifap\/","title":{"rendered":"Projeto Ciclo de Viv\u00eancia na UNIFAP"},"content":{"rendered":"<p><a href=\"http:\/\/www2.unifap.br\/dqv\/files\/2016\/06\/Cronogram1.docx\">Cronogram<\/a><\/p>\n<p><a href=\"http:\/\/www2.unifap.br\/dqv\/files\/2016\/06\/ciclo-de-vivencia.jpg\"><img fetchpriority=\"high\" decoding=\"async\" class=\"alignnone size-medium wp-image-304\" alt=\"ciclo de vivencia\" src=\"http:\/\/www2.unifap.br\/dqv\/files\/2016\/06\/ciclo-de-vivencia-288x300.jpg\" width=\"288\" height=\"300\" srcset=\"http:\/\/www2.unifap.br\/dqv\/files\/2016\/06\/ciclo-de-vivencia-288x300.jpg 288w, http:\/\/www2.unifap.br\/dqv\/files\/2016\/06\/ciclo-de-vivencia-984x1024.jpg 984w\" sizes=\"(max-width: 288px) 100vw, 288px\" \/><\/a><\/p>\n<p><b>Justificativa<\/b><\/p>\n<p>A Organiza\u00e7\u00e3o Mundial de Sa\u00fade (OMS) elegeu o dec\u00eanio 2006-2016 como a d\u00e9cada de valoriza\u00e7\u00e3o do trabalho e dos trabalhadores da sa\u00fade. Nesta perspectiva, a Pr\u00f3-Reitoria de Gest\u00e3o de Pessoas- PROGEP \/ Departamento de Desenvolvimento de Pessoas \u2013 DDP\/ Divis\u00e3o de Qualidade de Vida \u2013 DQV, visando a\u00a0<strong>valoriza\u00e7\u00e3o humana e profissional dos servidores como aspecto essencial ao alcance dos seus objetivos institucionais e entendendo o\u00a0<\/strong>car\u00e1ter relacional inerente ao trabalho, prop\u00f5e a realiza\u00e7\u00e3o de um trabalho de interven\u00e7\u00e3o focal, de cunho\u00a0<i>auto-reflexivo<\/i>, promovido nos diferentes ambientes organizacionais da UNIFAP. As atividades previstas favorecem a ado\u00e7\u00e3o de novos modelos cognitivos e\/ou perspectivas de entendimento para um dado \u201cproblema\u201d, do mesmo modo, ampliam a percep\u00e7\u00e3o de si e dos outros numa perspectiva muito mais compressiva e acolhedora das fragilidades e potencialidades comuns ao grupo.\u00a0 Essa metodologia se define como vivencial, dial\u00f3gica, reflexiva e proativa ao favorecer a educa\u00e7\u00e3o integrada do sentir, do pensar e do agir, bem como o desenvolvimento das compet\u00eancias das participantes em monitorar a pr\u00f3pria aprendizagem.<\/p>\n<p><b>Metodologia<\/b><b><\/b><\/p>\n<p>Considerando que projetos de interven\u00e7\u00e3o dessa natureza n\u00e3o podem se reduzir a atividades isoladas e\/ou eventuais, a presente proposta sugere que as a\u00e7\u00f5es sejam realizadas em todas as unidades organizacionais, atingindo, preferencialmente, todos os servidores, bolsitas, estagi\u00e1rios e demais profissionais que os integram. Atividades compostas, preferencialmente por, no m\u00ednimo,\u00a0<i>dez e, no m\u00e1ximo, trinta e cinco participantes<\/i>; encontros\u00a0<i>quinzenais ou mensais<\/i>, pois, necessitariam de um tempo m\u00ednimo necess\u00e1rio para o cumprimento de um itiner\u00e1rio educativo que resulte em mudan\u00e7as significativas no publico alvo. Tal recomenda\u00e7\u00e3o est\u00e1 pautada no reconhecimento de que as transforma\u00e7\u00f5es humanas previstas e poss\u00edveis de acontecer com a implementa\u00e7\u00e3o dessa metodologia, requerem um processo de institucionaliza\u00e7\u00e3o e organiza\u00e7\u00e3o que dependem de tempo, de articula\u00e7\u00e3o, planejamento e acomoda\u00e7\u00e3o. \u00a0A dimens\u00e3o vivencial da proposta se consolidar\u00e1 por meio do uso de\u00a0<i>t\u00e9cnicas grupais\/ din\u00e2micas vivenciais<\/i>\u00a0que provoquem a imers\u00e3o dos participantes no tema apresentado e lhes possibilite a express\u00e3o coletiva de sentimentos, percep\u00e7\u00f5es e problematiza\u00e7\u00f5es dos conte\u00fados emergentes e a consequente elabora\u00e7\u00e3o coletiva de poss\u00edveis respostas \u00e1s quest\u00f5es dos participantes. Abaixo, segue exemplo de algumas t\u00e9cnicas grupais que ser\u00e3o utilizadas:<\/p>\n<p>1)\u00a0\u00a0\u00a0\u00a0\u00a0 T\u00e9cnica grupal denominada CORRIDA DE BARCOS.\u00a0 Os participantes ( 5 a 10 pessoas)\u00a0 devem ser colocados sobre uma folha de papel 40 kg e, em seguida, \u00a0orientados a percorrer, utilizando a folha de papel, um pequeno trecho como se barco se estivessem num barco.\u00a0 Tal atividade visa verificar o comportamento dos participantes durante a realiza\u00e7\u00e3o de trabalho coletivo. Caracter\u00edsticas como rapidez de racioc\u00ednio, prontid\u00e3o de resposta f\u00edsica, ansiedade, estresse, comunica\u00e7\u00e3o assertiva, observ\u00e2ncia \u00e1s regras, lideran\u00e7a, entre outros aspectos podem tamb\u00e9m ser observados. Dura\u00e7\u00e3o: 20 minutos.<\/p>\n<p>2)\u00a0\u00a0\u00a0\u00a0\u00a0 T\u00e9cnica grupal denominada SANS\u00c3O E DALILA. Tarefa consiste em adotar uma estrat\u00e9gia para derrotar o oponente. A escolha da estrat\u00e9gia (San\u00e7\u00e3o, Dalila ou le\u00e3o) dever\u00e1 ser consensual. San\u00e7\u00e3o derrota o le\u00e3o; o le\u00e3o derrota Dalila e Dalila derrota Sans\u00e3o. Feita a escolha, os participantes devem simular uma disputa. Atividade que permite verificar caracter\u00edsticas como lideran\u00e7a, comunica\u00e7\u00e3o interpessoal, persuas\u00e3o, (i)maturidade, vivacidade, entre outros. Dura\u00e7\u00e3o: 25 minutos<\/p>\n<p>3)\u00a0\u00a0\u00a0\u00a0\u00a0 T\u00e9cnica grupal de RESPIRA\u00c7\u00c3O\/RELAXAMENTO. Tarefa consiste em proporcionar um clima de descontra\u00e7\u00e3o, procurando deixar os participantes<\/p>\n<p><b>P\u00fablico- alvo<\/b><b>:<\/b><\/p>\n<p>Servidores, bolsitas, estagi\u00e1rios e demais profissionais que comp\u00f5em os ambientes administrativos da Universidade Federal do Amap\u00e1 dos Campus Marco Zero \u2013 Macap\u00e1, Campus Santana, Campus Oiapoque e Campus Mazag\u00e3o.<\/p>\n<p><b>Objetivos:<\/b><\/p>\n<p><b>\u00a0\u00a0\u00a0<\/b><b>\u00a0\u00a0\u00a0\u00a0\u00a0<\/b>Fortalecer a vincula\u00e7\u00e3o afetiva entre os participantes, visando o autoconhecimento e o crescimento pessoal.<b><\/b><\/p>\n<p><b>\u00a0Espec\u00edficos<\/b><\/p>\n<ul>\n<li>Reconhecer que a qualidade das rela\u00e7\u00f5es interpessoais impacta no crescimento pessoal e social;<\/li>\n<li>Favorecer o desenvolvimento individual e comunit\u00e1rio, prevenindo e combatendo as situa\u00e7\u00f5es desencadeadoras de sofrimento ps\u00edquico, atrav\u00e9s da restaura\u00e7\u00e3o e fortalecimento da autoestima e dos la\u00e7os sociais;<\/li>\n<li>Proporcionar aos servidores escuta qualificada, de modo que estes, atrav\u00e9s do dialogo e da reflex\u00e3o, adotem outras perspectivas de entendimento e ampliem a percep\u00e7\u00e3o de si e dos outros;<\/li>\n<li>Valorizar as hist\u00f3rias de vida dos participantes, fortalecendo a solidariedade grupal e ampliando as possibilidades para que os mesmos encontrem alternativas saud\u00e1veis para lidar com suas pr\u00f3prias quest\u00f5es.<\/li>\n<\/ul>\n<p><b>A\u00e7\u00f5es<\/b><\/p>\n<p>Viv\u00eancia:\u00a0\u00e9 o momento em que os participantes s\u00e3o convidados a participar das atividades l\u00fadicas, \u00e9 um momento de descontra\u00e7\u00e3o;<\/p>\n<p>Relato:\u00a0\u00e9 o momento em que as pessoas demonstram seus sentimentos, onde elas podem falar, desenhar, escrever o que est\u00e3o sentindo, tamb\u00e9m traduz o clima de trabalho do jogo ou viv\u00eancia atrav\u00e9s de alguns recursos, como: desenho, fotos e gestos, cartazes de sentimentos, s\u00edmbolos, etc. E \u00e9 atrav\u00e9s destes recursos que \u00e9 poss\u00edvel fazer uma an\u00e1lise de clima das pessoas envolvidas.<\/p>\n<p>Processamento:\u00a0s\u00e3o os espa\u00e7os oferecidos para as equipes analisarem suas performances no jogo (avalia\u00e7\u00e3o de compet\u00eancia), \u00e9 o momento de identificar as compet\u00eancias, falhas e pontos fortes dos jogadores e das equipes, e tudo isso \u00e9 feito com o uso de roteiros para a discuss\u00e3o em equipes e a apresenta\u00e7\u00e3o de conclus\u00f5es em pain\u00e9is e o instrutor atua como facilitador e n\u00e3o interfere no processo do grupo.<\/p>\n<p>Generaliza\u00e7\u00e3o:\u00a0\u00e9 o momento de sair do l\u00fadico e estabelecer compara\u00e7\u00f5es do que ocorreu no jogo com a realidade empresarial, \u00e9 a hora de identificar semelhan\u00e7as e diverg\u00eancias do jogo e do cotidiano e \u00e9 a hora do f\u00f3rum de participa\u00e7\u00e3o das \u201cgrandes sacadas e aprendizado pela viv\u00eancia\u201d.<\/p>\n<p>Aplica\u00e7\u00e3o:\u00a0\u00e9 o compromisso com as melhorias e mudan\u00e7as (o pr\u00f3prio grupo fala das melhorias a serem feitas), efetivado atrav\u00e9s de contratos individuais, planos em equipe, elabora\u00e7\u00e3o de metas e resultados e onde os planos podem ser definidos em equipe ou realizados individualmente.<\/p>\n<p>Fechamento:\u00a0quando o facilitador encerra a atividade em um painel, ressaltando fatos importantes ocorridos durante o jogo e anotado por ele. A fala deve ser breve e alguns itens devem ser salientados: as compet\u00eancias evidenciadas pelas equipes, o est\u00edmulo \u00e1 mudan\u00e7as e melhorias a partir da viv\u00eancia e a qualifica\u00e7\u00e3o do trabalho desenvolvido.<\/p>\n<p>&nbsp;<\/p>\n<p><b>Cronograma<\/b><\/p>\n<p><b>1\u00b0 CICLO<\/b><\/p>\n<table border=\"1\" cellspacing=\"0\" cellpadding=\"0\">\n<tbody>\n<tr>\n<td valign=\"top\" width=\"188\">\u00a0Local<\/td>\n<td valign=\"top\" width=\"216\">Quando?<\/td>\n<td valign=\"top\" width=\"161\">A\u00e7\u00e3o<\/td>\n<td valign=\"top\" width=\"82\">Tempo<\/td>\n<\/tr>\n<tr>\n<td rowspan=\"2\" valign=\"top\" width=\"188\">\u00a0<b><span style=\"text-decoration: underline\">PROGEP <\/span><\/b>DDP<\/p>\n<p>DAP<\/td>\n<td valign=\"top\" width=\"216\">\u00fc\u00a0 1\u00b0 Encontro 02\/08 de 2016.<\/p>\n<p>PROGEP.<\/p>\n<p>&nbsp;<\/td>\n<td valign=\"top\" width=\"161\">T\u00e9cnica Grupal + respira\u00e7\u00e3o Sintonizada&nbsp;<\/td>\n<td valign=\"top\" width=\"82\">&nbsp;<\/p>\n<p>20 Minutos<\/p>\n<p>&nbsp;<\/td>\n<\/tr>\n<tr>\n<td valign=\"top\" width=\"216\">\u00fc\u00a0 2\u00b0 Encontro 30\/08 de 2016&nbsp;<\/td>\n<td valign=\"top\" width=\"161\">T\u00e9cnica grupal de relaxamento.<\/td>\n<td valign=\"top\" width=\"82\">20 Minutos&nbsp;<\/td>\n<\/tr>\n<tr>\n<td valign=\"top\" width=\"188\"><\/td>\n<td valign=\"top\" width=\"216\">\u00fc\u00a0 3\u00ba Encontro 04\/10\/2016&nbsp;<\/td>\n<td valign=\"top\" width=\"161\">\u00a0T\u00e9cnica de Avalia\u00e7\u00e3o\/fechamento do 1\u00ba ciclo<\/td>\n<td valign=\"top\" width=\"82\">20 minutos<\/td>\n<\/tr>\n<tr>\n<td rowspan=\"3\" valign=\"top\" width=\"188\">\u00a0<b>\u00a0<span style=\"text-decoration: underline\">PROPLAN<\/span><\/b><\/p>\n<ul>\n<li>DEPLAN<\/li>\n<li>DEAVI<\/li>\n<li>DGO<\/li>\n<\/ul>\n<\/td>\n<td valign=\"top\" width=\"216\">\u00fc\u00a0 1\u00b0 Encontro 05\/08 de 2016<\/td>\n<td valign=\"top\" width=\"161\">T\u00e9cnica Grupal + respira\u00e7\u00e3o Sintonizada<\/td>\n<td valign=\"top\" width=\"82\">20 minutos<\/td>\n<\/tr>\n<tr>\n<td valign=\"top\" width=\"216\">\u00fc\u00a0 2\u00b0 Encontro 06\/09 de 2016&nbsp;<\/td>\n<td valign=\"top\" width=\"161\">T\u00e9cnica grupal de relaxamento.<\/td>\n<td valign=\"top\" width=\"82\">20 minutos<\/td>\n<\/tr>\n<tr>\n<td valign=\"top\" width=\"216\">\u00fc\u00a0 3\u00ba Encontro 07\/10\/2016&nbsp;<\/td>\n<td valign=\"top\" width=\"161\">\u00a0T\u00e9cnica de Avalia\u00e7\u00e3o\/fechamento do 1\u00ba ciclo<\/td>\n<td valign=\"top\" width=\"82\">20 minutos<\/td>\n<\/tr>\n<tr>\n<td rowspan=\"3\" valign=\"top\" width=\"188\"><b><span style=\"text-decoration: underline\">PROGRAD<\/span><\/b><\/td>\n<td valign=\"top\" width=\"216\">\u00fc\u00a0 1\u00b0 Encontro 09\/08 de 2016&nbsp;<\/td>\n<td valign=\"top\" width=\"161\">T\u00e9cnica Grupal + respira\u00e7\u00e3o Sintonizada<\/td>\n<td valign=\"top\" width=\"82\">&nbsp;<\/p>\n<p>20 Minutos<\/td>\n<\/tr>\n<tr>\n<td valign=\"top\" width=\"216\">\u00fc\u00a0 2\u00b0 Encontro 09\/09 de 2016&nbsp;<\/td>\n<td valign=\"top\" width=\"161\">T\u00e9cnica grupal de relaxamento.<\/td>\n<td valign=\"top\" width=\"82\">20 minutos<\/td>\n<\/tr>\n<tr>\n<td valign=\"top\" width=\"216\">\u00fc\u00a0 3\u00ba Encontro 11\/10\/2016&nbsp;<\/td>\n<td valign=\"top\" width=\"161\">\u00a0T\u00e9cnica de Avalia\u00e7\u00e3o\/fechamento do 1\u00ba ciclo<\/td>\n<td valign=\"top\" width=\"82\">20 minutos<\/td>\n<\/tr>\n<tr>\n<td rowspan=\"3\" valign=\"top\" width=\"188\">\n<ul>\n<li>COEG<\/li>\n<\/ul>\n<\/td>\n<td valign=\"top\" width=\"216\">\u00fc\u00a0 1\u00b0 Encontro 12\/08 de 2016<\/td>\n<td valign=\"top\" width=\"161\">T\u00e9cnica Grupal + respira\u00e7\u00e3o Sintonizada<\/td>\n<td valign=\"top\" width=\"82\">&nbsp;<\/p>\n<p>20 Minutos<\/td>\n<\/tr>\n<tr>\n<td valign=\"top\" width=\"216\">\u00fc\u00a0 2\u00b0 Encontro 13\/09 de 2016&nbsp;<\/td>\n<td valign=\"top\" width=\"161\">T\u00e9cnica grupal de relaxamento.<\/td>\n<td valign=\"top\" width=\"82\">20 minutos<\/td>\n<\/tr>\n<tr>\n<td valign=\"top\" width=\"216\">\u00fc\u00a0 3\u00ba Encontro 14\/10\/2016&nbsp;<\/td>\n<td valign=\"top\" width=\"161\">\u00a0T\u00e9cnica de Avalia\u00e7\u00e3o\/fechamento do 1\u00ba ciclo<\/td>\n<td valign=\"top\" width=\"82\">20 minutos<\/td>\n<\/tr>\n<tr>\n<td rowspan=\"2\" valign=\"top\" width=\"188\">\n<ul>\n<li>DERCA<\/li>\n<\/ul>\n<\/td>\n<td valign=\"top\" width=\"216\">\u00fc\u00a0 1\u00b0 Encontro 16\/08 de 2016<\/td>\n<td valign=\"top\" width=\"161\">T\u00e9cnica Grupal + respira\u00e7\u00e3o Sintonizada<\/td>\n<td valign=\"top\" width=\"82\">&nbsp;<\/p>\n<p>20 Minutos<\/td>\n<\/tr>\n<tr>\n<td valign=\"top\" width=\"216\">\u00fc\u00a0 3\u00ba Encontro 18\/10\/2016&nbsp;<\/td>\n<td valign=\"top\" width=\"161\">\u00a0T\u00e9cnica de Avalia\u00e7\u00e3o\/fechamento do 1\u00ba ciclo<\/td>\n<td valign=\"top\" width=\"82\">20 minutos<\/td>\n<\/tr>\n<tr>\n<td rowspan=\"3\" valign=\"top\" width=\"188\">\n<ul>\n<li>DEPSEC<\/li>\n<\/ul>\n<\/td>\n<td valign=\"top\" width=\"216\">\u00fc\u00a0 1\u00b0 Encontro 19\/08 de 2016<\/td>\n<td valign=\"top\" width=\"161\">T\u00e9cnica Grupal + respira\u00e7\u00e3o Sintonizada<\/td>\n<td valign=\"top\" width=\"82\">&nbsp;<\/p>\n<p>20 Minutos<\/td>\n<\/tr>\n<tr>\n<td valign=\"top\" width=\"216\">\u00fc\u00a0 2\u00b0 Encontro 20\/09 de 2016&nbsp;<\/td>\n<td valign=\"top\" width=\"161\">T\u00e9cnica grupal de relaxamento.<\/td>\n<td valign=\"top\" width=\"82\">20 minutos<\/td>\n<\/tr>\n<tr>\n<td valign=\"top\" width=\"216\">\u00fc\u00a0 3\u00ba Encontro 21\/10\/2016&nbsp;<\/td>\n<td valign=\"top\" width=\"161\">\u00a0T\u00e9cnica de Avalia\u00e7\u00e3o\/fechamento do 1\u00ba ciclo<\/td>\n<td valign=\"top\" width=\"82\">20 minutos<\/td>\n<\/tr>\n<tr>\n<td rowspan=\"2\" valign=\"top\" width=\"188\"><b><span style=\"text-decoration: underline\">Reitoria <\/span><\/b><\/td>\n<td valign=\"top\" width=\"216\">\u00fc\u00a0 1\u00b0 Encontro 23\/08 de 2016<\/td>\n<td valign=\"top\" width=\"161\">T\u00e9cnica Grupal + respira\u00e7\u00e3o Sintonizada&nbsp;<\/td>\n<td valign=\"top\" width=\"82\">&nbsp;<\/p>\n<p>20 Minutos<\/td>\n<\/tr>\n<tr>\n<td valign=\"top\" width=\"216\">\u00fc\u00a0 2\u00b0 Encontro 23\/09 de 2016&nbsp;<\/td>\n<td valign=\"top\" width=\"161\">T\u00e9cnica grupal de relaxamento.<\/td>\n<td valign=\"top\" width=\"82\">20 minutos<\/td>\n<\/tr>\n<tr>\n<td valign=\"top\" width=\"188\"><span style=\"text-decoration: underline\">\u00a0<\/span><\/td>\n<td valign=\"top\" width=\"216\">\u00fc\u00a0 3\u00ba Encontro 25\/10\/2016&nbsp;<\/td>\n<td valign=\"top\" width=\"161\">\u00a0T\u00e9cnica de Avalia\u00e7\u00e3o\/fechamento do 1\u00ba ciclo<\/td>\n<td valign=\"top\" width=\"82\">20 minutos<\/td>\n<\/tr>\n<tr>\n<td rowspan=\"3\" valign=\"top\" width=\"188\"><b><span style=\"text-decoration: underline\">PROAD<\/span><\/b><span style=\"text-decoration: underline\">\u00a0<\/span><\/p>\n<p>&nbsp;<\/p>\n<p><span style=\"text-decoration: underline\">\u00a0<\/span><\/td>\n<td valign=\"top\" width=\"216\">\u00fc\u00a0 1\u00b0 Encontro 26\/08 de 2016<\/td>\n<td valign=\"top\" width=\"161\">T\u00e9cnica Grupal + respira\u00e7\u00e3o Sintonizada<\/td>\n<td valign=\"top\" width=\"82\">&nbsp;<\/p>\n<p>20 Minutos<\/td>\n<\/tr>\n<tr>\n<td valign=\"top\" width=\"216\">\u00fc\u00a0 2\u00b0 Encontro 23\/09 de 2016&nbsp;<\/td>\n<td valign=\"top\" width=\"161\">T\u00e9cnica grupal de relaxamento.<\/td>\n<td valign=\"top\" width=\"82\">20 minutos<\/td>\n<\/tr>\n<tr>\n<td valign=\"top\" width=\"216\">\u00fc\u00a0 3\u00ba Encontro 28\/10\/2016&nbsp;<\/td>\n<td valign=\"top\" width=\"161\">\u00a0T\u00e9cnica de Avalia\u00e7\u00e3o\/fechamento do 1\u00ba ciclo<\/td>\n<td valign=\"top\" width=\"82\">20 minutos<\/td>\n<\/tr>\n<tr>\n<td rowspan=\"2\" valign=\"top\" width=\"188\">\n<ul>\n<li>PREFEITURA<\/li>\n<\/ul>\n<\/td>\n<td valign=\"top\" width=\"216\">\u00fc\u00a0 1\u00b0 Encontro 30\/08 de 2016<\/td>\n<td valign=\"top\" width=\"161\">T\u00e9cnica Grupal + respira\u00e7\u00e3o Sintonizada&nbsp;<\/td>\n<td valign=\"top\" width=\"82\">&nbsp;<\/p>\n<p>20 Minutos<\/td>\n<\/tr>\n<tr>\n<td valign=\"top\" width=\"216\">\u00fc\u00a0 2\u00b0 Encontro 27\/09 de 2016&nbsp;<\/td>\n<td valign=\"top\" width=\"161\">T\u00e9cnica grupal de relaxamento.<\/td>\n<td valign=\"top\" width=\"82\">20 minutos<\/td>\n<\/tr>\n<tr>\n<td valign=\"top\" width=\"188\"><\/td>\n<td valign=\"top\" width=\"216\">\u00fc\u00a0 3\u00ba Encontro 01\/11\/2016&nbsp;<\/td>\n<td valign=\"top\" width=\"161\">\u00a0T\u00e9cnica de Avalia\u00e7\u00e3o\/fechamento do 1\u00ba ciclo<\/td>\n<td valign=\"top\" width=\"82\">20 minutos<\/td>\n<\/tr>\n<tr>\n<td valign=\"top\" width=\"188\">&nbsp;<\/p>\n<p>&nbsp;<\/p>\n<p>&nbsp;<\/p>\n<p><span style=\"text-decoration: underline\">\u00a0<\/span><\/td>\n<td valign=\"top\" width=\"216\">\u00fc\u00a0 <b>Elabora\u00e7\u00e3o de relat\u00f3rio: 07 \u00e1 30\/11\/2016<\/b><\/p>\n<p>\u00fc\u00a0 <b>Apresenta\u00e7\u00e3o dos resultados: 01 \u00e1 20\/12\/2016.<\/b><\/p>\n<p>&nbsp;<\/td>\n<td valign=\"top\" width=\"161\"><\/td>\n<td valign=\"top\" width=\"82\"><\/td>\n<\/tr>\n<\/tbody>\n<\/table>\n<p><b>\u00a0<\/b><\/p>\n<p><b>2\u00b0CICLO <\/b><\/p>\n<table width=\"652\" border=\"1\" cellspacing=\"0\" cellpadding=\"0\">\n<tbody>\n<tr>\n<td valign=\"top\" width=\"198\">\u00a0Local<\/td>\n<td valign=\"top\" width=\"186\">Quando?<\/td>\n<td valign=\"top\" width=\"144\">A\u00e7\u00e3o<\/td>\n<td valign=\"top\" width=\"123\">Tempo<\/td>\n<\/tr>\n<tr>\n<td valign=\"top\" width=\"198\"><b><span style=\"text-decoration: underline\">PROEAC<\/span><\/b><\/p>\n<ul>\n<li>DEX<\/li>\n<li>DACE<\/li>\n<\/ul>\n<\/td>\n<td valign=\"top\" width=\"186\">\u00fc<\/td>\n<td valign=\"top\" width=\"144\"><\/td>\n<td valign=\"top\" width=\"123\"><\/td>\n<\/tr>\n<tr>\n<td valign=\"top\" width=\"198\">\n<ul>\n<li>BIBLIOTECA CENTRAL<\/li>\n<li>DEaD<\/li>\n<li>DFCH<\/li>\n<\/ul>\n<\/td>\n<td valign=\"top\" width=\"186\">\u00fc<\/td>\n<td valign=\"top\" width=\"144\"><\/td>\n<td valign=\"top\" width=\"123\"><\/td>\n<\/tr>\n<tr>\n<td valign=\"top\" width=\"198\">\n<ul>\n<li>DEPARTAMENTO DE CI\u00caNCIAS BIOL\u00d3GICAS E DA SA\u00daDE<\/li>\n<\/ul>\n<\/td>\n<td valign=\"top\" width=\"186\">\u00fc<\/td>\n<td valign=\"top\" width=\"144\"><\/td>\n<td valign=\"top\" width=\"123\"><\/td>\n<\/tr>\n<tr>\n<td valign=\"top\" width=\"198\">\n<ul>\n<li>DEPARTAMENTO DE CI\u00caNCIAS EXATAS E TECNOL\u00d3GICAS<\/li>\n<\/ul>\n<\/td>\n<td valign=\"top\" width=\"186\">\u00fc<\/td>\n<td valign=\"top\" width=\"144\"><\/td>\n<td valign=\"top\" width=\"123\"><\/td>\n<\/tr>\n<tr>\n<td valign=\"top\" width=\"198\">\n<ul>\n<li>DEPARTAMENTO DE LETRAS E ARTES\/EDUCA\u00c7\u00c3O<\/li>\n<\/ul>\n<\/td>\n<td valign=\"top\" width=\"186\">\u00fc<\/td>\n<td valign=\"top\" width=\"144\"><\/td>\n<td rowspan=\"3\" valign=\"top\" width=\"123\"><\/td>\n<\/tr>\n<tr>\n<td valign=\"top\" width=\"198\"><b><span style=\"text-decoration: underline\">PROCRI<\/span><\/b><span style=\"text-decoration: underline\">\u00a0<\/span><\/td>\n<td valign=\"top\" width=\"186\">\u00fc<\/td>\n<td valign=\"top\" width=\"144\"><\/td>\n<\/tr>\n<tr>\n<td valign=\"top\" width=\"198\"><b><span style=\"text-decoration: underline\">PROPESPG<\/span><\/b><\/p>\n<ul>\n<li>DPG<\/li>\n<li>DPQ<\/li>\n<li>NITT<\/li>\n<li>Comit\u00ea de \u00c9tica e Pesquisa<\/li>\n<\/ul>\n<\/td>\n<td valign=\"top\" width=\"186\">\u00fc<\/td>\n<td valign=\"top\" width=\"144\"><\/td>\n<\/tr>\n<\/tbody>\n<\/table>\n<p>&nbsp;<\/p>\n<p align=\"center\"><a href=\"mailto:qualidadevida@unifap.br\"><b>qualidadevida@unifap.br<\/b><\/a><b>\u00a0 &#8211;\u00a0 <\/b>Fone\/fax 96 3312 -1728<\/p>\n<p align=\"center\">Rod. Juscelino K. de Oliveira \u2013 Km 02 \u2013 Trecho Macap\u00e1\/Fazendinha<\/p>\n<p align=\"center\">Macap\u00e1 \u2013 Amap\u00e1 \u2013 CEP 68.902-280<\/p>\n<p align=\"center\">\n","protected":false},"excerpt":{"rendered":"<p>Cronogram Justificativa A Organiza\u00e7\u00e3o Mundial de Sa\u00fade (OMS) elegeu o dec\u00eanio 2006-2016 como a d\u00e9cada de valoriza\u00e7\u00e3o do trabalho e dos trabalhadores da sa\u00fade. Nesta perspectiva, a Pr\u00f3-Reitoria de Gest\u00e3o de Pessoas- PROGEP \/ Departamento de Desenvolvimento de Pessoas \u2013&hellip; <\/p>\n<p><a href=\"http:\/\/www2.unifap.br\/dqv\/integracao-relacional\/projeto-ciclo-de-vivencia-na-unifap\/\" class=\"readmore-button\">Continue Reading<\/a><\/p>\n","protected":false},"author":656,"featured_media":0,"parent":301,"menu_order":0,"comment_status":"open","ping_status":"open","template":"","meta":{"inline_featured_image":false,"ngg_post_thumbnail":0,"footnotes":""},"class_list":["post-262","page","type-page","status-publish","hentry"],"_links":{"self":[{"href":"http:\/\/www2.unifap.br\/dqv\/wp-json\/wp\/v2\/pages\/262","targetHints":{"allow":["GET"]}}],"collection":[{"href":"http:\/\/www2.unifap.br\/dqv\/wp-json\/wp\/v2\/pages"}],"about":[{"href":"http:\/\/www2.unifap.br\/dqv\/wp-json\/wp\/v2\/types\/page"}],"author":[{"embeddable":true,"href":"http:\/\/www2.unifap.br\/dqv\/wp-json\/wp\/v2\/users\/656"}],"replies":[{"embeddable":true,"href":"http:\/\/www2.unifap.br\/dqv\/wp-json\/wp\/v2\/comments?post=262"}],"version-history":[{"count":4,"href":"http:\/\/www2.unifap.br\/dqv\/wp-json\/wp\/v2\/pages\/262\/revisions"}],"predecessor-version":[{"id":308,"href":"http:\/\/www2.unifap.br\/dqv\/wp-json\/wp\/v2\/pages\/262\/revisions\/308"}],"up":[{"embeddable":true,"href":"http:\/\/www2.unifap.br\/dqv\/wp-json\/wp\/v2\/pages\/301"}],"wp:attachment":[{"href":"http:\/\/www2.unifap.br\/dqv\/wp-json\/wp\/v2\/media?parent=262"}],"curies":[{"name":"wp","href":"https:\/\/api.w.org\/{rel}","templated":true}]}}