{"id":264,"date":"2016-06-23T14:07:38","date_gmt":"2016-06-23T14:07:38","guid":{"rendered":"http:\/\/www2.unifap.br\/dqv\/?page_id=264"},"modified":"2016-06-28T19:02:37","modified_gmt":"2016-06-28T19:02:37","slug":"datas-comemorativas","status":"publish","type":"page","link":"http:\/\/www2.unifap.br\/dqv\/programa-de-praticas-corporais-e-atividades-fisicas\/datas-comemorativas\/","title":{"rendered":"Datas Comemorativas"},"content":{"rendered":"<table border=\"1\" cellspacing=\"0\" cellpadding=\"0\">\n<tbody>\n<tr>\n<td colspan=\"2\" width=\"576\">\n<p align=\"center\"><b>Datas comemorativas <\/b><\/p>\n<\/td>\n<\/tr>\n<tr>\n<td valign=\"top\" width=\"288\">Festa Junina<\/td>\n<td valign=\"top\" width=\"288\">24 de junho (2016)<\/td>\n<\/tr>\n<tr>\n<td valign=\"top\" width=\"288\">Dia do Homem (nacional)<\/td>\n<td valign=\"top\" width=\"288\">15 de julho (2016)<\/td>\n<\/tr>\n<tr>\n<td valign=\"top\" width=\"288\">Dia dos Pais<\/td>\n<td valign=\"top\" width=\"288\">14 de agosto (2016)<\/td>\n<\/tr>\n<tr>\n<td valign=\"top\" width=\"288\">C\u00edrio (Nossa Senhora de Nazar\u00e9)<\/td>\n<td valign=\"top\" width=\"288\">12 de outubro (2016)<\/td>\n<\/tr>\n<tr>\n<td valign=\"top\" width=\"288\">Dia das Crian\u00e7as<\/td>\n<td valign=\"top\" width=\"288\">12 de outubro (2016)<\/td>\n<\/tr>\n<tr>\n<td valign=\"top\" width=\"288\">Dia do Professor<\/td>\n<td valign=\"top\" width=\"288\">15 de outubro (2016)<\/td>\n<\/tr>\n<tr>\n<td valign=\"top\" width=\"288\">Dia Nacional da Valoriza\u00e7\u00e3o da Fam\u00edlia<\/td>\n<td valign=\"top\" width=\"288\">21 de outubro (2016)<\/td>\n<\/tr>\n<tr>\n<td valign=\"top\" width=\"288\">Dia do Servidor P\u00fablico<\/td>\n<td valign=\"top\" width=\"288\">28 de outubro (2016)<\/td>\n<\/tr>\n<tr>\n<td valign=\"top\" width=\"288\">Natal<\/td>\n<td valign=\"top\" width=\"288\">24 de dezembro (2016)<\/td>\n<\/tr>\n<tr>\n<td valign=\"top\" width=\"288\">Baile de Carnaval<\/td>\n<td valign=\"top\" width=\"288\">28 de fevereiro (2017)<\/td>\n<\/tr>\n<tr>\n<td valign=\"top\" width=\"288\">Dia Internacional da Mulher<\/td>\n<td valign=\"top\" width=\"288\">08 de mar\u00e7o (2017)<\/td>\n<\/tr>\n<tr>\n<td valign=\"top\" width=\"288\">Dia Internacional do Trabalhador<\/td>\n<td valign=\"top\" width=\"288\">01 de maio (2017)<\/td>\n<\/tr>\n<tr>\n<td valign=\"top\" width=\"288\">Dia das M\u00e3es<\/td>\n<td valign=\"top\" width=\"288\">14 de maio (2017)<\/td>\n<\/tr>\n<tr>\n<td valign=\"top\" width=\"288\">Aniversario da UNIFAP<\/td>\n<td valign=\"top\" width=\"288\">02 de mar\u00e7o ( 2017)<\/td>\n<\/tr>\n<\/tbody>\n<\/table>\n","protected":false},"excerpt":{"rendered":"<p>Datas comemorativas Festa Junina 24 de junho (2016) Dia do Homem (nacional) 15 de julho (2016) Dia dos Pais 14 de agosto (2016) C\u00edrio (Nossa Senhora de Nazar\u00e9) 12 de outubro (2016) Dia das Crian\u00e7as 12 de outubro (2016) Dia&hellip; <\/p>\n<p><a href=\"http:\/\/www2.unifap.br\/dqv\/programa-de-praticas-corporais-e-atividades-fisicas\/datas-comemorativas\/\" class=\"readmore-button\">Continue Reading<\/a><\/p>\n","protected":false},"author":656,"featured_media":0,"parent":225,"menu_order":0,"comment_status":"open","ping_status":"open","template":"","meta":{"inline_featured_image":false,"ngg_post_thumbnail":0,"footnotes":""},"class_list":["post-264","page","type-page","status-publish","hentry"],"_links":{"self":[{"href":"http:\/\/www2.unifap.br\/dqv\/wp-json\/wp\/v2\/pages\/264","targetHints":{"allow":["GET"]}}],"collection":[{"href":"http:\/\/www2.unifap.br\/dqv\/wp-json\/wp\/v2\/pages"}],"about":[{"href":"http:\/\/www2.unifap.br\/dqv\/wp-json\/wp\/v2\/types\/page"}],"author":[{"embeddable":true,"href":"http:\/\/www2.unifap.br\/dqv\/wp-json\/wp\/v2\/users\/656"}],"replies":[{"embeddable":true,"href":"http:\/\/www2.unifap.br\/dqv\/wp-json\/wp\/v2\/comments?post=264"}],"version-history":[{"count":1,"href":"http:\/\/www2.unifap.br\/dqv\/wp-json\/wp\/v2\/pages\/264\/revisions"}],"predecessor-version":[{"id":265,"href":"http:\/\/www2.unifap.br\/dqv\/wp-json\/wp\/v2\/pages\/264\/revisions\/265"}],"up":[{"embeddable":true,"href":"http:\/\/www2.unifap.br\/dqv\/wp-json\/wp\/v2\/pages\/225"}],"wp:attachment":[{"href":"http:\/\/www2.unifap.br\/dqv\/wp-json\/wp\/v2\/media?parent=264"}],"curies":[{"name":"wp","href":"https:\/\/api.w.org\/{rel}","templated":true}]}}