{"id":277,"date":"2016-07-12T14:09:28","date_gmt":"2016-07-12T14:09:28","guid":{"rendered":"http:\/\/www2.unifap.br\/dqv\/?page_id=277"},"modified":"2017-01-16T14:30:17","modified_gmt":"2017-01-16T14:30:17","slug":"oficina-de-nutricao-infantil","status":"publish","type":"page","link":"http:\/\/www2.unifap.br\/dqv\/materias-de-nutricao\/oficina-de-nutricao-infantil\/","title":{"rendered":"Oficina de Nutri\u00e7\u00e3o"},"content":{"rendered":"<p><a href=\"http:\/\/www2.unifap.br\/dqv\/files\/2016\/07\/13631636_1267013329976890_1233420702598777542_n1.jpg\"><img fetchpriority=\"high\" decoding=\"async\" class=\"alignnone size-medium wp-image-281\" alt=\"13631636_1267013329976890_1233420702598777542_n\" src=\"http:\/\/www2.unifap.br\/dqv\/files\/2016\/07\/13631636_1267013329976890_1233420702598777542_n1-283x300.jpg\" width=\"283\" height=\"300\" srcset=\"http:\/\/www2.unifap.br\/dqv\/files\/2016\/07\/13631636_1267013329976890_1233420702598777542_n1-283x300.jpg 283w, http:\/\/www2.unifap.br\/dqv\/files\/2016\/07\/13631636_1267013329976890_1233420702598777542_n1.jpg 680w\" sizes=\"(max-width: 283px) 100vw, 283px\" \/><\/a><\/p>\n<p><a href=\"http:\/\/www2.unifap.br\/dqv\/files\/2016\/07\/Projeto-Oficina-de-nutri\u00e7\u00e3o-infantil.pdf\">Projeto Oficina de nutri\u00e7\u00e3o infantil<\/a><\/p>\n<p><b>Justificativa<\/b><\/p>\n<p>A promo\u00e7\u00e3o da alimenta\u00e7\u00e3o saud\u00e1vel considera o aumento das doen\u00e7as, percebendo que as pol\u00edticas e os programas brasileiros de alimenta\u00e7\u00e3o e nutri\u00e7\u00e3o precisam orientar pr\u00e1ticas que promovam a sa\u00fade e previnam as doen\u00e7as relacionadas \u00e0 alimenta\u00e7\u00e3o, tais como a desnutri\u00e7\u00e3o e as defici\u00eancias por micronutrientes (anemia ferropriva, hipovitaminose A e dist\u00farbios por car\u00eancia de iodo), que ainda permanecem sendo desafios da Sa\u00fade P\u00fablica em nosso pa\u00eds, e as doen\u00e7as cr\u00f4nicas n\u00e3o-transmiss\u00edveis &#8211; DCNT (diabetes, obesidade, hipertens\u00e3o arterial, doen\u00e7as cardiovasculares e c\u00e2ncer), que v\u00eam aumentando vertiginosamente e de forma cada vez mais precoce, processo caracterizado como transi\u00e7\u00e3o nutricional.<\/p>\n<p>A obesidade infantil \u00e9 mais preocupante que a adulta, pois cerca de 50% de crian\u00e7as que s\u00e3o obesas aos seis meses de idade e 80% das crian\u00e7as obesas aos cinco anos de idade permanecer\u00e3o com esta condi\u00e7\u00e3o. \u00a0Al\u00e9m disso, sabe-se que, quanto mais intenso e precoce \u00e9 seu aparecimento, maior o risco de persist\u00eancia no adulto, sendo mais graves as co-morbidades a ela relacionadas. Desta forma, os h\u00e1bitos alimentares assumem importante papel, porque s\u00e3o estabelecidos durante a inf\u00e2ncia, consolidados na adolesc\u00eancia e est\u00e3o diretamente relacionados ao risco do desenvolvimento dessas doen\u00e7as cr\u00f4nicas na vida adulta (Minist\u00e9rio da Sa\u00fade, 2008).<\/p>\n<p>Trata-se de priorit\u00e1ria a alfabetiza\u00e7\u00e3o em nutri\u00e7\u00e3o, a educa\u00e7\u00e3o nutricional n\u00e3o se restringe t\u00e3o somente \u00e0 mudan\u00e7a de comportamento, mas \u00e0 divulga\u00e7\u00e3o de informa\u00e7\u00f5es no ambiente escolar que permitam aos indiv\u00edduos tomar decis\u00f5es e assumir o cuidado com a pr\u00f3pria alimenta\u00e7\u00e3o. Al\u00e9m disso, pode motivar os escolares para a ado\u00e7\u00e3o de um estilo de vida saud\u00e1vel, com influ\u00eancia para outras pessoas, com possibilidade de agir para prote\u00e7\u00e3o ao ambiente.<\/p>\n<p>A escolha da faixa et\u00e1ria para realiza\u00e7\u00e3o da atividade foi realizada por base nos est\u00e1gios de desenvolvimento relacionados \u00e0 nutri\u00e7\u00e3o de acordo com Piaget. Dos 7 a 11 anos (est\u00e1gio de opera\u00e7\u00f5es concretas): crian\u00e7as podem aprender como fazer conex\u00f5es entre suas a\u00e7\u00f5es e aquelas que podem faz\u00ea-las saud\u00e1veis. Isso pode ser ampliado para o aprendizado sobre o estilo de vida de outras pessoas e como eles diferem do seu. A crian\u00e7a est\u00e1 habilitada para olhar para si e pode identificar o que outras gostam e comem, mas ainda n\u00e3o est\u00e3o h\u00e1beis para aplicar este conhecimento em conceitos abstratos como nutrientes. Elas podem categorizar os alimentos de acordo com a forma, sabor ou outras propriedades f\u00edsicas. Neste est\u00e1gio, a motiva\u00e7\u00e3o pode ser trabalhada para as escolhas alimentares. (Minist\u00e9rio da Sa\u00fade, 2008)<\/p>\n<p><b>P\u00fablico alvo<\/b><\/p>\n<p>Dependentes de servidores da Universidade Federal do Amap\u00e1 dos Campus Marco Zero \u2013 Macap\u00e1, Campus Santana, Campus Oiapoque e Campus Mazag\u00e3o. Na faixa et\u00e1ria de 7 a 11 anos, 15 vagas.<\/p>\n<p><b>Objetivos<\/b><\/p>\n<p><b>Geral<\/b><\/p>\n<p>Promover conte\u00fados de nutri\u00e7\u00e3o e alimenta\u00e7\u00e3o para os dependentes dos servidores, por meio de atividades l\u00fadicas e educativas.<\/p>\n<p><b>Espec\u00edficos<\/b><\/p>\n<p>\u00fc\u00a0\u00a0 Realizar diagn\u00f3stico antropom\u00e9trico e de h\u00e1bitos alimentares dos dependentes participantes;<b><\/b><\/p>\n<p>\u00fc\u00a0\u00a0 Apresentar a pir\u00e2mide alimentar infantil;<b><\/b><\/p>\n<p>\u00fc\u00a0\u00a0 Estimular a valoriza\u00e7\u00e3o da alimenta\u00e7\u00e3o regional;<b><\/b><\/p>\n<p>\u00fc\u00a0\u00a0 Desenvolver a socializa\u00e7\u00e3o dos dependentes dos servidores;<b><\/b><\/p>\n<p>\u00fc\u00a0\u00a0 Fomentar a constru\u00e7\u00e3o do conceito de alimenta\u00e7\u00e3o saud\u00e1vel.<\/p>\n<p><b>\u00a0<\/b><\/p>\n<p><b>A\u00e7\u00f5es<\/b><b><\/b><\/p>\n<p>\u00fc\u00a0 Acolhimento;<\/p>\n<p>\u00fc\u00a0 Diagn\u00f3stico antropom\u00e9trico e de h\u00e1bitos alimentares;<\/p>\n<p>\u00fc\u00a0 Viv\u00eancia do conte\u00fado \u201cAlimenta\u00e7\u00e3o saud\u00e1vel\u201d;<\/p>\n<p>\u00fc\u00a0 Identifica\u00e7\u00e3o das prefer\u00eancias alimentares;<\/p>\n<p>\u00fc\u00a0 Apresenta\u00e7\u00e3o e constru\u00e7\u00e3o da pir\u00e2mide alimentar brasileira infantil;<\/p>\n<p>\u00fc\u00a0 Apresentar o resultado do diagn\u00f3stico antropom\u00e9trico e de h\u00e1bitos alimentares para os pais e respons\u00e1veis.<\/p>\n<p><img decoding=\"async\" alt=\"\" src=\"https:\/\/scontent-gru2-1.xx.fbcdn.net\/v\/t1.0-9\/13626992_1284316271579929_1137381422948706758_n.jpg?oh=59c5072a80c981aaf7b0b84a9fcc2325&amp;oe=581A43F6\" \/><\/p>\n<p><img decoding=\"async\" alt=\"\" src=\"https:\/\/web.whatsapp.com\/d6aa84e9-e2db-4cec-b572-4f34b80f5f20\" \/><\/p>\n<p><img decoding=\"async\" alt=\"\" src=\"https:\/\/web.whatsapp.com\/d6aa84e9-e2db-4cec-b572-4f34b80f5f20\" \/><\/p>\n<p><a href=\"http:\/\/www2.unifap.br\/dqv\/files\/2016\/07\/d6aa84e9-e2db-4cec-b572-4f34b80f5f20.jpg\"><img decoding=\"async\" class=\"alignnone size-medium wp-image-351\" alt=\"d6aa84e9-e2db-4cec-b572-4f34b80f5f20\" src=\"http:\/\/www2.unifap.br\/dqv\/files\/2016\/07\/d6aa84e9-e2db-4cec-b572-4f34b80f5f20-300x225.jpg\" width=\"300\" height=\"225\" srcset=\"http:\/\/www2.unifap.br\/dqv\/files\/2016\/07\/d6aa84e9-e2db-4cec-b572-4f34b80f5f20-300x225.jpg 300w, http:\/\/www2.unifap.br\/dqv\/files\/2016\/07\/d6aa84e9-e2db-4cec-b572-4f34b80f5f20-1024x768.jpg 1024w, http:\/\/www2.unifap.br\/dqv\/files\/2016\/07\/d6aa84e9-e2db-4cec-b572-4f34b80f5f20.jpg 1280w\" sizes=\"(max-width: 300px) 100vw, 300px\" \/><\/a><\/p>\n<p><img decoding=\"async\" alt=\"\" src=\"https:\/\/web.whatsapp.com\/d971f8af-7eb4-4a19-9439-c404bcf3b0ee\" \/><a href=\"http:\/\/www2.unifap.br\/dqv\/files\/2016\/07\/51333e6f-84b2-4518-96d9-071339f90e4c.jpg\"><img decoding=\"async\" class=\"alignnone size-medium wp-image-352\" alt=\"51333e6f-84b2-4518-96d9-071339f90e4c\" src=\"http:\/\/www2.unifap.br\/dqv\/files\/2016\/07\/51333e6f-84b2-4518-96d9-071339f90e4c-225x300.jpg\" width=\"225\" height=\"300\" srcset=\"http:\/\/www2.unifap.br\/dqv\/files\/2016\/07\/51333e6f-84b2-4518-96d9-071339f90e4c-225x300.jpg 225w, http:\/\/www2.unifap.br\/dqv\/files\/2016\/07\/51333e6f-84b2-4518-96d9-071339f90e4c-768x1024.jpg 768w, http:\/\/www2.unifap.br\/dqv\/files\/2016\/07\/51333e6f-84b2-4518-96d9-071339f90e4c.jpg 960w\" sizes=\"(max-width: 225px) 100vw, 225px\" \/><\/a> <a href=\"http:\/\/www2.unifap.br\/dqv\/files\/2016\/07\/d971f8af-7eb4-4a19-9439-c404bcf3b0ee.jpg\"><img loading=\"lazy\" decoding=\"async\" class=\"alignnone size-medium wp-image-353\" alt=\"d971f8af-7eb4-4a19-9439-c404bcf3b0ee\" src=\"http:\/\/www2.unifap.br\/dqv\/files\/2016\/07\/d971f8af-7eb4-4a19-9439-c404bcf3b0ee-225x300.jpg\" width=\"225\" height=\"300\" srcset=\"http:\/\/www2.unifap.br\/dqv\/files\/2016\/07\/d971f8af-7eb4-4a19-9439-c404bcf3b0ee-225x300.jpg 225w, http:\/\/www2.unifap.br\/dqv\/files\/2016\/07\/d971f8af-7eb4-4a19-9439-c404bcf3b0ee-768x1024.jpg 768w, http:\/\/www2.unifap.br\/dqv\/files\/2016\/07\/d971f8af-7eb4-4a19-9439-c404bcf3b0ee.jpg 960w\" sizes=\"(max-width: 225px) 100vw, 225px\" \/><\/a> <a href=\"http:\/\/www2.unifap.br\/dqv\/files\/2016\/07\/fef15129-7294-4623-ba5d-fa39f1171d60.jpg\"><img loading=\"lazy\" decoding=\"async\" class=\"alignnone size-medium wp-image-354\" alt=\"fef15129-7294-4623-ba5d-fa39f1171d60\" src=\"http:\/\/www2.unifap.br\/dqv\/files\/2016\/07\/fef15129-7294-4623-ba5d-fa39f1171d60-225x300.jpg\" width=\"225\" height=\"300\" srcset=\"http:\/\/www2.unifap.br\/dqv\/files\/2016\/07\/fef15129-7294-4623-ba5d-fa39f1171d60-225x300.jpg 225w, http:\/\/www2.unifap.br\/dqv\/files\/2016\/07\/fef15129-7294-4623-ba5d-fa39f1171d60-768x1024.jpg 768w, http:\/\/www2.unifap.br\/dqv\/files\/2016\/07\/fef15129-7294-4623-ba5d-fa39f1171d60.jpg 960w\" sizes=\"(max-width: 225px) 100vw, 225px\" \/><\/a><\/p>\n<p><img decoding=\"async\" alt=\"\" src=\"https:\/\/fbcdn-sphotos-a-a.akamaihd.net\/hphotos-ak-xpf1\/v\/t1.0-9\/13620360_1285144654830424_4776694831180151056_n.jpg?oh=1bf21b1d5eea807c5b466a229bbd6470&amp;oe=58111C9A&amp;__gda__=1478455205_0db633903af6d36d77c7ad3431ba5080\" \/><\/p>\n","protected":false},"excerpt":{"rendered":"<p>Projeto Oficina de nutri\u00e7\u00e3o infantil Justificativa A promo\u00e7\u00e3o da alimenta\u00e7\u00e3o saud\u00e1vel considera o aumento das doen\u00e7as, percebendo que as pol\u00edticas e os programas brasileiros de alimenta\u00e7\u00e3o e nutri\u00e7\u00e3o precisam orientar pr\u00e1ticas que promovam a sa\u00fade e previnam as doen\u00e7as relacionadas&hellip; <\/p>\n<p><a href=\"http:\/\/www2.unifap.br\/dqv\/materias-de-nutricao\/oficina-de-nutricao-infantil\/\" class=\"readmore-button\">Continue Reading<\/a><\/p>\n","protected":false},"author":656,"featured_media":0,"parent":63,"menu_order":0,"comment_status":"open","ping_status":"open","template":"","meta":{"inline_featured_image":false,"ngg_post_thumbnail":0,"footnotes":""},"class_list":["post-277","page","type-page","status-publish","hentry"],"_links":{"self":[{"href":"http:\/\/www2.unifap.br\/dqv\/wp-json\/wp\/v2\/pages\/277","targetHints":{"allow":["GET"]}}],"collection":[{"href":"http:\/\/www2.unifap.br\/dqv\/wp-json\/wp\/v2\/pages"}],"about":[{"href":"http:\/\/www2.unifap.br\/dqv\/wp-json\/wp\/v2\/types\/page"}],"author":[{"embeddable":true,"href":"http:\/\/www2.unifap.br\/dqv\/wp-json\/wp\/v2\/users\/656"}],"replies":[{"embeddable":true,"href":"http:\/\/www2.unifap.br\/dqv\/wp-json\/wp\/v2\/comments?post=277"}],"version-history":[{"count":7,"href":"http:\/\/www2.unifap.br\/dqv\/wp-json\/wp\/v2\/pages\/277\/revisions"}],"predecessor-version":[{"id":465,"href":"http:\/\/www2.unifap.br\/dqv\/wp-json\/wp\/v2\/pages\/277\/revisions\/465"}],"up":[{"embeddable":true,"href":"http:\/\/www2.unifap.br\/dqv\/wp-json\/wp\/v2\/pages\/63"}],"wp:attachment":[{"href":"http:\/\/www2.unifap.br\/dqv\/wp-json\/wp\/v2\/media?parent=277"}],"curies":[{"name":"wp","href":"https:\/\/api.w.org\/{rel}","templated":true}]}}