{"id":368,"date":"2016-08-05T15:36:08","date_gmt":"2016-08-05T15:36:08","guid":{"rendered":"http:\/\/www2.unifap.br\/dqv\/?page_id=368"},"modified":"2018-01-10T13:32:44","modified_gmt":"2018-01-10T13:32:44","slug":"contatos-dqv","status":"publish","type":"page","link":"http:\/\/www2.unifap.br\/dqv\/contatos-dqv\/","title":{"rendered":"Equipe da Divis\u00e3o de Qualidade de Vida"},"content":{"rendered":"<p><a href=\"http:\/\/www2.unifap.br\/dqv\/files\/2016\/08\/equipe.jpg\"><img fetchpriority=\"high\" decoding=\"async\" class=\"alignnone size-medium wp-image-553\" alt=\"equipe\" src=\"http:\/\/www2.unifap.br\/dqv\/files\/2016\/08\/equipe-300x300.jpg\" width=\"300\" height=\"300\" srcset=\"http:\/\/www2.unifap.br\/dqv\/files\/2016\/08\/equipe-300x300.jpg 300w, http:\/\/www2.unifap.br\/dqv\/files\/2016\/08\/equipe-150x150.jpg 150w, http:\/\/www2.unifap.br\/dqv\/files\/2016\/08\/equipe-70x70.jpg 70w, http:\/\/www2.unifap.br\/dqv\/files\/2016\/08\/equipe.jpg 640w\" sizes=\"(max-width: 300px) 100vw, 300px\" \/><\/a><\/p>\n<p>A Equipe da Divis\u00e3o de Qualidade de Vida \u00e9 composta atualmente por:<\/p>\n<p>Caroline Cunha &#8211; respons\u00e1vel pela Divis\u00e3o<\/p>\n<p>Luana Paiva Ribeiro &#8211; Nutricionista<\/p>\n<p>Franciane Nunes &#8211; Nutricionista<\/p>\n<p>Camila Filocre\u00e3o &#8211; Psic\u00f3loga<\/p>\n<p>Revan Ara\u00fajo &#8211; Psic\u00f3logo<\/p>\n<p>Miriam Perrando &#8211; Enfermeira<\/p>\n<p>Entre em contato conosco:<\/p>\n<p>Telefone:\u00a0<strong>3312-1728<\/strong><\/p>\n<p>E-mail: qualidadevida@unifap.br<\/p>\n<p>Curta nossa p\u00e1gina no Facebook: fanpage\u00a0Divis\u00e3o de Qualidade de Vida &#8211; Unifap&#8221;<\/p>\n<p>https:\/\/www.facebook.com\/Divis%C3%A3o-de-Qualidade-de-Vida-Unifap-913004975377729\/home\u00a0 e<\/p>\n<p>No Instagram: @dqv.unifap<\/p>\n<p>&nbsp;<\/p>\n<p>&nbsp;<\/p>\n","protected":false},"excerpt":{"rendered":"<p>A Equipe da Divis\u00e3o de Qualidade de Vida \u00e9 composta atualmente por: Caroline Cunha &#8211; respons\u00e1vel pela Divis\u00e3o Luana Paiva Ribeiro &#8211; Nutricionista Franciane Nunes &#8211; Nutricionista Camila Filocre\u00e3o &#8211; Psic\u00f3loga Revan Ara\u00fajo &#8211; Psic\u00f3logo Miriam Perrando &#8211; Enfermeira Entre&hellip; <\/p>\n<p><a href=\"http:\/\/www2.unifap.br\/dqv\/contatos-dqv\/\" class=\"readmore-button\">Continue Reading<\/a><\/p>\n","protected":false},"author":917,"featured_media":0,"parent":0,"menu_order":0,"comment_status":"open","ping_status":"open","template":"","meta":{"inline_featured_image":false,"ngg_post_thumbnail":0,"footnotes":""},"class_list":["post-368","page","type-page","status-publish","hentry"],"_links":{"self":[{"href":"http:\/\/www2.unifap.br\/dqv\/wp-json\/wp\/v2\/pages\/368","targetHints":{"allow":["GET"]}}],"collection":[{"href":"http:\/\/www2.unifap.br\/dqv\/wp-json\/wp\/v2\/pages"}],"about":[{"href":"http:\/\/www2.unifap.br\/dqv\/wp-json\/wp\/v2\/types\/page"}],"author":[{"embeddable":true,"href":"http:\/\/www2.unifap.br\/dqv\/wp-json\/wp\/v2\/users\/917"}],"replies":[{"embeddable":true,"href":"http:\/\/www2.unifap.br\/dqv\/wp-json\/wp\/v2\/comments?post=368"}],"version-history":[{"count":8,"href":"http:\/\/www2.unifap.br\/dqv\/wp-json\/wp\/v2\/pages\/368\/revisions"}],"predecessor-version":[{"id":554,"href":"http:\/\/www2.unifap.br\/dqv\/wp-json\/wp\/v2\/pages\/368\/revisions\/554"}],"wp:attachment":[{"href":"http:\/\/www2.unifap.br\/dqv\/wp-json\/wp\/v2\/media?parent=368"}],"curies":[{"name":"wp","href":"https:\/\/api.w.org\/{rel}","templated":true}]}}