{"id":415,"date":"2016-12-19T13:34:57","date_gmt":"2016-12-19T13:34:57","guid":{"rendered":"http:\/\/www2.unifap.br\/dqv\/?page_id=415"},"modified":"2019-05-28T22:47:51","modified_gmt":"2019-05-28T22:47:51","slug":"relatorio-de-gestao-da-dqv-2016","status":"publish","type":"page","link":"http:\/\/www2.unifap.br\/dqv\/documentos\/planejamento-estrategico-dqv\/relatorio-anual-de-gestao\/relatorio-de-gestao-da-dqv-2016\/","title":{"rendered":"Relat\u00f3rio de Gest\u00e3o da DQV 2016"},"content":{"rendered":"<p><a href=\"http:\/\/www2.unifap.br\/dqv\/files\/2016\/12\/Sem-t\u00edtuloaefqef.png\"><img fetchpriority=\"high\" decoding=\"async\" class=\"alignnone size-medium wp-image-417\" src=\"http:\/\/www2.unifap.br\/dqv\/files\/2016\/12\/Sem-t\u00edtuloaefqef-300x223.png\" alt=\"Sem t\u00edtuloaefqef\" width=\"300\" height=\"223\" srcset=\"http:\/\/www2.unifap.br\/dqv\/files\/2016\/12\/Sem-t\u00edtuloaefqef-300x223.png 300w, http:\/\/www2.unifap.br\/dqv\/files\/2016\/12\/Sem-t\u00edtuloaefqef-1024x764.png 1024w, http:\/\/www2.unifap.br\/dqv\/files\/2016\/12\/Sem-t\u00edtuloaefqef.png 1025w\" sizes=\"(max-width: 300px) 100vw, 300px\" \/><\/a><\/p>\n<p><a href=\"http:\/\/www2.unifap.br\/dqv\/files\/2016\/12\/Relatorio-de-Gest\u00e3o-pronto2.pptx\">Relat\u00f3rio de Gest\u00e3o\u00a0<\/a>(powerPoint)<\/p>\n<p>A Divis\u00e3o de Qualidade de Vida apresenta o Relat\u00f3rio Anual de Gest\u00e3o 2016,\u00a0 parte integrante do processo de presta\u00e7\u00e3o de contas, o relat\u00f3rio de Gest\u00e3o mostra o desempenho de todas as atividades desenvolvidas pela Divis\u00e3o, relacionadas ao Planejamento estrat\u00e9gico da Pr\u00f3-Reitoria de Gest\u00e3o de Pessoas- PROGEP\/UNIFAP.<\/p>\n","protected":false},"excerpt":{"rendered":"<p>Relat\u00f3rio de Gest\u00e3o\u00a0(powerPoint) A Divis\u00e3o de Qualidade de Vida apresenta o Relat\u00f3rio Anual de Gest\u00e3o 2016,\u00a0 parte integrante do processo de presta\u00e7\u00e3o de contas, o relat\u00f3rio de Gest\u00e3o mostra o desempenho de todas as atividades desenvolvidas pela Divis\u00e3o, relacionadas ao&hellip; <\/p>\n<p><a href=\"http:\/\/www2.unifap.br\/dqv\/documentos\/planejamento-estrategico-dqv\/relatorio-anual-de-gestao\/relatorio-de-gestao-da-dqv-2016\/\" class=\"readmore-button\">Continue Reading<\/a><\/p>\n","protected":false},"author":656,"featured_media":0,"parent":1072,"menu_order":3,"comment_status":"open","ping_status":"open","template":"","meta":{"inline_featured_image":false,"ngg_post_thumbnail":0,"footnotes":""},"class_list":["post-415","page","type-page","status-publish","hentry"],"_links":{"self":[{"href":"http:\/\/www2.unifap.br\/dqv\/wp-json\/wp\/v2\/pages\/415","targetHints":{"allow":["GET"]}}],"collection":[{"href":"http:\/\/www2.unifap.br\/dqv\/wp-json\/wp\/v2\/pages"}],"about":[{"href":"http:\/\/www2.unifap.br\/dqv\/wp-json\/wp\/v2\/types\/page"}],"author":[{"embeddable":true,"href":"http:\/\/www2.unifap.br\/dqv\/wp-json\/wp\/v2\/users\/656"}],"replies":[{"embeddable":true,"href":"http:\/\/www2.unifap.br\/dqv\/wp-json\/wp\/v2\/comments?post=415"}],"version-history":[{"count":4,"href":"http:\/\/www2.unifap.br\/dqv\/wp-json\/wp\/v2\/pages\/415\/revisions"}],"predecessor-version":[{"id":1074,"href":"http:\/\/www2.unifap.br\/dqv\/wp-json\/wp\/v2\/pages\/415\/revisions\/1074"}],"up":[{"embeddable":true,"href":"http:\/\/www2.unifap.br\/dqv\/wp-json\/wp\/v2\/pages\/1072"}],"wp:attachment":[{"href":"http:\/\/www2.unifap.br\/dqv\/wp-json\/wp\/v2\/media?parent=415"}],"curies":[{"name":"wp","href":"https:\/\/api.w.org\/{rel}","templated":true}]}}