{"id":423,"date":"2016-12-22T12:43:43","date_gmt":"2016-12-22T12:43:43","guid":{"rendered":"http:\/\/www2.unifap.br\/dqv\/?page_id=423"},"modified":"2016-12-22T12:43:43","modified_gmt":"2016-12-22T12:43:43","slug":"relatorio-anual-de-nutricao-2016","status":"publish","type":"page","link":"http:\/\/www2.unifap.br\/dqv\/materias-de-nutricao\/relatorio-anual-de-nutricao\/relatorio-anual-de-nutricao-2016\/","title":{"rendered":"Relat\u00f3rio anual de nutri\u00e7\u00e3o 2016"},"content":{"rendered":"<p><a href=\"http:\/\/www2.unifap.br\/dqv\/files\/2016\/12\/Relat\u00f3rio-ANUAL-nutri\u00e7\u00e3o-2016.pdf\">Relat\u00f3rio ANUAL nutri\u00e7\u00e3o 2016<\/a><\/p>\n","protected":false},"excerpt":{"rendered":"<p>Relat\u00f3rio ANUAL nutri\u00e7\u00e3o 2016<\/p>\n","protected":false},"author":656,"featured_media":0,"parent":421,"menu_order":3,"comment_status":"open","ping_status":"open","template":"page-template-full.php","meta":{"inline_featured_image":false,"ngg_post_thumbnail":0,"footnotes":""},"class_list":["post-423","page","type-page","status-publish","hentry"],"_links":{"self":[{"href":"http:\/\/www2.unifap.br\/dqv\/wp-json\/wp\/v2\/pages\/423","targetHints":{"allow":["GET"]}}],"collection":[{"href":"http:\/\/www2.unifap.br\/dqv\/wp-json\/wp\/v2\/pages"}],"about":[{"href":"http:\/\/www2.unifap.br\/dqv\/wp-json\/wp\/v2\/types\/page"}],"author":[{"embeddable":true,"href":"http:\/\/www2.unifap.br\/dqv\/wp-json\/wp\/v2\/users\/656"}],"replies":[{"embeddable":true,"href":"http:\/\/www2.unifap.br\/dqv\/wp-json\/wp\/v2\/comments?post=423"}],"version-history":[{"count":1,"href":"http:\/\/www2.unifap.br\/dqv\/wp-json\/wp\/v2\/pages\/423\/revisions"}],"predecessor-version":[{"id":425,"href":"http:\/\/www2.unifap.br\/dqv\/wp-json\/wp\/v2\/pages\/423\/revisions\/425"}],"up":[{"embeddable":true,"href":"http:\/\/www2.unifap.br\/dqv\/wp-json\/wp\/v2\/pages\/421"}],"wp:attachment":[{"href":"http:\/\/www2.unifap.br\/dqv\/wp-json\/wp\/v2\/media?parent=423"}],"curies":[{"name":"wp","href":"https:\/\/api.w.org\/{rel}","templated":true}]}}