{"id":455,"date":"2017-01-02T20:12:16","date_gmt":"2017-01-02T20:12:16","guid":{"rendered":"http:\/\/www2.unifap.br\/dqv\/?page_id=455"},"modified":"2017-01-02T20:15:15","modified_gmt":"2017-01-02T20:15:15","slug":"oficina-de-grafite","status":"publish","type":"page","link":"http:\/\/www2.unifap.br\/dqv\/programa-de-praticas-corporais-e-atividades-fisicas\/oficina-de-grafite\/","title":{"rendered":"Oficina de Grafite"},"content":{"rendered":"<p><a href=\"http:\/\/www2.unifap.br\/dqv\/files\/2017\/01\/oficina-de-grafite-2-2.jpg\"><img decoding=\"async\" src=\"http:\/\/www2.unifap.br\/dqv\/files\/2017\/01\/oficina-de-grafite-2-2-300x160.jpg\" alt=\"oficina de grafite 2 (2)\" width=\"300\" height=\"160\" class=\"alignnone size-medium wp-image-456\" srcset=\"http:\/\/www2.unifap.br\/dqv\/files\/2017\/01\/oficina-de-grafite-2-2-300x160.jpg 300w, http:\/\/www2.unifap.br\/dqv\/files\/2017\/01\/oficina-de-grafite-2-2-1024x546.jpg 1024w\" sizes=\"(max-width: 300px) 100vw, 300px\" \/><\/a><br \/>\nA oficina grafitando e encantando visa aprofundar os conhecimentos dos participantes sobre a arte do grafite, transformando em arte o cotidiano amaz\u00f4nico. Ser\u00e3o concebidas atividades nas quais os participantes ir\u00e3o conhecer um pouco da hist\u00f3ria do grafite, seus diferentes estilos e t\u00e9cnicas, suas principais caracter\u00edsticas, seus principais representantes a n\u00edvel local, al\u00e9m de vivenciarem a grafitagem na pratica, desde a cria\u00e7\u00e3o do esbo\u00e7o no papel at\u00e9 a sua aplica\u00e7\u00e3o na parede. <\/p>\n<p>Objetivo geral<br \/>\nGarantir o acesso democr\u00e1tico aos bens culturais, familiarizando os visitantes com o universo das artes visuais na parede do pr\u00e9dio da Pr\u00f3-Reitoria de Gest\u00e3o de Pessoas \u2013PROGEP\/UNIFAP.<br \/>\nObjetivos espec\u00edficos<br \/>\nDivulgar a arte urbana (grafite) entre a comunidade acad\u00eamica;<br \/>\nDespertar o interesse dos participantes para os encantos da tem\u00e1tica amaz\u00f4nica;<br \/>\nPromover a difus\u00e3o de olhares e saberes sobre a arte urbana (grafite);<br \/>\nContribuir para a forma\u00e7\u00e3o de um p\u00fablico apreciador da arte.<br \/>\nP\u00fablico- alvo<br \/>\nAberto para toda comunidade<br \/>\nMeta<br \/>\nPr\u00e1ticas culturais e sensibiliza\u00e7\u00e3o\/educa\u00e7\u00e3o art\u00edstica vivenciar o fazer art\u00edstico, seja por meio de oficinas, cursos ou outras atividades de car\u00e1ter educativo.<br \/>\nLayout<br \/>\n<a href=\"http:\/\/www2.unifap.br\/dqv\/files\/2017\/01\/IMG_20161117_095024.png\"><img decoding=\"async\" src=\"http:\/\/www2.unifap.br\/dqv\/files\/2017\/01\/IMG_20161117_095024-300x149.png\" alt=\"IMG_20161117_095024\" width=\"300\" height=\"149\" class=\"alignnone size-medium wp-image-459\" srcset=\"http:\/\/www2.unifap.br\/dqv\/files\/2017\/01\/IMG_20161117_095024-300x149.png 300w, http:\/\/www2.unifap.br\/dqv\/files\/2017\/01\/IMG_20161117_095024-1024x509.png 1024w, http:\/\/www2.unifap.br\/dqv\/files\/2017\/01\/IMG_20161117_095024.png 1282w\" sizes=\"(max-width: 300px) 100vw, 300px\" \/><\/a><\/p>\n<p>Parcerias<br \/>\n\u2022\tGRUPO IMAZONIA<br \/>\nRecursos necess\u00e1rios<br \/>\nMaterial de consumo\t\u2022\t(20) folhas papel craft grosso<br \/>\n\u2022\t(15) l\u00e1pis preto<br \/>\n\u2022\t(15) borrachas brancas<br \/>\n\u2022\t(10) estiletes<br \/>\n\u2022\t(1) gal\u00e3o de tinta acr\u00edlica \/ branca neve<br \/>\n\u2022\t(15) bisnaga corante 3&#215;5 cinco cores<br \/>\n (azul, vermelho, preto, verde, amarelo)<br \/>\n\u2022\t(2) trinchas de quatro dedos (7cm)<br \/>\n\u2022\t(3) Pinc\u00e9is (1 n\u00b012), (1 n\u00ba 16) e (1 n\u00ba 20)<br \/>\n\u2022\t(2) Rolo de fita crepe<\/p>\n","protected":false},"excerpt":{"rendered":"<p>A oficina grafitando e encantando visa aprofundar os conhecimentos dos participantes sobre a arte do grafite, transformando em arte o cotidiano amaz\u00f4nico. Ser\u00e3o concebidas atividades nas quais os participantes ir\u00e3o conhecer um pouco da hist\u00f3ria do grafite, seus diferentes estilos&hellip; <\/p>\n<p><a href=\"http:\/\/www2.unifap.br\/dqv\/programa-de-praticas-corporais-e-atividades-fisicas\/oficina-de-grafite\/\" class=\"readmore-button\">Continue Reading<\/a><\/p>\n","protected":false},"author":656,"featured_media":0,"parent":225,"menu_order":0,"comment_status":"open","ping_status":"open","template":"","meta":{"inline_featured_image":false,"ngg_post_thumbnail":0,"footnotes":""},"class_list":["post-455","page","type-page","status-publish","hentry"],"_links":{"self":[{"href":"http:\/\/www2.unifap.br\/dqv\/wp-json\/wp\/v2\/pages\/455","targetHints":{"allow":["GET"]}}],"collection":[{"href":"http:\/\/www2.unifap.br\/dqv\/wp-json\/wp\/v2\/pages"}],"about":[{"href":"http:\/\/www2.unifap.br\/dqv\/wp-json\/wp\/v2\/types\/page"}],"author":[{"embeddable":true,"href":"http:\/\/www2.unifap.br\/dqv\/wp-json\/wp\/v2\/users\/656"}],"replies":[{"embeddable":true,"href":"http:\/\/www2.unifap.br\/dqv\/wp-json\/wp\/v2\/comments?post=455"}],"version-history":[{"count":3,"href":"http:\/\/www2.unifap.br\/dqv\/wp-json\/wp\/v2\/pages\/455\/revisions"}],"predecessor-version":[{"id":460,"href":"http:\/\/www2.unifap.br\/dqv\/wp-json\/wp\/v2\/pages\/455\/revisions\/460"}],"up":[{"embeddable":true,"href":"http:\/\/www2.unifap.br\/dqv\/wp-json\/wp\/v2\/pages\/225"}],"wp:attachment":[{"href":"http:\/\/www2.unifap.br\/dqv\/wp-json\/wp\/v2\/media?parent=455"}],"curies":[{"name":"wp","href":"https:\/\/api.w.org\/{rel}","templated":true}]}}