{"id":461,"date":"2017-01-16T14:27:53","date_gmt":"2017-01-16T14:27:53","guid":{"rendered":"http:\/\/www2.unifap.br\/dqv\/?page_id=461"},"modified":"2018-08-02T12:28:03","modified_gmt":"2018-08-02T12:28:03","slug":"projeto-menos-5","status":"publish","type":"page","link":"http:\/\/www2.unifap.br\/dqv\/materias-de-nutricao\/projeto-menos-5\/","title":{"rendered":"Projeto Menos 5"},"content":{"rendered":"<p><a href=\"http:\/\/www2.unifap.br\/dqv\/files\/2017\/01\/15941474_1472837699394451_8569467446729639399_n.png\"><img fetchpriority=\"high\" decoding=\"async\" class=\"alignnone size-full wp-image-462\" alt=\"15941474_1472837699394451_8569467446729639399_n\" src=\"http:\/\/www2.unifap.br\/dqv\/files\/2017\/01\/15941474_1472837699394451_8569467446729639399_n.png\" width=\"275\" height=\"283\" \/><\/a><\/p>\n<p dir=\"ltr\">PROJETO MENOS 5 &#8211; emagrecimento saud\u00e1vel em grupo para servidores e dependentes da UNIFAP.<\/p>\n<p>P\u00fablico alvo<\/p>\n<p dir=\"ltr\">Servidores da UNIFAP e dependentes.<\/p>\n<p dir=\"ltr\">Objetivo Geral<\/p>\n<p dir=\"ltr\">Assessorar os servidores e dependentes no processo de emagrecimento saud\u00e1vel e efetivo, por meio da ado\u00e7\u00e3o de um estilo de vida mais saud\u00e1vel.<\/p>\n<p dir=\"ltr\">Objetivos Espec\u00edficos<\/p>\n<p dir=\"ltr\">\u00b7 \u00a0\u00a0\u00a0\u00a0\u00a0\u00a0\u00a0\u00a0Realizar diagn\u00f3stico, acompanhamento e monitoramento da Sa\u00fade dos Servidores no combate ao Sobrepeso\/Obesidade de servidores e dependentes, em busca do emagrecimento saud\u00e1vel;<\/p>\n<p dir=\"ltr\">\u00b7 \u00a0\u00a0\u00a0\u00a0\u00a0\u00a0\u00a0\u00a0Ampliar o n\u00famero de atendimentos: m\u00e9dico, nutricional e psicol\u00f3gico aos servidores e seus dependentes, especialmente aos participantes do Projeto Menos 5;<\/p>\n<p dir=\"ltr\">\u00b7 \u00a0\u00a0\u00a0\u00a0\u00a0\u00a0\u00a0\u00a0Implantar e implementar um grupo de cuidado integral com foco no emagrecimento saud\u00e1vel para servidores e dependentes que est\u00e3o com Sobrepeso e Obesidade.<\/p>\n<p dir=\"ltr\">A\u00e7\u00f5es<\/p>\n<p dir=\"ltr\">v \u00a0\u00a0Atendimento\/ acompanhamento ambulatorial dos servidores e dependentes participantes do Projeto Menos 5 em consulta NUTRICIONAL;<\/p>\n<p dir=\"ltr\">v \u00a0Monitoramento das medidas antropom\u00e9tricas de sa\u00fade;<\/p>\n<p dir=\"ltr\">v \u00a0Atividades presenciais com o Grupo de participantes do Projeto Menos 5 &#8211; semanalmente em 4 encontros;<\/p>\n<p dir=\"ltr\">v \u00a0Atividades On-line com o Grupo de participantes do Projeto Menos 5.<\/p>\n<p dir=\"ltr\">Regras<\/p>\n<p dir=\"ltr\">v \u00a0Ser\u00e3o disponibilizadas 60 vagas.<\/p>\n<p dir=\"ltr\">v \u00a0Os crit\u00e9rios para participar do projeto:<\/p>\n<ul>\n<li>\n<p dir=\"ltr\">Estar com sobrepeso ou obesidade, IMC &gt; 25 kg\/m\u00b2<\/p>\n<\/li>\n<li>\n<p dir=\"ltr\">Ter sido atendido em consulta nutricional de ades\u00e3o ao projeto<\/p>\n<\/li>\n<li>\n<p dir=\"ltr\">Ter 18 anos ou acima<\/p>\n<\/li>\n<\/ul>\n","protected":false},"excerpt":{"rendered":"<p>PROJETO MENOS 5 &#8211; emagrecimento saud\u00e1vel em grupo para servidores e dependentes da UNIFAP. P\u00fablico alvo Servidores da UNIFAP e dependentes. Objetivo Geral Assessorar os servidores e dependentes no processo de emagrecimento saud\u00e1vel e efetivo, por meio da ado\u00e7\u00e3o de&hellip; <\/p>\n<p><a href=\"http:\/\/www2.unifap.br\/dqv\/materias-de-nutricao\/projeto-menos-5\/\" class=\"readmore-button\">Continue Reading<\/a><\/p>\n","protected":false},"author":656,"featured_media":0,"parent":63,"menu_order":0,"comment_status":"open","ping_status":"open","template":"","meta":{"inline_featured_image":false,"ngg_post_thumbnail":0,"footnotes":""},"class_list":["post-461","page","type-page","status-publish","hentry"],"_links":{"self":[{"href":"http:\/\/www2.unifap.br\/dqv\/wp-json\/wp\/v2\/pages\/461","targetHints":{"allow":["GET"]}}],"collection":[{"href":"http:\/\/www2.unifap.br\/dqv\/wp-json\/wp\/v2\/pages"}],"about":[{"href":"http:\/\/www2.unifap.br\/dqv\/wp-json\/wp\/v2\/types\/page"}],"author":[{"embeddable":true,"href":"http:\/\/www2.unifap.br\/dqv\/wp-json\/wp\/v2\/users\/656"}],"replies":[{"embeddable":true,"href":"http:\/\/www2.unifap.br\/dqv\/wp-json\/wp\/v2\/comments?post=461"}],"version-history":[{"count":4,"href":"http:\/\/www2.unifap.br\/dqv\/wp-json\/wp\/v2\/pages\/461\/revisions"}],"predecessor-version":[{"id":595,"href":"http:\/\/www2.unifap.br\/dqv\/wp-json\/wp\/v2\/pages\/461\/revisions\/595"}],"up":[{"embeddable":true,"href":"http:\/\/www2.unifap.br\/dqv\/wp-json\/wp\/v2\/pages\/63"}],"wp:attachment":[{"href":"http:\/\/www2.unifap.br\/dqv\/wp-json\/wp\/v2\/media?parent=461"}],"curies":[{"name":"wp","href":"https:\/\/api.w.org\/{rel}","templated":true}]}}