{"id":515,"date":"2017-06-01T21:11:40","date_gmt":"2017-06-01T21:11:40","guid":{"rendered":"http:\/\/www2.unifap.br\/dqv\/?page_id=515"},"modified":"2018-08-02T12:35:47","modified_gmt":"2018-08-02T12:35:47","slug":"nutricionistas","status":"publish","type":"page","link":"http:\/\/www2.unifap.br\/dqv\/programa-de-assistencia-a-saude-do-servidor-e-seus-dependentes\/atendimentos-individualizados\/nutricionistas\/","title":{"rendered":"Nutricionista"},"content":{"rendered":"<p><a href=\"http:\/\/www2.unifap.br\/dqv\/files\/2017\/06\/lu.jpg\"><img fetchpriority=\"high\" decoding=\"async\" class=\"alignnone size-medium wp-image-601\" alt=\"lu\" src=\"http:\/\/www2.unifap.br\/dqv\/files\/2017\/06\/lu-225x300.jpg\" width=\"225\" height=\"300\" srcset=\"http:\/\/www2.unifap.br\/dqv\/files\/2017\/06\/lu-225x300.jpg 225w, http:\/\/www2.unifap.br\/dqv\/files\/2017\/06\/lu-768x1024.jpg 768w, http:\/\/www2.unifap.br\/dqv\/files\/2017\/06\/lu.jpg 960w\" sizes=\"(max-width: 225px) 100vw, 225px\" \/><\/a> <a href=\"http:\/\/www2.unifap.br\/dqv\/files\/2017\/06\/fran.jpg\"><img decoding=\"async\" class=\"alignnone size-medium wp-image-600\" alt=\"fran\" src=\"http:\/\/www2.unifap.br\/dqv\/files\/2017\/06\/fran-300x300.jpg\" width=\"300\" height=\"300\" srcset=\"http:\/\/www2.unifap.br\/dqv\/files\/2017\/06\/fran-300x300.jpg 300w, http:\/\/www2.unifap.br\/dqv\/files\/2017\/06\/fran-150x150.jpg 150w, http:\/\/www2.unifap.br\/dqv\/files\/2017\/06\/fran-70x70.jpg 70w, http:\/\/www2.unifap.br\/dqv\/files\/2017\/06\/fran.jpg 640w\" sizes=\"(max-width: 300px) 100vw, 300px\" \/><\/a><\/p>\n<p>LUANA PAIVA RIBEIRO\u00a0 \u00a0 \u00a0 \u00a0 \u00a0 \u00a0 \u00a0 \u00a0 \u00a0 \u00a0 \u00a0 \u00a0 \u00a0 \u00a0 \u00a0 \u00a0 \u00a0 \u00a0 \u00a0 \u00a0 \u00a0 \u00a0 \u00a0 \u00a0FRANCIANE NUNES DE SOUZA<\/p>\n<p>Atividades;<br \/>\nAtendimento clinico, realizado individualmente.A nutricionista faz um diagn\u00f3stico nutricional para elaborar uma dieta que atenda \u00e0s necessidades do paciente. Para isso, investiga o estado de sa\u00fade do paciente, seus h\u00e1bitos alimentares e seu estilo de vida.<br \/>\n&#8211; Executar o Programa de Educa\u00e7\u00e3o Alimentar e Nutricional, o qual \u00e9 desenvolvido por meio de projetos de promo\u00e7\u00e3o a sa\u00fade e a h\u00e1bitos alimentares saud\u00e1veis.<\/p>\n","protected":false},"excerpt":{"rendered":"<p>LUANA PAIVA RIBEIRO\u00a0 \u00a0 \u00a0 \u00a0 \u00a0 \u00a0 \u00a0 \u00a0 \u00a0 \u00a0 \u00a0 \u00a0 \u00a0 \u00a0 \u00a0 \u00a0 \u00a0 \u00a0 \u00a0 \u00a0 \u00a0 \u00a0 \u00a0 \u00a0FRANCIANE NUNES DE SOUZA Atividades; Atendimento clinico, realizado individualmente.A nutricionista faz um diagn\u00f3stico nutricional para&hellip; <\/p>\n<p><a href=\"http:\/\/www2.unifap.br\/dqv\/programa-de-assistencia-a-saude-do-servidor-e-seus-dependentes\/atendimentos-individualizados\/nutricionistas\/\" class=\"readmore-button\">Continue Reading<\/a><\/p>\n","protected":false},"author":656,"featured_media":0,"parent":59,"menu_order":0,"comment_status":"open","ping_status":"open","template":"page-template-full.php","meta":{"inline_featured_image":false,"ngg_post_thumbnail":0,"footnotes":""},"class_list":["post-515","page","type-page","status-publish","hentry"],"_links":{"self":[{"href":"http:\/\/www2.unifap.br\/dqv\/wp-json\/wp\/v2\/pages\/515","targetHints":{"allow":["GET"]}}],"collection":[{"href":"http:\/\/www2.unifap.br\/dqv\/wp-json\/wp\/v2\/pages"}],"about":[{"href":"http:\/\/www2.unifap.br\/dqv\/wp-json\/wp\/v2\/types\/page"}],"author":[{"embeddable":true,"href":"http:\/\/www2.unifap.br\/dqv\/wp-json\/wp\/v2\/users\/656"}],"replies":[{"embeddable":true,"href":"http:\/\/www2.unifap.br\/dqv\/wp-json\/wp\/v2\/comments?post=515"}],"version-history":[{"count":6,"href":"http:\/\/www2.unifap.br\/dqv\/wp-json\/wp\/v2\/pages\/515\/revisions"}],"predecessor-version":[{"id":602,"href":"http:\/\/www2.unifap.br\/dqv\/wp-json\/wp\/v2\/pages\/515\/revisions\/602"}],"up":[{"embeddable":true,"href":"http:\/\/www2.unifap.br\/dqv\/wp-json\/wp\/v2\/pages\/59"}],"wp:attachment":[{"href":"http:\/\/www2.unifap.br\/dqv\/wp-json\/wp\/v2\/media?parent=515"}],"curies":[{"name":"wp","href":"https:\/\/api.w.org\/{rel}","templated":true}]}}