{"id":527,"date":"2017-06-01T21:44:19","date_gmt":"2017-06-01T21:44:19","guid":{"rendered":"http:\/\/www2.unifap.br\/dqv\/?page_id=527"},"modified":"2017-06-01T21:44:37","modified_gmt":"2017-06-01T21:44:37","slug":"enfermeiro","status":"publish","type":"page","link":"http:\/\/www2.unifap.br\/dqv\/programa-de-assistencia-a-saude-do-servidor-e-seus-dependentes\/atendimentos-individualizados\/enfermeiro\/","title":{"rendered":"Enfermeiro"},"content":{"rendered":"<p><a href=\"http:\/\/www2.unifap.br\/dqv\/files\/2017\/06\/fzsgeda.jpg\"><img fetchpriority=\"high\" decoding=\"async\" src=\"http:\/\/www2.unifap.br\/dqv\/files\/2017\/06\/fzsgeda-274x300.jpg\" alt=\"fzsgeda\" width=\"274\" height=\"300\" class=\"alignnone size-medium wp-image-528\" srcset=\"http:\/\/www2.unifap.br\/dqv\/files\/2017\/06\/fzsgeda-274x300.jpg 274w, http:\/\/www2.unifap.br\/dqv\/files\/2017\/06\/fzsgeda.jpg 385w\" sizes=\"(max-width: 274px) 100vw, 274px\" \/><\/a><\/p>\n<p>MIRIAM DA SILVEIRA PERRANDO<\/p>\n<p>Atividades;<br \/>\n&#8211; Consulta de Enfermagem;<br \/>\n&#8211; Executar Programa de Educa\u00e7\u00e3o em Sa\u00fade. <\/p>\n","protected":false},"excerpt":{"rendered":"<p>MIRIAM DA SILVEIRA PERRANDO Atividades; &#8211; Consulta de Enfermagem; &#8211; Executar Programa de Educa\u00e7\u00e3o em Sa\u00fade.<\/p>\n","protected":false},"author":656,"featured_media":0,"parent":59,"menu_order":0,"comment_status":"open","ping_status":"open","template":"","meta":{"inline_featured_image":false,"ngg_post_thumbnail":0,"footnotes":""},"class_list":["post-527","page","type-page","status-publish","hentry"],"_links":{"self":[{"href":"http:\/\/www2.unifap.br\/dqv\/wp-json\/wp\/v2\/pages\/527","targetHints":{"allow":["GET"]}}],"collection":[{"href":"http:\/\/www2.unifap.br\/dqv\/wp-json\/wp\/v2\/pages"}],"about":[{"href":"http:\/\/www2.unifap.br\/dqv\/wp-json\/wp\/v2\/types\/page"}],"author":[{"embeddable":true,"href":"http:\/\/www2.unifap.br\/dqv\/wp-json\/wp\/v2\/users\/656"}],"replies":[{"embeddable":true,"href":"http:\/\/www2.unifap.br\/dqv\/wp-json\/wp\/v2\/comments?post=527"}],"version-history":[{"count":2,"href":"http:\/\/www2.unifap.br\/dqv\/wp-json\/wp\/v2\/pages\/527\/revisions"}],"predecessor-version":[{"id":530,"href":"http:\/\/www2.unifap.br\/dqv\/wp-json\/wp\/v2\/pages\/527\/revisions\/530"}],"up":[{"embeddable":true,"href":"http:\/\/www2.unifap.br\/dqv\/wp-json\/wp\/v2\/pages\/59"}],"wp:attachment":[{"href":"http:\/\/www2.unifap.br\/dqv\/wp-json\/wp\/v2\/media?parent=527"}],"curies":[{"name":"wp","href":"https:\/\/api.w.org\/{rel}","templated":true}]}}