{"id":59,"date":"2014-10-09T11:35:29","date_gmt":"2014-10-09T11:35:29","guid":{"rendered":"http:\/\/www2.unifap.br\/dqv\/?page_id=59"},"modified":"2020-02-18T20:27:54","modified_gmt":"2020-02-18T20:27:54","slug":"atendimentos-individualizados","status":"publish","type":"page","link":"http:\/\/www2.unifap.br\/dqv\/programa-de-assistencia-a-saude-do-servidor-e-seus-dependentes\/atendimentos-individualizados\/","title":{"rendered":"Atendimentos ambulatoriais multiprofissionais"},"content":{"rendered":"<p><a href=\"http:\/\/www2.unifap.br\/dqv\/files\/2019\/03\/AGENDA.png\"><img fetchpriority=\"high\" decoding=\"async\" class=\" wp-image-994 alignnone\" src=\"http:\/\/www2.unifap.br\/dqv\/files\/2019\/03\/AGENDA.png\" alt=\"\" width=\"771\" height=\"578\" srcset=\"http:\/\/www2.unifap.br\/dqv\/files\/2019\/03\/AGENDA.png 960w, http:\/\/www2.unifap.br\/dqv\/files\/2019\/03\/AGENDA-300x225.png 300w, http:\/\/www2.unifap.br\/dqv\/files\/2019\/03\/AGENDA-768x576.png 768w\" sizes=\"(max-width: 771px) 100vw, 771px\" \/><\/a><\/p>\n<p>A Unifap por meio da Pr\u00f3-reitoria de Gest\u00e3o de Pessoas disponibiliza atendimento da equipe multiprofissional para seus servidores e dependentes, gratuitamente.\u00a0Dispomos de m\u00e9dico, enfermeira, nutricionistas e psic\u00f3logos.<\/p>\n<p>Fa\u00e7a o agendamento da sua consulta na Central de atendimento da PROGEP pessoalmente ou PELO TELEFONE\u00a0<img decoding=\"async\" src=\"https:\/\/static.xx.fbcdn.net\/images\/emoji.php\/v9\/fa6\/1.5\/16\/1f4de.png\" alt=\"\" width=\"16\" height=\"16\" \/>\u00a03312-1730.<\/p>\n<p>O m\u00e9dico atende por ordem de chegada e n\u00e3o precisa fazer o agendamento.<\/p>\n","protected":false},"excerpt":{"rendered":"<p>A Unifap por meio da Pr\u00f3-reitoria de Gest\u00e3o de Pessoas disponibiliza atendimento da equipe multiprofissional para seus servidores e dependentes, gratuitamente.\u00a0Dispomos de m\u00e9dico, enfermeira, nutricionistas e psic\u00f3logos. Fa\u00e7a o agendamento da sua consulta na Central de atendimento da PROGEP pessoalmente&hellip; <\/p>\n<p><a href=\"http:\/\/www2.unifap.br\/dqv\/programa-de-assistencia-a-saude-do-servidor-e-seus-dependentes\/atendimentos-individualizados\/\" class=\"readmore-button\">Continue Reading<\/a><\/p>\n","protected":false},"author":596,"featured_media":0,"parent":991,"menu_order":1,"comment_status":"open","ping_status":"open","template":"","meta":{"inline_featured_image":false,"ngg_post_thumbnail":0,"footnotes":""},"class_list":["post-59","page","type-page","status-publish","hentry"],"_links":{"self":[{"href":"http:\/\/www2.unifap.br\/dqv\/wp-json\/wp\/v2\/pages\/59","targetHints":{"allow":["GET"]}}],"collection":[{"href":"http:\/\/www2.unifap.br\/dqv\/wp-json\/wp\/v2\/pages"}],"about":[{"href":"http:\/\/www2.unifap.br\/dqv\/wp-json\/wp\/v2\/types\/page"}],"author":[{"embeddable":true,"href":"http:\/\/www2.unifap.br\/dqv\/wp-json\/wp\/v2\/users\/596"}],"replies":[{"embeddable":true,"href":"http:\/\/www2.unifap.br\/dqv\/wp-json\/wp\/v2\/comments?post=59"}],"version-history":[{"count":19,"href":"http:\/\/www2.unifap.br\/dqv\/wp-json\/wp\/v2\/pages\/59\/revisions"}],"predecessor-version":[{"id":1214,"href":"http:\/\/www2.unifap.br\/dqv\/wp-json\/wp\/v2\/pages\/59\/revisions\/1214"}],"up":[{"embeddable":true,"href":"http:\/\/www2.unifap.br\/dqv\/wp-json\/wp\/v2\/pages\/991"}],"wp:attachment":[{"href":"http:\/\/www2.unifap.br\/dqv\/wp-json\/wp\/v2\/media?parent=59"}],"curies":[{"name":"wp","href":"https:\/\/api.w.org\/{rel}","templated":true}]}}