{"id":63,"date":"2014-10-09T11:40:55","date_gmt":"2014-10-09T11:40:55","guid":{"rendered":"http:\/\/www2.unifap.br\/dqv\/?page_id=63"},"modified":"2018-08-02T12:21:46","modified_gmt":"2018-08-02T12:21:46","slug":"materias-de-nutricao","status":"publish","type":"page","link":"http:\/\/www2.unifap.br\/dqv\/materias-de-nutricao\/","title":{"rendered":"Programa de Educa\u00e7\u00e3o Alimentar e Nutricional"},"content":{"rendered":"<p>O Programa de Educa\u00e7\u00e3o Alimentar e Nutricional \u00e9 desenvolvido por a\u00e7\u00f5es de promo\u00e7\u00e3o a sa\u00fade e a h\u00e1bitos alimentares saud\u00e1veis.<\/p>\n<p>A\u00e7\u00f5es desenvolvidas:<\/p>\n<ol>\n<li>Programa de r\u00e1dio &#8211; Dicas da Nutri: Todas as quartas-feiras, \u00e0s 14h, com objetivo de p<span style=\"line-height: 1.5em\">romover educa\u00e7\u00e3o alimentar e nutricional para a comunidade acad\u00eamica e a popula\u00e7\u00e3o de Macap\u00e1, com foco na promo\u00e7\u00e3o do autocuidado e da autonomia alimentar.<\/span><\/li>\n<li>Oficinas de Nutri\u00e7\u00e3o: p\u00fablicos variados, direcionados para crian\u00e7as, adolescentes, grupos portadores de doen\u00e7as cr\u00f4nicas n\u00e3o transmiss\u00edveis, ou outros.<\/li>\n<li>A\u00e7\u00f5es em eventos: Promo\u00e7\u00e3o da alimenta\u00e7\u00e3o saud\u00e1vel com orienta\u00e7\u00e3o nutricional, medi\u00e7\u00e3o de peso e altura, em a\u00e7\u00f5es promovidas pela PROGEP\/DDP\/DQV.<\/li>\n<\/ol>\n","protected":false},"excerpt":{"rendered":"<p>O Programa de Educa\u00e7\u00e3o Alimentar e Nutricional \u00e9 desenvolvido por a\u00e7\u00f5es de promo\u00e7\u00e3o a sa\u00fade e a h\u00e1bitos alimentares saud\u00e1veis. A\u00e7\u00f5es desenvolvidas: Programa de r\u00e1dio &#8211; Dicas da Nutri: Todas as quartas-feiras, \u00e0s 14h, com objetivo de promover educa\u00e7\u00e3o alimentar&hellip; <\/p>\n<p><a href=\"http:\/\/www2.unifap.br\/dqv\/materias-de-nutricao\/\" class=\"readmore-button\">Continue Reading<\/a><\/p>\n","protected":false},"author":596,"featured_media":0,"parent":0,"menu_order":0,"comment_status":"open","ping_status":"open","template":"","meta":{"inline_featured_image":false,"ngg_post_thumbnail":0,"footnotes":""},"class_list":["post-63","page","type-page","status-publish","hentry"],"_links":{"self":[{"href":"http:\/\/www2.unifap.br\/dqv\/wp-json\/wp\/v2\/pages\/63","targetHints":{"allow":["GET"]}}],"collection":[{"href":"http:\/\/www2.unifap.br\/dqv\/wp-json\/wp\/v2\/pages"}],"about":[{"href":"http:\/\/www2.unifap.br\/dqv\/wp-json\/wp\/v2\/types\/page"}],"author":[{"embeddable":true,"href":"http:\/\/www2.unifap.br\/dqv\/wp-json\/wp\/v2\/users\/596"}],"replies":[{"embeddable":true,"href":"http:\/\/www2.unifap.br\/dqv\/wp-json\/wp\/v2\/comments?post=63"}],"version-history":[{"count":9,"href":"http:\/\/www2.unifap.br\/dqv\/wp-json\/wp\/v2\/pages\/63\/revisions"}],"predecessor-version":[{"id":593,"href":"http:\/\/www2.unifap.br\/dqv\/wp-json\/wp\/v2\/pages\/63\/revisions\/593"}],"wp:attachment":[{"href":"http:\/\/www2.unifap.br\/dqv\/wp-json\/wp\/v2\/media?parent=63"}],"curies":[{"name":"wp","href":"https:\/\/api.w.org\/{rel}","templated":true}]}}