{"id":65,"date":"2014-10-09T11:43:44","date_gmt":"2014-10-09T11:43:44","guid":{"rendered":"http:\/\/www2.unifap.br\/dqv\/?page_id=65"},"modified":"2016-08-05T14:44:29","modified_gmt":"2016-08-05T14:44:29","slug":"atividades-fisicas","status":"publish","type":"page","link":"http:\/\/www2.unifap.br\/dqv\/atividades-fisicas\/","title":{"rendered":"Programa de Praticas Corporais e Atividades F\u00edsicas."},"content":{"rendered":"<p>Confira quais as programa\u00e7\u00f5es que a Divis\u00e3o de Qualidade de Vida (DQV) oferece para voc\u00ea!<\/p>\n","protected":false},"excerpt":{"rendered":"<p>Confira quais as programa\u00e7\u00f5es que a Divis\u00e3o de Qualidade de Vida (DQV) oferece para voc\u00ea!<\/p>\n","protected":false},"author":596,"featured_media":0,"parent":0,"menu_order":0,"comment_status":"open","ping_status":"closed","template":"","meta":{"inline_featured_image":false,"ngg_post_thumbnail":0,"footnotes":""},"class_list":["post-65","page","type-page","status-publish","hentry"],"_links":{"self":[{"href":"http:\/\/www2.unifap.br\/dqv\/wp-json\/wp\/v2\/pages\/65","targetHints":{"allow":["GET"]}}],"collection":[{"href":"http:\/\/www2.unifap.br\/dqv\/wp-json\/wp\/v2\/pages"}],"about":[{"href":"http:\/\/www2.unifap.br\/dqv\/wp-json\/wp\/v2\/types\/page"}],"author":[{"embeddable":true,"href":"http:\/\/www2.unifap.br\/dqv\/wp-json\/wp\/v2\/users\/596"}],"replies":[{"embeddable":true,"href":"http:\/\/www2.unifap.br\/dqv\/wp-json\/wp\/v2\/comments?post=65"}],"version-history":[{"count":4,"href":"http:\/\/www2.unifap.br\/dqv\/wp-json\/wp\/v2\/pages\/65\/revisions"}],"predecessor-version":[{"id":334,"href":"http:\/\/www2.unifap.br\/dqv\/wp-json\/wp\/v2\/pages\/65\/revisions\/334"}],"wp:attachment":[{"href":"http:\/\/www2.unifap.br\/dqv\/wp-json\/wp\/v2\/media?parent=65"}],"curies":[{"name":"wp","href":"https:\/\/api.w.org\/{rel}","templated":true}]}}