{"id":651,"date":"2018-09-05T14:30:29","date_gmt":"2018-09-05T14:30:29","guid":{"rendered":"http:\/\/www2.unifap.br\/dqv\/?page_id=651"},"modified":"2018-09-05T14:31:43","modified_gmt":"2018-09-05T14:31:43","slug":"calendario-de-saude","status":"publish","type":"page","link":"http:\/\/www2.unifap.br\/dqv\/acompanhamento-de-grupos-de-risco\/calendario-de-saude\/","title":{"rendered":"Calend\u00e1rio de sa\u00fade"},"content":{"rendered":"<p>Janeiro<br \/>\n02\/01 &#8211; Dia do Sanitarista<br \/>\n02\/01 &#8211; Dia Nacional da Abreugrafia<br \/>\n04\/01 &#8211; Dia do Hemof\u00edlico<br \/>\n19\/01 &#8211; Dia Mundial do Terapeuta Ocupacional<br \/>\n20\/01 &#8211; Dia do Farmac\u00eautico<br \/>\n24\/01 &#8211; Dia da Previd\u00eancia Social e do Aposentado<br \/>\n30\/01 &#8211; Dia da N\u00e3o Viol\u00eancia<\/p>\n<p>Fevereiro<br \/>\n04\/02 &#8211; Dia Mundial do C\u00e2ncer (OMS)<br \/>\n05\/02 &#8211; Dia Nacional da Mamografia<br \/>\n05\/02 &#8211; Dia da Papiloscopia<br \/>\n07\/02 &#8211; Dia Nacional de Luta dos Povos Ind\u00edgenas<\/p>\n<p>Mar\u00e7o<br \/>\n08\/03 &#8211; Dia Internacional da Mulher<br \/>\n21\/03 &#8211; Dia Nacional da S\u00edndrome de Down<br \/>\n21\/03 &#8211; Dia Mundial da Inf\u00e2ncia<br \/>\n21\/03 &#8211; Dia Internacional contra a Discrimina\u00e7\u00e3o Racial<br \/>\n22\/03 &#8211; Dia Mundial da \u00c1gua (OMS)<br \/>\n24\/03 &#8211; Dia Mundial de Combate \u00e0 Tuberculose<br \/>\n31\/03 &#8211; Dia da Sa\u00fade e da Nutri\u00e7\u00e3o<\/p>\n<p>Abril<br \/>\n04\/04 &#8211; Dia Nacional do Parkinsoniano<br \/>\n06\/04 &#8211; Dia Mundial da Atividade F\u00edsica<br \/>\n07\/04 &#8211; Dia Mundial da Sa\u00fade<br \/>\n08\/04 &#8211; Dia Nacional do Sistema Braille<br \/>\n08\/04 &#8211; Dia Mundial de Luta Contra o C\u00e2ncer<br \/>\n14\/04 &#8211; Dia do T\u00e9cnico em Servi\u00e7o de Sa\u00fade<br \/>\n16\/04 &#8211; Dia Nacional da Voz<br \/>\n17\/04 &#8211; Dia Internacional da Hemofilia<br \/>\n26\/04 &#8211; Dia Nacional de Preven\u00e7\u00e3o e Combate \u00e0 Hipertens\u00e3o Arterial<br \/>\n30\/04 &#8211; Dia Nacional da Mulher<\/p>\n<p>Maio<br \/>\n01\/05 &#8211; Dia Internacional do Trabalhador<br \/>\n08\/05 &#8211; Dia Internacional da Cruz Vermelha<br \/>\n12\/05 &#8211; Dia da Enfermagem<br \/>\n15\/05 &#8211; Dia do Assistente Social<br \/>\n15\/05 &#8211; Dia Nacional do Controle das Infec\u00e7\u00f5es Hospitalares<br \/>\n18\/05 &#8211; Dia Nacional de Combate ao Abuso e Explora\u00e7\u00e3o Sexual de Crian\u00e7as e Adolescentes<br \/>\n18\/05 &#8211; Dia Nacional da Luta Antimanicomial<br \/>\n25\/05 &#8211; Dia do Massagista<br \/>\n26\/05 &#8211; Dia Nacional de Combate ao Glaucoma<br \/>\n28\/05 &#8211; Dia Internacional de Luta Pela Sa\u00fade da Mulher<br \/>\n28\/05 &#8211; Dia Nacional de Redu\u00e7\u00e3o da Mortalidade Materna<br \/>\n29\/05 &#8211; Dia Mundial da Sa\u00fade Digestiva<br \/>\n31\/05 &#8211; O Dia Mundial Sem Tabaco<\/p>\n<p>Junho<br \/>\n05\/06 &#8211; Dia Mundial do Meio Ambiente<br \/>\n06\/06 &#8211; Dia Nacional de Luta contra Queimaduras<br \/>\n06\/06 &#8211; Dia Nacional do Teste do Pezinho<br \/>\n09\/06 &#8211; Dia da Imuniza\u00e7\u00e3o<br \/>\n11\/06 &#8211; Dia do Educador Sanit\u00e1rio<br \/>\n14\/06 &#8211; Dia Mundial do Doador de Sangue<br \/>\n21\/06 &#8211; Dia Nacional de Controle da Asma<br \/>\n26\/06 &#8211; Dia Internacional de Apoio \u00e0s V\u00edtimas da Tortura<br \/>\n26\/06 &#8211; Dia Internacional sobre o Abuso e Tr\u00e1fico Il\u00edcito de Drogas<\/p>\n<p>Julho<br \/>\n02\/07 &#8211; Dia do Hospital<br \/>\n10\/07 &#8211; Dia da Sa\u00fade Ocular<br \/>\n13\/07 &#8211; Dia do Estatuto da Crian\u00e7a e do Adolescente<br \/>\n25\/07 &#8211; Anivers\u00e1rio de Cria\u00e7\u00e3o do Minist\u00e9rio da Sa\u00fade<br \/>\n28\/07 &#8211; Dia Nacional da Preven\u00e7\u00e3o de Acidentes do Trabalho<br \/>\n28\/07 &#8211; Dia Mundial de Luta Contra as Hepatites Virais<\/p>\n<p>Agosto<br \/>\n01\/08 &#8211; Semana Mundial da Amamenta\u00e7\u00e3o<br \/>\n05\/08 &#8211; Dia Nacional da Sa\u00fade<br \/>\n05\/08 &#8211; Dia da Farm\u00e1cia<br \/>\n08\/08 &#8211; Dia Nacional de Combate ao Colesterol<br \/>\n24\/08 &#8211; Dia da Inf\u00e2ncia<br \/>\n27\/08 &#8211; Dia do Psic\u00f3logo<br \/>\n28\/08 &#8211; Dia Nacional de Combate e Preven\u00e7\u00e3o ao Escalpelamento<br \/>\n29\/08 &#8211; Dia Nacional de Combate ao Fumo<br \/>\n31\/08 &#8211; Dia do Nutricionista<\/p>\n<p>Setembro<br \/>\n01\/09 &#8211; Dia do Profissional de Educa\u00e7\u00e3o F\u00edsica.<br \/>\n03\/09 &#8211; Dia do Bi\u00f3logo<br \/>\n05\/09 &#8211; Dia Nacional de Conscientiza\u00e7\u00e3o e Divulga\u00e7\u00e3o da Fibrose C\u00edstica<br \/>\n05\/09 &#8211; Dia do Oficial de Farm\u00e1cia<br \/>\n08\/09 &#8211; Dia Mundial da Raiva<br \/>\n08\/09 &#8211; Dia Nacional de Luta por Medicamento<br \/>\n09\/09 &#8211; Dia do Veterin\u00e1rio<br \/>\n10\/09 &#8211; Dia Mundial de Preven\u00e7\u00e3o ao Suic\u00eddio<br \/>\n19\/09 &#8211; Dia do Engenheiro de Saneamento<br \/>\n21\/09 &#8211; Dia Nacional de Luta da Pessoa Portadora de Defici\u00eancia<br \/>\n27\/09 &#8211; Dia Nacional da Doa\u00e7\u00e3o de \u00d3rg\u00e3os<br \/>\n29\/09 &#8211; Dia Mundial do Cora\u00e7\u00e3o<\/p>\n<p>Outubro<br \/>\n01\/10 &#8211; Dia Nacional de Doa\u00e7\u00e3o do Leite Humano<br \/>\n01\/10 &#8211; Dia Nacional do Idoso<br \/>\n03\/10 &#8211; Dia Mundial do Dentista<br \/>\n04\/10 &#8211; Dia Nacional do Agente Comunit\u00e1rio de Sa\u00fade<br \/>\n10\/10 &#8211; Dia Mundial da Sa\u00fade Mental<br \/>\n11\/10 &#8211; Dia Nacional de Preven\u00e7\u00e3o da Obesidade<br \/>\n11\/10 &#8211; Dia do Deficiente F\u00edsico<br \/>\n12\/10 &#8211; Semana Nacional de Preven\u00e7\u00e3o da Viol\u00eancia na Primeira Inf\u00e2ncia<br \/>\n13\/10 &#8211; Dia do Terapeuta Ocupacional e Fisioterapeuta<br \/>\n16\/10 &#8211; Dia Mundial da Alimenta\u00e7\u00e3o<br \/>\n17\/10 &#8211; Dia Nacional da Vacina\u00e7\u00e3o<br \/>\n18\/10 &#8211; Dia do M\u00e9dico<br \/>\n20\/10 &#8211; Dia Mundial e Nacional da Osteoporose<br \/>\n25\/10 &#8211; Dia Nacional da Sa\u00fade Bucal<br \/>\n25\/10 &#8211; Dia do Cirurgi\u00e3o Dentista<br \/>\n27\/10 &#8211; Dia Nacional de Mobiliza\u00e7\u00e3o Pr\u00f3-Sa\u00fade da Popula\u00e7\u00e3o Negra<br \/>\n27\/10 &#8211; Dia Nacional de Luta pelos Direitos das Pessoas com Doen\u00e7as Falciformes<br \/>\n29\/10 &#8211; Dia Nacional e Mundial da Psor\u00edase<br \/>\n30\/10 &#8211; Dia Nacional de Luta contra o Reumatismo<\/p>\n<p>Novembro<br \/>\n10\/11 &#8211; Dia Nacional da Surdez<br \/>\n14\/11 &#8211; Dia Mundial do Diabetes<br \/>\n16\/11 &#8211; Dia Nacional dos Ostomizados<br \/>\n20\/11 &#8211; Dia da Consci\u00eancia Negra<\/p>\n<p>http:\/\/portalms.saude.gov.br\/calendario-da-saude<\/p>\n","protected":false},"excerpt":{"rendered":"<p>Janeiro 02\/01 &#8211; Dia do Sanitarista 02\/01 &#8211; Dia Nacional da Abreugrafia 04\/01 &#8211; Dia do Hemof\u00edlico 19\/01 &#8211; Dia Mundial do Terapeuta Ocupacional 20\/01 &#8211; Dia do Farmac\u00eautico 24\/01 &#8211; Dia da Previd\u00eancia Social e do Aposentado 30\/01 &#8211;&hellip; <\/p>\n<p><a href=\"http:\/\/www2.unifap.br\/dqv\/acompanhamento-de-grupos-de-risco\/calendario-de-saude\/\" class=\"readmore-button\">Continue Reading<\/a><\/p>\n","protected":false},"author":656,"featured_media":0,"parent":71,"menu_order":0,"comment_status":"open","ping_status":"open","template":"","meta":{"inline_featured_image":false,"ngg_post_thumbnail":0,"footnotes":""},"class_list":["post-651","page","type-page","status-publish","hentry"],"_links":{"self":[{"href":"http:\/\/www2.unifap.br\/dqv\/wp-json\/wp\/v2\/pages\/651","targetHints":{"allow":["GET"]}}],"collection":[{"href":"http:\/\/www2.unifap.br\/dqv\/wp-json\/wp\/v2\/pages"}],"about":[{"href":"http:\/\/www2.unifap.br\/dqv\/wp-json\/wp\/v2\/types\/page"}],"author":[{"embeddable":true,"href":"http:\/\/www2.unifap.br\/dqv\/wp-json\/wp\/v2\/users\/656"}],"replies":[{"embeddable":true,"href":"http:\/\/www2.unifap.br\/dqv\/wp-json\/wp\/v2\/comments?post=651"}],"version-history":[{"count":3,"href":"http:\/\/www2.unifap.br\/dqv\/wp-json\/wp\/v2\/pages\/651\/revisions"}],"predecessor-version":[{"id":655,"href":"http:\/\/www2.unifap.br\/dqv\/wp-json\/wp\/v2\/pages\/651\/revisions\/655"}],"up":[{"embeddable":true,"href":"http:\/\/www2.unifap.br\/dqv\/wp-json\/wp\/v2\/pages\/71"}],"wp:attachment":[{"href":"http:\/\/www2.unifap.br\/dqv\/wp-json\/wp\/v2\/media?parent=651"}],"curies":[{"name":"wp","href":"https:\/\/api.w.org\/{rel}","templated":true}]}}