{"id":67,"date":"2014-10-09T11:49:49","date_gmt":"2014-10-09T11:49:49","guid":{"rendered":"http:\/\/www2.unifap.br\/dqv\/?page_id=67"},"modified":"2016-07-28T12:36:30","modified_gmt":"2016-07-28T12:36:30","slug":"ginastica-laboral","status":"publish","type":"page","link":"http:\/\/www2.unifap.br\/dqv\/atividades-fisicas\/ginastica-laboral\/","title":{"rendered":"Gin\u00e1stica Laboral &#8211; GEAP"},"content":{"rendered":"<p><strong>Mas, afinal, o que \u00e9 gin\u00e1stica laboral?<\/strong><br \/>\nGin\u00e1stica Laboral \u00e9 a atividade f\u00edsica orientada, praticada durante o hor\u00e1rio do expediente, visando benef\u00edcios pessoais no trabalho. Tem como objetivo minimizar os impactos negativos oriundos do sedentarismo na vida e na sa\u00fade do trabalhador.<br \/>\nOs benef\u00edcios dependem diretamente do tipo de trabalho realizado. A maioria dos exerc\u00edcios tenta diminuir o efeito da solicita\u00e7\u00e3o constante a que \u00e9 submetido um trabalhador ao executar determinada tarefa, seja ela uma tarefa f\u00edsica ou n\u00e3o.<\/p>\n<p><strong>Servi\u00e7o<\/strong><br \/>\nMomento de gin\u00e1stica laboral com a equipe do Geap e aferi\u00e7\u00e3o de press\u00e3o arterial, voltado para os servidores da Unifap, todas as quintas, \u00e0s 10h, no hall da PROGEP. Mais informa\u00e7\u00f5es com a equipe da Divis\u00e3o de Qualidade de Vida ou pelo ramal 1728.<\/p>\n","protected":false},"excerpt":{"rendered":"<p>Mas, afinal, o que \u00e9 gin\u00e1stica laboral? Gin\u00e1stica Laboral \u00e9 a atividade f\u00edsica orientada, praticada durante o hor\u00e1rio do expediente, visando benef\u00edcios pessoais no trabalho. Tem como objetivo minimizar os impactos negativos oriundos do sedentarismo na vida e na sa\u00fade&hellip; <\/p>\n<p><a href=\"http:\/\/www2.unifap.br\/dqv\/atividades-fisicas\/ginastica-laboral\/\" class=\"readmore-button\">Continue Reading<\/a><\/p>\n","protected":false},"author":596,"featured_media":0,"parent":65,"menu_order":0,"comment_status":"open","ping_status":"open","template":"","meta":{"inline_featured_image":false,"ngg_post_thumbnail":0,"footnotes":""},"class_list":["post-67","page","type-page","status-publish","hentry"],"_links":{"self":[{"href":"http:\/\/www2.unifap.br\/dqv\/wp-json\/wp\/v2\/pages\/67","targetHints":{"allow":["GET"]}}],"collection":[{"href":"http:\/\/www2.unifap.br\/dqv\/wp-json\/wp\/v2\/pages"}],"about":[{"href":"http:\/\/www2.unifap.br\/dqv\/wp-json\/wp\/v2\/types\/page"}],"author":[{"embeddable":true,"href":"http:\/\/www2.unifap.br\/dqv\/wp-json\/wp\/v2\/users\/596"}],"replies":[{"embeddable":true,"href":"http:\/\/www2.unifap.br\/dqv\/wp-json\/wp\/v2\/comments?post=67"}],"version-history":[{"count":2,"href":"http:\/\/www2.unifap.br\/dqv\/wp-json\/wp\/v2\/pages\/67\/revisions"}],"predecessor-version":[{"id":309,"href":"http:\/\/www2.unifap.br\/dqv\/wp-json\/wp\/v2\/pages\/67\/revisions\/309"}],"up":[{"embeddable":true,"href":"http:\/\/www2.unifap.br\/dqv\/wp-json\/wp\/v2\/pages\/65"}],"wp:attachment":[{"href":"http:\/\/www2.unifap.br\/dqv\/wp-json\/wp\/v2\/media?parent=67"}],"curies":[{"name":"wp","href":"https:\/\/api.w.org\/{rel}","templated":true}]}}