{"id":688,"date":"2018-10-03T13:00:11","date_gmt":"2018-10-03T13:00:11","guid":{"rendered":"http:\/\/www2.unifap.br\/dqv\/?page_id=688"},"modified":"2018-10-03T13:00:11","modified_gmt":"2018-10-03T13:00:11","slug":"outubro-rosa","status":"publish","type":"page","link":"http:\/\/www2.unifap.br\/dqv\/acompanhamento-de-grupos-de-risco\/outubro-rosa\/","title":{"rendered":"Outubro Rosa"},"content":{"rendered":"<p>PROJETO OUTUBRO ROSA<\/p>\n<p><a href=\"http:\/\/www2.unifap.br\/dqv\/files\/2018\/10\/A\u00c7\u00c3O-2018.png\"><img fetchpriority=\"high\" decoding=\"async\" src=\"http:\/\/www2.unifap.br\/dqv\/files\/2018\/10\/A\u00c7\u00c3O-2018-300x225.png\" alt=\"A\u00c7\u00c3O 2018\" width=\"300\" height=\"225\" class=\"alignnone size-medium wp-image-685\" srcset=\"http:\/\/www2.unifap.br\/dqv\/files\/2018\/10\/A\u00c7\u00c3O-2018-300x225.png 300w, http:\/\/www2.unifap.br\/dqv\/files\/2018\/10\/A\u00c7\u00c3O-2018.png 960w\" sizes=\"(max-width: 300px) 100vw, 300px\" \/><\/a><br \/>\nOutubro de 2018<br \/>\n\u2003<br \/>\nJustificativa<br \/>\n\tAtualmente com uma rotina di\u00e1ria acelerada e atribulada n\u00e3o paramos para cuidar de nossa sa\u00fade. A mulher na desempenha em seu dia in\u00fameros pap\u00e9is, \u00e9 trabalhadora, \u00e9 estudante, \u00e9 m\u00e3e e ainda desenvolve as atividades do lar. O m\u00eas de outubro \u00e9 mundialmente conhecido como outubro rosa essa campanha incentiva a promo\u00e7\u00e3o a sa\u00fade feminina com atividades voltadas a preven\u00e7\u00e3o do c\u00e2ncer de mama.<br \/>\n\tSabe-se que o cuidado a sa\u00fade deve ocupar sempre um espa\u00e7o em nosso dia e n\u00e3o apenas um per\u00edodo do ano, por\u00e9m a\u00e7\u00f5es intensificadas s\u00e3o importantes para motivar e incentivar as mulheres a estarem atentas para os sinais do corpo. Uma doen\u00e7a como c\u00e2ncer de mama se detectada precocemente permite, muitas vezes, um bom progn\u00f3stico.<br \/>\n\tDados do Instituto Nacional de C\u00e2ncer Jos\u00e9 Alencar Gomes da Silva (INCA) estima-se 59.700 novos casos de c\u00e2ncer de mama para 2018\/2019. Sendo que, na regi\u00e3o norte \u00e9 o segundo tipo de tumor mais incidente (19,21\/mil) (INCA, 2017).<br \/>\n\tNesse sentido, a Divis\u00e3o de Qualidade de Vida est\u00e1 desenvolvendo uma campanha para incentivo dos cuidados \u00e0 sa\u00fade da mulher. Promovendo entre os servidores e seus dependentes  a import\u00e2ncia de cuidar da sa\u00fade da mulher.\t<\/p>\n<p>P\u00fablico alvo<br \/>\nServidores da UNIFAP e seus dependentes.<br \/>\nObjetivo Geral<br \/>\nPromover o incentivo e a motiva\u00e7\u00e3o para o cuidado com \u00e0 sa\u00fade da mulher.<br \/>\nObjetivos Espec\u00edficos<br \/>\n\u2022\tAtuar na motiva\u00e7\u00e3o da comunidade da Unifap (servidores e seus dependentes) na campanha outubro rosa;<\/p>\n","protected":false},"excerpt":{"rendered":"<p>PROJETO OUTUBRO ROSA Outubro de 2018 \u2003 Justificativa Atualmente com uma rotina di\u00e1ria acelerada e atribulada n\u00e3o paramos para cuidar de nossa sa\u00fade. A mulher na desempenha em seu dia in\u00fameros pap\u00e9is, \u00e9 trabalhadora, \u00e9 estudante, \u00e9 m\u00e3e e ainda&hellip; <\/p>\n<p><a href=\"http:\/\/www2.unifap.br\/dqv\/acompanhamento-de-grupos-de-risco\/outubro-rosa\/\" class=\"readmore-button\">Continue Reading<\/a><\/p>\n","protected":false},"author":656,"featured_media":0,"parent":71,"menu_order":0,"comment_status":"open","ping_status":"open","template":"","meta":{"inline_featured_image":false,"ngg_post_thumbnail":0,"footnotes":""},"class_list":["post-688","page","type-page","status-publish","hentry"],"_links":{"self":[{"href":"http:\/\/www2.unifap.br\/dqv\/wp-json\/wp\/v2\/pages\/688","targetHints":{"allow":["GET"]}}],"collection":[{"href":"http:\/\/www2.unifap.br\/dqv\/wp-json\/wp\/v2\/pages"}],"about":[{"href":"http:\/\/www2.unifap.br\/dqv\/wp-json\/wp\/v2\/types\/page"}],"author":[{"embeddable":true,"href":"http:\/\/www2.unifap.br\/dqv\/wp-json\/wp\/v2\/users\/656"}],"replies":[{"embeddable":true,"href":"http:\/\/www2.unifap.br\/dqv\/wp-json\/wp\/v2\/comments?post=688"}],"version-history":[{"count":1,"href":"http:\/\/www2.unifap.br\/dqv\/wp-json\/wp\/v2\/pages\/688\/revisions"}],"predecessor-version":[{"id":689,"href":"http:\/\/www2.unifap.br\/dqv\/wp-json\/wp\/v2\/pages\/688\/revisions\/689"}],"up":[{"embeddable":true,"href":"http:\/\/www2.unifap.br\/dqv\/wp-json\/wp\/v2\/pages\/71"}],"wp:attachment":[{"href":"http:\/\/www2.unifap.br\/dqv\/wp-json\/wp\/v2\/media?parent=688"}],"curies":[{"name":"wp","href":"https:\/\/api.w.org\/{rel}","templated":true}]}}