{"id":698,"date":"2018-11-22T21:22:29","date_gmt":"2018-11-22T21:22:29","guid":{"rendered":"http:\/\/www2.unifap.br\/dqv\/?page_id=698"},"modified":"2018-11-22T21:23:10","modified_gmt":"2018-11-22T21:23:10","slug":"colegio-estacao","status":"publish","type":"page","link":"http:\/\/www2.unifap.br\/dqv\/clube-de-vantagens\/educacao\/colegio-estacao\/","title":{"rendered":"Col\u00e9gio Esta\u00e7\u00e3o"},"content":{"rendered":"<p><a href=\"http:\/\/www2.unifap.br\/dqv\/files\/2018\/11\/OFICIO.jpg\"><img fetchpriority=\"high\" decoding=\"async\" src=\"http:\/\/www2.unifap.br\/dqv\/files\/2018\/11\/OFICIO-207x300.jpg\" alt=\"OFICIO\" width=\"207\" height=\"300\" class=\"alignnone size-medium wp-image-700\" srcset=\"http:\/\/www2.unifap.br\/dqv\/files\/2018\/11\/OFICIO-207x300.jpg 207w, http:\/\/www2.unifap.br\/dqv\/files\/2018\/11\/OFICIO-709x1024.jpg 709w\" sizes=\"(max-width: 207px) 100vw, 207px\" \/><\/a><a href=\"http:\/\/www2.unifap.br\/dqv\/files\/2018\/11\/20181122_180448.jpg\"><img decoding=\"async\" src=\"http:\/\/www2.unifap.br\/dqv\/files\/2018\/11\/20181122_180448-201x300.jpg\" alt=\"20181122_180448\" width=\"201\" height=\"300\" class=\"alignnone size-medium wp-image-699\" srcset=\"http:\/\/www2.unifap.br\/dqv\/files\/2018\/11\/20181122_180448-201x300.jpg 201w, http:\/\/www2.unifap.br\/dqv\/files\/2018\/11\/20181122_180448-689x1024.jpg 689w\" sizes=\"(max-width: 201px) 100vw, 201px\" \/><\/a><\/p>\n","protected":false},"excerpt":{"rendered":"","protected":false},"author":656,"featured_media":0,"parent":696,"menu_order":0,"comment_status":"open","ping_status":"open","template":"","meta":{"inline_featured_image":false,"ngg_post_thumbnail":0,"footnotes":""},"class_list":["post-698","page","type-page","status-publish","hentry"],"_links":{"self":[{"href":"http:\/\/www2.unifap.br\/dqv\/wp-json\/wp\/v2\/pages\/698","targetHints":{"allow":["GET"]}}],"collection":[{"href":"http:\/\/www2.unifap.br\/dqv\/wp-json\/wp\/v2\/pages"}],"about":[{"href":"http:\/\/www2.unifap.br\/dqv\/wp-json\/wp\/v2\/types\/page"}],"author":[{"embeddable":true,"href":"http:\/\/www2.unifap.br\/dqv\/wp-json\/wp\/v2\/users\/656"}],"replies":[{"embeddable":true,"href":"http:\/\/www2.unifap.br\/dqv\/wp-json\/wp\/v2\/comments?post=698"}],"version-history":[{"count":3,"href":"http:\/\/www2.unifap.br\/dqv\/wp-json\/wp\/v2\/pages\/698\/revisions"}],"predecessor-version":[{"id":703,"href":"http:\/\/www2.unifap.br\/dqv\/wp-json\/wp\/v2\/pages\/698\/revisions\/703"}],"up":[{"embeddable":true,"href":"http:\/\/www2.unifap.br\/dqv\/wp-json\/wp\/v2\/pages\/696"}],"wp:attachment":[{"href":"http:\/\/www2.unifap.br\/dqv\/wp-json\/wp\/v2\/media?parent=698"}],"curies":[{"name":"wp","href":"https:\/\/api.w.org\/{rel}","templated":true}]}}