{"id":71,"date":"2014-10-09T11:56:27","date_gmt":"2014-10-09T11:56:27","guid":{"rendered":"http:\/\/www2.unifap.br\/dqv\/?page_id=71"},"modified":"2018-09-05T12:33:49","modified_gmt":"2018-09-05T12:33:49","slug":"acompanhamento-de-grupos-de-risco","status":"publish","type":"page","link":"http:\/\/www2.unifap.br\/dqv\/acompanhamento-de-grupos-de-risco\/","title":{"rendered":"Programa Educa\u00e7\u00e3o em Sa\u00fade na UNIFAP"},"content":{"rendered":"<p><b>EIXOS DO PROGRAMA<\/b><\/p>\n<p>O Plano fundamenta-se no delineamento de diretrizes e a\u00e7\u00f5es em:<\/p>\n<p>a) vigil\u00e2ncia, informa\u00e7\u00e3o, avalia\u00e7\u00e3o e monitoramento. Os tr\u00eas componentes essenciais da vigil\u00e2ncia de DCNT ser\u00e3o:<\/p>\n<p>i.\u00a0\u00a0\u00a0\u00a0\u00a0\u00a0\u00a0\u00a0\u00a0\u00a0\u00a0 Monitoramento dos fatores de risco;<\/p>\n<p>ii.\u00a0\u00a0\u00a0\u00a0\u00a0\u00a0\u00a0\u00a0\u00a0\u00a0\u00a0 Monitoramento da morbidade espec\u00edfica das doen\u00e7as.<\/p>\n<p>b) promo\u00e7\u00e3o da sa\u00fade, nos temas:<\/p>\n<p>i.\u00a0\u00a0\u00a0\u00a0\u00a0\u00a0\u00a0\u00a0\u00a0\u00a0\u00a0 Atividade f\u00edsica;<\/p>\n<p>ii.\u00a0\u00a0\u00a0\u00a0\u00a0\u00a0\u00a0\u00a0\u00a0\u00a0\u00a0 Alimenta\u00e7\u00e3o saud\u00e1vel;<\/p>\n<p>iii.\u00a0\u00a0\u00a0\u00a0\u00a0\u00a0\u00a0\u00a0\u00a0\u00a0\u00a0 Tabagismo e \u00e1lcool<\/p>\n<p>c) cuidado integral<\/p>\n<p>Atendimento ambulatorial individualizado multiprofissional (m\u00e9dico, nutricionista e psic\u00f3logo).<\/p>\n<p>&nbsp;<\/p>\n","protected":false},"excerpt":{"rendered":"<p>EIXOS DO PROGRAMA O Plano fundamenta-se no delineamento de diretrizes e a\u00e7\u00f5es em: a) vigil\u00e2ncia, informa\u00e7\u00e3o, avalia\u00e7\u00e3o e monitoramento. Os tr\u00eas componentes essenciais da vigil\u00e2ncia de DCNT ser\u00e3o: i.\u00a0\u00a0\u00a0\u00a0\u00a0\u00a0\u00a0\u00a0\u00a0\u00a0\u00a0 Monitoramento dos fatores de risco; ii.\u00a0\u00a0\u00a0\u00a0\u00a0\u00a0\u00a0\u00a0\u00a0\u00a0\u00a0 Monitoramento da morbidade espec\u00edfica das&hellip; <\/p>\n<p><a href=\"http:\/\/www2.unifap.br\/dqv\/acompanhamento-de-grupos-de-risco\/\" class=\"readmore-button\">Continue Reading<\/a><\/p>\n","protected":false},"author":596,"featured_media":0,"parent":0,"menu_order":0,"comment_status":"open","ping_status":"closed","template":"","meta":{"inline_featured_image":false,"ngg_post_thumbnail":0,"footnotes":""},"class_list":["post-71","page","type-page","status-publish","hentry"],"_links":{"self":[{"href":"http:\/\/www2.unifap.br\/dqv\/wp-json\/wp\/v2\/pages\/71","targetHints":{"allow":["GET"]}}],"collection":[{"href":"http:\/\/www2.unifap.br\/dqv\/wp-json\/wp\/v2\/pages"}],"about":[{"href":"http:\/\/www2.unifap.br\/dqv\/wp-json\/wp\/v2\/types\/page"}],"author":[{"embeddable":true,"href":"http:\/\/www2.unifap.br\/dqv\/wp-json\/wp\/v2\/users\/596"}],"replies":[{"embeddable":true,"href":"http:\/\/www2.unifap.br\/dqv\/wp-json\/wp\/v2\/comments?post=71"}],"version-history":[{"count":9,"href":"http:\/\/www2.unifap.br\/dqv\/wp-json\/wp\/v2\/pages\/71\/revisions"}],"predecessor-version":[{"id":646,"href":"http:\/\/www2.unifap.br\/dqv\/wp-json\/wp\/v2\/pages\/71\/revisions\/646"}],"wp:attachment":[{"href":"http:\/\/www2.unifap.br\/dqv\/wp-json\/wp\/v2\/media?parent=71"}],"curies":[{"name":"wp","href":"https:\/\/api.w.org\/{rel}","templated":true}]}}