{"id":767,"date":"2018-11-23T13:52:34","date_gmt":"2018-11-23T13:52:34","guid":{"rendered":"http:\/\/www2.unifap.br\/dqv\/?page_id=767"},"modified":"2018-11-23T13:52:34","modified_gmt":"2018-11-23T13:52:34","slug":"consultorio-odontologico-nucleo-estacao-sorriso","status":"publish","type":"page","link":"http:\/\/www2.unifap.br\/dqv\/clube-de-vantagens\/saude\/consultorio-odontologico-nucleo-estacao-sorriso\/","title":{"rendered":"Consult\u00f3rio Odontol\u00f3gico N\u00facleo Esta\u00e7\u00e3o Sorriso"},"content":{"rendered":"","protected":false},"excerpt":{"rendered":"","protected":false},"author":656,"featured_media":0,"parent":711,"menu_order":0,"comment_status":"open","ping_status":"open","template":"","meta":{"inline_featured_image":false,"ngg_post_thumbnail":0,"footnotes":""},"class_list":["post-767","page","type-page","status-publish","hentry"],"_links":{"self":[{"href":"http:\/\/www2.unifap.br\/dqv\/wp-json\/wp\/v2\/pages\/767","targetHints":{"allow":["GET"]}}],"collection":[{"href":"http:\/\/www2.unifap.br\/dqv\/wp-json\/wp\/v2\/pages"}],"about":[{"href":"http:\/\/www2.unifap.br\/dqv\/wp-json\/wp\/v2\/types\/page"}],"author":[{"embeddable":true,"href":"http:\/\/www2.unifap.br\/dqv\/wp-json\/wp\/v2\/users\/656"}],"replies":[{"embeddable":true,"href":"http:\/\/www2.unifap.br\/dqv\/wp-json\/wp\/v2\/comments?post=767"}],"version-history":[{"count":1,"href":"http:\/\/www2.unifap.br\/dqv\/wp-json\/wp\/v2\/pages\/767\/revisions"}],"predecessor-version":[{"id":768,"href":"http:\/\/www2.unifap.br\/dqv\/wp-json\/wp\/v2\/pages\/767\/revisions\/768"}],"up":[{"embeddable":true,"href":"http:\/\/www2.unifap.br\/dqv\/wp-json\/wp\/v2\/pages\/711"}],"wp:attachment":[{"href":"http:\/\/www2.unifap.br\/dqv\/wp-json\/wp\/v2\/media?parent=767"}],"curies":[{"name":"wp","href":"https:\/\/api.w.org\/{rel}","templated":true}]}}