{"id":977,"date":"2019-03-27T18:43:14","date_gmt":"2019-03-27T18:43:14","guid":{"rendered":"http:\/\/www2.unifap.br\/dqv\/?page_id=977"},"modified":"2019-03-27T18:45:35","modified_gmt":"2019-03-27T18:45:35","slug":"projeto-saude-da-mulher-na-menopausa","status":"publish","type":"page","link":"http:\/\/www2.unifap.br\/dqv\/materias-de-nutricao\/projeto-saude-da-mulher-na-menopausa\/","title":{"rendered":"Projeto Sa\u00fade da Mulher na Menopausa"},"content":{"rendered":"<p><a href=\"http:\/\/www2.unifap.br\/dqv\/files\/2019\/03\/Apresenta\u00e7\u00e3o1.png\"><img fetchpriority=\"high\" decoding=\"async\" class=\"alignnone size-full wp-image-979\" src=\"http:\/\/www2.unifap.br\/dqv\/files\/2019\/03\/Apresenta\u00e7\u00e3o1.png\" alt=\"\" width=\"960\" height=\"720\" srcset=\"http:\/\/www2.unifap.br\/dqv\/files\/2019\/03\/Apresenta\u00e7\u00e3o1.png 960w, http:\/\/www2.unifap.br\/dqv\/files\/2019\/03\/Apresenta\u00e7\u00e3o1-300x225.png 300w, http:\/\/www2.unifap.br\/dqv\/files\/2019\/03\/Apresenta\u00e7\u00e3o1-768x576.png 768w\" sizes=\"(max-width: 960px) 100vw, 960px\" \/><\/a>A Menopausa \u00e9 a parada definitiva da menstrua\u00e7\u00e3o. Pode acontecer de maneira natural ou sinteticamente, atrav\u00e9s de m\u00e9todos de interven\u00e7\u00e3o cir\u00fargica que levem \u00e0 aus\u00eancia da fun\u00e7\u00e3o ovariana (PINTO NETO et al., 2015). \u00a0Perimenopausa envolve o lapso entre a origem dos sintomas que precedem \u00a0a menopausa at\u00e9 um ano ap\u00f3s a \u00faltima menstrua\u00e7\u00e3o, e \u00e9 permanentemente reconhecida pelo surgimento de irregularidades menstruais e vasomotoras. Essa fase \u00e9 conhecida como climat\u00e9rio, e \u00e9 caracterizada pela mudan\u00e7a ou transi\u00e7\u00e3o da fase de reprodu\u00e7\u00e3o da mulher adulta para a de n\u00e3o reprodu\u00e7\u00e3o (POLISSENI et al., 2009). Essa ocorr\u00eancia espont\u00e2nea em geral sucede \u00a0ap\u00f3s os 43 anos e s\u00f3 para ap\u00f3s adequa\u00e7\u00e3o corporal \u00e0 car\u00eancia\u00a0 hormonal.<\/p>\n<p>&nbsp;<\/p>\n<p>A fase climat\u00e9rica traz consigo diversas modifica\u00e7\u00f5es biol\u00f3gicas naturais inerentes \u00e0 ela. Essa transi\u00e7\u00e3o menopausal e os anos subsequentes podem estar associados a um decl\u00ednio consider\u00e1vel na qualidade de vida decorrente da diminui\u00e7\u00e3o dos n\u00edveis de estr\u00f3genos circulantes (PARDINI,2014). Dentre os sintomas, se sobressaem os vasomotores, como fogachos e sudorese, atrofiamento genital e altera\u00e7\u00f5es psicol\u00f3gicas. Esses sinais podem acarretar danos de car\u00e1ter pessoais e sociais, com grande impacto na vida dessas mulheres.(PINTO NETO et al.,2015).<\/p>\n<p>&nbsp;<\/p>\n<p>A perda da fun\u00e7\u00e3o ovariana se correlaciona com o aumento das taxas de triglicer\u00eddeos, LDL e suas fra\u00e7\u00f5es, diminui tamb\u00e9m o HDL, o que acarreta um estado aterog\u00eanico, o que levaria \u00e0 s\u00edndrome metab\u00f3lica em mulheres na fase menop\u00e1usica. Al\u00e9m do mais os estrog\u00eanios impedem o dep\u00f3sito de gordura na regi\u00e3o abdominal pr\u00e9 menopausa e ocorre o inverso quando sua produ\u00e7\u00e3o \u00e9 baixa (MEIRELLES,2014) Pode ter rela\u00e7\u00e3o com a \u00a0car\u00eancia do estrog\u00eanio que levaria ao decrescimento de receptores da leptina no hipot\u00e1lamo, o que pode levar a falta de saciedade, ingest\u00e3o alimentar exagerada e por conseguinte ganho de massa corporal o que levaria \u00e0 obesidade (IGNACIO et al.,2009).<\/p>\n<p>&nbsp;<\/p>\n<p>Assim a Divis\u00e3o de Qualidade de Vida (DQV) compreende a necessidade de realiza\u00e7\u00e3o na institui\u00e7\u00e3o Universidade Federal do Amap\u00e1 \u2013 UNIFAP de um \u00a0projeto voltado para mulheres no per\u00edodo compreendido como menopausa, para proporcionar melhor qualidade de vida e empoderamento dessas mulheres, no que diz respeito \u00e0 ado\u00e7\u00e3o de h\u00e1bitos de vida mais saud\u00e1veis.<\/p>\n<p><strong>\u00a0<\/strong><\/p>\n<p><strong>P\u00fablico Alvo:<\/strong><\/p>\n<p>Servidoras da UNIFAP (Campus Marco Zero, Santana, Mazag\u00e3o e Binacional Oiapoque) e dependentes com idade entre 40 e 65 anos.<\/p>\n<p>&nbsp;<\/p>\n<p><strong>Objetivo Geral: <\/strong><\/p>\n<p>Trabalhar a motiva\u00e7\u00e3o de mulheres no per\u00edodo compreendido como menopausa para mudan\u00e7as de h\u00e1bitos, levando conhecimentos sobre como prevenir doen\u00e7as e amenizar sintomas comuns nessa fase da vida, atrav\u00e9s da alimenta\u00e7\u00e3o saud\u00e1vel, pr\u00e1tica de exerc\u00edcio f\u00edsico, cuidados m\u00e9dicos e de enfermagem.<\/p>\n<p>&nbsp;<\/p>\n<p><strong>Objetivo Especifico: <\/strong><\/p>\n<ul>\n<li>Realizar diagn\u00f3stico, acompanhamento e monitoramento da Sa\u00fade das Servidoras no que diz respeito \u00e0 melhoria da qualidade de vida das mesmas e dependentes;<\/li>\n<li>Aumentar o n\u00edvel de conhecimento das mulheres sobre o climat\u00e9rio;<\/li>\n<li>Implantar e implementar um grupo de cuidado integral com foco nas mudan\u00e7as de h\u00e1bitos por meio da promo\u00e7\u00e3o \u00e0 alimenta\u00e7\u00e3o saud\u00e1vel, pr\u00e1tica de exerc\u00edcio f\u00edsico, cuidados m\u00e9dico e de enfermagem, proporcionando \u00e0s mesmas aprendizado no que diz respeito \u00e0 fazer escolhas mais saud\u00e1veis melhorando assim a\u00a0 qualidade de vida\u00a0 dessas servidoras e dependentes.<\/li>\n<\/ul>\n<p><strong>\u00a0<\/strong><\/p>\n<p>Fluxo das atividades a serem realizadas.<\/p>\n<ul>\n<li>Cartilha 10 passos para uma vida saud\u00e1vel. (Entrega no dia da triagem);<\/li>\n<li>Monitoramento das medidas antropom\u00e9tricas e de sa\u00fade.<\/li>\n<li>Desafios On-line e semanais (08 desafios);<\/li>\n<\/ul>\n<p>&nbsp;<\/p>\n<p>1 -Desafio do amargo \u2013 modula\u00e7\u00e3o do paladar;<\/p>\n<p>2- Pratique atividade f\u00edsica regularmente;<\/p>\n<p>3 &#8211; Pare de fumar -Evite bebidas alco\u00f3licas;<\/p>\n<p>4 &#8211; Planeje seu card\u00e1pio da semana;<\/p>\n<p>5- Consuma 2 litros de \u00e1gua no m\u00ednimo (calcule sua necessidade 35ml\/kg);<\/p>\n<p>6 &#8211; Mantenha o sono de qualidade \u2013 Durma pelo menos 7 a 8 horas;<\/p>\n<p>7 &#8211; Coma duas frutas por dia;<\/p>\n<p>8 &#8211; Consumir salada todos os dias.<\/p>\n<p>9 &#8211; Evite alimentos ultraprocessados e reduza o consumo de sal<\/p>\n<p>10 &#8211; Seja ativo fisicamente<\/p>\n<p>11 &#8211; Prefira sempre carboidratos integrais\/complexo<\/p>\n<p>12 &#8211; Consuma alimentos com a\u00e7\u00e3o antioxidantes diariamente<\/p>\n<p>&nbsp;<\/p>\n<ul>\n<li>Reuni\u00f5es presenciais (semanais).<\/li>\n<\/ul>\n<p>&nbsp;<\/p>\n","protected":false},"excerpt":{"rendered":"<p>A Menopausa \u00e9 a parada definitiva da menstrua\u00e7\u00e3o. Pode acontecer de maneira natural ou sinteticamente, atrav\u00e9s de m\u00e9todos de interven\u00e7\u00e3o cir\u00fargica que levem \u00e0 aus\u00eancia da fun\u00e7\u00e3o ovariana (PINTO NETO et al., 2015). \u00a0Perimenopausa envolve o lapso entre a origem&hellip; <\/p>\n<p><a href=\"http:\/\/www2.unifap.br\/dqv\/materias-de-nutricao\/projeto-saude-da-mulher-na-menopausa\/\" class=\"readmore-button\">Continue Reading<\/a><\/p>\n","protected":false},"author":656,"featured_media":0,"parent":63,"menu_order":0,"comment_status":"closed","ping_status":"closed","template":"","meta":{"inline_featured_image":false,"ngg_post_thumbnail":0,"footnotes":""},"class_list":["post-977","page","type-page","status-publish","hentry"],"_links":{"self":[{"href":"http:\/\/www2.unifap.br\/dqv\/wp-json\/wp\/v2\/pages\/977","targetHints":{"allow":["GET"]}}],"collection":[{"href":"http:\/\/www2.unifap.br\/dqv\/wp-json\/wp\/v2\/pages"}],"about":[{"href":"http:\/\/www2.unifap.br\/dqv\/wp-json\/wp\/v2\/types\/page"}],"author":[{"embeddable":true,"href":"http:\/\/www2.unifap.br\/dqv\/wp-json\/wp\/v2\/users\/656"}],"replies":[{"embeddable":true,"href":"http:\/\/www2.unifap.br\/dqv\/wp-json\/wp\/v2\/comments?post=977"}],"version-history":[{"count":2,"href":"http:\/\/www2.unifap.br\/dqv\/wp-json\/wp\/v2\/pages\/977\/revisions"}],"predecessor-version":[{"id":980,"href":"http:\/\/www2.unifap.br\/dqv\/wp-json\/wp\/v2\/pages\/977\/revisions\/980"}],"up":[{"embeddable":true,"href":"http:\/\/www2.unifap.br\/dqv\/wp-json\/wp\/v2\/pages\/63"}],"wp:attachment":[{"href":"http:\/\/www2.unifap.br\/dqv\/wp-json\/wp\/v2\/media?parent=977"}],"curies":[{"name":"wp","href":"https:\/\/api.w.org\/{rel}","templated":true}]}}