{"id":988,"date":"2019-03-27T19:20:13","date_gmt":"2019-03-27T19:20:13","guid":{"rendered":"http:\/\/www2.unifap.br\/dqv\/?page_id=988"},"modified":"2019-03-27T19:20:13","modified_gmt":"2019-03-27T19:20:13","slug":"projeto-vivendo-com-saude-acompanhamento-de-servidores-e-dependentes-com-doencas-cronicas-nao-transmissiveis-dcnt","status":"publish","type":"page","link":"http:\/\/www2.unifap.br\/dqv\/acompanhamento-de-grupos-de-risco\/projeto-vivendo-com-saude-acompanhamento-de-servidores-e-dependentes-com-doencas-cronicas-nao-transmissiveis-dcnt\/","title":{"rendered":"PROJETO \u201cVIVENDO COM SA\u00daDE\u201d (ACOMPANHAMENTO DE SERVIDORES E DEPENDENTES COM DOEN\u00c7AS CR\u00d4NICAS N\u00c3O TRANSMISS\u00cdVEIS- DCNT)"},"content":{"rendered":"<h4><a href=\"http:\/\/www2.unifap.br\/dqv\/files\/2019\/03\/Apresenta\u00e7\u00e3o16YU.png\"><img decoding=\"async\" class=\"alignnone  wp-image-989\" src=\"http:\/\/www2.unifap.br\/dqv\/files\/2019\/03\/Apresenta\u00e7\u00e3o16YU.png\" alt=\"\" width=\"243\" height=\"182\" srcset=\"http:\/\/www2.unifap.br\/dqv\/files\/2019\/03\/Apresenta\u00e7\u00e3o16YU.png 960w, http:\/\/www2.unifap.br\/dqv\/files\/2019\/03\/Apresenta\u00e7\u00e3o16YU-300x225.png 300w, http:\/\/www2.unifap.br\/dqv\/files\/2019\/03\/Apresenta\u00e7\u00e3o16YU-768x576.png 768w\" sizes=\"(max-width: 243px) 100vw, 243px\" \/><\/a><\/h4>\n<p><strong>Justificativa<\/strong><\/p>\n<p><strong>\u00a0\u00a0\u00a0\u00a0 <\/strong>Atualmente com uma rotina di\u00e1ria acelerada e atribulada muitas vezes os cuidados com a sa\u00fade ficam negligenciados. Tamb\u00e9m os avan\u00e7os cient\u00edficos e tecnol\u00f3gicos propiciaram mudan\u00e7as nos h\u00e1bitos das pessoas, assim essas acabaram adotando um estilo mais sedent\u00e1rio, a prefer\u00eancia por uma alimenta\u00e7\u00e3o r\u00e1pida, o estresse tamb\u00e9m contribui para h\u00e1bitos como tabagismo e etilismo. Esse cen\u00e1rio \u00e9 considerado pela Organiza\u00e7\u00e3o Mundial da Sa\u00fade (OMS) uma epidemia de propor\u00e7\u00f5es globais.<\/p>\n<p>Nesse contexto, o Minist\u00e9rio da Sa\u00fade (2014) aponta os grupos de doen\u00e7as cr\u00f4nicas de maior impacto para a sa\u00fade das pessoas: doen\u00e7as do aparelho circulat\u00f3rio, diabetes, c\u00e2ncer e doen\u00e7as do aparelho respirat\u00f3rio. Essas patologias muitas vezes produzem sequelas limitantes para a vida da pessoa influenciando diretamente em sua qualidade de vida.<\/p>\n<p>Assim torna-se primordial que pessoas com as referidas patologias tenham acesso a um atendimento de sa\u00fade que vise \u00e0 promo\u00e7\u00e3o a sa\u00fade para redu\u00e7\u00e3o do acometimento de doen\u00e7as cr\u00f4nicas, preven\u00e7\u00e3o de agravos e complica\u00e7\u00f5es relacionadas \u00e0s doen\u00e7as cr\u00f4nicas e a educa\u00e7\u00e3o em sa\u00fade como ferramenta para estimular o autocuidado. Compreendendo a import\u00e2ncia de uma assist\u00eancia integral aos portadores de doen\u00e7as cr\u00f4nicas a Divis\u00e3o de Qualidade de Vida (DQV) ir\u00e1 desenvolver atividades de sa\u00fade que proporcionem o acompanhamento de servidores e dependentes portadores dessas patologias.<\/p>\n<p>A DQV compreende a import\u00e2ncia da realiza\u00e7\u00e3o de atividades em educa\u00e7\u00e3o em sa\u00fade para que os servidores e dependentes possam perceber os aspectos das doen\u00e7as cr\u00f4nicas e assim construir estrat\u00e9gias eficazes ao seu enfrentamento. Assim vislumbrando uma melhoria na compreens\u00e3o de sua condi\u00e7\u00e3o cr\u00f4nica, na necessidade de uso de medica\u00e7\u00e3o, no aprimoramento de um plano de cuidado de longo prazo, na mudan\u00e7a dos h\u00e1bitos nocivos a sua condi\u00e7\u00e3o cr\u00f4nica e na preven\u00e7\u00e3o ao abandono do tratamento pela desinforma\u00e7\u00e3o a respeito da doen\u00e7a (BRASIL, 2014).<\/p>\n<p>&nbsp;<\/p>\n<p><strong>P\u00fablico alvo<\/strong><\/p>\n<p>Todos servidores da UNIFAP (docentes e t\u00e9cnico-administrativos) e dependentes .<\/p>\n<p><strong>Objetivo Geral<\/strong><\/p>\n<p>Promover o cuidado com a sa\u00fade, atrav\u00e9s da realiza\u00e7\u00e3o do acompanhamento de servidores e dependentes com doen\u00e7as cr\u00f4nicas.<\/p>\n<p><strong>Objetivos Espec\u00edficos<\/strong><\/p>\n<ul>\n<li>Atuar na promo\u00e7\u00e3o \u00e0 sa\u00fade para controle de doen\u00e7as cr\u00f4nicas;<\/li>\n<li>Acompanhar os servidores e dependentes com doen\u00e7as cr\u00f4nicas por meio de consultas m\u00e9dicas direcionadas e atividades em grupo;<\/li>\n<li>Utilizar a educa\u00e7\u00e3o em sa\u00fade para potencializar a capacidade de autocuidado.<\/li>\n<\/ul>\n<p><strong>Metodologia<\/strong><\/p>\n<p>As atividades de sa\u00fade direcionadas aos servidores e dependentes com doen\u00e7as cr\u00f4nicas ser\u00e3o realizadas mediante inscri\u00e7\u00e3o pr\u00e9via para aqueles que apresentarem interesse em realizar o acompanhamento. O meio de desenvolvimento das atividades ser\u00e1 por modalidades diversas (consulta m\u00e9dica direcionada, educa\u00e7\u00e3o em sa\u00fade sobre temas espec\u00edficos, t\u00e9cnica de grupo) e o per\u00edodo ser\u00e1 quinzenal. A atividade se realizar\u00e1 preferencialmente na sexta-feira pela manh\u00e3 devido \u00e0 disponibilidade do profissional m\u00e9dico para esse turno.<\/p>\n<p><strong>A\u00e7\u00e3o<\/strong><\/p>\n<ul>\n<li>Consulta m\u00e9dica direcionada;<\/li>\n<li>Palestras sobre temas da sa\u00fade;<\/li>\n<li>Atividades em grupo.<\/li>\n<\/ul>\n","protected":false},"excerpt":{"rendered":"<p>Justificativa \u00a0\u00a0\u00a0\u00a0 Atualmente com uma rotina di\u00e1ria acelerada e atribulada muitas vezes os cuidados com a sa\u00fade ficam negligenciados. Tamb\u00e9m os avan\u00e7os cient\u00edficos e tecnol\u00f3gicos propiciaram mudan\u00e7as nos h\u00e1bitos das pessoas, assim essas acabaram adotando um estilo mais sedent\u00e1rio, a&hellip; <\/p>\n<p><a href=\"http:\/\/www2.unifap.br\/dqv\/acompanhamento-de-grupos-de-risco\/projeto-vivendo-com-saude-acompanhamento-de-servidores-e-dependentes-com-doencas-cronicas-nao-transmissiveis-dcnt\/\" class=\"readmore-button\">Continue Reading<\/a><\/p>\n","protected":false},"author":656,"featured_media":0,"parent":71,"menu_order":0,"comment_status":"closed","ping_status":"closed","template":"","meta":{"inline_featured_image":false,"ngg_post_thumbnail":0,"footnotes":""},"class_list":["post-988","page","type-page","status-publish","hentry"],"_links":{"self":[{"href":"http:\/\/www2.unifap.br\/dqv\/wp-json\/wp\/v2\/pages\/988","targetHints":{"allow":["GET"]}}],"collection":[{"href":"http:\/\/www2.unifap.br\/dqv\/wp-json\/wp\/v2\/pages"}],"about":[{"href":"http:\/\/www2.unifap.br\/dqv\/wp-json\/wp\/v2\/types\/page"}],"author":[{"embeddable":true,"href":"http:\/\/www2.unifap.br\/dqv\/wp-json\/wp\/v2\/users\/656"}],"replies":[{"embeddable":true,"href":"http:\/\/www2.unifap.br\/dqv\/wp-json\/wp\/v2\/comments?post=988"}],"version-history":[{"count":1,"href":"http:\/\/www2.unifap.br\/dqv\/wp-json\/wp\/v2\/pages\/988\/revisions"}],"predecessor-version":[{"id":990,"href":"http:\/\/www2.unifap.br\/dqv\/wp-json\/wp\/v2\/pages\/988\/revisions\/990"}],"up":[{"embeddable":true,"href":"http:\/\/www2.unifap.br\/dqv\/wp-json\/wp\/v2\/pages\/71"}],"wp:attachment":[{"href":"http:\/\/www2.unifap.br\/dqv\/wp-json\/wp\/v2\/media?parent=988"}],"curies":[{"name":"wp","href":"https:\/\/api.w.org\/{rel}","templated":true}]}}