{"id":100,"date":"2009-10-27T10:39:49","date_gmt":"2009-10-27T13:39:49","guid":{"rendered":"http:\/\/pororoca.unifap.br\/drh\/?page_id=100"},"modified":"2018-03-15T17:53:38","modified_gmt":"2018-03-15T17:53:38","slug":"noticias-geap","status":"publish","type":"page","link":"http:\/\/www2.unifap.br\/drh\/saude-do-servidor\/noticias-geap\/","title":{"rendered":"GEAP"},"content":{"rendered":"<p style=\"text-align: justify\"><strong>A GEAP \u2013 Funda\u00e7\u00e3o de Seguridade Social \u00e9 uma entidade fechada de Previd\u00eancia Complementar (EFPC) sem fins lucrativos, criada em 1945 e, portanto, com 63 anos de tradi\u00e7\u00e3o e compromisso.<\/strong><\/p>\n<p style=\"text-align: justify\"><strong>A Funda\u00e7\u00e3o oferece aos servidores p\u00fablicos federais, estaduais e municipais planos e programas de sa\u00fade, assist\u00eancia social e previd\u00eancia complementar.<\/strong><\/p>\n<p style=\"text-align: justify\"><strong>Atualmente, tem mais de 700 mil vidas sob sua responsabilidade, 25 mil prestadores de servi\u00e7o em todo o Pa\u00eds e o mais importante: a motiva\u00e7\u00e3o solid\u00e1ria.<\/strong><\/p>\n<p style=\"text-align: justify\"><strong>N\u00e3o h\u00e1 valores maiores para o idoso ou qualquer diferencia\u00e7\u00e3o para os que t\u00eam doen\u00e7as preexistentes. A contribui\u00e7\u00e3o \u00e9 com um valor fixo, por benefici\u00e1rio inscrito no plano, mais a participa\u00e7\u00e3o pelos servi\u00e7os utilizados, de acordo com a tabela GEAP.<\/strong><\/p>\n<p style=\"text-align: justify\"><strong>A gest\u00e3o participativa est\u00e1 garantida nos Conselhos Deliberativo, Consultivo e Fiscal, compostos paritariamente por representantes indicados pelas patrocinadoras e representantes de servidores eleitos por seus pares, al\u00e9m dos Conselhos Estaduais de Representantes que exercem fiscaliza\u00e7\u00e3o social em cada uma das unidades estaduais.<\/strong><\/p>\n<p style=\"text-align: justify\"><strong>A finalidade n\u00e3o lucrativa da Funda\u00e7\u00e3o viabiliza tamb\u00e9m a oferta dos benef\u00edcios a um custo menor que o de mercado, pois n\u00e3o precisa gerar capital. Os resultados positivos s\u00e3o revertidos em benef\u00edcios dos pr\u00f3prios assistidos da Funda\u00e7\u00e3o.<\/strong><\/p>\n<div style=\"text-align: justify\"><strong><span style=\"color: #000000\">\u00a0<\/span><\/strong><\/div>\n<div style=\"text-align: justify\"><strong><span style=\"color: #ff0000\"><span style=\"font-size: medium\"><span style=\"font-family: Verdana;font-size: x-small\"><span style=\"color: #000000\">FONTE: <a href=\"http:\/\/www.geap.com.br\/\" target=\"_blank\">www.geap.com.br<\/a> <\/span><\/span><\/span><\/span><\/strong><\/div>\n<p style=\"text-align: justify\"><strong><span style=\"color: #000000\">\u00a0<\/span><\/strong><\/p>\n","protected":false},"excerpt":{"rendered":"<p>A GEAP \u2013 Funda\u00e7\u00e3o de Seguridade Social \u00e9 uma entidade fechada de Previd\u00eancia Complementar (EFPC) sem fins lucrativos, criada em 1945 e, portanto, com 63 anos de tradi\u00e7\u00e3o e compromisso. A Funda\u00e7\u00e3o oferece aos servidores p\u00fablicos federais, estaduais e municipais planos e programas de sa\u00fade, assist\u00eancia social e previd\u00eancia complementar. Atualmente, tem mais de 700&#8230;<\/p>\n","protected":false},"author":860,"featured_media":0,"parent":5270,"menu_order":2,"comment_status":"closed","ping_status":"closed","template":"","meta":{"inline_featured_image":false,"ngg_post_thumbnail":0,"footnotes":""},"class_list":["post-100","page","type-page","status-publish","hentry","entry"],"_links":{"self":[{"href":"http:\/\/www2.unifap.br\/drh\/wp-json\/wp\/v2\/pages\/100","targetHints":{"allow":["GET"]}}],"collection":[{"href":"http:\/\/www2.unifap.br\/drh\/wp-json\/wp\/v2\/pages"}],"about":[{"href":"http:\/\/www2.unifap.br\/drh\/wp-json\/wp\/v2\/types\/page"}],"author":[{"embeddable":true,"href":"http:\/\/www2.unifap.br\/drh\/wp-json\/wp\/v2\/users\/860"}],"replies":[{"embeddable":true,"href":"http:\/\/www2.unifap.br\/drh\/wp-json\/wp\/v2\/comments?post=100"}],"version-history":[{"count":5,"href":"http:\/\/www2.unifap.br\/drh\/wp-json\/wp\/v2\/pages\/100\/revisions"}],"predecessor-version":[{"id":9736,"href":"http:\/\/www2.unifap.br\/drh\/wp-json\/wp\/v2\/pages\/100\/revisions\/9736"}],"up":[{"embeddable":true,"href":"http:\/\/www2.unifap.br\/drh\/wp-json\/wp\/v2\/pages\/5270"}],"wp:attachment":[{"href":"http:\/\/www2.unifap.br\/drh\/wp-json\/wp\/v2\/media?parent=100"}],"curies":[{"name":"wp","href":"https:\/\/api.w.org\/{rel}","templated":true}]}}