{"id":10022,"date":"2018-08-29T19:27:10","date_gmt":"2018-08-29T19:27:10","guid":{"rendered":"http:\/\/www2.unifap.br\/drh\/?page_id=10022"},"modified":"2024-04-23T18:08:08","modified_gmt":"2024-04-23T21:08:08","slug":"frequencia-biometrica","status":"publish","type":"page","link":"http:\/\/www2.unifap.br\/drh\/manual-do-servidor\/frequencia-biometrica\/","title":{"rendered":"FREQU\u00caNCIA BIOM\u00c9TRICA"},"content":{"rendered":"<p style=\"text-align: center\"><a href=\"http:\/\/www2.unifap.br\/drh\/files\/2018\/08\/registro-biom\u00e9trico.png\"><img fetchpriority=\"high\" decoding=\"async\" class=\"alignnone size-full wp-image-10039\" src=\"http:\/\/www2.unifap.br\/drh\/files\/2018\/08\/registro-biom\u00e9trico.png\" alt=\"registro biom\u00e9trico\" width=\"690\" height=\"330\" srcset=\"http:\/\/www2.unifap.br\/drh\/files\/2018\/08\/registro-biom\u00e9trico.png 690w, http:\/\/www2.unifap.br\/drh\/files\/2018\/08\/registro-biom\u00e9trico-300x143.png 300w\" sizes=\"(max-width: 690px) 100vw, 690px\" \/><\/a><\/p>\n<p style=\"text-align: justify\"><span style=\"color: #008000\"><strong>RESOLU\u00c7\u00c3O N\u00ba 12\/2017-CONSU\/UNIFAP<\/strong><\/span><\/p>\n<p style=\"text-align: justify\">Aprova o Ponto Eletr\u00f4nico, na Universidade Federal do Amap\u00e1.<\/p>\n<p style=\"text-align: justify\"><em>Acesse a Resolu\u00e7\u00e3o no link abaixo:<\/em><\/p>\n<ul>\n<li><strong><span style=\"color: #0000ff\"><a href=\"http:\/\/www2.unifap.br\/drh\/files\/2018\/08\/Resolu\u00e7\u00e3o-n\u00ba-12-2018-CONSU-UNIFAP.pdf\" target=\"_blank\" rel=\"noopener\"><span style=\"color: #0000ff\">Resolu\u00e7\u00e3o n\u00ba 12\/2017-CONSU\/UNIFAP<\/span><\/a><\/span><\/strong><\/li>\n<\/ul>\n<p style=\"text-align: justify\"><strong><span style=\"color: #008000\">PORTARIA N\u00ba 1346\/2018 &#8211; UNIFAP<\/span><\/strong><\/p>\n<p style=\"text-align: justify\">Institui o registro eletr\u00f4nico de frequ\u00eancia, assiduidade e pontualidade dos servidores no \u00e2mbito da Universidade Federal do Amap\u00e1.<\/p>\n<p style=\"text-align: justify\"><em>Acesse a Portaria no link abaixo:<\/em><\/p>\n<ul>\n<li style=\"text-align: justify\"><span style=\"color: #0000ff\"><strong><a href=\"http:\/\/www2.unifap.br\/drh\/files\/2018\/08\/Portaria-n\u00ba-1376-2018-UNIFAP.pdf\" target=\"_blank\" rel=\"noopener\"><span style=\"color: #0000ff\">Portaria n\u00ba 1376\/2018-UNIFAP<\/span><\/a><\/strong><\/span><\/li>\n<\/ul>\n<p><span style=\"color: #008080\"><strong>&nbsp;<\/strong><\/span><\/p>\n<p><span style=\"color: #008000\"><strong>PORTARIA N\u00ba 0976\/2018 &#8211; UNIFAP<\/strong><\/span><\/p>\n<p>Institui o Comit\u00ea Gestor do Ponto Eletr\u00f4nico, com a finalidade de gerenciar o Sistema de Registro de Ponto.<\/p>\n<p><em>Acesse a Portaria no link abaixo:<\/em><\/p>\n<ul>\n<li><span style=\"color: #0000ff\"><strong><a href=\"http:\/\/www2.unifap.br\/drh\/files\/2018\/08\/Portaria-n\u00ba-0976-2018-UNIFAP.pdf\" target=\"_blank\" rel=\"noopener\"><span style=\"color: #0000ff\">Portaria n\u00ba 0976\/2018 &#8211; UNIFAP<\/span><\/a><\/strong><\/span><\/li>\n<\/ul>\n<h2>&nbsp;<\/h2>\n<p><span style=\"color: #008000\"><strong>&nbsp;MANUAIS<\/strong><\/span><\/p>\n<p>Clique <a href=\"http:\/\/www2.unifap.br\/drh\/frequencia-biometrica\/manuais\/\"><span style=\"text-decoration: underline\"><span style=\"color: #008000;text-decoration: underline\"><strong>Aqui<\/strong><\/span><\/span><\/a> para ter acesso aos manuais de orienta\u00e7\u00e3o<\/p>\n<p>&nbsp;<\/p>\n<p><span style=\"color: #0000ff\"><strong>Mais informa\u00e7\u00f5es<\/strong><\/span><\/p>\n<p>COMIT\u00ca GESTOR DO PONTO D PONTO ELETR\u00d4NICO<\/p>\n<p><strong><a href=\"http:\/\/www2.unifap.br\/drh\/files\/2017\/02\/telefone.png\"><img decoding=\"async\" src=\"http:\/\/www2.unifap.br\/drh\/files\/2017\/02\/telefone.png\" alt=\"telefone\" width=\"67\" height=\"64\"\/><\/a>&nbsp;(96) 3312-1729<\/strong><\/p>\n","protected":false},"excerpt":{"rendered":"<p>RESOLU\u00c7\u00c3O N\u00ba 12\/2017-CONSU\/UNIFAP Aprova o Ponto Eletr\u00f4nico, na Universidade Federal do Amap\u00e1. Acesse a Resolu\u00e7\u00e3o no link abaixo: Resolu\u00e7\u00e3o n\u00ba 12\/2017-CONSU\/UNIFAP PORTARIA N\u00ba 1346\/2018 &#8211; UNIFAP Institui o registro eletr\u00f4nico de frequ\u00eancia, assiduidade e pontualidade dos servidores no \u00e2mbito da Universidade Federal do Amap\u00e1. Acesse a Portaria no link abaixo: Portaria n\u00ba 1376\/2018-UNIFAP &nbsp; PORTARIA&#8230;<\/p>\n","protected":false},"author":685,"featured_media":0,"parent":1831,"menu_order":15,"comment_status":"closed","ping_status":"closed","template":"","meta":{"inline_featured_image":false,"ngg_post_thumbnail":0,"footnotes":""},"class_list":["post-10022","page","type-page","status-publish","hentry","entry"],"_links":{"self":[{"href":"http:\/\/www2.unifap.br\/drh\/wp-json\/wp\/v2\/pages\/10022","targetHints":{"allow":["GET"]}}],"collection":[{"href":"http:\/\/www2.unifap.br\/drh\/wp-json\/wp\/v2\/pages"}],"about":[{"href":"http:\/\/www2.unifap.br\/drh\/wp-json\/wp\/v2\/types\/page"}],"author":[{"embeddable":true,"href":"http:\/\/www2.unifap.br\/drh\/wp-json\/wp\/v2\/users\/685"}],"replies":[{"embeddable":true,"href":"http:\/\/www2.unifap.br\/drh\/wp-json\/wp\/v2\/comments?post=10022"}],"version-history":[{"count":20,"href":"http:\/\/www2.unifap.br\/drh\/wp-json\/wp\/v2\/pages\/10022\/revisions"}],"predecessor-version":[{"id":18066,"href":"http:\/\/www2.unifap.br\/drh\/wp-json\/wp\/v2\/pages\/10022\/revisions\/18066"}],"up":[{"embeddable":true,"href":"http:\/\/www2.unifap.br\/drh\/wp-json\/wp\/v2\/pages\/1831"}],"wp:attachment":[{"href":"http:\/\/www2.unifap.br\/drh\/wp-json\/wp\/v2\/media?parent=10022"}],"curies":[{"name":"wp","href":"https:\/\/api.w.org\/{rel}","templated":true}]}}