{"id":10328,"date":"2018-12-21T14:30:32","date_gmt":"2018-12-21T14:30:32","guid":{"rendered":"http:\/\/www2.unifap.br\/drh\/?page_id=10328"},"modified":"2024-04-23T18:07:35","modified_gmt":"2024-04-23T21:07:35","slug":"movimentacao","status":"publish","type":"page","link":"http:\/\/www2.unifap.br\/drh\/manual-do-servidor\/movimentacao\/","title":{"rendered":"MOVIMENTA\u00c7\u00c3O"},"content":{"rendered":"<p style=\"text-align: center\"><a href=\"http:\/\/www2.unifap.br\/drh\/files\/2018\/12\/remo%C3%A7%C3%A3o-interna-unifap.png\"><img fetchpriority=\"high\" decoding=\"async\" src=\"http:\/\/www2.unifap.br\/drh\/files\/2018\/12\/remo%C3%A7%C3%A3o-interna-unifap.png\" alt=\"remo\u00e7\u00e3o interna unifap\" width=\"360\" height=\"183\"\/><\/a><\/p>\n<p style=\"text-align: justify\">A Pr\u00f3-Reitoria de Gest\u00e3o de Pessoas (PROGEP), buscando melhorar a movimenta\u00e7\u00e3o interna dos servidores t\u00e9cnicos-administrativos, torna p\u00fablico o&nbsp;<span style=\"color: #008000\"><strong>Formul\u00e1rio de Movimenta\u00e7\u00e3o dos Servidores T\u00e9cnicos-Administrativos<\/strong><\/span>&nbsp;da UNIFAP interessados em&nbsp;<span style=\"color: #008000\"><strong>remo\u00e7\u00e3o interna<\/strong><\/span>.<\/p>\n<p style=\"text-align: justify\">O referido formul\u00e1rio dever\u00e1 ser respondido pelos servidores que desejam&nbsp;<strong>mudar de lota\u00e7\u00e3o no Campus Marco Zero<\/strong>.<\/p>\n<p><em>Clique no link abaixo para ter acesso ao Formul\u00e1rio:<\/em><\/p>\n<ul>\n<li><span style=\"color: #0000ff\"><a href=\"https:\/\/docs.google.com\/forms\/d\/1rmnNfYcD5IwWgfM3UuE6Qj21eiGAmbwuZiKJR4SzaPU\/viewform?edit_requested=true\" target=\"_blank\" rel=\"noopener\"><span style=\"color: #0000ff\"><strong>Formul\u00e1rio de Movimenta\u00e7\u00e3o dos Servidores T\u00e9cnicos-Administrativos<\/strong><\/span><\/a><\/span><\/li>\n<\/ul>\n","protected":false},"excerpt":{"rendered":"<p>A Pr\u00f3-Reitoria de Gest\u00e3o de Pessoas (PROGEP), buscando melhorar a movimenta\u00e7\u00e3o interna dos servidores t\u00e9cnicos-administrativos, torna p\u00fablico o&nbsp;Formul\u00e1rio de Movimenta\u00e7\u00e3o dos Servidores T\u00e9cnicos-Administrativos&nbsp;da UNIFAP interessados em&nbsp;remo\u00e7\u00e3o interna. O referido formul\u00e1rio dever\u00e1 ser respondido pelos servidores que desejam&nbsp;mudar de lota\u00e7\u00e3o no Campus Marco Zero. Clique no link abaixo para ter acesso ao Formul\u00e1rio: Formul\u00e1rio de Movimenta\u00e7\u00e3o&#8230;<\/p>\n","protected":false},"author":685,"featured_media":0,"parent":1831,"menu_order":12,"comment_status":"closed","ping_status":"closed","template":"","meta":{"inline_featured_image":false,"ngg_post_thumbnail":0,"footnotes":""},"class_list":["post-10328","page","type-page","status-publish","hentry","entry"],"_links":{"self":[{"href":"http:\/\/www2.unifap.br\/drh\/wp-json\/wp\/v2\/pages\/10328","targetHints":{"allow":["GET"]}}],"collection":[{"href":"http:\/\/www2.unifap.br\/drh\/wp-json\/wp\/v2\/pages"}],"about":[{"href":"http:\/\/www2.unifap.br\/drh\/wp-json\/wp\/v2\/types\/page"}],"author":[{"embeddable":true,"href":"http:\/\/www2.unifap.br\/drh\/wp-json\/wp\/v2\/users\/685"}],"replies":[{"embeddable":true,"href":"http:\/\/www2.unifap.br\/drh\/wp-json\/wp\/v2\/comments?post=10328"}],"version-history":[{"count":3,"href":"http:\/\/www2.unifap.br\/drh\/wp-json\/wp\/v2\/pages\/10328\/revisions"}],"predecessor-version":[{"id":18064,"href":"http:\/\/www2.unifap.br\/drh\/wp-json\/wp\/v2\/pages\/10328\/revisions\/18064"}],"up":[{"embeddable":true,"href":"http:\/\/www2.unifap.br\/drh\/wp-json\/wp\/v2\/pages\/1831"}],"wp:attachment":[{"href":"http:\/\/www2.unifap.br\/drh\/wp-json\/wp\/v2\/media?parent=10328"}],"curies":[{"name":"wp","href":"https:\/\/api.w.org\/{rel}","templated":true}]}}