{"id":10910,"date":"2019-05-02T14:01:14","date_gmt":"2019-05-02T14:01:14","guid":{"rendered":"http:\/\/www2.unifap.br\/drh\/?page_id=10910"},"modified":"2019-10-14T14:23:47","modified_gmt":"2019-10-14T14:23:47","slug":"incentivo-educacional-2019","status":"publish","type":"page","link":"http:\/\/www2.unifap.br\/drh\/progep-2\/processos-seletivos\/incentivo-educacional-2019\/","title":{"rendered":"INCENTIVO EDUCACIONAL 2019"},"content":{"rendered":"\t\t<div data-elementor-type=\"wp-post\" data-elementor-id=\"10910\" class=\"elementor elementor-10910 elementor-bc-flex-widget\">\n\t\t\t\t\t\t<section class=\"elementor-section elementor-top-section elementor-element elementor-element-4bb32ba0 elementor-section-boxed elementor-section-height-default elementor-section-height-default\" data-id=\"4bb32ba0\" data-element_type=\"section\" data-e-type=\"section\">\n\t\t\t\t\t\t<div class=\"elementor-container elementor-column-gap-default\">\n\t\t\t\t\t<div class=\"elementor-column elementor-col-100 elementor-top-column elementor-element elementor-element-777dbe6b\" data-id=\"777dbe6b\" data-element_type=\"column\" data-e-type=\"column\">\n\t\t\t<div class=\"elementor-widget-wrap elementor-element-populated\">\n\t\t\t\t\t\t<div class=\"elementor-element elementor-element-59dfde15 elementor-widget elementor-widget-text-editor\" data-id=\"59dfde15\" data-element_type=\"widget\" data-e-type=\"widget\" data-widget_type=\"text-editor.default\">\n\t\t\t\t<div class=\"elementor-widget-container\">\n\t\t\t\t\t\t\t\t\t<p style=\"text-align: center;\"><span style=\"color: #008000;\"><strong>EDITAL N\u00ba 01\/2019-PSPIE\/PROGEP\/UNIFAP<\/strong><\/span><\/p><p style=\"text-align: center;\"><span style=\"color: #0000ff;\"><strong>PROCESSO SELETIVO PARA O PROGRAMA DE INCENTIVO EDUCACIONAL \u00c0 P\u00d3S-GRADUA\u00c7\u00c3O STRICTO SENSU DESTINADO AOS SERVIDORES T\u00c9CNICO-ADMINISTRATIVOS EM EDUCA\u00c7\u00c3O<\/strong><\/span><\/p><p>A Presidente da Comiss\u00e3o Gestora do Programa de Incentivo Educacional \u00e0 P\u00f3s-Gradua\u00e7\u00e3o Stricto Sensu destinado aos Servidores T\u00e9cnico-Administrativos em Educa\u00e7\u00e3o, no uso de suas atribui\u00e7\u00f5es, considerando o que consta na Portaria n\u00ba 129-SAA\/SE\/MEC, na Resolu\u00e7\u00e3o n\u00ba 030\/2016-CONSU\/UNIFAP, bem como na Portaria n\u00ba \u00a00528\/2019-UNIFAP.<\/p><p><strong>RESOLVE:<\/strong><\/p><p>Tornar p\u00fablica a abertura das inscri\u00e7\u00f5es para o processo seletivo de servidores T\u00e9cnico-administrativos em Educa\u00e7\u00e3o vinculados \u00e0 Universidade Federal do Amap\u00e1 &#8211; UNIFAP para participa\u00e7\u00e3o no Programa de Incentivo Educacional \u00e0 P\u00f3s-Gradua\u00e7\u00e3o Stricto Sensu.<\/p><p><em>Clique nos links abaixo para ter acesso aos documentos do certame<\/em><\/p>\t\t\t\t\t\t\t\t<\/div>\n\t\t\t\t<\/div>\n\t\t\t\t<div class=\"elementor-element elementor-element-30db56a elementor-widget elementor-widget-toggle\" data-id=\"30db56a\" data-element_type=\"widget\" data-e-type=\"widget\" data-widget_type=\"toggle.default\">\n\t\t\t\t<div class=\"elementor-widget-container\">\n\t\t\t\t\t\t\t<div class=\"elementor-toggle\">\n\t\t\t\t\t\t\t<div class=\"elementor-toggle-item\">\n\t\t\t\t\t<div id=\"elementor-tab-title-5121\" class=\"elementor-tab-title\" data-tab=\"1\" role=\"button\" aria-controls=\"elementor-tab-content-5121\" aria-expanded=\"false\">\n\t\t\t\t\t\t\t\t\t\t\t\t<span class=\"elementor-toggle-icon elementor-toggle-icon-left\" aria-hidden=\"true\">\n\t\t\t\t\t\t\t\t\t\t\t\t\t\t\t<i class=\"elementor-toggle-icon-closed fa fa-chevron-circle-down\"><\/i>\n\t\t\t\t\t\t\t\t<i class=\"elementor-toggle-icon-opened fa fa-chevron-circle-up\"><\/i>\n\t\t\t\t\t\t\t\t\t\t\t\t\t<\/span>\n\t\t\t\t\t\t\t\t\t\t\t\t<a class=\"elementor-toggle-title\" tabindex=\"0\">EDITAL N\u00ba 01\/2019-PSPIE\/PROGEP\/UNIFAP<\/a>\n\t\t\t\t\t<\/div>\n\n\t\t\t\t\t<div id=\"elementor-tab-content-5121\" class=\"elementor-tab-content elementor-clearfix\" data-tab=\"1\" role=\"region\" aria-labelledby=\"elementor-tab-title-5121\"><ul><li><span style=\"text-decoration: underline; color: #0000ff;\"><strong><a style=\"color: #0000ff; text-decoration: underline;\" href=\"http:\/\/www2.unifap.br\/drh\/files\/2019\/05\/EDITAL-N-01-2019-PSPIE-PROGEP-UNIFAP.pdf\" target=\"_blank\" rel=\"noopener\">EDITAL N\u00ba 01\/2019\/PSPIE\/PROGEP\/UNIFAP<\/a><\/strong><\/span><\/li><\/ul><\/div>\n\t\t\t\t<\/div>\n\t\t\t\t\t\t\t<div class=\"elementor-toggle-item\">\n\t\t\t\t\t<div id=\"elementor-tab-title-5122\" class=\"elementor-tab-title\" data-tab=\"2\" role=\"button\" aria-controls=\"elementor-tab-content-5122\" aria-expanded=\"false\">\n\t\t\t\t\t\t\t\t\t\t\t\t<span class=\"elementor-toggle-icon elementor-toggle-icon-left\" aria-hidden=\"true\">\n\t\t\t\t\t\t\t\t\t\t\t\t\t\t\t<i class=\"elementor-toggle-icon-closed fa fa-chevron-circle-down\"><\/i>\n\t\t\t\t\t\t\t\t<i class=\"elementor-toggle-icon-opened fa fa-chevron-circle-up\"><\/i>\n\t\t\t\t\t\t\t\t\t\t\t\t\t<\/span>\n\t\t\t\t\t\t\t\t\t\t\t\t<a class=\"elementor-toggle-title\" tabindex=\"0\">RETIFICA\u00c7\u00c3O 01 - 17\/05\/2019<\/a>\n\t\t\t\t\t<\/div>\n\n\t\t\t\t\t<div id=\"elementor-tab-content-5122\" class=\"elementor-tab-content elementor-clearfix\" data-tab=\"2\" role=\"region\" aria-labelledby=\"elementor-tab-title-5122\"><p><span style=\"text-decoration: underline;\"><span style=\"color: #0000ff;\"><strong><a style=\"color: #0000ff; text-decoration: underline;\" href=\"http:\/\/www2.unifap.br\/drh\/files\/2019\/05\/RETIFICA\u00c7\u00c3O-01-1.pdf\" target=\"_blank\" rel=\"noopener\">RETIFICA\u00c7\u00c3O &#8211; 01<\/a><\/strong><\/span><\/span><\/p><\/div>\n\t\t\t\t<\/div>\n\t\t\t\t\t\t\t<div class=\"elementor-toggle-item\">\n\t\t\t\t\t<div id=\"elementor-tab-title-5123\" class=\"elementor-tab-title\" data-tab=\"3\" role=\"button\" aria-controls=\"elementor-tab-content-5123\" aria-expanded=\"false\">\n\t\t\t\t\t\t\t\t\t\t\t\t<span class=\"elementor-toggle-icon elementor-toggle-icon-left\" aria-hidden=\"true\">\n\t\t\t\t\t\t\t\t\t\t\t\t\t\t\t<i class=\"elementor-toggle-icon-closed fa fa-chevron-circle-down\"><\/i>\n\t\t\t\t\t\t\t\t<i class=\"elementor-toggle-icon-opened fa fa-chevron-circle-up\"><\/i>\n\t\t\t\t\t\t\t\t\t\t\t\t\t<\/span>\n\t\t\t\t\t\t\t\t\t\t\t\t<a class=\"elementor-toggle-title\" tabindex=\"0\">HOMOLOGA\u00c7\u00c3O DAS INSCRI\u00c7\u00d5ES - REPUBLICADO<\/a>\n\t\t\t\t\t<\/div>\n\n\t\t\t\t\t<div id=\"elementor-tab-content-5123\" class=\"elementor-tab-content elementor-clearfix\" data-tab=\"3\" role=\"region\" aria-labelledby=\"elementor-tab-title-5123\"><p><span style=\"color: #0000ff;\"><strong><a style=\"color: #0000ff;\" href=\"http:\/\/www2.unifap.br\/drh\/files\/2019\/05\/REPUBLICA\u00c7\u00c3O-HOMOLOGA\u00c7\u00c3O-DAS-INSCRI\u00c7\u00d5ES.pdf\" target=\"_blank\" rel=\"noopener\">HOMOLOGA\u00c7\u00c3O DAS INSCRI\u00c7\u00d5ES &#8211; REPUBLICADO<\/a><\/strong><\/span><\/p><\/div>\n\t\t\t\t<\/div>\n\t\t\t\t\t\t\t<div class=\"elementor-toggle-item\">\n\t\t\t\t\t<div id=\"elementor-tab-title-5124\" class=\"elementor-tab-title\" data-tab=\"4\" role=\"button\" aria-controls=\"elementor-tab-content-5124\" aria-expanded=\"false\">\n\t\t\t\t\t\t\t\t\t\t\t\t<span class=\"elementor-toggle-icon elementor-toggle-icon-left\" aria-hidden=\"true\">\n\t\t\t\t\t\t\t\t\t\t\t\t\t\t\t<i class=\"elementor-toggle-icon-closed fa fa-chevron-circle-down\"><\/i>\n\t\t\t\t\t\t\t\t<i class=\"elementor-toggle-icon-opened fa fa-chevron-circle-up\"><\/i>\n\t\t\t\t\t\t\t\t\t\t\t\t\t<\/span>\n\t\t\t\t\t\t\t\t\t\t\t\t<a class=\"elementor-toggle-title\" tabindex=\"0\">RESULTADO PRELIMINAR<\/a>\n\t\t\t\t\t<\/div>\n\n\t\t\t\t\t<div id=\"elementor-tab-content-5124\" class=\"elementor-tab-content elementor-clearfix\" data-tab=\"4\" role=\"region\" aria-labelledby=\"elementor-tab-title-5124\"><p><span style=\"color: #0000ff;\"><strong><a style=\"color: #0000ff;\" href=\"http:\/\/www2.unifap.br\/drh\/files\/2019\/05\/RESULTADO-PRELIMINAR.pdf\" target=\"_blank\" rel=\"noopener\">RESULTADO PRELIMINAR<\/a><\/strong><\/span><\/p><\/div>\n\t\t\t\t<\/div>\n\t\t\t\t\t\t\t<div class=\"elementor-toggle-item\">\n\t\t\t\t\t<div id=\"elementor-tab-title-5125\" class=\"elementor-tab-title\" data-tab=\"5\" role=\"button\" aria-controls=\"elementor-tab-content-5125\" aria-expanded=\"false\">\n\t\t\t\t\t\t\t\t\t\t\t\t<span class=\"elementor-toggle-icon elementor-toggle-icon-left\" aria-hidden=\"true\">\n\t\t\t\t\t\t\t\t\t\t\t\t\t\t\t<i class=\"elementor-toggle-icon-closed fa fa-chevron-circle-down\"><\/i>\n\t\t\t\t\t\t\t\t<i class=\"elementor-toggle-icon-opened fa fa-chevron-circle-up\"><\/i>\n\t\t\t\t\t\t\t\t\t\t\t\t\t<\/span>\n\t\t\t\t\t\t\t\t\t\t\t\t<a class=\"elementor-toggle-title\" tabindex=\"0\">COMUNICADO<\/a>\n\t\t\t\t\t<\/div>\n\n\t\t\t\t\t<div id=\"elementor-tab-content-5125\" class=\"elementor-tab-content elementor-clearfix\" data-tab=\"5\" role=\"region\" aria-labelledby=\"elementor-tab-title-5125\"><p><span style=\"color: #0000ff;\"><strong><a style=\"color: #0000ff;\" href=\"http:\/\/www2.unifap.br\/drh\/files\/2019\/05\/COMUNICADO.pdf\" target=\"_blank\" rel=\"noopener\">COMUNICADO<\/a><\/strong><\/span><\/p><\/div>\n\t\t\t\t<\/div>\n\t\t\t\t\t\t\t<div class=\"elementor-toggle-item\">\n\t\t\t\t\t<div id=\"elementor-tab-title-5126\" class=\"elementor-tab-title\" data-tab=\"6\" role=\"button\" aria-controls=\"elementor-tab-content-5126\" aria-expanded=\"false\">\n\t\t\t\t\t\t\t\t\t\t\t\t<span class=\"elementor-toggle-icon elementor-toggle-icon-left\" aria-hidden=\"true\">\n\t\t\t\t\t\t\t\t\t\t\t\t\t\t\t<i class=\"elementor-toggle-icon-closed fa fa-chevron-circle-down\"><\/i>\n\t\t\t\t\t\t\t\t<i class=\"elementor-toggle-icon-opened fa fa-chevron-circle-up\"><\/i>\n\t\t\t\t\t\t\t\t\t\t\t\t\t<\/span>\n\t\t\t\t\t\t\t\t\t\t\t\t<a class=\"elementor-toggle-title\" tabindex=\"0\">RESULTADO FINAL<\/a>\n\t\t\t\t\t<\/div>\n\n\t\t\t\t\t<div id=\"elementor-tab-content-5126\" class=\"elementor-tab-content elementor-clearfix\" data-tab=\"6\" role=\"region\" aria-labelledby=\"elementor-tab-title-5126\"><p><span style=\"color: #0000ff;\"><strong><a style=\"color: #0000ff;\" href=\"http:\/\/www2.unifap.br\/drh\/files\/2019\/06\/RESULTADO-FINAL.pdf\" target=\"_blank\" rel=\"noopener\">RESULTADO FINAL<\/a><\/strong><\/span><\/p><p>\u00a0<\/p><\/div>\n\t\t\t\t<\/div>\n\t\t\t\t\t\t\t<div class=\"elementor-toggle-item\">\n\t\t\t\t\t<div id=\"elementor-tab-title-5127\" class=\"elementor-tab-title\" data-tab=\"7\" role=\"button\" aria-controls=\"elementor-tab-content-5127\" aria-expanded=\"false\">\n\t\t\t\t\t\t\t\t\t\t\t\t<span class=\"elementor-toggle-icon elementor-toggle-icon-left\" aria-hidden=\"true\">\n\t\t\t\t\t\t\t\t\t\t\t\t\t\t\t<i class=\"elementor-toggle-icon-closed fa fa-chevron-circle-down\"><\/i>\n\t\t\t\t\t\t\t\t<i class=\"elementor-toggle-icon-opened fa fa-chevron-circle-up\"><\/i>\n\t\t\t\t\t\t\t\t\t\t\t\t\t<\/span>\n\t\t\t\t\t\t\t\t\t\t\t\t<a class=\"elementor-toggle-title\" tabindex=\"0\">COMUNICADO<\/a>\n\t\t\t\t\t<\/div>\n\n\t\t\t\t\t<div id=\"elementor-tab-content-5127\" class=\"elementor-tab-content elementor-clearfix\" data-tab=\"7\" role=\"region\" aria-labelledby=\"elementor-tab-title-5127\"><p><strong><a href=\"http:\/\/www2.unifap.br\/drh\/files\/2019\/10\/COMUNICADO.pdf\" target=\"_blank\" rel=\"noopener\">COMUNICADO<\/a><\/strong><\/p><\/div>\n\t\t\t\t<\/div>\n\t\t\t\t\t\t\t\t<\/div>\n\t\t\t\t\t\t<\/div>\n\t\t\t\t<\/div>\n\t\t\t\t\t<\/div>\n\t\t<\/div>\n\t\t\t\t\t<\/div>\n\t\t<\/section>\n\t\t\t\t<\/div>\n\t\t","protected":false},"excerpt":{"rendered":"<p>EDITAL N\u00ba 01\/2019-PSPIE\/PROGEP\/UNIFAP PROCESSO SELETIVO PARA O PROGRAMA DE INCENTIVO EDUCACIONAL \u00c0 P\u00d3S-GRADUA\u00c7\u00c3O STRICTO SENSU DESTINADO AOS SERVIDORES T\u00c9CNICO-ADMINISTRATIVOS EM EDUCA\u00c7\u00c3O A Presidente da Comiss\u00e3o Gestora do Programa de Incentivo Educacional \u00e0 P\u00f3s-Gradua\u00e7\u00e3o Stricto Sensu destinado aos Servidores T\u00e9cnico-Administrativos em Educa\u00e7\u00e3o, no uso de suas atribui\u00e7\u00f5es, considerando o que consta na Portaria n\u00ba 129-SAA\/SE\/MEC, na&#8230;<\/p>\n","protected":false},"author":685,"featured_media":0,"parent":10624,"menu_order":10,"comment_status":"closed","ping_status":"closed","template":"fullwidth.php","meta":{"inline_featured_image":false,"ngg_post_thumbnail":0,"footnotes":""},"class_list":["post-10910","page","type-page","status-publish","hentry","entry"],"_links":{"self":[{"href":"http:\/\/www2.unifap.br\/drh\/wp-json\/wp\/v2\/pages\/10910","targetHints":{"allow":["GET"]}}],"collection":[{"href":"http:\/\/www2.unifap.br\/drh\/wp-json\/wp\/v2\/pages"}],"about":[{"href":"http:\/\/www2.unifap.br\/drh\/wp-json\/wp\/v2\/types\/page"}],"author":[{"embeddable":true,"href":"http:\/\/www2.unifap.br\/drh\/wp-json\/wp\/v2\/users\/685"}],"replies":[{"embeddable":true,"href":"http:\/\/www2.unifap.br\/drh\/wp-json\/wp\/v2\/comments?post=10910"}],"version-history":[{"count":44,"href":"http:\/\/www2.unifap.br\/drh\/wp-json\/wp\/v2\/pages\/10910\/revisions"}],"predecessor-version":[{"id":12429,"href":"http:\/\/www2.unifap.br\/drh\/wp-json\/wp\/v2\/pages\/10910\/revisions\/12429"}],"up":[{"embeddable":true,"href":"http:\/\/www2.unifap.br\/drh\/wp-json\/wp\/v2\/pages\/10624"}],"wp:attachment":[{"href":"http:\/\/www2.unifap.br\/drh\/wp-json\/wp\/v2\/media?parent=10910"}],"curies":[{"name":"wp","href":"https:\/\/api.w.org\/{rel}","templated":true}]}}