{"id":10988,"date":"2019-05-03T20:23:23","date_gmt":"2019-05-03T20:23:23","guid":{"rendered":"http:\/\/www2.unifap.br\/drh\/?page_id=10988"},"modified":"2020-03-12T22:18:11","modified_gmt":"2020-03-12T22:18:11","slug":"selecao-bolsa-trabalho","status":"publish","type":"page","link":"http:\/\/www2.unifap.br\/drh\/progep-2\/processos-seletivos\/selecao-bolsa-trabalho\/","title":{"rendered":"SELE\u00c7\u00c3O &#8211; BOLSA TRABALHO"},"content":{"rendered":"\t\t<div data-elementor-type=\"wp-post\" data-elementor-id=\"10988\" class=\"elementor elementor-10988 elementor-bc-flex-widget\">\n\t\t\t\t\t\t<section class=\"elementor-section elementor-top-section elementor-element elementor-element-724973ef elementor-section-boxed elementor-section-height-default elementor-section-height-default\" data-id=\"724973ef\" data-element_type=\"section\" data-e-type=\"section\">\n\t\t\t\t\t\t<div class=\"elementor-container elementor-column-gap-default\">\n\t\t\t\t\t<div class=\"elementor-column elementor-col-100 elementor-top-column elementor-element elementor-element-60178ca8\" data-id=\"60178ca8\" data-element_type=\"column\" data-e-type=\"column\">\n\t\t\t<div class=\"elementor-widget-wrap elementor-element-populated\">\n\t\t\t\t\t\t<div class=\"elementor-element elementor-element-281c12fc elementor-widget elementor-widget-text-editor\" data-id=\"281c12fc\" data-element_type=\"widget\" data-e-type=\"widget\" data-widget_type=\"text-editor.default\">\n\t\t\t\t<div class=\"elementor-widget-container\">\n\t\t\t\t\t\t\t\t\t<p style=\"text-align: center;\"><span style=\"color: #0000ff;\"><strong>PROCESSO SELETIVO PARA O PROGRAMA BOLSA TRABALHO UNIVERSIT\u00c1RIA<\/strong><\/span><\/p><p style=\"text-align: center;\"><span style=\"color: #000000;\"><strong>EDITAL N\u00ba 01\/2019\/PROGEP\/UNIFAP DE 03 DE MAIO DE 2019<\/strong><\/span><\/p><p>A Pr\u00f3-Reitoria de Gest\u00e3o de Pessoas (PROGEP) da Universidade Federal do Amap\u00e1 (UNIFAP), no \u00e2mbito de sua compet\u00eancia, torna p\u00fablico o processo seletivo para cadastro de reserva do Programa Bolsa Trabalho Universit\u00e1ria, de acordo com as disposi\u00e7\u00f5es legais e regulamentares vigentes e as normas contidas neste Edital e seus anexos.<\/p><h6>\u00a0<\/h6><p style=\"text-align: center;\"><span style=\"color: #000000;\"><em>Clique nos links abaixo para ter aceso aos documentos do certame<\/em><\/span><\/p>\t\t\t\t\t\t\t\t<\/div>\n\t\t\t\t<\/div>\n\t\t\t\t<div class=\"elementor-element elementor-element-e0d4a4d elementor-widget elementor-widget-toggle\" data-id=\"e0d4a4d\" data-element_type=\"widget\" data-e-type=\"widget\" data-widget_type=\"toggle.default\">\n\t\t\t\t<div class=\"elementor-widget-container\">\n\t\t\t\t\t\t\t<div class=\"elementor-toggle\">\n\t\t\t\t\t\t\t<div class=\"elementor-toggle-item\">\n\t\t\t\t\t<div id=\"elementor-tab-title-2351\" class=\"elementor-tab-title\" data-tab=\"1\" role=\"button\" aria-controls=\"elementor-tab-content-2351\" aria-expanded=\"false\">\n\t\t\t\t\t\t\t\t\t\t\t\t<span class=\"elementor-toggle-icon elementor-toggle-icon-left\" aria-hidden=\"true\">\n\t\t\t\t\t\t\t\t\t\t\t\t\t\t\t<i class=\"elementor-toggle-icon-closed fa fa-chevron-circle-down\"><\/i>\n\t\t\t\t\t\t\t\t<i class=\"elementor-toggle-icon-opened fa fa-chevron-circle-up\"><\/i>\n\t\t\t\t\t\t\t\t\t\t\t\t\t<\/span>\n\t\t\t\t\t\t\t\t\t\t\t\t<a class=\"elementor-toggle-title\" tabindex=\"0\">EDITAL N\u00ba 01\/2019\/PROGEP\/UNIFAP -  PROCESSO SELETIVO BOLSA TRABALHO 2019 E ANEXOS.<\/a>\n\t\t\t\t\t<\/div>\n\n\t\t\t\t\t<div id=\"elementor-tab-content-2351\" class=\"elementor-tab-content elementor-clearfix\" data-tab=\"1\" role=\"region\" aria-labelledby=\"elementor-tab-title-2351\"><p><span style=\"text-decoration: underline;\"><span style=\"color: #0000ff;\"><strong><a style=\"color: #0000ff; text-decoration: underline;\" href=\"http:\/\/www2.unifap.br\/drh\/files\/2019\/05\/EDITAL-N\u00b0-001-2019-PROGEP-PROCESSO-SELETIVO-BOLSA-TRABALHO-2019-E-ANEXOS.-1.pdf\" target=\"_blank\" rel=\"noopener\">EDITAL N\u00b0 001\/2019\/PROGEP\/PROCESSO SELETIVO BOLSA TRABALHO 2019 E ANEXOS<\/a><\/strong><\/span><\/span><\/p><\/div>\n\t\t\t\t<\/div>\n\t\t\t\t\t\t\t<div class=\"elementor-toggle-item\">\n\t\t\t\t\t<div id=\"elementor-tab-title-2352\" class=\"elementor-tab-title\" data-tab=\"2\" role=\"button\" aria-controls=\"elementor-tab-content-2352\" aria-expanded=\"false\">\n\t\t\t\t\t\t\t\t\t\t\t\t<span class=\"elementor-toggle-icon elementor-toggle-icon-left\" aria-hidden=\"true\">\n\t\t\t\t\t\t\t\t\t\t\t\t\t\t\t<i class=\"elementor-toggle-icon-closed fa fa-chevron-circle-down\"><\/i>\n\t\t\t\t\t\t\t\t<i class=\"elementor-toggle-icon-opened fa fa-chevron-circle-up\"><\/i>\n\t\t\t\t\t\t\t\t\t\t\t\t\t<\/span>\n\t\t\t\t\t\t\t\t\t\t\t\t<a class=\"elementor-toggle-title\" tabindex=\"0\">RETIFICA\u00c7\u00c3O DE EDITAL 01 - 28\/05\/2019<\/a>\n\t\t\t\t\t<\/div>\n\n\t\t\t\t\t<div id=\"elementor-tab-content-2352\" class=\"elementor-tab-content elementor-clearfix\" data-tab=\"2\" role=\"region\" aria-labelledby=\"elementor-tab-title-2352\"><p><span style=\"color: #0000ff;\"><strong><a style=\"color: #0000ff;\" href=\"http:\/\/www2.unifap.br\/drh\/files\/2019\/05\/RETIFICA\u00c7\u00c3O-01-CRONOGRAMA-EDITAL-N\u00b0-001-2019-PROGEP-PROCESSO-SELETIVO-BOLSA-TRABALHO-2019.pdf\" target=\"_blank\" rel=\"noopener\">RETIFICA\u00c7\u00c3O 01 -CRONOGRAMA &#8211; EDITAL N\u00b0 001\/2019-PROGEP<\/a><\/strong><\/span><\/p><\/div>\n\t\t\t\t<\/div>\n\t\t\t\t\t\t\t<div class=\"elementor-toggle-item\">\n\t\t\t\t\t<div id=\"elementor-tab-title-2353\" class=\"elementor-tab-title\" data-tab=\"3\" role=\"button\" aria-controls=\"elementor-tab-content-2353\" aria-expanded=\"false\">\n\t\t\t\t\t\t\t\t\t\t\t\t<span class=\"elementor-toggle-icon elementor-toggle-icon-left\" aria-hidden=\"true\">\n\t\t\t\t\t\t\t\t\t\t\t\t\t\t\t<i class=\"elementor-toggle-icon-closed fa fa-chevron-circle-down\"><\/i>\n\t\t\t\t\t\t\t\t<i class=\"elementor-toggle-icon-opened fa fa-chevron-circle-up\"><\/i>\n\t\t\t\t\t\t\t\t\t\t\t\t\t<\/span>\n\t\t\t\t\t\t\t\t\t\t\t\t<a class=\"elementor-toggle-title\" tabindex=\"0\">RESULTADO PRELIMINAR<\/a>\n\t\t\t\t\t<\/div>\n\n\t\t\t\t\t<div id=\"elementor-tab-content-2353\" class=\"elementor-tab-content elementor-clearfix\" data-tab=\"3\" role=\"region\" aria-labelledby=\"elementor-tab-title-2353\"><p><span style=\"color: #0000ff;\"><strong><a style=\"color: #0000ff;\" href=\"http:\/\/www2.unifap.br\/drh\/files\/2019\/06\/RESULTADO-PRELIMINAR-2019.pdf\" target=\"_blank\" rel=\"noopener\">RESULTADO PRELIMINAR<\/a><\/strong><\/span><\/p><\/div>\n\t\t\t\t<\/div>\n\t\t\t\t\t\t\t<div class=\"elementor-toggle-item\">\n\t\t\t\t\t<div id=\"elementor-tab-title-2354\" class=\"elementor-tab-title\" data-tab=\"4\" role=\"button\" aria-controls=\"elementor-tab-content-2354\" aria-expanded=\"false\">\n\t\t\t\t\t\t\t\t\t\t\t\t<span class=\"elementor-toggle-icon elementor-toggle-icon-left\" aria-hidden=\"true\">\n\t\t\t\t\t\t\t\t\t\t\t\t\t\t\t<i class=\"elementor-toggle-icon-closed fa fa-chevron-circle-down\"><\/i>\n\t\t\t\t\t\t\t\t<i class=\"elementor-toggle-icon-opened fa fa-chevron-circle-up\"><\/i>\n\t\t\t\t\t\t\t\t\t\t\t\t\t<\/span>\n\t\t\t\t\t\t\t\t\t\t\t\t<a class=\"elementor-toggle-title\" tabindex=\"0\">RESULTADO FINAL<\/a>\n\t\t\t\t\t<\/div>\n\n\t\t\t\t\t<div id=\"elementor-tab-content-2354\" class=\"elementor-tab-content elementor-clearfix\" data-tab=\"4\" role=\"region\" aria-labelledby=\"elementor-tab-title-2354\"><p><span style=\"color: #0000ff;\"><strong><a style=\"color: #0000ff;\" href=\"http:\/\/www2.unifap.br\/drh\/files\/2019\/06\/RESULTADO-FINAL-2019.pdf\" target=\"_blank\" rel=\"noopener\">RESULTADO FINAL<\/a><\/strong><\/span><\/p><\/div>\n\t\t\t\t<\/div>\n\t\t\t\t\t\t\t<div class=\"elementor-toggle-item\">\n\t\t\t\t\t<div id=\"elementor-tab-title-2355\" class=\"elementor-tab-title\" data-tab=\"5\" role=\"button\" aria-controls=\"elementor-tab-content-2355\" aria-expanded=\"false\">\n\t\t\t\t\t\t\t\t\t\t\t\t<span class=\"elementor-toggle-icon elementor-toggle-icon-left\" aria-hidden=\"true\">\n\t\t\t\t\t\t\t\t\t\t\t\t\t\t\t<i class=\"elementor-toggle-icon-closed fa fa-chevron-circle-down\"><\/i>\n\t\t\t\t\t\t\t\t<i class=\"elementor-toggle-icon-opened fa fa-chevron-circle-up\"><\/i>\n\t\t\t\t\t\t\t\t\t\t\t\t\t<\/span>\n\t\t\t\t\t\t\t\t\t\t\t\t<a class=\"elementor-toggle-title\" tabindex=\"0\">CONVOCA\u00c7\u00c3O<\/a>\n\t\t\t\t\t<\/div>\n\n\t\t\t\t\t<div id=\"elementor-tab-content-2355\" class=\"elementor-tab-content elementor-clearfix\" data-tab=\"5\" role=\"region\" aria-labelledby=\"elementor-tab-title-2355\"><p><strong><a href=\"http:\/\/www2.unifap.br\/drh\/files\/2019\/09\/CONVOCA\u00c7\u00c3O-BOLSA-TRABALHO.pdf\" target=\"_blank\" rel=\"noopener\">CONVOCA\u00c7\u00c3O &#8211; 05\/09\/2019<\/a><\/strong><\/p><p><strong><a href=\"http:\/\/www2.unifap.br\/drh\/files\/2019\/10\/CONVOCA\u00c7\u00c3O-BOLSA-TRABALHO-10.2019-2.pdf\" target=\"_blank\" rel=\"noopener\">CONVOCA\u00c7\u00c3O &#8211; 08\/10\/2019<\/a><\/strong><\/p><p><strong><a href=\"http:\/\/www2.unifap.br\/drh\/files\/2019\/10\/CONVOCA\u00c7\u00c3O-BOLSA-TRABALHO-31.10.2019.pdf\" target=\"_blank\" rel=\"noopener\">CONVOCA\u00c7\u00c3O &#8211; 31\/10\/2019<\/a>\u00a0<\/strong><\/p><p><strong><a href=\"http:\/\/www2.unifap.br\/drh\/files\/2019\/11\/CONVOCA\u00c7\u00c3O-BOLSA-TRABALHO-07.11.2019.pdf\" target=\"_blank\" rel=\"noopener\">CONVOCA\u00c7\u00c3O &#8211; 07\/11\/2019<\/a><\/strong><\/p><p><a href=\"http:\/\/www2.unifap.br\/drh\/files\/2020\/01\/CONVOCA\u00c7\u00c3O-BOLSA-TRABALHO-06.01.2020.pdf\"><strong>CONVOCA\u00c7\u00c3O<\/strong> &#8211; <strong>06\/01\/2020<\/strong><\/a><\/p><p><strong><a href=\"http:\/\/www2.unifap.br\/drh\/files\/2020\/01\/CONVOCA\u00c7\u00c3O-BOLSA-TRABALHO-27.01.2020.pdf\" target=\"_blank\" rel=\"noopener\">CONVOCA\u00c7\u00c3O &#8211;\u00a0 27\/01\/2020<\/a><\/strong><\/p><p><strong><a href=\"http:\/\/www2.unifap.br\/drh\/files\/2020\/02\/CONVOCA\u00c7\u00c3O-BOLSA-TRABALHO-06.02.2020.pdf\" target=\"_blank\" rel=\"noopener\">CONVOCA\u00c7\u00c3O &#8211;\u00a0 06\/02\/2020<\/a><\/strong><\/p><p><strong><a href=\"http:\/\/www2.unifap.br\/drh\/files\/2020\/02\/CONVOCA\u00c7\u00c3O-BOLSA-TRABALHO-10.02.2020.pdf\" target=\"_blank\" rel=\"noopener\">CONVOCA\u00c7\u00c3O &#8211; 10\/02\/2020<\/a><\/strong><\/p><p><strong><a href=\"http:\/\/www2.unifap.br\/drh\/files\/2020\/02\/CONVOCA\u00c7\u00c3O-BOLSA-TRABALHO-17.02.2020.pdf\" target=\"_blank\" rel=\"noopener\">CONVOCA\u00c7\u00c3O &#8211; 17\/02\/2020<\/a><\/strong><\/p><p><strong><a href=\"http:\/\/www2.unifap.br\/drh\/files\/2020\/03\/CONVOCA\u00c7\u00c3O-BOLSA-TRABALHO-11.03.2020.pdf\" target=\"_blank\" rel=\"noopener\">CONVOCA\u00c7\u00c3O &#8211; 11\/03\/2020<\/a><\/strong><\/p><p><strong><a href=\"http:\/\/www2.unifap.br\/drh\/files\/2020\/03\/CONVOCA\u00c7\u00c3O-BOLSA-TRABALHO-12.03.2020.pdf\" target=\"_blank\" rel=\"noopener\">CONVOCA\u00c7\u00c3O &#8211; 12\/03\/2020<\/a><\/strong><\/p><\/div>\n\t\t\t\t<\/div>\n\t\t\t\t\t\t\t\t<\/div>\n\t\t\t\t\t\t<\/div>\n\t\t\t\t<\/div>\n\t\t\t\t\t<\/div>\n\t\t<\/div>\n\t\t\t\t\t<\/div>\n\t\t<\/section>\n\t\t\t\t<\/div>\n\t\t","protected":false},"excerpt":{"rendered":"<p>PROCESSO SELETIVO PARA O PROGRAMA BOLSA TRABALHO UNIVERSIT\u00c1RIA EDITAL N\u00ba 01\/2019\/PROGEP\/UNIFAP DE 03 DE MAIO DE 2019 A Pr\u00f3-Reitoria de Gest\u00e3o de Pessoas (PROGEP) da Universidade Federal do Amap\u00e1 (UNIFAP), no \u00e2mbito de sua compet\u00eancia, torna p\u00fablico o processo seletivo para cadastro de reserva do Programa Bolsa Trabalho Universit\u00e1ria, de acordo com as disposi\u00e7\u00f5es legais&#8230;<\/p>\n","protected":false},"author":685,"featured_media":0,"parent":10624,"menu_order":10,"comment_status":"closed","ping_status":"closed","template":"fullwidth.php","meta":{"inline_featured_image":false,"ngg_post_thumbnail":0,"footnotes":""},"class_list":["post-10988","page","type-page","status-publish","hentry","entry"],"_links":{"self":[{"href":"http:\/\/www2.unifap.br\/drh\/wp-json\/wp\/v2\/pages\/10988","targetHints":{"allow":["GET"]}}],"collection":[{"href":"http:\/\/www2.unifap.br\/drh\/wp-json\/wp\/v2\/pages"}],"about":[{"href":"http:\/\/www2.unifap.br\/drh\/wp-json\/wp\/v2\/types\/page"}],"author":[{"embeddable":true,"href":"http:\/\/www2.unifap.br\/drh\/wp-json\/wp\/v2\/users\/685"}],"replies":[{"embeddable":true,"href":"http:\/\/www2.unifap.br\/drh\/wp-json\/wp\/v2\/comments?post=10988"}],"version-history":[{"count":32,"href":"http:\/\/www2.unifap.br\/drh\/wp-json\/wp\/v2\/pages\/10988\/revisions"}],"predecessor-version":[{"id":12900,"href":"http:\/\/www2.unifap.br\/drh\/wp-json\/wp\/v2\/pages\/10988\/revisions\/12900"}],"up":[{"embeddable":true,"href":"http:\/\/www2.unifap.br\/drh\/wp-json\/wp\/v2\/pages\/10624"}],"wp:attachment":[{"href":"http:\/\/www2.unifap.br\/drh\/wp-json\/wp\/v2\/media?parent=10988"}],"curies":[{"name":"wp","href":"https:\/\/api.w.org\/{rel}","templated":true}]}}